{"id":889,"date":"2012-06-25T14:49:20","date_gmt":"2012-06-25T14:49:20","guid":{"rendered":"http:\/\/walter.jankuhn.2fix.de\/?page_id=889"},"modified":"2013-01-14T11:47:55","modified_gmt":"2013-01-14T11:47:55","slug":"charell-revuen","status":"publish","type":"page","link":"http:\/\/walter.jankuhn.2fix.de\/?page_id=889","title":{"rendered":"Charell Revuen"},"content":{"rendered":"<div id=\"attachment_1079\" style=\"width: 163px\" class=\"wp-caption alignleft\"><a href=\"http:\/\/walter.jankuhn.2fix.de\/wp-content\/uploads\/2012\/07\/charell_berlin1930.jpg\"><img loading=\"lazy\" decoding=\"async\" aria-describedby=\"caption-attachment-1079\" class=\"size-full wp-image-1079 \" title=\"charell_berlin1930\" src=\"http:\/\/walter.jankuhn.2fix.de\/wp-content\/uploads\/2012\/07\/charell_berlin1930.jpg\" alt=\"\" width=\"153\" height=\"187\" \/><\/a><p id=\"caption-attachment-1079\" class=\"wp-caption-text\">Eric Charell<\/p><\/div>\n<p>Die Pariser und Wiener Operette waren nicht mehr aktuell, als in den &#8220;roaring Golden 20\/30th&#8221; die BERLINER \u00a0Operette f\u00fcr frischen Wind sorgte. Nat\u00fcrlich denkt man dabei zun\u00e4chst an den Ur-Berliner Komponisten PAUL LINCKE und seiner spritzigen Musik und den Song &#8220;<strong>die Berliner Luft<\/strong>&#8221; mit seiner Operette <strong>FRAU LUNA <\/strong>welche<strong> 1936<\/strong> zu seinem -&#8220;70.&#8221;-Geburtstag eine sensationelle Neuauff\u00fchrung u. a. mit Walter JANKUHN als <em>Prinz Sternschnuppe<\/em> erlebte. &gt;(extra<em> Kapitel<\/em>).Die FRAU LUNA-Auff\u00fchrung im <strong>Admiralspalast<\/strong> war aber eine der letzten ganz \u00a0gro\u00dfen Aufgebote der Berliner Operetten-Herrlichkeit (400 mal\u00a0ausverkauft)!<\/p>\n<p>Die verr\u00fcckteste Zeit der Berliner Operette begann allerdings<strong> 1924 <\/strong>&#8211; im neuen Glanz des &#8220;<strong>Gro\u00dfen Schauspielhauses<\/strong>&#8221; &#8211; mit seinen gigantischen Ausma\u00dfen f\u00fcr <strong>3300<\/strong>\u00a0Sitzpl\u00e4tze und gro\u00dfem 250 Mann Orchester.<\/p>\n<p>Es wurde von den frech-frivolen REVUE Inszenierungen des <strong>Eric CHARELL<\/strong> dominiert, der den oft verkitschten Inszenierugen bekananter Operetten der alten Meister mit seinen Revue-Girls und seiner spektakul\u00e4r industriealisierten Operettenproduktion frisches Blut einhauchte &#8211; zum Teil auch gegen den erkl\u00e4rten Willen der Komponisten \u00a0(Text-\u00c4nderungen, + Schlager + Witze \u00a0etc.). Der studierte T\u00e4nzer ERIC CHARELL war homosexuell und wurde von den Theater P\u00e4psten &#8220;Max Rheinhardt + Gustaf Gr\u00fcndgens&#8221;<a href=\"http:\/\/walter.jankuhn.2fix.de\/wp-content\/uploads\/2012\/10\/massary73.jpg\"><img loading=\"lazy\" decoding=\"async\" class=\"alignright size-thumbnail wp-image-1684\" title=\"massary73\" src=\"http:\/\/walter.jankuhn.2fix.de\/wp-content\/uploads\/2012\/10\/massary73-150x150.jpg\" alt=\"\" width=\"150\" height=\"150\" \/><\/a><br \/>\nan das <strong>Gro\u00dfe Schauspielhaus<\/strong> engagiert- ( heutiger Friedrich-stadt-Palast) &#8211; wo er sofort exklusiv das beste Zugpferd, die einzigartige Operetten-Diva Fritzi MASSARY mit ins Boot holte. Bis 1930 war die MASSARY als auch ihr Lieblings-Tenor Walter JANKUHN regelm\u00e4\u00dfig Mitglied im CHARELL Ensemble.<a href=\"http:\/\/walter.jankuhn.2fix.de\/wp-content\/uploads\/2012\/11\/wj-autogrk.jpg\"><img loading=\"lazy\" decoding=\"async\" class=\"alignleft size-medium wp-image-1961\" title=\"wj-autogrk\" src=\"http:\/\/walter.jankuhn.2fix.de\/wp-content\/uploads\/2012\/11\/wj-autogrk-199x300.jpg\" alt=\"\" width=\"159\" height=\"240\" srcset=\"http:\/\/walter.jankuhn.2fix.de\/wp-content\/uploads\/2012\/11\/wj-autogrk-199x300.jpg 199w, http:\/\/walter.jankuhn.2fix.de\/wp-content\/uploads\/2012\/11\/wj-autogrk.jpg 332w\" sizes=\"auto, (max-width: 159px) 100vw, 159px\" \/><\/a> Weitere Protagonisten diese Truppe waren auch der Komiker &#8220;Max Hansen, Sigfried Arno, Camilla Spira&#8221; und alles was Rang und Namen in der Berliner Musik Szene hatte, um die Konkurrenz (Admiralspalast, Metropol etc.) alt aussehen zu lassen.<\/p>\n<p>Schon 1913 hatte Max Rheinhardt CHARELL endeckt und ihn <strong>1923<\/strong> f\u00fcr das Gastspiel THE MIRACLE nach N. Y. verpflichtet. Als Folge dieser fruchtbaren Zusammenarbeit war die Verpflichtung von CHARELL f\u00fcr&#8217;s Gr. Schauspielhaus nur logisch. Damit begann die Bl\u00fctezeit der Berliner Operette,<br \/>\ndie ihren H\u00f6hepunkt nach Hitlers Machtergreifung langsam \u00fcberschritt. Epochal und weltweites Vorbild f\u00fcr sp\u00e4tere Operetten Verfilmungen und Musicals in CHARELL Manier <a href=\"http:\/\/walter.jankuhn.2fix.de\/wp-content\/uploads\/2012\/10\/lust.-witwe-metropol.jpg\"><img loading=\"lazy\" decoding=\"async\" class=\"alignleft size-thumbnail wp-image-1613\" title=\"lust.-witwe metropol\" src=\"http:\/\/walter.jankuhn.2fix.de\/wp-content\/uploads\/2012\/10\/lust.-witwe-metropol-150x150.jpg\" alt=\"\" width=\"150\" height=\"150\" \/><\/a>&#8211; sind die \u00a0historisch bedeutsamen Operetten-Inszenierungen:<br \/>\n<strong>&#8220;Im Weissen R\u00f6ssl&#8221;,<\/strong> sowie<strong> &#8220;Die Lustige Witwe &#8221; <\/strong>und<br \/>\n<strong>&#8221; Madame Pompadour&#8221;. <\/strong>(alle drei mit Walter JANKUHN als<br \/>\n1. Tenor &gt; <em>siehe extra Kapitel<\/em>). Aber auch alle \u00fcbrigen CHARELL Operetteninszenierungen wurden mit gro\u00dfer Begeisterung aufgenommen:<\/p>\n<p><a href=\"http:\/\/walter.jankuhn.2fix.de\/wp-content\/uploads\/2012\/06\/wj-Heft_006_s01_fuerDich.jpg\"><img loading=\"lazy\" decoding=\"async\" class=\"alignleft size-thumbnail wp-image-484\" title=\"wj-Heft_006_s01_fuerDich\" src=\"http:\/\/walter.jankuhn.2fix.de\/wp-content\/uploads\/2012\/06\/wj-Heft_006_s01_fuerDich-150x150.jpg\" alt=\"\" width=\"150\" height=\"150\" \/><\/a><a href=\"http:\/\/walter.jankuhn.2fix.de\/wp-content\/uploads\/2012\/06\/wj-Heft_008_s01_Mikado.jpg\"><img loading=\"lazy\" decoding=\"async\" class=\"alignleft size-thumbnail wp-image-486\" title=\"wj-Heft_008_s01_Mikado\" src=\"http:\/\/walter.jankuhn.2fix.de\/wp-content\/uploads\/2012\/06\/wj-Heft_008_s01_Mikado-150x150.jpg\" alt=\"\" width=\"150\" height=\"150\" \/><\/a><a href=\"http:\/\/walter.jankuhn.2fix.de\/wp-content\/uploads\/2012\/06\/wj-Heft_007_s01_Madame_Pom.jpg\"><img loading=\"lazy\" decoding=\"async\" class=\"alignleft size-thumbnail wp-image-485\" title=\"wj-Heft_007_s01_Madame_Pom\" src=\"http:\/\/walter.jankuhn.2fix.de\/wp-content\/uploads\/2012\/06\/wj-Heft_007_s01_Madame_Pom-150x150.jpg\" alt=\"\" width=\"150\" height=\"150\" \/><\/a><a href=\"http:\/\/walter.jankuhn.2fix.de\/wp-content\/uploads\/2012\/06\/wj-Heft_005_s01_Dreimaederl.jpg\"><img loading=\"lazy\" decoding=\"async\" class=\"alignleft size-thumbnail wp-image-483\" title=\"wj-Heft_005_s01_Dreimaederl\" src=\"http:\/\/walter.jankuhn.2fix.de\/wp-content\/uploads\/2012\/06\/wj-Heft_005_s01_Dreimaederl-150x150.jpg\" alt=\"\" width=\"150\" height=\"150\" \/><\/a><a href=\"http:\/\/walter.jankuhn.2fix.de\/wp-content\/uploads\/2012\/06\/wj-Heft_009_s01_weiss_Roessel.jpg\"><img loading=\"lazy\" decoding=\"async\" class=\"alignleft size-thumbnail wp-image-487\" title=\"wj-Heft_009_s01_weiss_Roessel\" src=\"http:\/\/walter.jankuhn.2fix.de\/wp-content\/uploads\/2012\/06\/wj-Heft_009_s01_weiss_Roessel-150x150.jpg\" alt=\"\" width=\"150\" height=\"150\" \/><\/a><a href=\"http:\/\/walter.jankuhn.2fix.de\/wp-content\/uploads\/2012\/06\/wj-Programm_Roessel_Urauffuehr.jpg\"><img loading=\"lazy\" decoding=\"async\" class=\"alignleft size-thumbnail wp-image-54\" title=\"wj-Programm_Roessel_Urauffuehr\" src=\"http:\/\/walter.jankuhn.2fix.de\/wp-content\/uploads\/2012\/06\/wj-Programm_Roessel_Urauffuehr-150x150.jpg\" alt=\"\" width=\"150\" height=\"150\" \/><\/a><\/p>\n<p>&nbsp;<\/p>\n<p>&nbsp;<\/p>\n<p>&nbsp;<\/p>\n<p>&nbsp;<\/p>\n<p>&nbsp;<\/p>\n<p>&nbsp;<\/p>\n<p>&nbsp;<\/p>\n<ul>\n<li>1924 &#8211; An Alle<\/li>\n<li>1925\/26 &#8211; F\u00fcr Dich (mit &#8220;Walter JANKUHN)<\/li>\n<li>1926 &#8211; Von Mund zu Mund<\/li>\n<li>1927 &#8211; Mikado (mit &#8221; Walter JANKUHN)<\/li>\n<li>1927 &#8211; Wie einst im Mai<\/li>\n<li>1927 &#8211; <span style=\"color: #000000;\"><strong>Madame Pompadour<\/strong><\/span> (mit &#8220;W. JANKUHN \/ MASSARY)<\/li>\n<li>1928 &#8211;<strong> Die Lustige Witwe<\/strong> (mit\u00a0&#8220;W. JANKUHN\/ MASSARY)<\/li>\n<li>1928 &#8211; Dreim\u00e4derlhaus (mit W. JANKUHN)<\/li>\n<li>1928 &#8211; Casanova<\/li>\n<li>1928 &#8211; Drei Musketiere<\/li>\n<li>1930 &#8211; <strong>Weisses R\u00f6ssl<\/strong> (mit W. JANKUHN)\u00a0 \u00a0 \u00a0 \u00a0 \u00a0 \u00a0 \u00a0 \u00a0 \u00a0 \u00a0 \u00a0 \u00a0 \u00a0 \u00a0 \u00a0 \u00a0 \u00a0 \u00a0 \u00a0 \u00a0 \u00a0 \u00a0 \u00a0 \u00a0 \u00a0 \u00a0 \u00a0 \u00a0 \u00a0 \u00a0 \u00a0 \u00a0 \u00a0 \u00a0 \u00a0 \u00a0 \u00a0 \u00a0 \u00a0 \u00a0 \u00a0 \u00a0 \u00a0 \u00a0 \u00a0 \u00a0 \u00a0 \u00a0 \u00a0 \u00a0 \u00a0 \u00a0 \u00a0 \u00a0 \u00a0 \u00a0 \u00a0 \u00a0 \u00a0 \u00a0 \u00a0 \u00a0 \u00a0 \u00a0 \u00a0 \u00a0 \u00a0 \u00a0 \u00a0 \u00a0 \u00a0 \u00a0 \u00a0 \u00a0 \u00a0 \u00a0 \u00a0 \u00a0 \u00a0 \u00a0 \u00a0 \u00a0 \u00a0 \u00a0 \u00a0 \u00a0 \u00a0 \u00a0 \u00a0 \u00a0 \u00a0 \u00a0 \u00a0 \u00a0 \u00a0 \u00a0 \u00a0 \u00a0 \u00a0 \u00a0 \u00a0 \u00a0 \u00a0 \u00a0 \u00a0 \u00a0 \u00a0 \u00a0 \u00a0 \u00a0 \u00a0 \u00a0<a href=\"http:\/\/walter.jankuhn.2fix.de\/wp-content\/uploads\/2012\/07\/f\u00fcr-dich.jpg\"><img loading=\"lazy\" decoding=\"async\" class=\"alignleft size-full wp-image-1052\" title=\"f\u00fcr-dich\" src=\"http:\/\/walter.jankuhn.2fix.de\/wp-content\/uploads\/2012\/07\/f\u00fcr-dich.jpg\" alt=\"\" width=\"345\" height=\"518\" srcset=\"http:\/\/walter.jankuhn.2fix.de\/wp-content\/uploads\/2012\/07\/f\u00fcr-dich.jpg 426w, http:\/\/walter.jankuhn.2fix.de\/wp-content\/uploads\/2012\/07\/f\u00fcr-dich-199x300.jpg 199w\" sizes=\"auto, (max-width: 345px) 100vw, 345px\" \/><\/a>Neben den 3 Welterfolgen <strong>(fett markiert<\/strong>) siehe &gt; jeweils eigene Kapitel, hat es noch weitere be-merkenswerte CHARELL Revuen mit Walter JANKUHN in Berlin am Metropol + Gr. Schauspielhaus gegeben. \u00a0CHARELLs \u00a0neuartige Spielweise begann mit Revue-Theater und entwickelt sich lang- sam zur Operette weiter. \u00a0 \u00a0 \u00a0 \u00a0 \u00a0 \u00a0 \u00a0 \u00a0 CHARELL begann sein Revue-Operetten Experiment titelgerecht mit der &#8220;Aufforderung&#8221;<strong>AN ALLE&#8221;<\/strong><a href=\"http:\/\/walter.jankuhn.2fix.de\/wp-content\/uploads\/2012\/06\/wj-.operette_232.jpg\"><img loading=\"lazy\" decoding=\"async\" class=\"size-medium wp-image-554 alignright\" title=\"wj-.operette_232\" src=\"http:\/\/walter.jankuhn.2fix.de\/wp-content\/uploads\/2012\/06\/wj-.operette_232-216x300.jpg\" alt=\"\" width=\"216\" height=\"300\" srcset=\"http:\/\/walter.jankuhn.2fix.de\/wp-content\/uploads\/2012\/06\/wj-.operette_232-216x300.jpg 216w, http:\/\/walter.jankuhn.2fix.de\/wp-content\/uploads\/2012\/06\/wj-.operette_232.jpg 288w\" sizes=\"auto, (max-width: 216px) 100vw, 216px\" \/><\/a><\/li>\n<\/ul>\n<p>Dann folgten bereits zwei echte Operetten-Revuen. Zun\u00e4chst \u00a0&#8220;<strong>F\u00dcR DICH&#8221;<\/strong> mit Irene AMBRUS + Walter JANKUHN (Foto &gt;). Die Operette &#8220;F\u00dcR DICH&#8221; war quasi der Vorl\u00e4ufer vom &#8220;WEISSEN R\u00d6SSL&#8221; &#8211; auch mit der &#8220;Tiroler Gruppe&#8221;, knisternder Erotik auf einer Hochzeitsreise etc.\u00a0Die NZ (H. Schulze) schreibt:<em> <\/em><strong><em> &#8220;&#8230;.in diesen Kranz von Erscheinungen sind Solisten eingebaut, manche von hohem Rang. Da ist <\/em>Walter Jankuhn<em>, ein sympathischer schlanker eleganter Tenor, der die &#8220;Benatzkyschen&#8221; Chansons gut pointiert zu bringen wei\u00df. Seine blutjunge Partnerin <\/em>Irene Ambrus<em> grazi\u00f6s und leicht, kommt stimmlich wie k\u00f6rperlich nicht in dem Riesenhaus zur Geltung&#8230;..&#8221;<\/em><\/strong><\/p>\n<div id=\"attachment_579\" style=\"width: 310px\" class=\"wp-caption alignleft\"><a href=\"http:\/\/walter.jankuhn.2fix.de\/wp-content\/uploads\/2012\/06\/wj-1927_30_Mikado_01_NoiseNinja.jpg\"><img loading=\"lazy\" decoding=\"async\" aria-describedby=\"caption-attachment-579\" class=\"size-full wp-image-579  \" title=\"wj-1927_30_Mikado_01_NoiseNinja\" src=\"http:\/\/walter.jankuhn.2fix.de\/wp-content\/uploads\/2012\/06\/wj-1927_30_Mikado_01_NoiseNinja.jpg\" alt=\"\" width=\"300\" height=\"196\" srcset=\"http:\/\/walter.jankuhn.2fix.de\/wp-content\/uploads\/2012\/06\/wj-1927_30_Mikado_01_NoiseNinja.jpg 613w, http:\/\/walter.jankuhn.2fix.de\/wp-content\/uploads\/2012\/06\/wj-1927_30_Mikado_01_NoiseNinja-300x195.jpg 300w\" sizes=\"auto, (max-width: 300px) 100vw, 300px\" \/><\/a><p id=\"caption-attachment-579\" class=\"wp-caption-text\">MIKADO<\/p><\/div>\n<p>Darauf folgend dann der <strong>MIKADO<\/strong> mit Rita GEORG + Walter JANKUHN als 1. Tenor. Weiter Protagonisten im MIKADO waren Charakter Typen wie &#8220;Max Pallenberg, W. Bendow, Lotte Werkmeister&#8221; u.v.m. Die BZ (Erich Urban) schrieb: <em><strong>&#8221; ein <\/strong><\/em><strong>MIKADO<\/strong><em><strong> a la mode, a la americain, a la <\/strong><\/em><strong>CHARELL<\/strong><em><strong> , Aus dem Orchester steigt die Musik auf, die Sullivan in Jazz-Seligkeit fortrei\u00dft &#8230;.. befruchtet von der gl\u00fchenden Phantasie von <\/strong><\/em><strong>Ernst STERN<\/strong><em><strong> (Ausstattung), wird der \u00dcbergang gefunden zu den Erscheinungen des Jahres 1927 (Crash). Regief\u00fclle und neue Gesichtswinkel &#8211; \u00a0das ist <\/strong><\/em><strong>CHARELL<\/strong><em><strong> mit <\/strong><\/em><strong>MIKADO<\/strong><em><strong> gegl\u00fcckt &#8230;&#8230;Ich bekenne, das man die alte Operette nur so spielen darf &#8211; indem man ihr die Seele nimmt und sie in einen neuen springlebendigen K\u00f6rper setzt.<\/strong><\/em><\/p>\n<p><em><strong> <\/strong><a href=\"http:\/\/walter.jankuhn.2fix.de\/wp-content\/uploads\/2012\/10\/mikado-kari-best.jpg\"><img loading=\"lazy\" decoding=\"async\" class=\"aligncenter size-full wp-image-1672\" title=\"mikado-kari-best\" src=\"http:\/\/walter.jankuhn.2fix.de\/wp-content\/uploads\/2012\/10\/mikado-kari-best.jpg\" alt=\"\" width=\"593\" height=\"400\" srcset=\"http:\/\/walter.jankuhn.2fix.de\/wp-content\/uploads\/2012\/10\/mikado-kari-best.jpg 593w, http:\/\/walter.jankuhn.2fix.de\/wp-content\/uploads\/2012\/10\/mikado-kari-best-300x202.jpg 300w\" sizes=\"auto, (max-width: 593px) 100vw, 593px\" \/><\/a>&#8220;<\/em> Operette war damals, als es weder TV noch Popkonzerte gab, das einzige Massen-Enterainment, um die damals ausschlie\u00dflich privaten &#8220;Theater-Kassen&#8221; zu f\u00fcllen, nat\u00fcrlich sehr oft j\u00fcdische (insb. Veranstalter: Gebr. Rotter\/ aber auch CHARELL, viele Komponisten + Operetten-Stars, wie auch die MASSARY waren Juden). F\u00fcr die NAZIS war dies eine &#8220;Juden-Lobby&#8221; und ein Dorn im Auge ! Nach der Machtergreifung der NAZIS 1933 wurde diese sog. &#8220;transatlantische Operette&#8221; (Negermusik), von den NAZIS als dekadenter Kitsch gebranntmarkt (+ durch organisierten P\u00f6bel gest\u00f6rt). \u00a0&#8230;..obwohl Herr &#8220;Hitler&#8221; doch ein ausgewiesener Lehar\/ Operetten-Fan war ?! Dennoch, diese sog. &#8220;transatlantische Operette&#8221; &#8211; die sich am Broadway orientierte anstatt deutsch-nationalem Starrsinn, wurde der deutsche Exportschlager in den USA + Europa.<\/p>\n<p>&#8221; <strong>DAS DREIM\u00c4DERLHAUS<\/strong> &#8220;&#8230;&#8230;.. von Schubert war ein ganz anderer anspruchsvoller Stoff, deshalb verpflichtete CHARELL den ausgezeichneten Theater Regisseur und Schauspieler &#8220;Julius BRANDT &#8220;der dieses Singspiel in Szene gesetzt hat. Mit Alfred BRAUN als &#8211;<em>Franz Schubert &#8211; <\/em>und \u00a0Walter JANKUHN als &#8211;<em>Baron Schober<\/em> &#8211; sowie Erika von THELLMANN als <em>Hannerl<\/em>. Weitere prominente Protagonisten: &#8220;Trude Hesterberg, Wilh. Bendow, Paul Morgan&#8221;. CHARELL konnte also auch klassisch, mit operntauglichem Gesang und nicht nur Revue + frivole Komik &#8211; mit solch traditionsreicher Kunst konnten alle gut Leben &#8211; selbst die H\u00fcter hehrer deutscher Kunst-Anspr\u00fcche, wie die Theater P\u00e4pste : &#8220;Rheinhardt bzw. Gr\u00fcndgens&#8221;.<\/p>\n<p><a href=\"http:\/\/walter.jankuhn.2fix.de\/wp-content\/uploads\/2012\/07\/dreim\u00e4delhaus.jpg\"><img loading=\"lazy\" decoding=\"async\" class=\"alignleft size-full wp-image-1049\" title=\"dreim\u00e4delhaus\" src=\"http:\/\/walter.jankuhn.2fix.de\/wp-content\/uploads\/2012\/07\/dreim\u00e4delhaus.jpg\" alt=\"\" width=\"312\" height=\"410\" srcset=\"http:\/\/walter.jankuhn.2fix.de\/wp-content\/uploads\/2012\/07\/dreim\u00e4delhaus.jpg 488w, http:\/\/walter.jankuhn.2fix.de\/wp-content\/uploads\/2012\/07\/dreim\u00e4delhaus-228x300.jpg 228w\" sizes=\"auto, (max-width: 312px) 100vw, 312px\" \/><\/a><a href=\"http:\/\/walter.jankuhn.2fix.de\/wp-content\/uploads\/2012\/06\/wj-operette_055.jpg\"><img loading=\"lazy\" decoding=\"async\" class=\"alignleft size-full wp-image-351\" title=\"wj-operette_055\" src=\"http:\/\/walter.jankuhn.2fix.de\/wp-content\/uploads\/2012\/06\/wj-operette_055.jpg\" alt=\"\" width=\"274\" height=\"400\" srcset=\"http:\/\/walter.jankuhn.2fix.de\/wp-content\/uploads\/2012\/06\/wj-operette_055.jpg 274w, http:\/\/walter.jankuhn.2fix.de\/wp-content\/uploads\/2012\/06\/wj-operette_055-205x300.jpg 205w\" sizes=\"auto, (max-width: 274px) 100vw, 274px\" \/><\/a><\/p>\n<p>&nbsp;<\/p>\n<p>&nbsp;<\/p>\n<p>Julius BRANDT der beim &#8220;Dreim\u00e4derl-haus&#8221; die Regie \u00fcbernehmen durfte, kannte Walter JANKUHN bereits aus gemeinsamer Arbeit in Breslau und hielt gro\u00dfe St\u00fccke auf seinen Tenorist wie folgendes Statement zeigt &gt; (Presse-Aauszug) :<\/p>\n<div id=\"attachment_316\" style=\"width: 300px\" class=\"wp-caption alignleft\"><a href=\"http:\/\/walter.jankuhn.2fix.de\/wp-content\/uploads\/2012\/06\/wj-presse_22_juliusBrandt.jpg\"><img loading=\"lazy\" decoding=\"async\" aria-describedby=\"caption-attachment-316\" class=\"size-full wp-image-316\" title=\"wj-presse_22_juliusBrandt\" src=\"http:\/\/walter.jankuhn.2fix.de\/wp-content\/uploads\/2012\/06\/wj-presse_22_juliusBrandt.jpg\" alt=\"\" width=\"290\" height=\"400\" srcset=\"http:\/\/walter.jankuhn.2fix.de\/wp-content\/uploads\/2012\/06\/wj-presse_22_juliusBrandt.jpg 290w, http:\/\/walter.jankuhn.2fix.de\/wp-content\/uploads\/2012\/06\/wj-presse_22_juliusBrandt-217x300.jpg 217w\" sizes=\"auto, (max-width: 290px) 100vw, 290px\" \/><\/a><p id=\"caption-attachment-316\" class=\"wp-caption-text\">Riegie &#8220;Dreim\u00e4derlhaus&#8221; Julius Brandt aus Breslau<\/p><\/div>\n<p>Operetten Macher CHARELL hat zeit-weise neben dem Gr. Schauspielhaus auch noch das METROPOL Theater gepachtet und so den Berliner Operetten- Markt dominiert. Dort hat er die &#8221; Die Lustige Witwe, Paganini + den Bettelstudent&#8221; etc. zur Auff\u00fchrung gebracht. Anfang der 30er als der Tonfilm begann verpflichtete UFA Chef &#8220;H. PROMMER&#8221; dann folgerichtig Herrn CHARELL f\u00fcr den sp\u00e4ter erfolgrei-chen Operettenfilm &#8220;Der Kongress tanzt&#8221;.<\/p>\n<p><strong>1933<\/strong> als Hitlers Macht\u00fcbernahme be-gann, setzte sich CHARELL (selber ho-mosexueller Jude) wegen der Judenver-folgung an den Broadway ab und ver-suchte dort, an seine Erfolge anzukn\u00fcpfen &#8211; mit m\u00e4\u00dfigem Erfolg ! Nach dem Krieg kam er nach M\u00fcnchen zur\u00fcck und verfilmte <strong>1952<\/strong> das &#8221; Weisse R\u00f6ssl &#8221; mit dem damals jungen Joh. HEESTERS.\u00a0(Der 1. Tenorist aus den CHARELL-Revuen: &#8220;Walter JANKUHN&#8221; verstarb bereits <strong>1953,<\/strong> schwer herzkrank in Berlin.).<\/p>\n<p>Nachfolgend eine TV Dokumentation (youtube) mit der Operettendiva &#8220;Fritzi MASSARY&#8221; (bevor Sie <strong>1969<\/strong> in Berverly Hills\/Los Angeles verstarb) zu ihrer Karriere am Metropol + bei CHARELL:<\/p>\n<p><iframe loading=\"lazy\" title=\"Fritzi Massary im Interview 1965 (II)\" width=\"640\" height=\"480\" src=\"https:\/\/www.youtube.com\/embed\/7aOAR8ErBCs?feature=oembed\" frameborder=\"0\" allow=\"accelerometer; autoplay; clipboard-write; encrypted-media; gyroscope; picture-in-picture; web-share\" referrerpolicy=\"strict-origin-when-cross-origin\" allowfullscreen><\/iframe><\/p>\n<p>&nbsp;<\/p>\n","protected":false},"excerpt":{"rendered":"<p>Die Pariser und Wiener Operette waren nicht mehr aktuell, als in den &#8220;roaring Golden 20\/30th&#8221; die BERLINER \u00a0Operette f\u00fcr frischen Wind sorgte. Nat\u00fcrlich denkt man dabei zun\u00e4chst an den Ur-Berliner Komponisten PAUL LINCKE und seiner spritzigen Musik und den Song &hellip; <a href=\"http:\/\/walter.jankuhn.2fix.de\/?page_id=889\">Continue reading <span class=\"meta-nav\">&rarr;<\/span><\/a><\/p>\n","protected":false},"author":1,"featured_media":0,"parent":123,"menu_order":1,"comment_status":"open","ping_status":"open","template":"","meta":{"footnotes":""},"class_list":["post-889","page","type-page","status-publish","hentry"],"_links":{"self":[{"href":"http:\/\/walter.jankuhn.2fix.de\/index.php?rest_route=\/wp\/v2\/pages\/889","targetHints":{"allow":["GET"]}}],"collection":[{"href":"http:\/\/walter.jankuhn.2fix.de\/index.php?rest_route=\/wp\/v2\/pages"}],"about":[{"href":"http:\/\/walter.jankuhn.2fix.de\/index.php?rest_route=\/wp\/v2\/types\/page"}],"author":[{"embeddable":true,"href":"http:\/\/walter.jankuhn.2fix.de\/index.php?rest_route=\/wp\/v2\/users\/1"}],"replies":[{"embeddable":true,"href":"http:\/\/walter.jankuhn.2fix.de\/index.php?rest_route=%2Fwp%2Fv2%2Fcomments&post=889"}],"version-history":[{"count":139,"href":"http:\/\/walter.jankuhn.2fix.de\/index.php?rest_route=\/wp\/v2\/pages\/889\/revisions"}],"predecessor-version":[{"id":3122,"href":"http:\/\/walter.jankuhn.2fix.de\/index.php?rest_route=\/wp\/v2\/pages\/889\/revisions\/3122"}],"up":[{"embeddable":true,"href":"http:\/\/walter.jankuhn.2fix.de\/index.php?rest_route=\/wp\/v2\/pages\/123"}],"wp:attachment":[{"href":"http:\/\/walter.jankuhn.2fix.de\/index.php?rest_route=%2Fwp%2Fv2%2Fmedia&parent=889"}],"curies":[{"name":"wp","href":"https:\/\/api.w.org\/{rel}","templated":true}]}}