{"id":885,"date":"2012-06-25T14:41:03","date_gmt":"2012-06-25T14:41:03","guid":{"rendered":"http:\/\/walter.jankuhn.2fix.de\/?page_id=885"},"modified":"2013-03-26T10:59:26","modified_gmt":"2013-03-26T10:59:26","slug":"karriere-zeittafel","status":"publish","type":"page","link":"http:\/\/walter.jankuhn.2fix.de\/?page_id=885","title":{"rendered":"Vita"},"content":{"rendered":"<div id=\"attachment_1960\" style=\"width: 212px\" class=\"wp-caption alignright\"><a href=\"http:\/\/walter.jankuhn.2fix.de\/wp-content\/uploads\/2012\/11\/wj-1950.jpg\"><img loading=\"lazy\" decoding=\"async\" aria-describedby=\"caption-attachment-1960\" class=\"size-full wp-image-1960 \" title=\"wj-1950\" src=\"http:\/\/walter.jankuhn.2fix.de\/wp-content\/uploads\/2012\/11\/wj-1950.jpg\" alt=\"\" width=\"202\" height=\"288\" srcset=\"http:\/\/walter.jankuhn.2fix.de\/wp-content\/uploads\/2012\/11\/wj-1950.jpg 224w, http:\/\/walter.jankuhn.2fix.de\/wp-content\/uploads\/2012\/11\/wj-1950-210x300.jpg 210w\" sizes=\"auto, (max-width: 202px) 100vw, 202px\" \/><\/a><p id=\"caption-attachment-1960\" class=\"wp-caption-text\">Kammers\u00e4nger Walter Jankuhn<\/p><\/div>\n<p>Kammers\u00e4nger Walter Jankuhn ist <strong>1988<\/strong> in : (Braunsberg) K\u00f6nigsberg geboren und hatte seit seiner Ausbildung als Pianist + Gesang seinen Lebensmittel-punkt prim\u00e4r in Berlin-Sch\u00f6neberg, wo er auch <strong>1953<\/strong> verstarb. Seine professionelle B\u00fchnen-Karriere begann 1910 und hielt trotz <span style=\"text-decoration: underline;\">2er Weltkriege<\/span> \u00fcber <strong>40<\/strong> erfolgreiche Berufsjahre an &#8211; obwohl er nur <strong>64<\/strong> Jahre alt werden sollte:<\/p>\n<p><strong>(ohne Anspruch auf Vollst\u00e4ndigkeit)<\/strong><\/p>\n<ul>\n<li>1910 &#8211; Berlin &#8211;<em> Hallo, die gro\u00dfe Revue <\/em>(Schallpl. Aufnahmen)<\/li>\n<li>1910 &#8211; Berlin<em> &#8211; Ein Herbstman\u00f6ver <\/em>( Schallpl. Aufnahmen)<\/li>\n<li>1911 &#8211; Berlin &#8211; <em>Die sch\u00f6ne Risette\/Leo Fall<\/em> (Theater des Westens)<\/li>\n<li>1912 &#8211; Berlin &#8211; <em>Der liebe Augustin \/Grosse Rosinen \/ Autoliebchen <\/em>(Theater\u00a0des<em> <span style=\"font-style: normal; line-height: 24px;\">Westens \/Schallpl. Aufnahmen m. Mizzi Giessler + M. Marinowska etc.<\/span><\/em><em>)<\/em><\/li>\n<li>1912 &#8211; Hamburg &#8211; <em>Was kost Hamburg , \u00a0Hannerl<\/em> &#8230;\/ (Neues Operetten Theater)<\/li>\n<li>1913 &#8211; Hamburg &#8211; <em>Bettelstudent , Wiener Blut<\/em> \/ (Zentral Theater)<\/li>\n<li><strong>1914 <\/strong>&#8211; Hamburg &#8211; <em> Ahoi<\/em> \/ (Scala ) (<strong>1. Weltkrieg<\/strong>)<\/li>\n<li><strong>1915<\/strong> &#8211; Berlin &#8211; <em>Trubadour + Entf\u00fchrung<\/em>&#8230;. mit der BOSETTI (Fried. Wilhem. Theater)<\/li>\n<li><strong>1915\/16<\/strong> &#8211; Hamburg &#8211; <em>Bettelstudent<\/em>&#8230;..\/ (Zentral Theater) \u00a0(<strong>1. Weltkrieg<\/strong>)<\/li>\n<li><strong>1916\/18<\/strong> &#8211; Hannover &#8211; <em>Bettelstudent, \u00a0Dreim\u00e4delhaus, \u00a0Der arme Johnatan, \u00a0Die Fahrt ins Gl\u00fcck, \u00a0Die sch\u00f6ne Cubanerin, \u00a0Wiener Blut, \u00a0Der Soldat der Marine, \u00a0Der Tropenj\u00e4ger, \u00a0Der fidele Bauer, \u00a0Der verliebte Herzog, \u00a0Liebe im Schnee<\/em> \/ \u00a0 \u00a0 \u00a0 (MELLINI Theater) \u00a0(<strong>1.Weltkrieg<\/strong>)<\/li>\n<li>1919\/20 &#8211; Hannover &#8211; <em>Ranon, \u00a0Die Dose seiner Majest\u00e4t, \u00a0Die Dame vom Zirkus<\/em> \/ (MELLINI Theater)<\/li>\n<li><strong>1920\/24 &#8211; AMERIKA &#8211; NY\/Texas, Arentinien, Brasilien, Mexiko, Uruguay \u00a0 \u00a0 \u00a0 \u00a0 \u00a0 \u00a0(The Minnesingers \/ VIENNA Operetta Comp.)<\/strong><\/li>\n<li>1920\/21 &#8211; New York &#8211;<em> Hannerl<\/em> ( METROPOLITAN + IRVING PLACE Theater)<\/li>\n<li>1921\/23 Porte Allegre \u00a0&#8211; Montevideo &#8211; \u00a0Buenos Aires &#8211; Sao Paolo &#8211; Curityba &#8211; Santiago &#8211;\u00a0Valparadiso, Rio de Janeiro, Mexiko City\u00a0\u00a0etc.\u00a0<em>&#8211; Die Csardasf\u00fcrstin, Die Faschingsfee, Der Zigeunerprimas, Das Dreim\u00e4derlhaus, Die Rose von Stabul, Liebe im Schnee, Schwarzwaldm\u00e4del, Ihre Hoheit die T\u00e4nzerin, Der Tanz ins Gl\u00fcck, Die Fledermaus, Wenn Liebe erwacht, Die Frau im Dunkeln, Der Zigeunerbaron, Der Bettelstudent, A Condessa Bailarina, A Princeza das Czardas, O Morecio, A Fadado Carnaval etc.<\/em><\/li>\n<li>1923 &#8211; New York &#8211; <em>Hannerl (<\/em> Brooklyn Academie of Music \/ + TEXSAS &#8230;..)<\/li>\n<li>1923\/24 &#8211; New York &#8211; <em>Hannerl \/ Wiener Blut, Der Vogelh\u00e4ndler, Die Faschingsfee, Zigeunerliebe<\/em> \/ (IRVING PLACE Theater &#8211; (inkl. 4 Monate Direktion).<\/li>\n<li>1924 &#8211; Hannover &#8211; <em>Vetter aus Dingsda<\/em> &#8211; (MELLINI)<\/li>\n<li>1924 &#8211; Breslau &#8211; <em>Polenblut, Die Spitzenk\u00f6nigin<\/em> (Wallnertheater)\/ <em>Gr\u00e4fin Maritza<\/em> (Breslauer Schauspielhaus), <em>Fledermaus<\/em> (Liebich Theater).<\/li>\n<li>1925 &#8211; Berlin &#8211; F\u00fcr Dich \/ (Gro\u00dfes Schauspielhaus), \u00a0 \u00a0 \u00a0 \u00a0 \u00a0 \u00a0 \u00a0 \u00a0 \u00a0 \u00a0 \u00a0 \u00a0 \u00a0 \u00a0 \u00a0 \u00a0 \u00a0 \u00a0 \u00a0 \u00a0 \u00a0 \u00a0 \u00a0 \u00a0 \u00a0 \u00a0 \u00a0 \u00a0 \u00a0 \u00a0 \u00a0 \u00a0Der Orlow, Wiener Blut, die geliebte seiner Hoheit.<\/li>\n<li>1925 &#8211; London ( ??)<\/li>\n<li>1926 &#8211; Hannover &#8211; Gr\u00e4fin Maritza<\/li>\n<li>1926 &#8211; Frankfurt\/M &#8211; Adrienne \/ (Frankfurter Opernhaus)<\/li>\n<li>1926 &#8211; Dresden &#8211; Die keusche Susanne \/Jugend im Mai (Centraltheater Dresden)<\/li>\n<li>1926 &#8211; Breslau &#8211;<em> Das Spiel um Liebe, Vetter aus Dingsda (Liebich Theater)\/ \u00a0 \u00a0 \u00a0 \u00a0 \u00a0Paganini<\/em> (Speilleitung Schauspielhaus),\/<em> Gr\u00e4fin Maritza, Die Terefina,<\/em><\/li>\n<li>1926\/27 &#8211; Mannheim &#8211;<em> Jugend im Mai, Die keusche Susanne<\/em> \/(Apollo Mannh.)<\/li>\n<li>1926\/27 &#8211; Berlin &#8211; Die Zirkusprinzessin (Metropol)<\/li>\n<li>1927 &#8211; Berlin &#8211; Mikado (Gr. Schauspielhaus\/Charell)<\/li>\n<li>1928 &#8211; Berlin &#8211;<strong><em> LOTTE<\/em><\/strong> (Stummfilm)<\/li>\n<li>1928 &#8211; Berlin &#8211;<em> Dreim\u00e4derlhaus \u00a0+ \u00a0Madame Pompadour \u00a0+ \u00a0Die Lustige Witwe <\/em>( Gr. Schauspielhaus\/Charell)<\/li>\n<li>1928 &#8211; Leipzig &#8211; <em>Die Czardasf\u00fcrstin<\/em> (Neues Operettentheater)<\/li>\n<li>1929 &#8211; Berlin &#8211;<strong> <em>DICH HAB ICH GELIEBT<\/em><\/strong> (1. dt. Tonfilm)<\/li>\n<li>1929 &#8211; Berlin &#8211; <em>Die Lustige Witwe<\/em> (Metropol.) \/ \u00a0 \u00a0 \u00a0 \u00a0 \u00a0 \u00a0 \u00a0 \u00a0 \u00a0 \u00a0 \u00a0 \u00a0 \u00a0 \u00a0 \u00a0 \u00a0 \u00a0 \u00a0 \u00a0 \u00a0 \u00a0 \u00a0 \u00a0 \u00a0 \u00a0 \u00a0 \u00a0 Pollnische Wirtschaft (Deutsches K\u00fcnstlertheaater).<\/li>\n<li>1929 &#8211; Breslau &#8211; <em>Die Bajadere, Der Bettelstudent<\/em><\/li>\n<li>1930 &#8211; Berlin &#8211; <em>Im Weissen R\u00f6ssel<\/em> (Gr. Schauspielhaus\/Charell) (Welturauff\u00fchrung)<\/li>\n<li>1929\/30 &#8211; Wien &#8211; <em>Das Veilchen vom Montmatre<\/em> (Welturauff\u00fchrung) \u00a0 \u00a0 \u00a0 \u00a0 \u00a0 \u00a0 \u00a0 \u00a0 \u00a0 \u00a0 \u00a0 \u00a0 \u00a0 \u00a0 \u00a0 \u00a0 \u00a0 \u00a0 \u00a0 \u00a0 <em>Hotel Stadt Lemberg<\/em> (J. Stauss Theater)<\/li>\n<li>1930 &#8211; Breslau &#8211; <em>Bettelstudent, Gr\u00e4fin Maritza, Bajadere<\/em><\/li>\n<li>1930 &#8211; Berlin &#8211;<strong> <em>MARQUISE VON POMPADOUR<\/em><\/strong> (Tonfilm)<\/li>\n<li>1930\/31 &#8211; Berlin\/Wien &#8211;<strong><em> ST\u00dcRMISCH DIE NACHT<\/em><\/strong> (Tonfilm)<\/li>\n<li>1931 &#8211; Berlin &#8211; <em>Madame Pompadour + Mascottchen<\/em> (Kurf\u00fcrstendamm Theater)<\/li>\n<li>1931 &#8211; Breslau- <em>Wiener Blut<\/em> (Liebich TH.)<\/li>\n<li>1931 &#8211; Hannover &#8211;<em> Faschingsfee<\/em> (MELLINI)<\/li>\n<li>1932 &#8211; Berlin &#8211; <em>Prinz Methusalem<\/em> (Th. des Westens)<\/li>\n<li>1932 -Berlin &#8211; Leipzig &#8211; Breslau \u00a0Dresden- <em>F\u00fcr eine sch\u00f6ne Frau<\/em> \/ \u00a0 \u00a0 \u00a0 \u00a0 \u00a0 \u00a0 \u00a0 \u00a0 \u00a0 \u00a0 \u00a0 \u00a0 \u00a0 \u00a0 \u00a0 \u00a0 \u00a0 \u00a0 \u00a0 \u00a0 \u00a0 (kom. Oper Berlin, Komm\u00f6dienhaus Leipzig, Liebich Theater Breslau)<\/li>\n<li>1932 &#8211; Dresden &#8211; <em>Gl\u00fcckliche Reise<\/em> \/ (Theater am Schiff)<\/li>\n<li>1932 &#8211; Magdeburg &#8211; Krach um Jolante \/ (Zentral Theater)<\/li>\n<li><strong>1933 &#8211; Berlin &#8211; Direktion &#8220;Theater am Nollendorfplatz&#8221;<\/strong><\/li>\n<li>1933 &#8211; Berlin &#8211; <em>CLIVIA<\/em> Welturauff\u00fchrung + Hauptrolle \/(Nollendorf)<\/li>\n<li>1933 &#8211; Berlin &#8211;<em> Der Staatskanzler, Die Fahnenweihe, Die gro\u00dfe Chance, Der unbekannte Soldat<\/em> (nur Direktion) \/ <em>Schwarze Husaren, Krach um Jorlante, Wenn der Hahn kr\u00e4ht<\/em> (als 1. Tenor) \/ (Nollendorf)<\/li>\n<li>1933 &#8211; Breslau &#8211; Leipzig : \u00c4<em>nnchen von Tharau<\/em><\/li>\n<li><em>1933\/34 &#8211; <\/em>Hamburg<em> &#8211; Clivia \/<\/em> (Operettenhaus Hamburg)<\/li>\n<li>1934 &#8211; Berlin &#8211; <strong>ZIGEUNERBLUT (UNGARNM\u00c4DEL) <\/strong>(Tonfilm)<\/li>\n<li>1934 &#8211; Berlin &#8211;<em>Die Fledermaus<\/em> (Deutsches Opernhaus), \u00a0<em>Bunter Nachmittag<\/em> \/ (Theater im Admiralspalast)<\/li>\n<li>1934 &#8211; Hamburg &#8211; <em>1000 Freuden&#8230; <\/em> (Apollo) \/<em> Clivia, \/ Alles f\u00fcr Euch<\/em> \/ (Zentral)<\/li>\n<li>1934 &#8211; Essen &#8211; <em>Clivia \/ Marietta<\/em> \/ (Opernhaus Essen)<\/li>\n<li>1934 &#8211; Breslau etc. &#8211; CARISE Revue &#8211; Gastspiel W. Jankuhn (Europa-Gastspiele)<\/li>\n<li>1935 &#8211; Nbg-F\u00fcrth &#8211; <em>Vetter aus Dingsda, eine Nacht in Venedig, Fledermaus, Schach dem K\u00f6nig, Mariettta, Der Zigeunerbaron, Die Venus vom Lido (Urauff\u00fchrung), Wo die Lerche singt, Schwarze Husaren, die Weltmeisterin (Urauff\u00fchrung)<\/em> \/ (Stadttheater F\u00fcrth)<\/li>\n<li>1935 &#8211; Frankfurt\/M &#8211; <em>Die Lustige Witwe, Paganini &#8211; <\/em>&#8220;Spielleitung&#8221; \/(Schumann Theater FFM)<\/li>\n<li>1936 &#8211; Berlin &#8211; <em>Frau Luna<\/em> \/( Admiralspalast) &#8211; 70. Geburtstag Paul Lincke.<\/li>\n<li>1936 &#8211; Nbg.-F\u00fcrth &#8211; Ekterina,\u00a0<em>Vetterling, Gl\u00fcckliche Reise, Die Dorothee (Urauff\u00fchrung), Zigeunerbaron, F\u00fcrst ohne Land, Don Cesar, Die Winzerk\u00f6nigin, M\u00e4del aus Wien, Ein M\u00e4del hat sich verlaufen, Clivia, Der Herzog von Mirenza (Urauff\u00fchrung).<\/em> \/ \/(Stadttheater).<\/li>\n<li>1937 &#8211; Berliln &#8211; <em>Heut bin ich verliebt<\/em> \/ (Admiralspalast)<\/li>\n<li>1937 &#8211; Nbg.-F\u00fcrth &#8211; <em>Frau Luna, Hans und Hanna, Don Cesar, Ekaterina<\/em>\/ (Stadtteater)<\/li>\n<li>1938 &#8211; Potsdam &#8211; <em>Wiener Blut, Frau im Spiegel<\/em> \/ (Schauspielhaus)<\/li>\n<li>1938 &#8211; Berlin &#8211; <em>Drunter und Dr\u00fcber &#8211; <\/em>PLAZA<\/li>\n<li>1938 &#8211; Wilhelm Gustlow (Einweihungsfahrt) als Gast &#8211; Hamburg, Lissabon, Madeira, Gibralta, Neapel &#8211; (Onboard &#8220;Revue-T\u00e4nzerin Tutti Ahrens&#8221; (Heirat &gt; W. Jankuhn)).<\/li>\n<li>1938 &#8211; Innsbruck &#8211; Die lustige Witwe (Danilo) \u00a0F\u00fcrst ohne Land \/(St\u00e4dt. B\u00fchne Innsbruck)<\/li>\n<li><strong>(2. Weltkrieg &#8211; Beginn)<\/strong><\/li>\n<li><strong>1939 <\/strong>&#8211; Erfurt &#8211; <em>Die Gl\u00fccksschmiede<\/em> &#8211; Erfurter Volkstheater<\/li>\n<li><strong>1939<\/strong> &#8211; Berlin &#8211; <em>Brigittentag<\/em> (Theater des Volkes) , &#8211; Erfurt &#8211; <em>Die Gl\u00fccksschmiede<\/em>.<\/li>\n<li><strong>1939<\/strong> &#8211; Innsbruck &#8211; <em>Die Lustige Witwe, Die Fledermaus, Fidelio (Speilleitung), Salzburger Nockeln; Wiener Blut, F\u00fcrst ohne Land<\/em> \/ (TIROLER Landestheater)<\/li>\n<li><strong>1939<\/strong> &#8211; Innsbruck &#8211; <em>Die Frau ohne Kuss<\/em> &#8211; St\u00e4dtische B\u00fchne Innsbruck<\/li>\n<li><strong>1940<\/strong> &#8211; Innsbruck &#8211; Wiener Blut, Rigolettto (Spielleitung) \/ (TIROLER Landestheater)<\/li>\n<li><strong>1940<\/strong> &#8211; Hannover &#8211; <em>Mucki, Drei Wochen Sonne, Frau Luna, Wiener Blut<\/em> \/ (MELLINI)<\/li>\n<li><strong>1941\/43<\/strong> &#8211;<strong> 2. Weltkrieg &#8211; Fronttheater<\/strong> mit Unterbrechung <em>( KDF &#8220;Kunst durch Freude&#8221; Auftritte an der Front in Norwegen\/Russland &#8211; im Ensemble mit seiner sp\u00e4teren Ehefrau &#8220;Karin Ahrens&#8221; als Revuetheater: &#8220;Liebe auf den ersten Blick&#8221;<\/em>) &#8211;<\/li>\n<li><strong>1944\/45<\/strong> &#8211; <strong>Schlie\u00dfung aller Theater<\/strong> in Deutschland (R\u00fcckzug nach Krausnick und Zwangspause vom Theater &#8211; 1944 in Berlin &#8211; \u00a0(Geburt eines gesunden Jungen). &#8211; und das Warten auf das <strong>Kriegsende 1945. <\/strong><\/li>\n<li>1946 &#8211; Berlin &#8211; <em>Skandal in den Wolken\u00a0(n. Idee W. Jankuhn<\/em>) (kleines Operettenhaus)<\/li>\n<li>1947 &#8211; Hannover &#8211; <em>1000 Freuden einer Nach<\/em>t &#8211; ALU Theater<\/li>\n<li>1948 &#8211; Berlin &#8211; Krankheit + Klinikaufenthalt<\/li>\n<li>1949 &#8211; Dresden\/Bautzen &#8211; <em>Rosenhochzei<\/em>t<\/li>\n<li>1950 &#8211; Berlin &#8211;\u00a0<em>Gl\u00fcckliche Reise, Der Graf von Luxemburg<\/em> \/ (Phulmann Theater)<\/li>\n<li>1951 &#8211; Berlin- \u00e4rztl. Auftrittsverbot<\/li>\n<li>1952 &#8211; Berlin &#8211; \u00e4rztl. Auftrittsverbot &#8211; trotzdem <em>&#8220;WDR Radioproduktion &#8211; Bezauberndes Fr\u00e4ulein&#8221; (Meine Schwester und ich).<\/em><\/li>\n<li><strong>1953 &#8211; BERLIN in der Klinik verstorben.<\/strong><\/li>\n<\/ul>\n<p><strong>LINK : Dia-Show &#8220;Kammers\u00e4nger Walter Jankuhn&#8221;<\/strong><\/p>\n<p><a href=\"http:\/\/walter-jankuhn.magix.net\">walter-jankuhn.magix.net <\/a><\/p>\n","protected":false},"excerpt":{"rendered":"<p>Kammers\u00e4nger Walter Jankuhn ist 1988 in : (Braunsberg) K\u00f6nigsberg geboren und hatte seit seiner Ausbildung als Pianist + Gesang seinen Lebensmittel-punkt prim\u00e4r in Berlin-Sch\u00f6neberg, wo er auch 1953 verstarb. Seine professionelle B\u00fchnen-Karriere begann 1910 und hielt trotz 2er Weltkriege \u00fcber &hellip; <a href=\"http:\/\/walter.jankuhn.2fix.de\/?page_id=885\">Continue reading <span class=\"meta-nav\">&rarr;<\/span><\/a><\/p>\n","protected":false},"author":1,"featured_media":0,"parent":131,"menu_order":3,"comment_status":"open","ping_status":"open","template":"","meta":{"footnotes":""},"class_list":["post-885","page","type-page","status-publish","hentry"],"_links":{"self":[{"href":"http:\/\/walter.jankuhn.2fix.de\/index.php?rest_route=\/wp\/v2\/pages\/885","targetHints":{"allow":["GET"]}}],"collection":[{"href":"http:\/\/walter.jankuhn.2fix.de\/index.php?rest_route=\/wp\/v2\/pages"}],"about":[{"href":"http:\/\/walter.jankuhn.2fix.de\/index.php?rest_route=\/wp\/v2\/types\/page"}],"author":[{"embeddable":true,"href":"http:\/\/walter.jankuhn.2fix.de\/index.php?rest_route=\/wp\/v2\/users\/1"}],"replies":[{"embeddable":true,"href":"http:\/\/walter.jankuhn.2fix.de\/index.php?rest_route=%2Fwp%2Fv2%2Fcomments&post=885"}],"version-history":[{"count":46,"href":"http:\/\/walter.jankuhn.2fix.de\/index.php?rest_route=\/wp\/v2\/pages\/885\/revisions"}],"predecessor-version":[{"id":3613,"href":"http:\/\/walter.jankuhn.2fix.de\/index.php?rest_route=\/wp\/v2\/pages\/885\/revisions\/3613"}],"up":[{"embeddable":true,"href":"http:\/\/walter.jankuhn.2fix.de\/index.php?rest_route=\/wp\/v2\/pages\/131"}],"wp:attachment":[{"href":"http:\/\/walter.jankuhn.2fix.de\/index.php?rest_route=%2Fwp%2Fv2%2Fmedia&parent=885"}],"curies":[{"name":"wp","href":"https:\/\/api.w.org\/{rel}","templated":true}]}}