{"id":80,"date":"2012-06-10T17:03:24","date_gmt":"2012-06-10T17:03:24","guid":{"rendered":"http:\/\/walter.jankuhn.2fix.de\/?page_id=80"},"modified":"2013-02-20T13:15:01","modified_gmt":"2013-02-20T13:15:01","slug":"die-lustige-witwe1928","status":"publish","type":"page","link":"http:\/\/walter.jankuhn.2fix.de\/?page_id=80","title":{"rendered":"Die lustige Witwe\/28"},"content":{"rendered":"<p><a href=\"http:\/\/walter.jankuhn.2fix.de\/wp-content\/uploads\/2012\/06\/wj-presse_24_auferstehung_01.jpg\"><img loading=\"lazy\" decoding=\"async\" class=\"alignleft size-medium wp-image-85\" title=\"wj-presse_24_auferstehung_01\" src=\"http:\/\/walter.jankuhn.2fix.de\/wp-content\/uploads\/2012\/06\/wj-presse_24_auferstehung_01-261x300.jpg\" alt=\"\" width=\"261\" height=\"300\" srcset=\"http:\/\/walter.jankuhn.2fix.de\/wp-content\/uploads\/2012\/06\/wj-presse_24_auferstehung_01-261x300.jpg 261w, http:\/\/walter.jankuhn.2fix.de\/wp-content\/uploads\/2012\/06\/wj-presse_24_auferstehung_01.jpg 348w\" sizes=\"auto, (max-width: 261px) 100vw, 261px\" \/><\/a><a href=\"http:\/\/walter.jankuhn.2fix.de\/wp-content\/uploads\/2012\/10\/metropol-lehar1.jpg\"><img loading=\"lazy\" decoding=\"async\" class=\"alignleft size-medium wp-image-1668\" title=\"metropol-lehar\" src=\"http:\/\/walter.jankuhn.2fix.de\/wp-content\/uploads\/2012\/10\/metropol-lehar1-201x300.jpg\" alt=\"\" width=\"201\" height=\"300\" srcset=\"http:\/\/walter.jankuhn.2fix.de\/wp-content\/uploads\/2012\/10\/metropol-lehar1-201x300.jpg 201w, http:\/\/walter.jankuhn.2fix.de\/wp-content\/uploads\/2012\/10\/metropol-lehar1.jpg 536w\" sizes=\"auto, (max-width: 201px) 100vw, 201px\" \/><\/a><\/p>\n<p>&nbsp;<\/p>\n<p>&nbsp;<\/p>\n<p>&nbsp;<\/p>\n<p>&nbsp;<\/p>\n<p>&nbsp;<\/p>\n<p>&nbsp;<\/p>\n<p>&nbsp;<\/p>\n<p>&#8220;Die lustige Witwe&#8221; von Franz Lehar ist seit \u00fcber 100 Jahren eine einzige Erfolgsgeschichte (\u00fcber 300.000 Auff\u00fchrungen) und feiert immer neue Auferstehungen (+ Verfilmungen) &#8211; bis heute! Die historisch wichtigsten Auff\u00fchrungen werden im Register <strong>&#8220;100 Years of Merry Widows Productions&#8221;<\/strong> vom Jos.-Weinberger publiziert. Die CHARELL Pro-duktion am Gro\u00dfen Schauspielhaus (Metropol) Berlin 1928 &#8211; ragt dabei heraus &#8211; allein schon wegen der Grand Dame, Operndiva &#8220;Fritzy Massary&#8221;. Der Hype um die Massary (heutzutage nur mit dem Madonna-Hype vergleichbar) \u00a0ging soweit, dass Charell f\u00fcr seinen \u00dcber-Star \u00c4nderungen an den Gesangstexten vornahm (und damit rechtliche Querelen mit den Autoren provozierte) . Auch durfte die Massary bei der Wahl ihres Gesangs-Partners mitbestimmen. Sie war mit dem Charakterkomiker und S\u00e4nger &#8220;Max Pallenberg&#8221; verheiratet und es gab auch gemeinsame Auftritte. Aber: ihr Gesangspartner (als<em> DANILO<\/em>) in der &#8220;Lustigen Witwe&#8221; konnte nur einer sein: der Tenor &#8220;Walter Jankuhn&#8221;!<\/p>\n<p><a href=\"http:\/\/walter.jankuhn.2fix.de\/wp-content\/uploads\/2012\/06\/wj-operette_066.jpg\"><img loading=\"lazy\" decoding=\"async\" class=\"alignright size-medium wp-image-363\" title=\"wj-operette_066\" src=\"http:\/\/walter.jankuhn.2fix.de\/wp-content\/uploads\/2012\/06\/wj-operette_066-225x300.jpg\" alt=\"\" width=\"144\" height=\"192\" srcset=\"http:\/\/walter.jankuhn.2fix.de\/wp-content\/uploads\/2012\/06\/wj-operette_066-225x300.jpg 225w, http:\/\/walter.jankuhn.2fix.de\/wp-content\/uploads\/2012\/06\/wj-operette_066.jpg 301w\" sizes=\"auto, (max-width: 144px) 100vw, 144px\" \/><\/a>Bei CHARELL waren die Massary und Jankuhn als Gesangs- partner eine feste Gr\u00f6\u00dfe. Kennen und sch\u00e4tzen gelernt haben sich die beiden Operettens\u00e4nger aber bereits ganz zu Beginn ihrer Karrieren <strong>1912<\/strong> bei &#8220;Max Monti&#8221; am Neuen Theater am Schiff-bauerdamm\/Berlin, wo man gemeinsam die Hauptrollen in der Urauff\u00fchrung &#8220;<strong>Der liebe Augustin<\/strong>&#8221; von Leo Fall &gt; \u00a0spielte und brillierte.<\/p>\n<p>&nbsp;<\/p>\n<p><a href=\"http:\/\/walter.jankuhn.2fix.de\/wp-content\/uploads\/2012\/10\/lust.-witwe-metropol.jpg\"><img loading=\"lazy\" decoding=\"async\" class=\"alignleft size-medium wp-image-1613\" title=\"lust.-witwe metropol\" src=\"http:\/\/walter.jankuhn.2fix.de\/wp-content\/uploads\/2012\/10\/lust.-witwe-metropol-200x300.jpg\" alt=\"\" width=\"200\" height=\"300\" srcset=\"http:\/\/walter.jankuhn.2fix.de\/wp-content\/uploads\/2012\/10\/lust.-witwe-metropol-200x300.jpg 200w, http:\/\/walter.jankuhn.2fix.de\/wp-content\/uploads\/2012\/10\/lust.-witwe-metropol.jpg 334w\" sizes=\"auto, (max-width: 200px) 100vw, 200px\" \/><\/a>Die Premiere der &#8220;Lustigen Witwe&#8221; <strong>am 25.12.1928 in Berlin<\/strong> war wohl der gr\u00f6\u00dfte B\u00fchnenerfolg den die &#8220;Lustige Witwe&#8221; jemals in Deutschland erlebt hat. (wie Kritik + Presse best\u00e4tigten). In weiteren promineten Rollen spiel- ten Komiker &#8220;Max Hansen&#8221; sowie &#8220;Uschi Elliot, Hans Junkermann + Willy Scheffers&#8221; &#8211; die Gesamtausstattung lag in den H\u00e4nden des genialen &#8220;Prof. Ernst Stern&#8221;, Regie CHARELL. Die wichtigsten Lieder: &#8220;<strong><em>Lippen schweigen<\/em><\/strong>&#8220;, &#8220;<strong><em>heut geh ich zu Maxim<\/em><\/strong>&#8221; und extra f\u00fcr die Massary als Duett \u00a0eingebaut: &#8220;<strong><em>ich bin eine anst\u00e4ndige Frau<\/em><\/strong>&#8221; &#8211; alle mit Walter JANKUHN als Tenorist. Immer wieder sind es die Interpretationen dieser Lieder, die allein die Zeit \u00fcberdauern! Kurt Tucholski meinte: <strong><em>&#8220;LEHAR &#8211; ist dem kleinen Mann sein Puccini &#8220;&#8230;<\/em><\/strong><\/p>\n<div id=\"attachment_377\" style=\"width: 531px\" class=\"wp-caption aligncenter\"><a href=\"http:\/\/walter.jankuhn.2fix.de\/wp-content\/uploads\/2012\/06\/wj-operette_012.jpg\"><img loading=\"lazy\" decoding=\"async\" aria-describedby=\"caption-attachment-377\" class=\"size-full wp-image-377\" title=\"wj-operette_012\" src=\"http:\/\/walter.jankuhn.2fix.de\/wp-content\/uploads\/2012\/06\/wj-operette_012.jpg\" alt=\"Fritzy Massary - Walter Jankuhn (Bildmitte)\" width=\"521\" height=\"400\" srcset=\"http:\/\/walter.jankuhn.2fix.de\/wp-content\/uploads\/2012\/06\/wj-operette_012.jpg 521w, http:\/\/walter.jankuhn.2fix.de\/wp-content\/uploads\/2012\/06\/wj-operette_012-300x230.jpg 300w\" sizes=\"auto, (max-width: 521px) 100vw, 521px\" \/><\/a><p id=\"caption-attachment-377\" class=\"wp-caption-text\">Fritzy Massary + Walter Jankuhn (Bildmitte)<\/p><\/div>\n<p><em><strong>Presse: &#8230; \u00dcberhaupt: Frau Massary, immer haben wir sie bewundert, aber diesmal ist sie \u00fcber sich selbst hinausgewachsen&#8230; Gerade wegen dieser Meisterleistung ist es nat\u00fcrlich au\u00dferordentlich schwer neben oder mit Frau Massary zu spielen &#8230; allerdings kann es auch erleichternd sein, weil sie ausgezeichnete Partner hat. Da ist zuerst Max Hansen, der hier seine komische Liebhaberrolle als Rossillion spielen muss &#8230; Dann Walter Jankuhn, blendend aussehend und stimmlich ausgezeichnet insbesondere in dem unvergleichlichen &#8220;Heut geh ich ins Maxim&#8221; &#8211; geradezu faszinierend&#8230;&#8221;<\/strong><a href=\"http:\/\/walter.jankuhn.2fix.de\/wp-content\/uploads\/2012\/07\/lustige-witwe.jpg\"><img loading=\"lazy\" decoding=\"async\" class=\"aligncenter size-full wp-image-1058\" title=\"lustige-witwe\" src=\"http:\/\/walter.jankuhn.2fix.de\/wp-content\/uploads\/2012\/07\/lustige-witwe.jpg\" alt=\"\" width=\"343\" height=\"500\" srcset=\"http:\/\/walter.jankuhn.2fix.de\/wp-content\/uploads\/2012\/07\/lustige-witwe.jpg 343w, http:\/\/walter.jankuhn.2fix.de\/wp-content\/uploads\/2012\/07\/lustige-witwe-205x300.jpg 205w\" sizes=\"auto, (max-width: 343px) 100vw, 343px\" \/><\/a><\/em><\/p>\n<p><a href=\"http:\/\/walter.jankuhn.2fix.de\/wp-content\/uploads\/2012\/07\/lustige-hesterberg.jpg\"><img loading=\"lazy\" decoding=\"async\" class=\"alignleft size-full wp-image-1057\" title=\"lustige-hesterberg\" src=\"http:\/\/walter.jankuhn.2fix.de\/wp-content\/uploads\/2012\/07\/lustige-hesterberg.jpg\" alt=\"\" width=\"275\" height=\"922\" \/><\/a><a href=\"http:\/\/walter.jankuhn.2fix.de\/wp-content\/uploads\/2012\/11\/Trude_Hesterberg_by_Alexander_Binder.jpg\"><img loading=\"lazy\" decoding=\"async\" class=\"size-full wp-image-2110 alignnone\" title=\"Trude_Hesterberg_by_Alexander_Binder\" src=\"http:\/\/walter.jankuhn.2fix.de\/wp-content\/uploads\/2012\/11\/Trude_Hesterberg_by_Alexander_Binder.jpg\" alt=\"\" width=\"220\" height=\"289\" \/><\/a> Die SZ schrieb:<br \/>\n<strong><em>F\u00fcr die Titelrolle war &#8220;Fritzi Massary&#8221; gewonnen worden, die mit dem ihr eigenen Liebreiz alle Phasen der Handlung erf\u00fcllte und in der scharfen Pointierung des Kuplets noch immer ihresgleichen sucht. Sehr frech und elegant war auch der ebenso trefflich tanzende wie singende Tenorist &#8220;Walter Jankuhn&#8221;, bei dem man immer wieder bedauern muss, dass er sich nicht der Oper zugewandt hat.&#8221; <\/em><\/strong>Der Erfolg der Auf-f\u00fchrung dauerte an &#8211; auch als Fritzi Massary bereits die Produktion verlassen hatte &#8211; einige meinten sie h\u00e4tte ihren Zenit erreicht bzw. der Type der &#8220;Grand Dame&#8221; sei k\u00fcnftig nicht mehr ganz zeitgem\u00e4\u00df. Frauen emanzipierten sich, der Bubikopf wurde modern und &#8220;Frau&#8221; ging immer \u00f6fter selbst arbeiten&#8230; Jedenfalls wurde ihr Part von &#8220;Trude <em>HESTERBERG&#8221; <\/em> bei ansonsten weitgehend gleicher Besetzung weitergespielt. Dabei gelang es der &#8220;Hesterberg&#8221; zusehens, sich vom gro\u00dfen Vorbild &#8220;Massary&#8221; freizuspielen. Auch der gro\u00df bejubelte, drollige &#8220;Max Hansen&#8221; mit seiner TAUBER-Parodie verlie\u00df die Produktion! Offensichtlich wurden die Geschmacksnerven eingefleischter Lehar-Fans bzw. die des evtl. \u00fcbervorteilten Komponisten LEHAR etwas \u00fcberstrapaziert, weil seine &#8220;alte Witwe&#8221; kaum wiederzuerkennen war &#8211; zwischen den ironisch aufgetakelten neuen Pointen und Schlagern.<\/p>\n<p><iframe loading=\"lazy\" title=\"Fritzi Massary - Walter Jankuhn - Ich bin eine anst\u00e4nd\u00b4ge Frau - Die lustige Witwe 1929\" width=\"640\" height=\"480\" src=\"https:\/\/www.youtube.com\/embed\/_sQZGWg_RBg?feature=oembed\" frameborder=\"0\" allow=\"accelerometer; autoplay; clipboard-write; encrypted-media; gyroscope; picture-in-picture; web-share\" referrerpolicy=\"strict-origin-when-cross-origin\" allowfullscreen><\/iframe><\/p>\n<p>Die <strong>n\u00e4chste K\u00fcnstler-Generation<\/strong> wie der damals blutjunge Johannes Heesters<br \/>\ntraten in den beginnenden 40er Jahren in die Fu\u00dfstapfen des <em>DANILO<\/em>-Vork\u00e4mpfers &#8220;Walter Jankuhn&#8221;. Zu Beginn der Kriegsjahre erw\u00e4rmte sich auch &#8220;Hitler&#8221; f\u00fcr Heesters <em>DANILO<\/em>, was ihm damals nicht abtr\u00e4glich sein sollte. &#8220;Walter Jankuhn&#8221; dagegen wich erstaml dem sich zum Kriegsschauplatz entwickelnden BERLIN Ende der 30er Jahre aus. Er machte einen Ausflug nach &#8220;Innsbruck ans Landestheater&#8221; &#8211; wo er nochmal heiratete. (&gt; <em>extra Kapitel<\/em>). Schon 1934\/35 hatte &#8220;Jankuhn&#8221; nach un\u00fcberbr\u00fcckbaren k\u00fcnstlerischen Einmischungen und finanzieller \u00dcbervorteilung durch die NAZIS, seine damalige Direktion am &#8220;Theater am Nollendorf-Platz&#8221; aufgek\u00fcndigt &#8211; obwohl er selbst ein kleines Verm\u00f6gen in das Projekt investiert hatte &#8211; ohne Subventionen zu kassieren. Trotzdem gelangen ihm gro\u00dfe k\u00fcnstlerische Erfolge wie \u00a0z. B. die Urauff\u00fchrung der Operette &#8220;CLIVIA&#8221;, (&gt;<em> extra Kapitel<\/em>).<\/p>\n<p>&nbsp;<\/p>\n","protected":false},"excerpt":{"rendered":"<p>&nbsp; &nbsp; &nbsp; &nbsp; &nbsp; &nbsp; &nbsp; &#8220;Die lustige Witwe&#8221; von Franz Lehar ist seit \u00fcber 100 Jahren eine einzige Erfolgsgeschichte (\u00fcber 300.000 Auff\u00fchrungen) und feiert immer neue Auferstehungen (+ Verfilmungen) &#8211; bis heute! Die historisch wichtigsten Auff\u00fchrungen werden im &hellip; <a href=\"http:\/\/walter.jankuhn.2fix.de\/?page_id=80\">Continue reading <span class=\"meta-nav\">&rarr;<\/span><\/a><\/p>\n","protected":false},"author":1,"featured_media":0,"parent":123,"menu_order":4,"comment_status":"open","ping_status":"open","template":"","meta":{"footnotes":""},"class_list":["post-80","page","type-page","status-publish","hentry"],"_links":{"self":[{"href":"http:\/\/walter.jankuhn.2fix.de\/index.php?rest_route=\/wp\/v2\/pages\/80","targetHints":{"allow":["GET"]}}],"collection":[{"href":"http:\/\/walter.jankuhn.2fix.de\/index.php?rest_route=\/wp\/v2\/pages"}],"about":[{"href":"http:\/\/walter.jankuhn.2fix.de\/index.php?rest_route=\/wp\/v2\/types\/page"}],"author":[{"embeddable":true,"href":"http:\/\/walter.jankuhn.2fix.de\/index.php?rest_route=\/wp\/v2\/users\/1"}],"replies":[{"embeddable":true,"href":"http:\/\/walter.jankuhn.2fix.de\/index.php?rest_route=%2Fwp%2Fv2%2Fcomments&post=80"}],"version-history":[{"count":80,"href":"http:\/\/walter.jankuhn.2fix.de\/index.php?rest_route=\/wp\/v2\/pages\/80\/revisions"}],"predecessor-version":[{"id":3548,"href":"http:\/\/walter.jankuhn.2fix.de\/index.php?rest_route=\/wp\/v2\/pages\/80\/revisions\/3548"}],"up":[{"embeddable":true,"href":"http:\/\/walter.jankuhn.2fix.de\/index.php?rest_route=\/wp\/v2\/pages\/123"}],"wp:attachment":[{"href":"http:\/\/walter.jankuhn.2fix.de\/index.php?rest_route=%2Fwp%2Fv2%2Fmedia&parent=80"}],"curies":[{"name":"wp","href":"https:\/\/api.w.org\/{rel}","templated":true}]}}