{"id":198,"date":"2012-06-12T14:25:17","date_gmt":"2012-06-12T14:25:17","guid":{"rendered":"http:\/\/walter.jankuhn.2fix.de\/?page_id=198"},"modified":"2013-04-10T12:07:22","modified_gmt":"2013-04-10T12:07:22","slug":"familie","status":"publish","type":"page","link":"http:\/\/walter.jankuhn.2fix.de\/?page_id=198","title":{"rendered":"Familie 1939-53"},"content":{"rendered":"<div id=\"attachment_537\" style=\"width: 232px\" class=\"wp-caption alignleft\"><a href=\"http:\/\/walter.jankuhn.2fix.de\/wp-content\/uploads\/2012\/06\/wj-familie_003.jpg\"><img loading=\"lazy\" decoding=\"async\" aria-describedby=\"caption-attachment-537\" class=\"size-full wp-image-537 \" title=\"wj-familie_003\" src=\"http:\/\/walter.jankuhn.2fix.de\/wp-content\/uploads\/2012\/06\/wj-familie_003.jpg\" alt=\"\" width=\"222\" height=\"360\" srcset=\"http:\/\/walter.jankuhn.2fix.de\/wp-content\/uploads\/2012\/06\/wj-familie_003.jpg 247w, http:\/\/walter.jankuhn.2fix.de\/wp-content\/uploads\/2012\/06\/wj-familie_003-185x300.jpg 185w\" sizes=\"auto, (max-width: 222px) 100vw, 222px\" \/><\/a><p id=\"caption-attachment-537\" class=\"wp-caption-text\">Karin (geb. Ahrens) + Walter Jankuhn<\/p><\/div>\n<p>Die Spontanehe von Kammers\u00e4nger Walter JANKUHN mit der Wiener S\u00e4ngerin <strong>Mizzi DELORM<\/strong> zu Beginn seiner Karriere (20er Jahre) \u00a0&#8211; auf der fast 5-j\u00e4hrigen Amerika-Tournee, hielt zur\u00fcck in Deutschland nicht dauerhaft an. Es folgte eine ernsthafte Liaison mit der Schauspielerin <strong>Hilde HILDEBRAND<\/strong> in Berlin Anfang der 30er Jahre &#8211; die aber l\u00e4ngerfristig zu nichts f\u00fchrte und nach \u00a0lebhaften Meinungsverschiedenheiten aufgegeben wurde. Bis &#8220;Walter JANKUHN&#8221; dann Ende der 30er, die damals noch junge Revuet\u00e4nzerin <strong>Tutti AHRENS <\/strong>in seinem Berufsumfeld kennen und lieben lernte. 1939 wurde in \u00d6sterreich die Ehe geschlossen, welche bis zu seinem Tod 1953 in Berlin anhielt.<\/p>\n<p><a href=\"http:\/\/walter.jankuhn.2fix.de\/wp-content\/uploads\/2012\/06\/wj-tutti_006.jpg\"><img loading=\"lazy\" decoding=\"async\" class=\"alignright size-thumbnail wp-image-239\" title=\"wj-tutti_006\" src=\"http:\/\/walter.jankuhn.2fix.de\/wp-content\/uploads\/2012\/06\/wj-tutti_006-150x150.jpg\" alt=\"\" width=\"150\" height=\"150\" \/><\/a>&#8220;Karin Ahrens&#8221;, genannt \u00a0<strong>Tutti<\/strong>, war eine echte Berliner Ballett-Ratte aus der Schule von &#8220;Sabine RESS&#8221; (erstes Fernsehballett). Sie war bei vielen Operetten- und Film-Produktionen, auch gemeinsam mit Kammers\u00e4nger Walter Jankuhn und dem CARISE Ballett im In- und Ausland auf Tournee.<\/p>\n<p><a href=\"http:\/\/walter.jankuhn.2fix.de\/wp-content\/uploads\/2012\/06\/wj-operette_0210.jpg\"><img loading=\"lazy\" decoding=\"async\" class=\"alignleft size-medium wp-image-347\" title=\"wj-operette_0210\" src=\"http:\/\/walter.jankuhn.2fix.de\/wp-content\/uploads\/2012\/06\/wj-operette_0210-300x210.jpg\" alt=\"\" width=\"300\" height=\"210\" srcset=\"http:\/\/walter.jankuhn.2fix.de\/wp-content\/uploads\/2012\/06\/wj-operette_0210-300x210.jpg 300w, http:\/\/walter.jankuhn.2fix.de\/wp-content\/uploads\/2012\/06\/wj-operette_0210.jpg 570w\" sizes=\"auto, (max-width: 300px) 100vw, 300px\" \/><\/a><a href=\"http:\/\/walter.jankuhn.2fix.de\/wp-content\/uploads\/2012\/06\/wj-familie_009.jpg\"><img loading=\"lazy\" decoding=\"async\" class=\"alignleft size-medium wp-image-503\" title=\"wj-familie_009\" src=\"http:\/\/walter.jankuhn.2fix.de\/wp-content\/uploads\/2012\/06\/wj-familie_009-255x300.jpg\" alt=\"\" width=\"179\" height=\"210\" srcset=\"http:\/\/walter.jankuhn.2fix.de\/wp-content\/uploads\/2012\/06\/wj-familie_009-255x300.jpg 255w, http:\/\/walter.jankuhn.2fix.de\/wp-content\/uploads\/2012\/06\/wj-familie_009.jpg 340w\" sizes=\"auto, (max-width: 179px) 100vw, 179px\" \/><\/a><\/p>\n<p>&nbsp;<\/p>\n<p>&nbsp;<\/p>\n<p>&nbsp;<\/p>\n<p>&nbsp;<\/p>\n<p>&nbsp;<\/p>\n<p>Trotz des\u00a0Altersunterschieds von 24 Jahren und den nahenden Kriegsumst\u00e4nden\u00a0des 2. Weltkrieges, entschloss sich das P\u00e4rchen nach einigen Jahren gemeinsamer Pr\u00fcfung <strong>1939 <\/strong>den Bund der Ehe einzugehen. Man verband dieses Vorhaben quasi mit einer Flucht aus Berlin nach <strong>Innsbruck<\/strong>, wo nicht nur die romantische Hochzeit stattfand, sondern auch ein langfristiges Engagement von &#8220;Walter Jankuhn&#8221; an das <strong>Tiroler Landestheater<\/strong> begann &#8211; sowohl als 1. Tenor als auch damit betraut, klassische Inszenierungen wie &#8220;Rigoletto&#8221; und &#8220;Paganini&#8221; zu gestalten (in intensiver Zusammenarbeit mit dem bekannten \u00d6sterreichischen Dirigent + Komponisten sowie sp\u00e4teren Freund der Familie: &#8220;M. Pflugmacher&#8221;.<\/p>\n<div id=\"attachment_241\" style=\"width: 384px\" class=\"wp-caption aligncenter\"><a href=\"http:\/\/walter.jankuhn.2fix.de\/wp-content\/uploads\/2012\/06\/wj-tutti_kol_002.jpg\"><img loading=\"lazy\" decoding=\"async\" aria-describedby=\"caption-attachment-241\" class=\"size-full wp-image-241    \" title=\"wj-tutti_kol_002\" src=\"http:\/\/walter.jankuhn.2fix.de\/wp-content\/uploads\/2012\/06\/wj-tutti_kol_002.jpg\" alt=\"\" width=\"374\" height=\"288\" srcset=\"http:\/\/walter.jankuhn.2fix.de\/wp-content\/uploads\/2012\/06\/wj-tutti_kol_002.jpg 519w, http:\/\/walter.jankuhn.2fix.de\/wp-content\/uploads\/2012\/06\/wj-tutti_kol_002-300x231.jpg 300w\" sizes=\"auto, (max-width: 374px) 100vw, 374px\" \/><\/a><p id=\"caption-attachment-241\" class=\"wp-caption-text\">Film \/ Tutti (ganz links) + (? ?)<\/p><\/div>\n<div id=\"attachment_1917\" style=\"width: 220px\" class=\"wp-caption alignright\"><a href=\"http:\/\/walter.jankuhn.2fix.de\/wp-content\/uploads\/2012\/11\/Film-tutti-waiser-kowa.jpg\"><img loading=\"lazy\" decoding=\"async\" aria-describedby=\"caption-attachment-1917\" class=\"size-medium wp-image-1917  \" title=\"Film-tutti-waiser-kowa\" src=\"http:\/\/walter.jankuhn.2fix.de\/wp-content\/uploads\/2012\/11\/Film-tutti-waiser-kowa-300x254.jpg\" alt=\"\" width=\"210\" height=\"178\" srcset=\"http:\/\/walter.jankuhn.2fix.de\/wp-content\/uploads\/2012\/11\/Film-tutti-waiser-kowa-300x254.jpg 300w, http:\/\/walter.jankuhn.2fix.de\/wp-content\/uploads\/2012\/11\/Film-tutti-waiser-kowa.jpg 320w\" sizes=\"auto, (max-width: 210px) 100vw, 210px\" \/><\/a><p id=\"caption-attachment-1917\" class=\"wp-caption-text\">FILM : Grethe Weiser \/ Tutti (re.)<\/p><\/div>\n<p>Die \u00f6sterreichische Idylle etwas abseits von Kriegs- drohungen der NAZIS &#8211; wurde immer wieder unterbrochen durch &#8220;<strong>Tanz-Tourneen<\/strong>&#8221; von Frau Jankuhn (Tutti) in Berlin, oder beim Film mit prominenten Protagonisten wie &#8220;Marika R\u00f6kk, Grethe Weiser und Lilian Harvey&#8221; etc., oder die Tanz-Tournee auf der wochenlangen Jungfernfahrt des Passagierschiffs &#8220;<strong>Wilhelm GUSTLOFF<\/strong>&#8221; &#8211; welches durch seinen &#8220;Untergang&#8221; einige Jahre sp\u00e4ter spektakul\u00e4re Ber\u00fchmtheit erlangen sollte (&gt;<em>extra Kapitel<\/em>).<\/p>\n<p>Als das Regime und der\u00a0<strong>2. Weltkrieg <\/strong>viele deutsche<strong> Privattheater<\/strong> zum Konkurs zwang bzw. die Theater ab 1944 geschlossen\u00a0wurden und es so gut wie keine Auftrittsm\u00f6glich-keiten mehr gab, blieb den K\u00fcnstlern kaum eine andere Wahl: sie mussten gute Mine zum b\u00f6sen Spiel machen und auch unbequeme KDF-Angebote nutzen. Schlie\u00dflich waren die Soldaten an der Front weitaus schlimmer dran &#8211; und hatten buchst\u00e4blich nichts zu lachen! \u00a0Deshalb wohl sind Soldaten nat\u00fcrlich das dankbarste Publikum \u00fcberhaupt. Das allein war Grund genug mit dem Theater an die deutsche Front auf Tournee zu gehen (Norwegen-Russland etc. per Bus + Schiff) . Wohl eine der wenigen M\u00f6glichkeiten \u00fcberhaupt noch Theater zu spielen. Nat\u00fcrlich unter Regie der herrschenden &#8220;Kraft durch Freude&#8221;-Administration des &#8220;Deutschen Reiches&#8221; (vergl. Kapitel <strong>KDF)<\/strong> &#8211; mit denen im &#8220;Reich&#8221; verbliebenen deutschen K\u00fcnstlern.<\/p>\n<div id=\"attachment_540\" style=\"width: 279px\" class=\"wp-caption alignleft\"><a href=\"http:\/\/walter.jankuhn.2fix.de\/wp-content\/uploads\/2012\/06\/wj-berlin_009.jpg\"><img loading=\"lazy\" decoding=\"async\" aria-describedby=\"caption-attachment-540\" class=\"size-full wp-image-540  \" title=\"wj-berlin_009\" src=\"http:\/\/walter.jankuhn.2fix.de\/wp-content\/uploads\/2012\/06\/wj-berlin_009.jpg\" alt=\"\" width=\"269\" height=\"256\" srcset=\"http:\/\/walter.jankuhn.2fix.de\/wp-content\/uploads\/2012\/06\/wj-berlin_009.jpg 420w, http:\/\/walter.jankuhn.2fix.de\/wp-content\/uploads\/2012\/06\/wj-berlin_009-300x285.jpg 300w\" sizes=\"auto, (max-width: 269px) 100vw, 269px\" \/><\/a><p id=\"caption-attachment-540\" class=\"wp-caption-text\">Walter Jankuhn + Junior \/ Berlin-Sch\u00f6neberg 1948<\/p><\/div>\n<p>W\u00e4hrend der Kriegswirren, als nichts mehr ging, entfloh die Familie JANKUHN schlie\u00dflich auf&#8217;s Land nach <strong>Krausnick<\/strong> nahe Berlin. Der einzige Lichtblick war anschlie\u00dfend in Berlin zu allem \u00dcberfluss kurz vor Kriegsende <strong>1944<\/strong> die Geburt des Juniors &#8220;Walter(chen)&#8221;, \u00a0Rufname: &#8220;Schnappel&#8221;! Ein v\u00f6llig neues, wohl unerwartetes &#8211; aber mit gro\u00dfer Freunde empfangenes Programm, das erstmal den Krieg und dessen schlimme Folgen und Verluste zur Nebensache machte.<\/p>\n<p><a href=\"http:\/\/walter.jankuhn.2fix.de\/wp-content\/uploads\/2012\/06\/wj-berlin_005.jpg\"><img loading=\"lazy\" decoding=\"async\" class=\"size-medium wp-image-573 alignright\" title=\"wj-berlin_005\" src=\"http:\/\/walter.jankuhn.2fix.de\/wp-content\/uploads\/2012\/06\/wj-berlin_005-294x300.jpg\" alt=\"\" width=\"235\" height=\"240\" srcset=\"http:\/\/walter.jankuhn.2fix.de\/wp-content\/uploads\/2012\/06\/wj-berlin_005-294x300.jpg 294w, http:\/\/walter.jankuhn.2fix.de\/wp-content\/uploads\/2012\/06\/wj-berlin_005.jpg 393w\" sizes=\"auto, (max-width: 235px) 100vw, 235px\" \/><\/a><a href=\"http:\/\/walter.jankuhn.2fix.de\/wp-content\/uploads\/2012\/06\/wj-berlin_007.jpg\"><img loading=\"lazy\" decoding=\"async\" class=\"alignleft size-medium wp-image-538\" title=\"wj-berlin_007\" src=\"http:\/\/walter.jankuhn.2fix.de\/wp-content\/uploads\/2012\/06\/wj-berlin_007-300x291.jpg\" alt=\"\" width=\"210\" height=\"204\" srcset=\"http:\/\/walter.jankuhn.2fix.de\/wp-content\/uploads\/2012\/06\/wj-berlin_007-300x291.jpg 300w, http:\/\/walter.jankuhn.2fix.de\/wp-content\/uploads\/2012\/06\/wj-berlin_007.jpg 412w\" sizes=\"auto, (max-width: 210px) 100vw, 210px\" \/><\/a><\/p>\n<p>&nbsp;<\/p>\n<p>&nbsp;<\/p>\n<p>&nbsp;<\/p>\n<p>&nbsp;<\/p>\n<p>&nbsp;<\/p>\n<p>&nbsp;<\/p>\n<p>Die Nachkriegszeit in Berlin-Sch\u00f6neberg war nicht leicht f\u00fcr die Familie aber ein tolles Abenteuer f\u00fcr den Junior. Wenn nicht <strong>1948\/49<\/strong>\u00a0 der Junior wegen infizierter Frischmilch vom Bauern fast an &#8220;Halsdr\u00fcsen-TBC (Lymphen)&#8221; verstoben w\u00e4re! Zum Gl\u00fcck war gerade Penicillin erfunden worden. Nach Einwilligung der Eltern wurde er &#8220;auf eigene Gefahr&#8221; 2 x operiert + nach 1\/2 Jahr Strahlentherapie sowie fast einem Jahr Reha-Aufentahlt auf der Insel &#8220;Wyk of F\u00f6hr&#8221; letztlich erfolgreich entlassen. Der Junior ist jedenfalls vollst\u00e4ndig genesen, hatte allerdings in seiner Jugend erh\u00f6hte Risiken ( wie Impf-Verbot, Verbot direkter Sonneneinstrahlung und die Einschulung verschob sich um 1 Jahr etc). Aber im Nachkriegs-Deutschland konnte man wenigstens wieder in Urlaub fahren, allerdings nicht gleich nach Italien oder Mallorca &#8211; sondern erstmal durch die Zone (DDR) nach WEST-Deutschland (ab 1961 mit BERLINER-Mauer), \u00a0z. B. zu den Gro\u00dfeltern nach &#8220;Schlagstein&#8221; (Rhld.). Das sah damals, Ende der 40-iger Jahre noch schlimm aus (&gt;Foto) &#8211; war aber der ideale Kinderspielplatz f\u00fcr ein Berliner Stadtkind:<a href=\"http:\/\/walter.jankuhn.2fix.de\/wp-content\/uploads\/2012\/06\/wj-berlin_010.jpg\"><img loading=\"lazy\" decoding=\"async\" class=\"aligncenter size-medium wp-image-541\" title=\"wj-berlin_010\" src=\"http:\/\/walter.jankuhn.2fix.de\/wp-content\/uploads\/2012\/06\/wj-berlin_010-300x296.jpg\" alt=\"\" width=\"300\" height=\"296\" srcset=\"http:\/\/walter.jankuhn.2fix.de\/wp-content\/uploads\/2012\/06\/wj-berlin_010-300x296.jpg 300w, http:\/\/walter.jankuhn.2fix.de\/wp-content\/uploads\/2012\/06\/wj-berlin_010.jpg 405w\" sizes=\"auto, (max-width: 300px) 100vw, 300px\" \/><\/a><\/p>\n<p>In dieser eigentlich trostlosen &#8211; aber zukunftstr\u00e4chtigen Nachkriegszeit komponierte &#8220;Walter Jankuhn&#8221; &#8211; das<strong> JANKUHN Lied<\/strong> + schrieb f\u00fcr seinen Junior am <strong>28.08.1949 <\/strong>folgendes Gedicht:<a href=\"http:\/\/walter.jankuhn.2fix.de\/wp-content\/uploads\/2012\/07\/portrait_01.jpg\"><img loading=\"lazy\" decoding=\"async\" class=\"alignright size-medium wp-image-1073\" title=\"portrait_01\" src=\"http:\/\/walter.jankuhn.2fix.de\/wp-content\/uploads\/2012\/07\/portrait_01-223x300.jpg\" alt=\"\" width=\"160\" height=\"216\" srcset=\"http:\/\/walter.jankuhn.2fix.de\/wp-content\/uploads\/2012\/07\/portrait_01-223x300.jpg 223w, http:\/\/walter.jankuhn.2fix.de\/wp-content\/uploads\/2012\/07\/portrait_01.jpg 298w\" sizes=\"auto, (max-width: 160px) 100vw, 160px\" \/><\/a><\/p>\n<p><em>&#8220;Ich hei\u00dfe Jankuhn Walter, \u00a0genauso wie mein Alter. Im Krieg bin ich geboren und Bomben sausten mir um meine kleinen Ohren. Mir war das damals aber ganz egal, ich kenne ja noch keine Menschenqual! Ich find das Dasein ja so herrlich und sch\u00f6n! Ja &#8211; Ja &#8211; Das k\u00f6nnen sie nicht verstehen? Haben Sie denn nicht ne Mutti und nen Pappi &#8211; so wie ich? <\/em>Nee<em>? &#8220;<\/em>Na det versteh ick nich<em>&#8220;. Ich bin ja schonmal wirklich ungezogen, dann krieg ich Haue auf den Hosenboden. Ich schreie aber vorher m\u00e4chtig schon O&#8217;weh und Oh, dann sind die Schl\u00e4ge nicht so m\u00e4chtig auf den Po! Ich br\u00fclle laut, bin ja noch klein &#8211; &#8220;ich will ja immer immer lieb und artig sein!&#8221; Ich kann schon tanzen, boxen, Fu\u00dfball spielen und singen, im Wasser schwimmen und auch springen, nur englisch spooken muss ich jetzt noch lernen, die Sprache braucht man immer, f\u00fcr Fremde und in der Ferne &#8211; denn wenn ich erstmal gro\u00df bin und bleib stumm &#8211; das w\u00e4re zu dumm!! \u00a0 \u00a0 \u00a0 \u00a0 \u00a0 \u00a0 \u00a0 \u00a0 \u00a0 \u00a0 \u00a0 \u00a0 \u00a0 \u00a0 \u00a0 \u00a0 \u00a0 (F\u00fcr meinen Quatschkopp &#8211; Dein Pappi)&#8221;<\/em><\/p>\n<p style=\"text-align: center;\"><a href=\"http:\/\/walter.jankuhn.2fix.de\/wp-content\/uploads\/2012\/06\/wj-Jankuhnlied.jpg\"><img loading=\"lazy\" decoding=\"async\" class=\"size-full wp-image-446 aligncenter\" title=\"wj-Jankuhnlied\" src=\"http:\/\/walter.jankuhn.2fix.de\/wp-content\/uploads\/2012\/06\/wj-Jankuhnlied.jpg\" alt=\"\" width=\"503\" height=\"320\" srcset=\"http:\/\/walter.jankuhn.2fix.de\/wp-content\/uploads\/2012\/06\/wj-Jankuhnlied.jpg 629w, http:\/\/walter.jankuhn.2fix.de\/wp-content\/uploads\/2012\/06\/wj-Jankuhnlied-300x190.jpg 300w\" sizes=\"auto, (max-width: 503px) 100vw, 503px\" \/><\/a><\/p>\n<p><a href=\"http:\/\/walter.jankuhn.2fix.de\/wp-content\/uploads\/2012\/06\/wj-Junior_01.jpg\"><img loading=\"lazy\" decoding=\"async\" class=\"alignleft size-full wp-image-422\" title=\"wj-Junior_01\" src=\"http:\/\/walter.jankuhn.2fix.de\/wp-content\/uploads\/2012\/06\/wj-Junior_01.jpg\" alt=\"\" width=\"192\" height=\"288\" srcset=\"http:\/\/walter.jankuhn.2fix.de\/wp-content\/uploads\/2012\/06\/wj-Junior_01.jpg 266w, http:\/\/walter.jankuhn.2fix.de\/wp-content\/uploads\/2012\/06\/wj-Junior_01-199x300.jpg 199w\" sizes=\"auto, (max-width: 192px) 100vw, 192px\" \/><\/a><\/p>\n<p>Leider <strong>verstarb<\/strong> Kammers\u00e4nger &#8220;Walter Jankuhn&#8221; nach einer schweren Herzkrankheit bereits <strong>1953<\/strong> &#8211; wenige Jahre sp\u00e4ter siedelte die Restfamilie, also &#8220;Karin Jankuhn&#8221; mit ihrem Junior zur Verwandschaft nach NRW um. Wieder einige Jahre sp\u00e4ter heiratete die verwitwete Frau &#8220;Jankuhn&#8221; einen Witwer mit drei fast erwachsenen Kindern, um einen gemeinsamen Haushalt zu versorgen (heute nennt man sowas Patchwork-Familie). 16 Jahre sp\u00e4ter war Patchwork-Mutter &#8220;Karin&#8221; (Jankuhn) wieder verwitwet und stand jetzt mit dem herangewachsenen Jankuhn\u00a0junior nochmal alleine da. 2004 verstarb sie im Alter von 92 Jahren nach kurzer Krankheit. Jankuhn junior dagegen wurde schnell fl\u00fcgge, studierte BWL, volontierte in der Schweiz und arbeitete sp\u00e4ter in der Marketing- und Medienbranche. Davon einige Jahre im Musikgesch\u00e4ft beim Marktf\u00fchrer <strong>CBS \u00a9<em> Schallplatten <\/em><\/strong>in\u00a0<span style=\"line-height: 24px;\">Frankfurt\/M<\/span><em>. <\/em>als Marketing-Manager f\u00fcr Special Product Events. Dort strickte er Kampagnen + compilierte LP&#8217;s mit namenhaften Interpreten f\u00fcr die Markenwerbung intern. Top-Marken wie: <em>Pepsi \u00a9, Commerzbank \u00a9, 4711 \u00a9, Wella \u00a9, Martini<\/em> \u00a9 etc. Eine sehr effektive, wenn auch diffizile Form des &#8220;Image-Transfers&#8221; mit ber\u00fchmten Musik-Ikonen der Pop Geschichte wie z. B.: <em>Depeche Mode, Santana, The Jacksons<\/em> bis hin zu den Stars der Deutschen Welle: <em>Nena, Nina Hagen<\/em> und last not least auch Klassik z. B. mit <em>Peter Hofmann<\/em> und <em>Deborah Sasson<\/em> f\u00fcr die BERLINER Bank \u00a9\u00a0(+ das Kinderhilfswerk). Lag dem Junior die Musik also doch im Blut oder vielleicht in den Genen? (Foto Junior ca. <strong>1950) &gt; CBS \u00a9Werbung 70\/80iger:<\/strong><\/p>\n<p style=\"text-align: center;\"><strong><a href=\"http:\/\/walter.jankuhn.2fix.de\/wp-content\/uploads\/2012\/11\/B-cbs-hotdisc.jpg\"><img loading=\"lazy\" decoding=\"async\" class=\"size-medium wp-image-2167 alignnone\" title=\"B-cbs-hotdisc\" src=\"http:\/\/walter.jankuhn.2fix.de\/wp-content\/uploads\/2012\/11\/B-cbs-hotdisc-221x300.jpg\" alt=\"\" width=\"221\" height=\"300\" srcset=\"http:\/\/walter.jankuhn.2fix.de\/wp-content\/uploads\/2012\/11\/B-cbs-hotdisc-221x300.jpg 221w, http:\/\/walter.jankuhn.2fix.de\/wp-content\/uploads\/2012\/11\/B-cbs-hotdisc.jpg 490w\" sizes=\"auto, (max-width: 221px) 100vw, 221px\" \/><\/a><a href=\"http:\/\/walter.jankuhn.2fix.de\/wp-content\/uploads\/2012\/11\/klein-jingle.jpg\"><img loading=\"lazy\" decoding=\"async\" class=\"alignnone size-medium wp-image-2166\" title=\"klein-jingle\" src=\"http:\/\/walter.jankuhn.2fix.de\/wp-content\/uploads\/2012\/11\/klein-jingle-201x300.jpg\" alt=\"\" width=\"201\" height=\"300\" srcset=\"http:\/\/walter.jankuhn.2fix.de\/wp-content\/uploads\/2012\/11\/klein-jingle-201x300.jpg 201w, http:\/\/walter.jankuhn.2fix.de\/wp-content\/uploads\/2012\/11\/klein-jingle.jpg 490w\" sizes=\"auto, (max-width: 201px) 100vw, 201px\" \/><\/a><a href=\"http:\/\/walter.jankuhn.2fix.de\/wp-content\/uploads\/2012\/11\/kleiner-wette-jankuhn.jpg\"><img loading=\"lazy\" decoding=\"async\" class=\"size-medium wp-image-2165 alignnone\" title=\"kleiner-wette-jankuhn\" src=\"http:\/\/walter.jankuhn.2fix.de\/wp-content\/uploads\/2012\/11\/kleiner-wette-jankuhn-300x300.jpg\" alt=\"\" width=\"197\" height=\"197\" srcset=\"http:\/\/walter.jankuhn.2fix.de\/wp-content\/uploads\/2012\/11\/kleiner-wette-jankuhn-300x300.jpg 300w, http:\/\/walter.jankuhn.2fix.de\/wp-content\/uploads\/2012\/11\/kleiner-wette-jankuhn-150x150.jpg 150w, http:\/\/walter.jankuhn.2fix.de\/wp-content\/uploads\/2012\/11\/kleiner-wette-jankuhn.jpg 490w\" sizes=\"auto, (max-width: 197px) 100vw, 197px\" \/><\/a><a href=\"http:\/\/walter.jankuhn.2fix.de\/wp-content\/uploads\/2012\/11\/kleiner-wettejankuhn-2.jpg\"><img loading=\"lazy\" decoding=\"async\" class=\"size-full wp-image-2179 aligncenter\" title=\"kleiner-wettejankuhn-2\" src=\"http:\/\/walter.jankuhn.2fix.de\/wp-content\/uploads\/2012\/11\/kleiner-wettejankuhn-2.jpg\" alt=\"\" width=\"490\" height=\"199\" srcset=\"http:\/\/walter.jankuhn.2fix.de\/wp-content\/uploads\/2012\/11\/kleiner-wettejankuhn-2.jpg 490w, http:\/\/walter.jankuhn.2fix.de\/wp-content\/uploads\/2012\/11\/kleiner-wettejankuhn-2-300x121.jpg 300w\" sizes=\"auto, (max-width: 490px) 100vw, 490px\" \/><\/a><\/strong><\/p>\n<p>Als<strong> 1954 <\/strong>die Restfamilie von Walter Jankuhn (sen.) von BERLIN Abschied nahm und in den sog. Westen ging, kostete das \u00dcberwindung! Die Berliner Schnauze von &#8220;Marlene Dietrich&#8221; hat es in ihrem Song <em>&#8220;Das ist Berlin&#8221;<\/em> auf den Punkt gebracht, wie sich sowas anf\u00fchlt:<\/p>\n<p><iframe loading=\"lazy\" title=\"Marlene Dietrich - Das ist Berlin\" width=\"640\" height=\"480\" src=\"https:\/\/www.youtube.com\/embed\/Zq6vz8GHx-4?feature=oembed\" frameborder=\"0\" allow=\"accelerometer; autoplay; clipboard-write; encrypted-media; gyroscope; picture-in-picture; web-share\" referrerpolicy=\"strict-origin-when-cross-origin\" allowfullscreen><\/iframe><\/p>\n","protected":false},"excerpt":{"rendered":"<p>Die Spontanehe von Kammers\u00e4nger Walter JANKUHN mit der Wiener S\u00e4ngerin Mizzi DELORM zu Beginn seiner Karriere (20er Jahre) \u00a0&#8211; auf der fast 5-j\u00e4hrigen Amerika-Tournee, hielt zur\u00fcck in Deutschland nicht dauerhaft an. Es folgte eine ernsthafte Liaison mit der Schauspielerin Hilde &hellip; <a href=\"http:\/\/walter.jankuhn.2fix.de\/?page_id=198\">Continue reading <span class=\"meta-nav\">&rarr;<\/span><\/a><\/p>\n","protected":false},"author":1,"featured_media":0,"parent":129,"menu_order":3,"comment_status":"open","ping_status":"open","template":"","meta":{"footnotes":""},"class_list":["post-198","page","type-page","status-publish","hentry"],"_links":{"self":[{"href":"http:\/\/walter.jankuhn.2fix.de\/index.php?rest_route=\/wp\/v2\/pages\/198","targetHints":{"allow":["GET"]}}],"collection":[{"href":"http:\/\/walter.jankuhn.2fix.de\/index.php?rest_route=\/wp\/v2\/pages"}],"about":[{"href":"http:\/\/walter.jankuhn.2fix.de\/index.php?rest_route=\/wp\/v2\/types\/page"}],"author":[{"embeddable":true,"href":"http:\/\/walter.jankuhn.2fix.de\/index.php?rest_route=\/wp\/v2\/users\/1"}],"replies":[{"embeddable":true,"href":"http:\/\/walter.jankuhn.2fix.de\/index.php?rest_route=%2Fwp%2Fv2%2Fcomments&post=198"}],"version-history":[{"count":85,"href":"http:\/\/walter.jankuhn.2fix.de\/index.php?rest_route=\/wp\/v2\/pages\/198\/revisions"}],"predecessor-version":[{"id":3648,"href":"http:\/\/walter.jankuhn.2fix.de\/index.php?rest_route=\/wp\/v2\/pages\/198\/revisions\/3648"}],"up":[{"embeddable":true,"href":"http:\/\/walter.jankuhn.2fix.de\/index.php?rest_route=\/wp\/v2\/pages\/129"}],"wp:attachment":[{"href":"http:\/\/walter.jankuhn.2fix.de\/index.php?rest_route=%2Fwp%2Fv2%2Fmedia&parent=198"}],"curies":[{"name":"wp","href":"https:\/\/api.w.org\/{rel}","templated":true}]}}