{"id":196,"date":"2012-06-12T14:23:37","date_gmt":"2012-06-12T14:23:37","guid":{"rendered":"http:\/\/walter.jankuhn.2fix.de\/?page_id=196"},"modified":"2013-04-09T10:54:46","modified_gmt":"2013-04-09T10:54:46","slug":"partnerschaft","status":"publish","type":"page","link":"http:\/\/walter.jankuhn.2fix.de\/?page_id=196","title":{"rendered":"Lebenspartner"},"content":{"rendered":"<p><a href=\"http:\/\/walter.jankuhn.2fix.de\/wp-content\/uploads\/2012\/06\/wj-1921_Brasilien_seite_4.jpg\"><img loading=\"lazy\" decoding=\"async\" class=\"alignleft size-full wp-image-599\" title=\"wj-1921_Brasilien_seite_4\" src=\"http:\/\/walter.jankuhn.2fix.de\/wp-content\/uploads\/2012\/06\/wj-1921_Brasilien_seite_4.jpg\" alt=\"\" width=\"193\" height=\"282\" srcset=\"http:\/\/walter.jankuhn.2fix.de\/wp-content\/uploads\/2012\/06\/wj-1921_Brasilien_seite_4.jpg 276w, http:\/\/walter.jankuhn.2fix.de\/wp-content\/uploads\/2012\/06\/wj-1921_Brasilien_seite_4-205x300.jpg 205w\" sizes=\"auto, (max-width: 193px) 100vw, 193px\" \/><\/a><em> <\/em><\/p>\n<p>&nbsp;<\/p>\n<p>&nbsp;<\/p>\n<p>&nbsp;<\/p>\n<p><strong>Mizzi DELORM <\/strong>war bereits vor 1920 eine beliebte Soubrette am &#8220;Joh.-Strauss-Theater&#8221; Wien + am Raimundtheater Wien sang sie 1917 neben der ber\u00fchmten Mizzi G\u00dcNTHER zusammen in &#8220;der Fledermaus&#8221; die Rolle der <em>Lori<\/em>. \u00a01918 drehte sie ihren ersten und einzigen Stumm-Film (Mit dem Schicksal vers\u00f6hnt) in der Rolle der Tochter neben Victor FLEMMING (als Student). Dann, Anfang der 20er wurde sie wie auch Walter JANKUHN Mitglied im Ensemble der &#8220;Vienna Operetta Comp.&#8221; (+ The Minnesingers), welche als erste nach dem 1. Weltkrieg wieder mit Deutschem Liedgut in \u00dcbersee, d.h. Nord-\/S\u00fcdamerika gastierte. Auf der Schiffspassage von London nach New York lernten sich die beiden K\u00fcnstler erstmals kennen. &#8220;Walter JANKUHN&#8221; kam damals vom Staatstheater Hannover. Er war einer der Wegbereiter der &#8220;Vienna Operetta Comp.&#8221; und leitete auch nach Umbenennung in:&#8221;The Minnesingers&#8221; das Ensemble. Bald war&#8217;s \u00a0f\u00fcr die Mitglieder der Theatergruppe keine \u00dcberraschung mehr, dass die beiden sich n\u00e4her kamen und sich spontan entschlossen, zu heiraten. Die &#8220;Deutsche La Plata Zeitung&#8221; der Deutschen Einwanderer&#8221; in <strong>Montevideo <\/strong>\/Uruguay kommentierte das Ereignis dann am <strong>12. 07. 1921 <\/strong>wie folgt:<\/p>\n<p><em> <\/em> <a href=\"http:\/\/walter.jankuhn.2fix.de\/wp-content\/uploads\/2012\/06\/wj-presse_09_laplata1.jpg\"><img loading=\"lazy\" decoding=\"async\" class=\"alignleft size-full wp-image-302\" title=\"wj-presse_09_laplata1\" src=\"http:\/\/walter.jankuhn.2fix.de\/wp-content\/uploads\/2012\/06\/wj-presse_09_laplata1.jpg\" alt=\"\" width=\"700\" height=\"116\" srcset=\"http:\/\/walter.jankuhn.2fix.de\/wp-content\/uploads\/2012\/06\/wj-presse_09_laplata1.jpg 700w, http:\/\/walter.jankuhn.2fix.de\/wp-content\/uploads\/2012\/06\/wj-presse_09_laplata1-300x49.jpg 300w\" sizes=\"auto, (max-width: 700px) 100vw, 700px\" \/><\/a><\/p>\n<p><span style=\"color: #000000;\"><strong>im Gesellschafts-Teil: <\/strong><\/span><\/p>\n<ul>\n<li><em>Eine interessante Nachricht wird aus Montevideo gemeldet: zwei gefeierte Mitglieder der Deutschen Theatergesellschaft, &#8220;Mizzi Delorm&#8221; und &#8220;Walter Jankuhn&#8221;, haben am Samstag den Bund f\u00fcrs Leben geschlossen. &#8230;&#8230;..Damit hat ein Liebesroman seinen harmonischen Abschluss gefunden. &#8220;Mizzi Delorm&#8221; und &#8220;Walter Jankuhn&#8221; lernten sich eigentlich erst auf dem Schiff richtig kennen, das sie beide als Mitglieder des \u00a0ersten Nachkriegs-Ensembles (nach dem 1. Weltkrieg) nach S\u00fcdamerika brachte. Sie lernten sich kennen und alsbald auch lieben: auf dem Schiff ist ja so eine sch\u00f6ne Gelegenheit, zarte Liebesf\u00e4den einzuf\u00e4deln, und zum Schluss: &#8220;K\u00fcnstler sind auch nur Menschen&#8221;. \u00a0Als die Gesellschaft in &#8211;<\/em>Buenos Aires-<em> gastierte, da lie\u00df sich schon erahnen, dass die beiden mehr als Kollegenfreundschaft verband, denn Sie waren auch au\u00dferhalb der B\u00fchne unzertrennlich. Unwillk\u00fcrlich erinnern wir uns an das DREIM\u00c4DERLHAUS: &#8220;Mizzi Delorm&#8221; als &#8220;<\/em>Hannerl<em>&#8220;, ihre entz\u00fcckendste Rolle. &#8220;Walter Jankuhn&#8221; als &#8220;<\/em>Baron Schober&#8221;<em>. Wie unerforschlich ist doch das Schicksal, welches die beiden nicht nur auf der B\u00fchne, sondern auch im Leben zusammenbrachte! Heute verstehen wir auch wie wahrheitssinnig und treuherzig &#8220;<\/em>Schober<em>&#8220;&gt; &#8220;Jankuhn&#8221; in seinem Liebeslied dem &#8220;<\/em>HANNERL<em>&#8221; versicherte:<a href=\"http:\/\/walter.jankuhn.2fix.de\/wp-content\/uploads\/2012\/06\/wj-operette_034_jank_widmung.jpg\"><img loading=\"lazy\" decoding=\"async\" class=\"size-thumbnail wp-image-393 alignright\" title=\"wj-operette_034_jank_widmung\" src=\"http:\/\/walter.jankuhn.2fix.de\/wp-content\/uploads\/2012\/06\/wj-operette_034_jank_widmung-150x150.jpg\" alt=\"\" width=\"150\" height=\"150\" \/><\/a><\/em><\/li>\n<\/ul>\n<p><em>&#8220;Dein ist mein Herz, Dein ist mein Herz, und soll es ewig, ewig bleiben&#8221;<\/em> &#8230;&#8230;&#8230;<\/p>\n<p>&nbsp;<\/p>\n<h3><strong><a href=\"http:\/\/walter.jankuhn.2fix.de\/wp-content\/uploads\/2012\/07\/amerika-mizzy.jpg\"><img loading=\"lazy\" decoding=\"async\" class=\"alignnone size-medium wp-image-1043\" title=\"amerika-mizzy\" src=\"http:\/\/walter.jankuhn.2fix.de\/wp-content\/uploads\/2012\/07\/amerika-mizzy-192x300.jpg\" alt=\"\" width=\"192\" height=\"300\" srcset=\"http:\/\/walter.jankuhn.2fix.de\/wp-content\/uploads\/2012\/07\/amerika-mizzy-192x300.jpg 192w, http:\/\/walter.jankuhn.2fix.de\/wp-content\/uploads\/2012\/07\/amerika-mizzy-656x1024.jpg 656w, http:\/\/walter.jankuhn.2fix.de\/wp-content\/uploads\/2012\/07\/amerika-mizzy.jpg 704w\" sizes=\"auto, (max-width: 192px) 100vw, 192px\" \/><\/a>&#8230;&#8230;..Tr\u00e4ume enden immer beim Aufwachen!<\/strong><\/h3>\n<p><strong> <\/strong>Der <strong>Nord- und S\u00fcdamerika<\/strong>-Ausflug der deutschen Theatergruppe dauerte fast 5 Jahre und beinahe h\u00e4tte es kein zur\u00fcck mehr gegeben und alles w\u00e4re anders verlaufen. Es gab gro\u00dfe finanzielle Verlockungen und Angebote in den USA &#8211; aber irgendwann war die Sehnsucht nach dem deutschen Kulturleben und der Heimat st\u00e4rker. <strong>1924<\/strong> ging es nach kurzem Zwischenaufenthalt in London zur\u00fcck nach Deutschland. Neuer + alter Lebens- und Auftrittsschwerpunkt f\u00fcr &#8220;Walter Jankuhn&#8221; war ab <strong>1925 <\/strong>wieder Berlin, wo der neue Operetten-Produzent CHARELL mit gro\u00dfen Herausforderungen wartete. &#8220;Mizzi Delorm&#8217;s&#8221; Heimat, auch beruflich, war dagegen eher \u00d6sterreich. Das hielt offenbar die romantischste K\u00fcnstler-Ehe nicht ewig aus und l\u00f6ste sich nach st\u00e4ndigen Trennungen alsbald in &#8220;Wohlgefallen&#8221; auf.<\/p>\n<p>Das entstandene Beziehungs-Vakuum f\u00fchrte in den 30iger Jahren zu der \u00f6ffentlich verschwiegenen Liaison von &#8220;Walter JANKUHN&#8221; mit\u00a0<strong>Hilde HILDEBRAND<\/strong><strong>\u00a0<\/strong>(singende Schauspielerin mit &#8220;Schnauze&#8221;),\u00a0die zu jener Zeit sehr erfolgreich mit &#8220;Gustav Gr\u00fcndgens&#8221; arbeitete. Diese neue Beziehung wurde vor der \u00d6ffentlichkeit erfolgreich geheimgehalten &#8211; es ist nicht mal sicher, ob es einen Trauschein gab. Bekannt ist aber, dass die Liaison auch kontrovers und nicht ohne Auseinandersetzungen gef\u00fchrt wurde &#8211; daf\u00fcr aber beruflich produktiv war. Obwohl uns keine gemeinsamen Auftritte bekannt sind.<\/p>\n<p><span style=\"color: #000000;\">Fakt bleibt jedenfalls, das \u00fcber die Connectio<\/span><span style=\"color: #000000;\">n &#8220;HILDEBRAND &gt; GR\u00dcNDGENS<\/span><span style=\"color: #000000;\">&#8221; , der damals junge Schauspieler &#8220;Karl Heinz STROUX&#8221; der mit Intendant Gustav GR\u00dcNDGENS\u00a0<em>\u00a0<\/em>zusammen<em>\u00a0<\/em>arbeitete, eine neue &#8220;eigene Chance&#8221; als Nachwuchs-Regisseur bekam und beim Theater Direktor &#8220;Walter JANKUHN&#8221; als Regisseur verpflichtet wurde. &#8220;Walter Jankuhn&#8221; hatte <strong>1933<\/strong> das pl\u00f6tzlich f\u00fchrungslose <\/span><strong>Theater am Nollendorfplatz<\/strong><span style=\"color: #000000;\"> zun\u00e4chst gemeinsam mit einem K\u00fcnstlerteam und anschlie\u00dfend als alleiniger Direktor \u00fcbernommen. Er suchte dringend einen aussichtsreichen Mitarbeiter f\u00fcr die Sparte &#8220;Schauspiel\/Regie&#8221;. Wie sich zeigte, war seine Wahl nicht nur f\u00fcr das Nollendorftheater k\u00fcnstlerisch die beste Wahl &#8211; sondern mit der Beginn\/Aufbau einer langen erfolgreichen Karriere von K. H. STROUX, die sich nach dem 2. Weltkrieg in der Bundesrepublik fortsetzte (u.a. als Intendant am Schauspielh. D\u00fcsseldorf).<\/span><\/p>\n<p><span style=\"color: #000000;\">Kollegiale Beziehungskisten klappen meistens, &#8220;K\u00fcnstler-Ehen&#8221; auf Dauer dagegen selten! Jedenfalls tanzten JANKUHN + HILDEBRAND ausgiebig auf verschiedenen B\u00fchnen. &#8220;Die Hildebrand&#8221; war ja bekannt f\u00fcr ihren ironisch subtilen Klartext, auch in vielen Filmrollen und Chansons (&#8220;Spiel mit mir blinde Kuh&#8221;, &#8220;Beim 1. mal tut&#8217;s noch weh&#8221; oder im Duett mit GR\u00dcNDGENS<em>\u00a0<\/em>: &#8220;Oh Gott, wie sind wir vornehm&#8221;). Walter JANKUHN dagegen war nicht nur in Berlin, sondern \u00fcberall im Reich auf Tournee &#8211; also selten greifbar. Trotz tempara-mentvoller Tiraden hat man sich schlie\u00dflich genauso lautlos wie man sich gefunden hatte &#8211; nach enigen Jahren (ohne \u00d6ffentlichkeit) wieder getrennt. Im Film &#8220;Die englische Heirat&#8221; (<strong>1934<\/strong>) singt Hilde HILDEBRAND typisch: &#8220;Liebe ist ein Geheimnis &#8221; &#8211; wie im wirklichen Leben mit Walter JANKUHN &#8211; kann man da nur sagen, schlie\u00dflich hat sie nie mehr geheiratet<\/span><span style=\"color: #000000;\">. <\/span><\/p>\n<p><iframe loading=\"lazy\" title=\"Hilde Hildebrand - Liebe ist ein Geheimnis - Filmszene 1934\" width=\"640\" height=\"480\" src=\"https:\/\/www.youtube.com\/embed\/W2hHZ-965EI?feature=oembed\" frameborder=\"0\" allow=\"accelerometer; autoplay; clipboard-write; encrypted-media; gyroscope; picture-in-picture; web-share\" referrerpolicy=\"strict-origin-when-cross-origin\" allowfullscreen><\/iframe><\/p>\n<p>&nbsp;<\/p>\n<div id=\"attachment_1954\" style=\"width: 198px\" class=\"wp-caption alignright\"><a href=\"http:\/\/walter.jankuhn.2fix.de\/wp-content\/uploads\/2012\/11\/tutti-priv.jpg\"><img loading=\"lazy\" decoding=\"async\" aria-describedby=\"caption-attachment-1954\" class=\"size-medium wp-image-1954 \" title=\"tutti-priv\" src=\"http:\/\/walter.jankuhn.2fix.de\/wp-content\/uploads\/2012\/11\/tutti-priv-235x300.jpg\" alt=\"\" width=\"188\" height=\"240\" srcset=\"http:\/\/walter.jankuhn.2fix.de\/wp-content\/uploads\/2012\/11\/tutti-priv-235x300.jpg 235w, http:\/\/walter.jankuhn.2fix.de\/wp-content\/uploads\/2012\/11\/tutti-priv.jpg 251w\" sizes=\"auto, (max-width: 188px) 100vw, 188px\" \/><\/a><p id=\"caption-attachment-1954\" class=\"wp-caption-text\">&#8220;Tutti&#8221; Ahrens (&gt; Karin Jankuhn)<\/p><\/div>\n<p>Das war aber nicht die letze Partnerschaft von &#8220;Walter JANKUHN&#8221;. Seine n\u00e4chste und letzte eingegangene Ehe, mit der damals erheblich j\u00fcngeren Berliner T\u00e4nzerin &#8220;<strong>Tutti AHRENS<\/strong>&#8221; (<span style=\"color: #000000;\">aus einem Hamburger Architektur-Haushalt<\/span>)<span style=\"color: #000000;\"> &#8211; dauerte bis zu seinem Tod an. Aus dieser langj\u00e4hrigen Ehe stammt auch der einzige gemeinsame Sohn &#8220;Walter Jankuhn, jun.&#8221; (siehe &gt; Familie). Trotzdem war das kein Grund f\u00fcr die neue Frau Jankuhn etwa an den Herd zur\u00fcckzukehren &#8211; auch ihre Tanzkarriere ging noch bis in die 50iger Jahre weiter. (&gt; <em>Kapitel Familie<\/em>)<\/span><\/p>\n<p><span style=\"color: #000000;\">Einer der vielen Hochzeits-Gratulanten war damals der Berliner Komponist &#8220;Paul LINCKE&#8221; &#8211; da war das junge Gl\u00fcck aber bereits auf der Flucht ins idyllische Bergland von Innsbruck- wo <strong>1939<\/strong> die Hochzeit stattfand.<\/span><\/p>\n<p><span style=\"color: #000000;\"><a href=\"http:\/\/walter.jankuhn.2fix.de\/wp-content\/uploads\/2012\/11\/Paul-lincke-Verm\u00e4hlung.jpg\"><img loading=\"lazy\" decoding=\"async\" class=\"size-medium wp-image-1942 alignleft\" title=\"Paul-lincke-Verm\u00e4hlung\" src=\"http:\/\/walter.jankuhn.2fix.de\/wp-content\/uploads\/2012\/11\/Paul-lincke-Verm\u00e4hlung-198x300.jpg\" alt=\"\" width=\"198\" height=\"300\" srcset=\"http:\/\/walter.jankuhn.2fix.de\/wp-content\/uploads\/2012\/11\/Paul-lincke-Verm\u00e4hlung-198x300.jpg 198w, http:\/\/walter.jankuhn.2fix.de\/wp-content\/uploads\/2012\/11\/Paul-lincke-Verm\u00e4hlung.jpg 264w\" sizes=\"auto, (max-width: 198px) 100vw, 198px\" \/><\/a> <\/span><\/p>\n<p><span style=\"color: #000000;\"><br \/>\n<\/span><\/p>\n<p><span style=\"color: #000000;\"><strong><br \/>\n<\/strong><\/span><\/p>\n<p><strong><a href=\"http:\/\/walter.jankuhn.2fix.de\/wp-content\/uploads\/2012\/06\/wj-vermaehlung_Insbruck.jpg\"><img loading=\"lazy\" decoding=\"async\" class=\"size-full wp-image-243 alignnone\" title=\"wj-vermaehlung_Insbruck\" src=\"http:\/\/walter.jankuhn.2fix.de\/wp-content\/uploads\/2012\/06\/wj-vermaehlung_Insbruck.jpg\" alt=\"\" width=\"337\" height=\"224\" srcset=\"http:\/\/walter.jankuhn.2fix.de\/wp-content\/uploads\/2012\/06\/wj-vermaehlung_Insbruck.jpg 602w, http:\/\/walter.jankuhn.2fix.de\/wp-content\/uploads\/2012\/06\/wj-vermaehlung_Insbruck-300x199.jpg 300w\" sizes=\"auto, (max-width: 337px) 100vw, 337px\" \/><\/a><br \/>\n<\/strong><\/p>\n","protected":false},"excerpt":{"rendered":"<p>&nbsp; &nbsp; &nbsp; Mizzi DELORM war bereits vor 1920 eine beliebte Soubrette am &#8220;Joh.-Strauss-Theater&#8221; Wien + am Raimundtheater Wien sang sie 1917 neben der ber\u00fchmten Mizzi G\u00dcNTHER zusammen in &#8220;der Fledermaus&#8221; die Rolle der Lori. \u00a01918 drehte sie ihren ersten &hellip; <a href=\"http:\/\/walter.jankuhn.2fix.de\/?page_id=196\">Continue reading <span class=\"meta-nav\">&rarr;<\/span><\/a><\/p>\n","protected":false},"author":1,"featured_media":0,"parent":129,"menu_order":2,"comment_status":"open","ping_status":"open","template":"","meta":{"footnotes":""},"class_list":["post-196","page","type-page","status-publish","hentry"],"_links":{"self":[{"href":"http:\/\/walter.jankuhn.2fix.de\/index.php?rest_route=\/wp\/v2\/pages\/196","targetHints":{"allow":["GET"]}}],"collection":[{"href":"http:\/\/walter.jankuhn.2fix.de\/index.php?rest_route=\/wp\/v2\/pages"}],"about":[{"href":"http:\/\/walter.jankuhn.2fix.de\/index.php?rest_route=\/wp\/v2\/types\/page"}],"author":[{"embeddable":true,"href":"http:\/\/walter.jankuhn.2fix.de\/index.php?rest_route=\/wp\/v2\/users\/1"}],"replies":[{"embeddable":true,"href":"http:\/\/walter.jankuhn.2fix.de\/index.php?rest_route=%2Fwp%2Fv2%2Fcomments&post=196"}],"version-history":[{"count":95,"href":"http:\/\/walter.jankuhn.2fix.de\/index.php?rest_route=\/wp\/v2\/pages\/196\/revisions"}],"predecessor-version":[{"id":3640,"href":"http:\/\/walter.jankuhn.2fix.de\/index.php?rest_route=\/wp\/v2\/pages\/196\/revisions\/3640"}],"up":[{"embeddable":true,"href":"http:\/\/walter.jankuhn.2fix.de\/index.php?rest_route=\/wp\/v2\/pages\/129"}],"wp:attachment":[{"href":"http:\/\/walter.jankuhn.2fix.de\/index.php?rest_route=%2Fwp%2Fv2%2Fmedia&parent=196"}],"curies":[{"name":"wp","href":"https:\/\/api.w.org\/{rel}","templated":true}]}}