{"id":194,"date":"2012-06-12T14:22:26","date_gmt":"2012-06-12T14:22:26","guid":{"rendered":"http:\/\/walter.jankuhn.2fix.de\/?page_id=194"},"modified":"2013-03-24T12:08:42","modified_gmt":"2013-03-24T12:08:42","slug":"herkunft","status":"publish","type":"page","link":"http:\/\/walter.jankuhn.2fix.de\/?page_id=194","title":{"rendered":"Herkunft"},"content":{"rendered":"<p><a href=\"http:\/\/walter.jankuhn.2fix.de\/wp-content\/uploads\/2012\/06\/wj-staatsangehoerigkeit_11.jpg\"><img loading=\"lazy\" decoding=\"async\" class=\"alignleft size-full wp-image-618\" title=\"wj-staatsangehoerigkeit_1\" src=\"http:\/\/walter.jankuhn.2fix.de\/wp-content\/uploads\/2012\/06\/wj-staatsangehoerigkeit_11.jpg\" alt=\"\" width=\"239\" height=\"360\" srcset=\"http:\/\/walter.jankuhn.2fix.de\/wp-content\/uploads\/2012\/06\/wj-staatsangehoerigkeit_11.jpg 266w, http:\/\/walter.jankuhn.2fix.de\/wp-content\/uploads\/2012\/06\/wj-staatsangehoerigkeit_11-199x300.jpg 199w\" sizes=\"auto, (max-width: 239px) 100vw, 239px\" \/><\/a><a href=\"http:\/\/walter.jankuhn.2fix.de\/wp-content\/uploads\/2012\/12\/haff-frauenb-strand.jpg\"><img loading=\"lazy\" decoding=\"async\" class=\"alignright size-medium wp-image-2550\" title=\"haff-frauenb-strand\" src=\"http:\/\/walter.jankuhn.2fix.de\/wp-content\/uploads\/2012\/12\/haff-frauenb-strand-300x220.jpg\" alt=\"\" width=\"300\" height=\"220\" srcset=\"http:\/\/walter.jankuhn.2fix.de\/wp-content\/uploads\/2012\/12\/haff-frauenb-strand-300x220.jpg 300w, http:\/\/walter.jankuhn.2fix.de\/wp-content\/uploads\/2012\/12\/haff-frauenb-strand.jpg 817w\" sizes=\"auto, (max-width: 300px) 100vw, 300px\" \/><\/a>Geboren ist Kammers\u00e4nger &#8220;WALTER JANKUHN&#8221; noch im<strong> K\u00f6nigreich Preu\u00dfen, <\/strong>bei K\u00f6nigsberg, d. h. im Vorort: <strong>Braunsberg &#8211; am 17. Juli 1888<\/strong>. Der kleine Ort (poln. &#8220;BRANIEWO&#8221;) \u00a0liegt idyllisch am frischen Haff &#8211; bei Frauenburg (Foto) im Freizeit-paradies Ostsee, heute 6 km v.d. Grenze zu Russland.<\/p>\n<div id=\"attachment_32\" style=\"width: 160px\" class=\"wp-caption alignright\"><a href=\"http:\/\/walter.jankuhn.2fix.de\/wp-content\/uploads\/2012\/06\/wj-operette_011.jpg\"><img loading=\"lazy\" decoding=\"async\" aria-describedby=\"caption-attachment-32\" class=\"size-thumbnail wp-image-32   \" title=\"Berlin - der B\u00e4r tanzt\" src=\"http:\/\/walter.jankuhn.2fix.de\/wp-content\/uploads\/2012\/06\/wj-operette_011-150x150.jpg\" alt=\"\" width=\"150\" height=\"150\" \/><\/a><p id=\"caption-attachment-32\" class=\"wp-caption-text\">W. Jankuhn (+ B\u00e4r) Br\u00fcder Karl + Otto<\/p><\/div>\n<p>Walter Jankuhn&#8217;s Eltern: &#8220;Marie und Eduard&#8221;, von Beruf &#8220;<em>K\u00fcrschner<\/em>&#8220;, hatten eine Tochter und drei S\u00f6hne. Alle drei Br\u00fcder: Otto, Karl und &#8220;Walter&#8221; begr\u00fcndeten \u00a0in Berlin ihren Lebensmittelpunkt mit Familie und eigenem Nachwuchs. Der Bruder <strong>Karl<\/strong> (Herrrenausstatter) verstarb fr\u00fch. Seine Tochter Lotte (auch Berlinerin) war selbst musikalisch aktiv (Pianistin) und heiratete in die musikaffine Familie <em>Pogorzelski <\/em>ein &#8211; daraus entwickelte sich eine sehr enge Beziehung von Walter Jankuhn zu seiner Nichte &#8220;Lotte&#8221;.<\/p>\n<p style=\"text-align: left;\"><a href=\"http:\/\/walter.jankuhn.2fix.de\/wp-content\/uploads\/2012\/11\/pogorzelski.jpg\"><img loading=\"lazy\" decoding=\"async\" class=\"alignleft size-medium wp-image-1944\" title=\"pogorzelski\" src=\"http:\/\/walter.jankuhn.2fix.de\/wp-content\/uploads\/2012\/11\/pogorzelski-192x300.jpg\" alt=\"\" width=\"123\" height=\"192\" srcset=\"http:\/\/walter.jankuhn.2fix.de\/wp-content\/uploads\/2012\/11\/pogorzelski-192x300.jpg 192w, http:\/\/walter.jankuhn.2fix.de\/wp-content\/uploads\/2012\/11\/pogorzelski.jpg 247w\" sizes=\"auto, (max-width: 123px) 100vw, 123px\" \/><\/a>Aufgrund ihrer musikalischen Profession verband beide Familien (und deren Kinder&#8221;Heiner &#8220;<em>Pogorzelski<\/em>&#8221;\u00a0und &#8220;Walter, jun.&#8221;) eine enge Verwandtschaftsbeziehung die auch weiter anhielt, nachdem Walter Jankuhn <strong>1953<\/strong> und auch Lotte Pogorzelski verstorben waren. Ein Jahr nach dem Tod von Walter Jankuhn, verlie\u00df seine Witwe Frau Jankuhn mit Sohn Walter (jun) Berlin endg\u00fcltig, dazu schrieb seine Nichte &#8220;Lotte&#8221; folgende Widmung:<a href=\"http:\/\/walter.jankuhn.2fix.de\/wp-content\/uploads\/2012\/06\/wj-Brief_Lotte.jpg\"><img loading=\"lazy\" decoding=\"async\" class=\"aligncenter size-full wp-image-545\" title=\"wj-Brief_Lotte\" src=\"http:\/\/walter.jankuhn.2fix.de\/wp-content\/uploads\/2012\/06\/wj-Brief_Lotte.jpg\" alt=\"\" width=\"208\" height=\"263\" srcset=\"http:\/\/walter.jankuhn.2fix.de\/wp-content\/uploads\/2012\/06\/wj-Brief_Lotte.jpg 318w, http:\/\/walter.jankuhn.2fix.de\/wp-content\/uploads\/2012\/06\/wj-Brief_Lotte-238x300.jpg 238w\" sizes=\"auto, (max-width: 208px) 100vw, 208px\" \/><\/a><\/p>\n<p>Walter Jankuhn&#8217;s Bruder <strong>Otto<\/strong> verstarb <strong>1948<\/strong> und f\u00fchrte eine sog. Mischehe mit Emma, die j\u00fcdischer Abstammung war und deren gemeinsamer Sohn &#8220;Alfred&#8221;, \u00a0wurde ein angesehener Rechtsanwalt in Berlin. W\u00e4hrend der NS-Zeit allerdings, war die Familie &#8220;Otto + Alfred Jankuhn inklusiv ihren 3 Kindern&#8221; der gleichen Verfolgung ausgesetzt, wie alle Volljuden in Deutschland. Nur mit M\u00fche konnte sich die Familie verstecken und der NS-Verfolgung entziehen. Alfred Jankuhn schaffte dennoch nach dem II. Weltkrieg den Wiedereinstieg und etablierte erneut eine \u00a0Rechtsanwaltskanzlei in Berlin. Allerdings zeitigte die Traumatisierung durch die NS-Verfolgung verh\u00e4ngnisvolle Sp\u00e4tfolgen, welche zur Belastungen f\u00fcr seine ganze Familie wurden.<\/p>\n<div id=\"attachment_572\" style=\"width: 138px\" class=\"wp-caption alignleft\"><a href=\"http:\/\/walter.jankuhn.2fix.de\/wp-content\/uploads\/2012\/06\/wj-berlin_004.jpg\"><img loading=\"lazy\" decoding=\"async\" aria-describedby=\"caption-attachment-572\" class=\"size-medium wp-image-572   \" title=\"wj-berlin_004\" src=\"http:\/\/walter.jankuhn.2fix.de\/wp-content\/uploads\/2012\/06\/wj-berlin_004-198x300.jpg\" alt=\"\" width=\"128\" height=\"194\" srcset=\"http:\/\/walter.jankuhn.2fix.de\/wp-content\/uploads\/2012\/06\/wj-berlin_004-198x300.jpg 198w, http:\/\/walter.jankuhn.2fix.de\/wp-content\/uploads\/2012\/06\/wj-berlin_004.jpg 264w\" sizes=\"auto, (max-width: 128px) 100vw, 128px\" \/><\/a><p id=\"caption-attachment-572\" class=\"wp-caption-text\">Ehepaar Walter Jankuhn + Junior<\/p><\/div>\n<p>Last not least und v\u00f6llig unterschiedlich die Biographie von: Kammers\u00e4nger &#8220;<strong>Walter JANKUHN<\/strong>&#8221; mit Wohnsitz in Berlin-Sch\u00f6neberg &#8211; wenn er denn mal zuhause war und nicht auf Tournee in Amerika, Europa oder der deutschen Provinz. Er musste schlie\u00dflich 56 Jahre alt werden, bevor er kurz vor Kriegsende seinen<strong> Stammhalter <\/strong> (\u00a0Walter(chen) jun.\/ Rufname: &#8220;Schnappel&#8221;) \u00a0auf dieser Welt als &#8220;echten&#8221; Berliner Jungen begru\u00dfen durfte &#8211; nach zuvor zwei kinderlosen Partnerschaften. Seine endg\u00fcltige aber j\u00fcngsten Ehefrau Karin (geb. Ahrens) &#8220;T\u00e4nzerin + Protestantin&#8221; (a. Hamburger Architekten-Haushalt) war nat\u00fcrlich eine B\u00fchnen-Bekanntschaft (CARISE Ballett). Jedenfalls war die Freude gro\u00df, zumal das &#8220;Kriegsbaby&#8221; Walterchen (Jankuhn jun.) \u00a0<strong>-1944-<\/strong> auf den Tag genau&#8221; zum Geburtstag seiner Mutter zur Welt kam. Gl\u00fccklicherweise war wenige Monate sp\u00e4ter auch der 2. Weltkrieg vor\u00fcber. Allerdings war Berichten zufolge das Babygeschrei des Geburtstags-Kindes &#8220;Walterchen&#8221; dauerhafter als der Bombenhagel \u00fcber Berlin.<\/p>\n<p><a href=\"http:\/\/walter.jankuhn.2fix.de\/wp-content\/uploads\/2012\/11\/wj-klavier.jpg\"><img loading=\"lazy\" decoding=\"async\" class=\"alignleft size-thumbnail wp-image-1966\" title=\"wj-klavier\" src=\"http:\/\/walter.jankuhn.2fix.de\/wp-content\/uploads\/2012\/11\/wj-klavier-150x150.jpg\" alt=\"\" width=\"150\" height=\"150\" \/><\/a>Der berufliche Werdegang von Kammers\u00e4nger Walter JANKUHN begann ganz unspektakul\u00e4r. Nach dem Schulbesuch in Braunsberg (K\u00f6nigsberg) und Berlin absolvierte &#8220;Walter Jankuhn&#8221; eine solide\u00a0<strong>kaufm\u00e4nnische Lehre<\/strong> im Versicherungsfach. Parallel dazu absolvierte er in Berlin jahrelange &#8220;Musik und Gesangsstudien&#8221;, die er\u00a0<strong>1909<\/strong> als <strong>Orchesterpianist<\/strong> abschloss. Nebenbei verdiente er sich sein erstes Geld in einschl\u00e4gigen Berliner Lokalit\u00e4ten, wo er auch als S\u00e4nger entdeckt und dann gezielt gef\u00f6rdert wurde. Schon <strong>1910<\/strong> erhielt &#8220;Walter Jankuhn&#8221; erste Engagements als Spieltenor in <strong>Berlin<\/strong> und <strong>Hamburg<\/strong>. Noch w\u00e4hrend des 1. Weltkrieges wurde er festes Mitglied als &#8220;Opern\/ Operettentenor&#8221; im Ensembles\u00a0des MELLINI Theater, <strong>Hannover <\/strong>mit ersten Hauptrollen. Der gro\u00dfe Erfolg kam dann <strong>1912<\/strong> in Hamburg mit der Auff\u00fchrung &#8220;<strong>Was kost Hamburg<\/strong>&#8221; und im gleichen Jahr mit der Urauff\u00fchrung von Leo Fall&#8217;s &#8220;<strong>Lieber Augustin<\/strong>&#8221; in der Hauptrolle mit der<a href=\"http:\/\/walter.jankuhn.2fix.de\/wp-content\/uploads\/2013\/01\/berlin_Schiffbauerdam.jpg\"><img loading=\"lazy\" decoding=\"async\" class=\"alignright  wp-image-3222\" title=\"berlin_Schiffbauerdam\" src=\"http:\/\/walter.jankuhn.2fix.de\/wp-content\/uploads\/2013\/01\/berlin_Schiffbauerdam-192x300.jpg\" alt=\"\" width=\"154\" height=\"240\" srcset=\"http:\/\/walter.jankuhn.2fix.de\/wp-content\/uploads\/2013\/01\/berlin_Schiffbauerdam-192x300.jpg 192w, http:\/\/walter.jankuhn.2fix.de\/wp-content\/uploads\/2013\/01\/berlin_Schiffbauerdam.jpg 350w\" sizes=\"auto, (max-width: 154px) 100vw, 154px\" \/><\/a>\u00a0damals schon bekannten Wiener Soubrette &#8220;Fritzi Massary&#8221; bei <strong>Monti<\/strong> in Berlin (Theater am Schiffbauerdamm &gt;).<\/p>\n<p>Nach dem <strong>1. Weltkrieg<\/strong> zu Zeiten der Weimarer Republik erfolgte die Fortzetzung der Karriere als Tenor bei verschiedenen deutschen Opernh\u00e4usern von Hamburg und Berlin, bis Wien und USA\/S\u00fcdamerika &#8211; auch englischsprachig, sowie in Europa (bis nach Paris). Nach dem <strong>2. Weltkrieg <\/strong>arbeitete &#8220;Walter Jankuhn&#8221; \u00a0dann fast nur noch in BERLIN &#8211; seiner Wahlheimat.<\/p>\n<p><a href=\"http:\/\/walter.jankuhn.2fix.de\/wp-content\/uploads\/2012\/06\/wj-pass_1.jpg\"><img loading=\"lazy\" decoding=\"async\" class=\"alignleft size-medium wp-image-317\" title=\"wj-pass_1\" src=\"http:\/\/walter.jankuhn.2fix.de\/wp-content\/uploads\/2012\/06\/wj-pass_1-300x220.jpg\" alt=\"\" width=\"270\" height=\"198\" srcset=\"http:\/\/walter.jankuhn.2fix.de\/wp-content\/uploads\/2012\/06\/wj-pass_1-300x220.jpg 300w, http:\/\/walter.jankuhn.2fix.de\/wp-content\/uploads\/2012\/06\/wj-pass_1.jpg 543w\" sizes=\"auto, (max-width: 270px) 100vw, 270px\" \/><\/a><a href=\"http:\/\/walter.jankuhn.2fix.de\/wp-content\/uploads\/2012\/06\/wj-pass_2.jpg\"><img loading=\"lazy\" decoding=\"async\" class=\"size-medium wp-image-318 alignnone\" title=\"wj-pass_2\" src=\"http:\/\/walter.jankuhn.2fix.de\/wp-content\/uploads\/2012\/06\/wj-pass_2-300x220.jpg\" alt=\"\" width=\"270\" height=\"198\" srcset=\"http:\/\/walter.jankuhn.2fix.de\/wp-content\/uploads\/2012\/06\/wj-pass_2-300x220.jpg 300w, http:\/\/walter.jankuhn.2fix.de\/wp-content\/uploads\/2012\/06\/wj-pass_2.jpg 543w\" sizes=\"auto, (max-width: 270px) 100vw, 270px\" \/><\/a><\/p>\n<p>Hauptwohnsitz des K\u00fcnstlers Walter Jankuhn blieb jedenfalls immer Berlin, wo die Theaterwelt zuhause war. Das Youtube Video aus den 20ern vermittelt exemplarisch einige Eindr\u00fccke aus dem Berlin von damals :<\/p>\n<p><iframe loading=\"lazy\" title=\"Berlin in the 20s\" width=\"640\" height=\"480\" src=\"https:\/\/www.youtube.com\/embed\/4ls8SPpRXgU?feature=oembed\" frameborder=\"0\" allow=\"accelerometer; autoplay; clipboard-write; encrypted-media; gyroscope; picture-in-picture; web-share\" referrerpolicy=\"strict-origin-when-cross-origin\" allowfullscreen><\/iframe><\/p>\n<p>&nbsp;<\/p>\n","protected":false},"excerpt":{"rendered":"<p>Geboren ist Kammers\u00e4nger &#8220;WALTER JANKUHN&#8221; noch im K\u00f6nigreich Preu\u00dfen, bei K\u00f6nigsberg, d. h. im Vorort: Braunsberg &#8211; am 17. Juli 1888. Der kleine Ort (poln. &#8220;BRANIEWO&#8221;) \u00a0liegt idyllisch am frischen Haff &#8211; bei Frauenburg (Foto) im Freizeit-paradies Ostsee, heute 6 &hellip; <a href=\"http:\/\/walter.jankuhn.2fix.de\/?page_id=194\">Continue reading <span class=\"meta-nav\">&rarr;<\/span><\/a><\/p>\n","protected":false},"author":1,"featured_media":0,"parent":129,"menu_order":1,"comment_status":"open","ping_status":"open","template":"","meta":{"footnotes":""},"class_list":["post-194","page","type-page","status-publish","hentry"],"_links":{"self":[{"href":"http:\/\/walter.jankuhn.2fix.de\/index.php?rest_route=\/wp\/v2\/pages\/194","targetHints":{"allow":["GET"]}}],"collection":[{"href":"http:\/\/walter.jankuhn.2fix.de\/index.php?rest_route=\/wp\/v2\/pages"}],"about":[{"href":"http:\/\/walter.jankuhn.2fix.de\/index.php?rest_route=\/wp\/v2\/types\/page"}],"author":[{"embeddable":true,"href":"http:\/\/walter.jankuhn.2fix.de\/index.php?rest_route=\/wp\/v2\/users\/1"}],"replies":[{"embeddable":true,"href":"http:\/\/walter.jankuhn.2fix.de\/index.php?rest_route=%2Fwp%2Fv2%2Fcomments&post=194"}],"version-history":[{"count":81,"href":"http:\/\/walter.jankuhn.2fix.de\/index.php?rest_route=\/wp\/v2\/pages\/194\/revisions"}],"predecessor-version":[{"id":3601,"href":"http:\/\/walter.jankuhn.2fix.de\/index.php?rest_route=\/wp\/v2\/pages\/194\/revisions\/3601"}],"up":[{"embeddable":true,"href":"http:\/\/walter.jankuhn.2fix.de\/index.php?rest_route=\/wp\/v2\/pages\/129"}],"wp:attachment":[{"href":"http:\/\/walter.jankuhn.2fix.de\/index.php?rest_route=%2Fwp%2Fv2%2Fmedia&parent=194"}],"curies":[{"name":"wp","href":"https:\/\/api.w.org\/{rel}","templated":true}]}}