{"id":190,"date":"2012-06-12T14:34:21","date_gmt":"2012-06-12T14:34:21","guid":{"rendered":"http:\/\/walter.jankuhn.2fix.de\/?page_id=190"},"modified":"2013-03-25T10:56:05","modified_gmt":"2013-03-25T10:56:05","slug":"beginn-aufstieg","status":"publish","type":"page","link":"http:\/\/walter.jankuhn.2fix.de\/?page_id=190","title":{"rendered":"Aufstieg ab 1910 >"},"content":{"rendered":"<p><a href=\"http:\/\/walter.jankuhn.2fix.de\/wp-content\/uploads\/2012\/06\/wj-paul_linke_02.jpg\"><img loading=\"lazy\" decoding=\"async\" class=\"alignleft size-full wp-image-278\" title=\"wj-paul_linke_02\" src=\"http:\/\/walter.jankuhn.2fix.de\/wp-content\/uploads\/2012\/06\/wj-paul_linke_02.jpg\" alt=\"\" width=\"255\" height=\"400\" srcset=\"http:\/\/walter.jankuhn.2fix.de\/wp-content\/uploads\/2012\/06\/wj-paul_linke_02.jpg 255w, http:\/\/walter.jankuhn.2fix.de\/wp-content\/uploads\/2012\/06\/wj-paul_linke_02-191x300.jpg 191w\" sizes=\"auto, (max-width: 255px) 100vw, 255px\" \/><\/a>Urvater der typisch <strong>BERLINER Operette<\/strong> ist &#8220;Paul LINCKE&#8221; zu welchem auch &#8220;Walter JANKUHN&#8221; ein gutes pers\u00f6nliches Verh\u00e4ltnis pflegte &#8211; sp\u00e4testens seit dem 70. Geburtstag des Komponisten und der Wiederauff\u00fchrung seiner Operette <strong>Frau LUNA\/1936 <\/strong>mit Walter JANKUHN als <em>Prinz Sternschnuppe<\/em><strong>. \u00a0 \u00a0 \u00a0 \u00a0 \u00a0 \u00a0 \u00a0 \u00a0 \u00a0. <\/strong>(das belegen auch\u00a0die Hochzeitsgr\u00fc\u00dfe mit\u00a0Foto des Maestros\u00a0f\u00fcr Frau &#8220;Karin Jankuhn + Gatte&#8221;.)<\/p>\n<p>Noch l\u00e4nger und intensiver war nat\u00fcrlich die Gesangspartnerschaft mit der gr\u00f6\u00dften Operetten Diva aller Zeiten: &#8220;FRITZI MESSARY&#8221;! Ihren Lieblings-Tenor und regelm\u00e4\u00dfigen Gesangspartner &#8220;WALTER JANKUHN&#8221; in den CHARELL&#8217;s Revuen in den legend\u00e4ren Golden <strong>20\/30ern<\/strong> &#8211; wu\u00dfte sie schon von gemeins. Auftritten ab 1912 zu sch\u00e4tzen.<\/p>\n<p><a href=\"http:\/\/walter.jankuhn.2fix.de\/wp-content\/uploads\/2012\/06\/wj-noten_treff_dich_01.jpg\"><img loading=\"lazy\" decoding=\"async\" class=\"alignleft size-medium wp-image-408\" title=\"wj-noten_treff_dich_01\" src=\"http:\/\/walter.jankuhn.2fix.de\/wp-content\/uploads\/2012\/06\/wj-noten_treff_dich_01-213x300.jpg\" alt=\"\" width=\"213\" height=\"300\" srcset=\"http:\/\/walter.jankuhn.2fix.de\/wp-content\/uploads\/2012\/06\/wj-noten_treff_dich_01-213x300.jpg 213w, http:\/\/walter.jankuhn.2fix.de\/wp-content\/uploads\/2012\/06\/wj-noten_treff_dich_01.jpg 284w\" sizes=\"auto, (max-width: 213px) 100vw, 213px\" \/><\/a><a href=\"http:\/\/walter.jankuhn.2fix.de\/wp-content\/uploads\/2012\/06\/wj-noten_muschimaus_01.jpg\"><img loading=\"lazy\" decoding=\"async\" class=\"alignright size-medium wp-image-407\" title=\"wj-noten_muschimaus_01\" src=\"http:\/\/walter.jankuhn.2fix.de\/wp-content\/uploads\/2012\/06\/wj-noten_muschimaus_01-212x300.jpg\" alt=\"\" width=\"212\" height=\"300\" srcset=\"http:\/\/walter.jankuhn.2fix.de\/wp-content\/uploads\/2012\/06\/wj-noten_muschimaus_01-212x300.jpg 212w, http:\/\/walter.jankuhn.2fix.de\/wp-content\/uploads\/2012\/06\/wj-noten_muschimaus_01.jpg 283w\" sizes=\"auto, (max-width: 212px) 100vw, 212px\" \/><\/a>Dabei fing alles ganz harmlos an. Nach sei-nem abgeschlossenem Studium als Pianist + f\u00fcr Gesang in Berlin, \u00a0folgte die Entdeckung der Stimme von Walter JANKUHN \u00a0bei Gele-genheitsauftritten (Jobs) in den einschl\u00e4-gigen Lokalen. <strong>1910<\/strong> folgten aber schon die ersten <strong>EDISON Ton-walzen<\/strong> Aufnahmen, Aus dieser Anfangszeit in Berlin und Hamburg stammen wohl auch die ersten \u00a0<strong>Eigen<\/strong>k<strong>ompositionen<\/strong> von Walter JANKUHN am Piano und dem Arrangeur Carl OHNESORG vom dem bekannten Hamburger Familien-Theater &#8220;<strong>OHNESORG<\/strong>&#8221; mit Texten von Paul HARDEN.<\/p>\n<p><a href=\"http:\/\/walter.jankuhn.2fix.de\/wp-content\/uploads\/2012\/06\/wj-operette_058.jpg\"><img loading=\"lazy\" decoding=\"async\" class=\"aligncenter size-medium wp-image-354\" title=\"wj-operette_058\" src=\"http:\/\/walter.jankuhn.2fix.de\/wp-content\/uploads\/2012\/06\/wj-operette_058-300x211.jpg\" alt=\"\" width=\"300\" height=\"211\" srcset=\"http:\/\/walter.jankuhn.2fix.de\/wp-content\/uploads\/2012\/06\/wj-operette_058-300x211.jpg 300w, http:\/\/walter.jankuhn.2fix.de\/wp-content\/uploads\/2012\/06\/wj-operette_058.jpg 567w\" sizes=\"auto, (max-width: 300px) 100vw, 300px\" \/><\/a><a href=\"http:\/\/walter.jankuhn.2fix.de\/wp-content\/uploads\/2012\/06\/wj-operette_061.jpg\"><img loading=\"lazy\" decoding=\"async\" class=\"alignleft size-medium wp-image-357\" title=\"wj-operette_061\" src=\"http:\/\/walter.jankuhn.2fix.de\/wp-content\/uploads\/2012\/06\/wj-operette_061-206x300.jpg\" alt=\"\" width=\"206\" height=\"300\" srcset=\"http:\/\/walter.jankuhn.2fix.de\/wp-content\/uploads\/2012\/06\/wj-operette_061-206x300.jpg 206w, http:\/\/walter.jankuhn.2fix.de\/wp-content\/uploads\/2012\/06\/wj-operette_061.jpg 275w\" sizes=\"auto, (max-width: 206px) 100vw, 206px\" \/><\/a>Dann folgte\u00a0<strong>1911<\/strong> die Operette: &#8220;<strong>Die sch\u00f6ne Risette<\/strong>&#8221; (<strong>Theater des Westens<\/strong>, Berlin) &#8211; und\u00a0<strong>1912<\/strong> gab es die erste Begegnung mit der damals noch jungen S\u00e4ngerin &#8220;Fritzy MASSARY&#8221; &#8211; bei Max MONTI in Berlin im &#8220;<strong>Neues Theater am Schiffbauerdamm<\/strong>&#8220;. \u00a0Dort feierte dann &#8220;Walter JANKUHN&#8221; selbst noch blutjung, gemeinsam mit der &#8220;MASSARY&#8221; in der Hauptrolle die Premiere der Operetten-Urauff\u00fchrung &#8221; <strong>Der liebe Augustin<\/strong>&#8221; (Die Schallplattenaufnahme: &#8220;Wo steht denn das geschrieben&#8221; erfolgte aber mit &#8220;W. Jankuhn + Mizzi Geissler&#8221;). .Jedenfalls haben damals weder die &#8220;MASSARY&#8221; noch &#8220;Walter JANKUHN&#8221; daran gedacht &#8211; sp\u00e4ter in den 20ern mit CHARELL in Berlin gemeinsam Welterfolge zu feiern! <strong>1912 <\/strong>wurde\u00a0&#8220;Walter JANKUHN&#8221; allerdings schon so popul\u00e4r, dass er gleich anschlie\u00dfend im &#8220;<strong>Neuen Operetten<\/strong>&#8211;<strong>Theater<\/strong> Hamburg die Hauptrolle in &#8220;<strong>Was kost&#8217; Hamburg<\/strong>&#8221; angeboten bekam (vergl. auch \u00a0<strong>B\u00fchnenfoto<\/strong> der 10 Badenixen mit W. Jankuhn, als Hahn im Korb. (&gt; <em> Kapitel Provinz-Theater<\/em>).<\/p>\n<p style=\"text-align: center;\"><a href=\"http:\/\/walter.jankuhn.2fix.de\/wp-content\/uploads\/2012\/06\/wj-operette_063_2.jpg\"><img loading=\"lazy\" decoding=\"async\" class=\"aligncenter size-full wp-image-360\" title=\"wj-operette_063_2\" src=\"http:\/\/walter.jankuhn.2fix.de\/wp-content\/uploads\/2012\/06\/wj-operette_063_2.jpg\" alt=\"\" width=\"373\" height=\"231\" srcset=\"http:\/\/walter.jankuhn.2fix.de\/wp-content\/uploads\/2012\/06\/wj-operette_063_2.jpg 460w, http:\/\/walter.jankuhn.2fix.de\/wp-content\/uploads\/2012\/06\/wj-operette_063_2-300x186.jpg 300w\" sizes=\"auto, (max-width: 373px) 100vw, 373px\" \/><\/a><\/p>\n<div id=\"attachment_1662\" style=\"width: 130px\" class=\"wp-caption alignright\"><a href=\"http:\/\/walter.jankuhn.2fix.de\/wp-content\/uploads\/2012\/10\/bosetti-hofopern.jpg\"><img loading=\"lazy\" decoding=\"async\" aria-describedby=\"caption-attachment-1662\" class=\"size-full wp-image-1662 \" title=\"bosetti-hofopern\" src=\"http:\/\/walter.jankuhn.2fix.de\/wp-content\/uploads\/2012\/10\/bosetti-hofopern.jpg\" alt=\"\" width=\"120\" height=\"196\" \/><\/a><p id=\"caption-attachment-1662\" class=\"wp-caption-text\">Hermine Bosetti<\/p><\/div>\n<p><strong>1915<\/strong> wurde &#8220;Walter JANKUHN&#8221; dann als klassicher Tenor die Ehre zuteil am &#8220;<strong>Friedrich Wilhelmst\u00e4dtischen Theater<\/strong>&#8221; Berlin, an der Seite der einzigartigen Opernsoubrette &#8220;Hermine BOSETTI&#8221; (unvergessliche Stimmen \/K. J. Kutsch) v. d. &#8220;k\u00f6nigl. Bayrischen Staatsoper&#8221; (+ Staatsoper Wien), \u00a0&#8211; die anspruchsvolle &#8220;Wolfgang Amadeus Mozart&#8221;-Operette: &#8220;<strong>Der\u00a0Troubadour<\/strong>&#8221;\u00a0zu singen &#8211; und &#8220;Giuseppe Verdi&#8217;s &#8220;<strong>Entf\u00fchrung aus dem Serail<\/strong>&#8220;.<\/p>\n<p><a href=\"http:\/\/walter.jankuhn.2fix.de\/wp-content\/uploads\/2012\/06\/wj-operette_074.jpg\"><img loading=\"lazy\" decoding=\"async\" class=\"alignleft size-medium wp-image-326\" title=\"wj-operette_074\" src=\"http:\/\/walter.jankuhn.2fix.de\/wp-content\/uploads\/2012\/06\/wj-operette_074-181x300.jpg\" alt=\"\" width=\"181\" height=\"300\" srcset=\"http:\/\/walter.jankuhn.2fix.de\/wp-content\/uploads\/2012\/06\/wj-operette_074-181x300.jpg 181w, http:\/\/walter.jankuhn.2fix.de\/wp-content\/uploads\/2012\/06\/wj-operette_074.jpg 242w\" sizes=\"auto, (max-width: 181px) 100vw, 181px\" \/><\/a>Der Tenor JANKUHN war schon zu Beginn seiner Karriere ziemlich umtriebig und viel auf Gastspielreisen. Nach seinem Start in Berlin und Hamburg war er dann <strong>4 Jahre<\/strong> in Hannover bei <strong>Mellini<\/strong>, wo er zum gefeierten Liebling heranwuchs. Nach dem <strong>1. Weltkrieg<\/strong> und der Aufhebung der Zensur f\u00fchlten sich die K\u00fcnstler und die Operette wie befreit. So entschloss sich JANKUHN dann <strong>1920<\/strong> , eine deutsch-\u00f6sterreichische Theatergruppe mit zu begr\u00fcnden (<strong>VIENNA Operetta Corp.\/the minnesingers<\/strong>) die in \u00dcbersee fast 5 Jahre (<strong>1920-24<\/strong>) auf Tournee durch <strong>USA <\/strong>+\u00a0<strong>S\u00fcdamerika<\/strong> ging. Zur\u00fcck \u00fcber London begann dann nach verschiedenen Gastspielen in Deutschland die Gro\u00dfe Zeit der <strong>CHARELL REVUEN<\/strong> am Gro\u00dfen Schauspielhaus und Metropol\/Berlin, mit der inzwischen unangefochtenen Operetten DIVA &#8220;Fritzi Massary&#8221;. Zwischen <strong>1925-30<\/strong> war &#8220;Walter JANKUHN&#8221; 1. Tenor und mit der &#8220;MASSARY&#8221; fest bei CHARELL \u00a0engagiert (Gr.-Schauspielhaus, Berlin) .<\/p>\n<p>Sein Wirken war aber weit umfangreicher und vielf\u00e4ltiger als obige Zusammenfassung Glauben macht! &#8220;Walter Jankuhn&#8221; war auf fast allen bekannten B\u00fchnen in ganz <strong>Deutschland + \u00d6sterreich<\/strong> (Hamburg, Hannover, Breslau, Nbg\/F\u00fchrt, Frankfurt, Magdeburg, Erfurt, D\u00fcsseldorf, Essen, Garmisch, Wien, Innsbruck etc.) zuhause und stand in vielen <strong>europ\u00e4ischen St\u00e4dten <\/strong>mit der <strong>CARISE-Ballett-Revue <\/strong>(F, I, B. etc.)\u00a0auf der B\u00fchne. &#8220;Last not least&#8221; reiste er mit der Vienna Operetta Corp. durch ganz\u00a0<strong>USA + S\u00fcdamerika 1920-24<\/strong>. Genauso vielf\u00e4ltig wie die vielen Theater-Engagements + Ensembles war nat\u00fcrlich auch sein Rollen-Repertoire. Ein kaum fassbarer Aufwand, den man nur mit &#8220;Jankuhn&#8217;s&#8221; grenzenloser Motivation und Selbstausbeutung erkl\u00e4ren kann.<\/p>\n<div id=\"attachment_324\" style=\"width: 489px\" class=\"wp-caption aligncenter\"><a href=\"http:\/\/walter.jankuhn.2fix.de\/wp-content\/uploads\/2012\/06\/wj-operette_0221.jpg\"><img loading=\"lazy\" decoding=\"async\" aria-describedby=\"caption-attachment-324\" class=\"size-full wp-image-324 \" title=\"wj-operette_0221\" src=\"http:\/\/walter.jankuhn.2fix.de\/wp-content\/uploads\/2012\/06\/wj-operette_0221.jpg\" alt=\"\" width=\"479\" height=\"320\" srcset=\"http:\/\/walter.jankuhn.2fix.de\/wp-content\/uploads\/2012\/06\/wj-operette_0221.jpg 599w, http:\/\/walter.jankuhn.2fix.de\/wp-content\/uploads\/2012\/06\/wj-operette_0221-300x200.jpg 300w\" sizes=\"auto, (max-width: 479px) 100vw, 479px\" \/><\/a><p id=\"caption-attachment-324\" class=\"wp-caption-text\">Walter Jankuhn + CARISE-Revueballett<\/p><\/div>\n<p><em><strong>Allein im Jahre &#8220;1929 auf 30&#8221; ,,,,,,<\/strong> hat &#8220;Walter JANKUHN&#8221; neben seiner <strong>Dauerrolle <\/strong>(18 Monate) beim Welterfolg &#8220;<strong>Im Weissen R\u00f6ssl<\/strong>&#8221; , &#8211;\u00a0drei<strong> Film- Premieren<\/strong> gefeiert (<strong>1. <\/strong>Dich hab ich geliebt\/<strong>2. <\/strong>St\u00fcrmisch die Nacht\/<strong>3. <\/strong>Marquise von Pompadour) &#8211; und eine davon mit produziert! Dazu kam\u00a0<strong>in Wien<\/strong> die Welt-Urauff\u00fchrung des &#8220;<strong>Veilchen von Montmartre<\/strong>&#8221; &#8211; und zu allem \u00dcberfluss noch Gastspiele, in \u00a0<strong>Berlin + Breslau<\/strong> mit dem &#8220;<strong>Bettelstudent<\/strong>&#8221; + &#8220;<strong>Polnische Wirtschaft&#8221;<\/strong>\u00a0etc.<strong>?? &#8221; <\/strong><\/em><\/p>\n<p>Im Laufe seiner Karriere als &#8220;KAMMERS\u00c4NGER&#8221; kamen sporadisch Aufgaben als <strong>Theater-Direktor\/Intendant\/Regisseur <\/strong>(Berlin-Nollendorf\/Innsbruck Landesth., IRVING Place, NY. USA etc.)\u00a0dazwischen oder auch Filmrollen zun\u00e4chst beim Stummfilm + dann beim Tonfilm 1929-1934. Und nat\u00fcrlich \u00a0Schallplatten-Produktionen! Siehe dazu Kapitel &gt; <em>KARRIERE (<strong>Zeittafel<\/strong><\/em>).<\/p>\n<p><strong><a href=\"http:\/\/walter.jankuhn.2fix.de\/wp-content\/uploads\/2012\/10\/6129104532_a22e395f08.jpg\"><img loading=\"lazy\" decoding=\"async\" class=\"alignleft size-full wp-image-1581\" title=\"6129104532_a22e395f08\" src=\"http:\/\/walter.jankuhn.2fix.de\/wp-content\/uploads\/2012\/10\/6129104532_a22e395f08.jpg\" alt=\"\" width=\"331\" height=\"401\" srcset=\"http:\/\/walter.jankuhn.2fix.de\/wp-content\/uploads\/2012\/10\/6129104532_a22e395f08.jpg 331w, http:\/\/walter.jankuhn.2fix.de\/wp-content\/uploads\/2012\/10\/6129104532_a22e395f08-247x300.jpg 247w\" sizes=\"auto, (max-width: 331px) 100vw, 331px\" \/><\/a><\/strong>Auch die Nachfrage als Werbetr\u00e4ger war ein Zeichen seines Aufstiegs zur Prominenz.\u00a0<strong>1930<\/strong> war Marken- \u00a0<strong>WERBUNG<\/strong> mit \u00a0bekannten K\u00fcnstlern als &#8220;Testimonial&#8221; schon ge\u00fcbte Praxis und ein lukrativer und karrieref\u00f6r-dernder Nebenverdienst. TV-Werbung war ja noch nicht erfunden! In \u00a0einer Anzeigen Kampagne (linke Abb.) fragt der Hersteller in einem Bildr\u00e4tsel: &#8211; aus welchem Film die Szene mit &#8220;Walter Jankuhn&#8221; stammt? &#8211; Die richtige Antwort w\u00e4re gewesen:<\/p>\n<p><strong>&#8221;Dich hab ich geliebt&#8221;<\/strong><\/p>\n<p>&nbsp;<\/p>\n<p><span style=\"color: #000000;\"><a href=\"http:\/\/walter.jankuhn.2fix.de\/wp-content\/uploads\/2012\/06\/wj-werbung_01.jpg\"><img loading=\"lazy\" decoding=\"async\" class=\"alignright size-medium wp-image-247\" title=\"wj-werbung_01\" src=\"http:\/\/walter.jankuhn.2fix.de\/wp-content\/uploads\/2012\/06\/wj-werbung_01-210x300.jpg\" alt=\"\" width=\"136\" height=\"194\" srcset=\"http:\/\/walter.jankuhn.2fix.de\/wp-content\/uploads\/2012\/06\/wj-werbung_01-210x300.jpg 210w, http:\/\/walter.jankuhn.2fix.de\/wp-content\/uploads\/2012\/06\/wj-werbung_01.jpg 281w\" sizes=\"auto, (max-width: 136px) 100vw, 136px\" \/><\/a> &#8230; beispeilhaft auch die MOSSE \u00a0\u00a9\u00a0(Tuxedo) Werbung oder die &#8220;Sammelbilder&#8221; von Club 3 1\/2 \u00a0\u00a9\u00a0(Kaffee) f\u00fcr die der Markenher-steller ein gro\u00dfes Buch zum Einkleben der diversen Bilder zum Kauf anbot. (&gt; siehe unten) :<\/span><\/p>\n<p><span style=\"color: #000000;\"><br \/>\n<\/span><\/p>\n<p>&nbsp;<\/p>\n<p>&nbsp;<\/p>\n<p><span style=\"color: #000000;\"><a href=\"http:\/\/walter.jankuhn.2fix.de\/wp-content\/uploads\/2012\/11\/wj-club31bild.jpg\"><img loading=\"lazy\" decoding=\"async\" class=\"size-medium wp-image-1963 alignright\" title=\"wj-club31bild\" src=\"http:\/\/walter.jankuhn.2fix.de\/wp-content\/uploads\/2012\/11\/wj-club31bild-300x247.jpg\" alt=\"\" width=\"300\" height=\"247\" srcset=\"http:\/\/walter.jankuhn.2fix.de\/wp-content\/uploads\/2012\/11\/wj-club31bild-300x247.jpg 300w, http:\/\/walter.jankuhn.2fix.de\/wp-content\/uploads\/2012\/11\/wj-club31bild.jpg 320w\" sizes=\"auto, (max-width: 300px) 100vw, 300px\" \/><\/a><img loading=\"lazy\" decoding=\"async\" class=\"alignleft size-full wp-image-1962\" title=\"wj-club31\" src=\"http:\/\/walter.jankuhn.2fix.de\/wp-content\/uploads\/2012\/11\/wj-club31.jpg\" alt=\"\" width=\"206\" height=\"240\" \/><\/span><\/p>\n<p>R\u00fcck\/Vor-<br \/>\nansicht<\/p>\n<p>&nbsp;<\/p>\n<p>&nbsp;<\/p>\n<p>&nbsp;<\/p>\n<p>&nbsp;<\/p>\n<p>Das Berliner Nightlife gestaltete sich von Anfang der 20er bis Ende der 30er derweil immer bunter &#8211; wie uns dieser Ausschnitt vermittelt (youtube) :<\/p>\n<p><iframe loading=\"lazy\" title=\"Berlin Nightlife 1937\" width=\"640\" height=\"480\" src=\"https:\/\/www.youtube.com\/embed\/xXd6vFIyer8?feature=oembed\" frameborder=\"0\" allow=\"accelerometer; autoplay; clipboard-write; encrypted-media; gyroscope; picture-in-picture; web-share\" referrerpolicy=\"strict-origin-when-cross-origin\" allowfullscreen><\/iframe><\/p>\n<p>&nbsp;<\/p>\n<p>&nbsp;<\/p>\n","protected":false},"excerpt":{"rendered":"<p>Urvater der typisch BERLINER Operette ist &#8220;Paul LINCKE&#8221; zu welchem auch &#8220;Walter JANKUHN&#8221; ein gutes pers\u00f6nliches Verh\u00e4ltnis pflegte &#8211; sp\u00e4testens seit dem 70. Geburtstag des Komponisten und der Wiederauff\u00fchrung seiner Operette Frau LUNA\/1936 mit Walter JANKUHN als Prinz Sternschnuppe. \u00a0 &hellip; <a href=\"http:\/\/walter.jankuhn.2fix.de\/?page_id=190\">Continue reading <span class=\"meta-nav\">&rarr;<\/span><\/a><\/p>\n","protected":false},"author":1,"featured_media":0,"parent":131,"menu_order":1,"comment_status":"open","ping_status":"open","template":"","meta":{"footnotes":""},"class_list":["post-190","page","type-page","status-publish","hentry"],"_links":{"self":[{"href":"http:\/\/walter.jankuhn.2fix.de\/index.php?rest_route=\/wp\/v2\/pages\/190","targetHints":{"allow":["GET"]}}],"collection":[{"href":"http:\/\/walter.jankuhn.2fix.de\/index.php?rest_route=\/wp\/v2\/pages"}],"about":[{"href":"http:\/\/walter.jankuhn.2fix.de\/index.php?rest_route=\/wp\/v2\/types\/page"}],"author":[{"embeddable":true,"href":"http:\/\/walter.jankuhn.2fix.de\/index.php?rest_route=\/wp\/v2\/users\/1"}],"replies":[{"embeddable":true,"href":"http:\/\/walter.jankuhn.2fix.de\/index.php?rest_route=%2Fwp%2Fv2%2Fcomments&post=190"}],"version-history":[{"count":78,"href":"http:\/\/walter.jankuhn.2fix.de\/index.php?rest_route=\/wp\/v2\/pages\/190\/revisions"}],"predecessor-version":[{"id":3609,"href":"http:\/\/walter.jankuhn.2fix.de\/index.php?rest_route=\/wp\/v2\/pages\/190\/revisions\/3609"}],"up":[{"embeddable":true,"href":"http:\/\/walter.jankuhn.2fix.de\/index.php?rest_route=\/wp\/v2\/pages\/131"}],"wp:attachment":[{"href":"http:\/\/walter.jankuhn.2fix.de\/index.php?rest_route=%2Fwp%2Fv2%2Fmedia&parent=190"}],"curies":[{"name":"wp","href":"https:\/\/api.w.org\/{rel}","templated":true}]}}