{"id":185,"date":"2012-06-12T14:38:05","date_gmt":"2012-06-12T14:38:05","guid":{"rendered":"http:\/\/walter.jankuhn.2fix.de\/?page_id=185"},"modified":"2013-02-11T16:32:26","modified_gmt":"2013-02-11T16:32:26","slug":"curise-ballett","status":"publish","type":"page","link":"http:\/\/walter.jankuhn.2fix.de\/?page_id=185","title":{"rendered":"CARISE &#8211; Europa"},"content":{"rendered":"<p><a href=\"http:\/\/walter.jankuhn.2fix.de\/wp-content\/uploads\/2012\/06\/wj-Plakat_RevueCarise.jpg\"><img loading=\"lazy\" decoding=\"async\" class=\"alignleft size-full wp-image-287\" title=\"wj-Plakat_RevueCarise\" src=\"http:\/\/walter.jankuhn.2fix.de\/wp-content\/uploads\/2012\/06\/wj-Plakat_RevueCarise.jpg\" alt=\"\" width=\"217\" height=\"400\" srcset=\"http:\/\/walter.jankuhn.2fix.de\/wp-content\/uploads\/2012\/06\/wj-Plakat_RevueCarise.jpg 271w, http:\/\/walter.jankuhn.2fix.de\/wp-content\/uploads\/2012\/06\/wj-Plakat_RevueCarise-162x300.jpg 162w\" sizes=\"auto, (max-width: 217px) 100vw, 217px\" \/><\/a>Das Genre &#8220;Theater-Revuen&#8221; wurden in den 20\/30er Jahren mit den &#8220;Tiller Girls&#8221; + &#8220;CHARELL Operetten&#8221; popul\u00e4r. Das von der Ballerina &#8220;Erna CARISE&#8221; iniziierte <strong>CARISE Ballett <\/strong>wurde europaweit popul\u00e4r. Es war an kein Theater fest gebunden, sondern eine Wandertruppe die ganz Europa mit einem wechselnden Variete- Programm mit gro\u00dfem Erfolg bespielt hat. Es war in den Metropolen <strong>Berlin, Rom<\/strong> und <strong>Paris<\/strong> unterwegs, aber hat auch die S\u00e4le deutscher Kurb\u00e4der und Provinzst\u00e4dte gef\u00fcllt (z.B. Wiesbaden). Das CARISE war eine Offenbarung der Tanzkunst mit gro\u00dfen Prunkausstattungen, popul\u00e4ren Operettenschlagern, Akrobatik und humorvollen Sketchen. Au\u00dferdem wurde das Ballett f\u00fcr gro\u00dfe Operetteninszenierungen im <strong>Admiralspalast<\/strong>\u00a0 etc. engagiert (wie z.B. in: &#8220;Frau Luna\/<strong>38<\/strong>&#8221;\u00a0und &#8220;Heut&#8217; bin ich verliebt\/<strong>37<\/strong>&#8220;).<\/p>\n<p>Begr\u00fcndet wurde das Ballett von &#8220;Erna CARISE&#8221;, die sich in dem Film &#8220;<strong>Die K\u00f6nigin der Revue<\/strong>&#8221; \u00a0mit der unvergesslichen &#8220;Josephine BAKER&#8221; ein Denkmal gesetzt hat.<\/p>\n<p>&nbsp;<\/p>\n<p><a href=\"http:\/\/walter.jankuhn.2fix.de\/wp-content\/uploads\/2012\/06\/wj-Tanz_01.jpg\"><img loading=\"lazy\" decoding=\"async\" class=\"size-thumbnail wp-image-254 alignnone\" title=\"wj-Tanz_01\" src=\"http:\/\/walter.jankuhn.2fix.de\/wp-content\/uploads\/2012\/06\/wj-Tanz_01-150x150.jpg\" alt=\"\" width=\"150\" height=\"150\" \/><\/a><a href=\"http:\/\/walter.jankuhn.2fix.de\/wp-content\/uploads\/2012\/10\/sw-husaren.jpg\"><img loading=\"lazy\" decoding=\"async\" class=\"alignnone size-thumbnail wp-image-1670\" title=\"sw-husaren\" src=\"http:\/\/walter.jankuhn.2fix.de\/wp-content\/uploads\/2012\/10\/sw-husaren-150x150.jpg\" alt=\"\" width=\"150\" height=\"150\" \/><\/a><a href=\"http:\/\/walter.jankuhn.2fix.de\/wp-content\/uploads\/2012\/06\/wj-operette_210.jpg\"><img loading=\"lazy\" decoding=\"async\" class=\"alignnone size-thumbnail wp-image-348\" title=\"wj-operette_210\" src=\"http:\/\/walter.jankuhn.2fix.de\/wp-content\/uploads\/2012\/06\/wj-operette_210-150x150.jpg\" alt=\"\" width=\"150\" height=\"150\" \/><\/a><a href=\"http:\/\/walter.jankuhn.2fix.de\/wp-content\/uploads\/2012\/06\/wj-familie_008.jpg\"><img loading=\"lazy\" decoding=\"async\" class=\"alignnone size-thumbnail wp-image-502\" title=\"wj-familie_008\" src=\"http:\/\/walter.jankuhn.2fix.de\/wp-content\/uploads\/2012\/06\/wj-familie_008-150x150.jpg\" alt=\"\" width=\"150\" height=\"150\" \/><\/a><\/p>\n<p>&nbsp;<\/p>\n<p><a href=\"http:\/\/walter.jankuhn.2fix.de\/wp-content\/uploads\/2012\/07\/apollo-1000.jpg\"><img loading=\"lazy\" decoding=\"async\" class=\"alignleft size-full wp-image-1157\" title=\"apollo-1000\" src=\"http:\/\/walter.jankuhn.2fix.de\/wp-content\/uploads\/2012\/07\/apollo-1000.jpg\" alt=\"\" width=\"288\" height=\"400\" srcset=\"http:\/\/walter.jankuhn.2fix.de\/wp-content\/uploads\/2012\/07\/apollo-1000.jpg 288w, http:\/\/walter.jankuhn.2fix.de\/wp-content\/uploads\/2012\/07\/apollo-1000-216x300.jpg 216w\" sizes=\"auto, (max-width: 288px) 100vw, 288px\" \/><\/a><strong>CARISE<\/strong> war ein Konzept das aufging und \u00fcberall wo das Ballett auftrat wurde es bejubelt. Auch &#8220;Walter JANKUHN&#8221; ging mit der Tanz-Truppe und Ballerina &#8220;Marga BERNDT&#8221; vom CARISE-Ballett immer wieder gerne auf Gastspiel-Reise, in Deutschland und Europa. Ein dankbarer Job f\u00fcr Kurzeins\u00e4tze die dem Publikum viel Spa\u00df machten und dem Herrn Kammers\u00e4nger auch. Nebenbei bot es ihm Zeit und Raum f\u00fcr die Erweiterung seiner FAN-Gemeinde und die Entdeckung neuer St\u00e4dte, Landschaften sowie die Bakanntschaft mit neuen K\u00fcnstler-Kollegen. Einen riesigen Erfolg hatte das CARISE-Ballet mit der Revue: &#8220;<strong>1000 Freuden in einer Nacht<\/strong>&#8221; im APOLLO D\u00fcsseldorf mit 180 Mitwirkenden, darunter viele Prominente &#8211; ebenso im THALIA Theater Wuppertal (Foto unten).<a href=\"http:\/\/walter.jankuhn.2fix.de\/wp-content\/uploads\/2012\/06\/wj-Theater_Hamburg.jpg\"><img loading=\"lazy\" decoding=\"async\" class=\"alignright size-medium wp-image-256\" title=\"wj-Theater_Hamburg\" src=\"http:\/\/walter.jankuhn.2fix.de\/wp-content\/uploads\/2012\/06\/wj-Theater_Hamburg-300x208.jpg\" alt=\"\" width=\"300\" height=\"208\" srcset=\"http:\/\/walter.jankuhn.2fix.de\/wp-content\/uploads\/2012\/06\/wj-Theater_Hamburg-300x208.jpg 300w, http:\/\/walter.jankuhn.2fix.de\/wp-content\/uploads\/2012\/06\/wj-Theater_Hamburg.jpg 575w\" sizes=\"auto, (max-width: 300px) 100vw, 300px\" \/><\/a><\/p>\n<p><strong>Abb.<\/strong> v. o. links beginnend: &#8220;Betty Amann, Ludwig Schmitz, Dinan Grace, Walter Gro\u00df, Walter Jankuhn, Else Elster, Bernd K\u00f6nigsfeld, Luise St\u00f6ssel.<\/p>\n<p>(<strong>unten<\/strong>: W. Jankuhn 2. v. l.)<\/p>\n<p style=\"text-align: center;\"><a href=\"http:\/\/walter.jankuhn.2fix.de\/wp-content\/uploads\/2012\/07\/carise-welt.jpg\"><img loading=\"lazy\" decoding=\"async\" class=\"aligncenter size-full wp-image-1045\" title=\"carise-welt\" src=\"http:\/\/walter.jankuhn.2fix.de\/wp-content\/uploads\/2012\/07\/carise-welt.jpg\" alt=\"\" width=\"485\" height=\"500\" srcset=\"http:\/\/walter.jankuhn.2fix.de\/wp-content\/uploads\/2012\/07\/carise-welt.jpg 485w, http:\/\/walter.jankuhn.2fix.de\/wp-content\/uploads\/2012\/07\/carise-welt-291x300.jpg 291w\" sizes=\"auto, (max-width: 485px) 100vw, 485px\" \/><\/a><\/p>\n<p style=\"text-align: left;\"><a href=\"http:\/\/walter.jankuhn.2fix.de\/wp-content\/uploads\/2012\/12\/flora-carise.jpg\"><img loading=\"lazy\" decoding=\"async\" class=\"alignleft size-full wp-image-2365\" title=\"flora-carise\" src=\"http:\/\/walter.jankuhn.2fix.de\/wp-content\/uploads\/2012\/12\/flora-carise.jpg\" alt=\"\" width=\"106\" height=\"150\" \/><\/a>Auf Tournee mit dem Carise Ballett lernte Herr Kammers\u00e4nger Jankuhn auch seine sp\u00e4tere Ehefrau Tutti (Ahrens) kennen und lieben. Die Revue &#8220;<strong>M\u00e4rchen vom Gl\u00fcck<\/strong>&#8221; hatte also tats\u00e4chlich sp\u00e4ter ein Happy-End. \u00a0Die Gastspiel-Reisen durch Deutschland mit Abstechern nach S\u00fcdeuropa\/Italien sowie Frankreich und Belgien waren zwar harte Arbeit &#8211; aber mit genug Zeit f\u00fcr Urlaubsausfl\u00fcge zwischendurch. Die <strong>Fotos<\/strong> zeigen: &#8220;Walter Jankuhn&#8221; in Venedig (?!) \u00a0und das <strong>Foto<\/strong> <strong>rechts<\/strong>: T\u00e4nzerin &#8220;Tutti Ahrens&#8221; (mit Stricknadel) Outdoor mit Kollegen in einer Theater-Pause.<\/p>\n<p style=\"text-align: center;\"><a href=\"http:\/\/walter.jankuhn.2fix.de\/wp-content\/uploads\/2012\/11\/wj-venedig.jpg\"><img loading=\"lazy\" decoding=\"async\" class=\"alignleft size-full wp-image-1969\" title=\"wj-venedig\" src=\"http:\/\/walter.jankuhn.2fix.de\/wp-content\/uploads\/2012\/11\/wj-venedig.jpg\" alt=\"\" width=\"240\" height=\"189\" \/><\/a><a href=\"http:\/\/walter.jankuhn.2fix.de\/wp-content\/uploads\/2012\/11\/kdf-tournee.jpg\"><img loading=\"lazy\" decoding=\"async\" class=\"alignright size-medium wp-image-1929\" title=\"kdf-tournee\" src=\"http:\/\/walter.jankuhn.2fix.de\/wp-content\/uploads\/2012\/11\/kdf-tournee-300x198.jpg\" alt=\"\" width=\"300\" height=\"198\" srcset=\"http:\/\/walter.jankuhn.2fix.de\/wp-content\/uploads\/2012\/11\/kdf-tournee-300x198.jpg 300w, http:\/\/walter.jankuhn.2fix.de\/wp-content\/uploads\/2012\/11\/kdf-tournee.jpg 500w\" sizes=\"auto, (max-width: 300px) 100vw, 300px\" \/><\/a><\/p>\n<p style=\"text-align: center;\"><a href=\"http:\/\/walter.jankuhn.2fix.de\/wp-content\/uploads\/2012\/06\/wj-Heft_042_s02_Revue_Carise.jpg\"><img loading=\"lazy\" decoding=\"async\" class=\"alignleft size-full wp-image-453\" title=\"wj-Heft_042_s02_Revue_Carise\" src=\"http:\/\/walter.jankuhn.2fix.de\/wp-content\/uploads\/2012\/06\/wj-Heft_042_s02_Revue_Carise.jpg\" alt=\"\" width=\"687\" height=\"500\" srcset=\"http:\/\/walter.jankuhn.2fix.de\/wp-content\/uploads\/2012\/06\/wj-Heft_042_s02_Revue_Carise.jpg 687w, http:\/\/walter.jankuhn.2fix.de\/wp-content\/uploads\/2012\/06\/wj-Heft_042_s02_Revue_Carise-300x218.jpg 300w\" sizes=\"auto, (max-width: 687px) 100vw, 687px\" \/><\/a><\/p>\n<p><a href=\"http:\/\/walter.jankuhn.2fix.de\/wp-content\/uploads\/2012\/11\/da-spielen.jpg\"><img loading=\"lazy\" decoding=\"async\" class=\"alignleft size-medium wp-image-1912\" title=\"da-spielen\" src=\"http:\/\/walter.jankuhn.2fix.de\/wp-content\/uploads\/2012\/11\/da-spielen-300x187.jpg\" alt=\"\" width=\"300\" height=\"187\" srcset=\"http:\/\/walter.jankuhn.2fix.de\/wp-content\/uploads\/2012\/11\/da-spielen-300x187.jpg 300w, http:\/\/walter.jankuhn.2fix.de\/wp-content\/uploads\/2012\/11\/da-spielen.jpg 415w\" sizes=\"auto, (max-width: 300px) 100vw, 300px\" \/><\/a><a href=\"http:\/\/walter.jankuhn.2fix.de\/wp-content\/uploads\/2012\/11\/carise-tutti.jpg\"><img loading=\"lazy\" decoding=\"async\" class=\"alignright size-medium wp-image-1908\" title=\"carise-tutti\" src=\"http:\/\/walter.jankuhn.2fix.de\/wp-content\/uploads\/2012\/11\/carise-tutti-300x237.jpg\" alt=\"\" width=\"243\" height=\"192\" srcset=\"http:\/\/walter.jankuhn.2fix.de\/wp-content\/uploads\/2012\/11\/carise-tutti-300x237.jpg 300w, http:\/\/walter.jankuhn.2fix.de\/wp-content\/uploads\/2012\/11\/carise-tutti.jpg 500w\" sizes=\"auto, (max-width: 243px) 100vw, 243px\" \/><\/a><\/p>\n<p>&nbsp;<\/p>\n<p>&nbsp;<\/p>\n<p>&nbsp;<\/p>\n<p>&nbsp;<\/p>\n<p>&nbsp;<\/p>\n<p>&nbsp;<\/p>\n<p>&nbsp;<\/p>\n<p>&nbsp;<\/p>\n<p>&nbsp;<\/p>\n<p>&nbsp;<\/p>\n<p><strong>Foto<\/strong> links: Das 1930 erbaute CASINO in <strong>Knokke<\/strong>\/Belgien in welchem der Tenorist &#8220;Walter JANKUHN&#8221; mit der CARISE Revue gastiere. Das Schlussbild zeigt die Solot\u00e4nzerin Tutti AHRENS &#8211; his privat favorit beim CARISE und im sp\u00e4teren Leben!<\/p>\n<p><a href=\"http:\/\/walter.jankuhn.2fix.de\/wp-content\/uploads\/2012\/06\/wj-familie_018.jpg\"><img loading=\"lazy\" decoding=\"async\" class=\"alignright size-medium wp-image-512\" title=\"wj-familie_018\" src=\"http:\/\/walter.jankuhn.2fix.de\/wp-content\/uploads\/2012\/06\/wj-familie_018-216x300.jpg\" alt=\"\" width=\"194\" height=\"270\" srcset=\"http:\/\/walter.jankuhn.2fix.de\/wp-content\/uploads\/2012\/06\/wj-familie_018-216x300.jpg 216w, http:\/\/walter.jankuhn.2fix.de\/wp-content\/uploads\/2012\/06\/wj-familie_018.jpg 289w\" sizes=\"auto, (max-width: 194px) 100vw, 194px\" \/><\/a><\/p>\n","protected":false},"excerpt":{"rendered":"<p>Das Genre &#8220;Theater-Revuen&#8221; wurden in den 20\/30er Jahren mit den &#8220;Tiller Girls&#8221; + &#8220;CHARELL Operetten&#8221; popul\u00e4r. Das von der Ballerina &#8220;Erna CARISE&#8221; iniziierte CARISE Ballett wurde europaweit popul\u00e4r. Es war an kein Theater fest gebunden, sondern eine Wandertruppe die ganz &hellip; <a href=\"http:\/\/walter.jankuhn.2fix.de\/?page_id=185\">Continue reading <span class=\"meta-nav\">&rarr;<\/span><\/a><\/p>\n","protected":false},"author":1,"featured_media":0,"parent":135,"menu_order":3,"comment_status":"open","ping_status":"open","template":"","meta":{"footnotes":""},"class_list":["post-185","page","type-page","status-publish","hentry"],"_links":{"self":[{"href":"http:\/\/walter.jankuhn.2fix.de\/index.php?rest_route=\/wp\/v2\/pages\/185","targetHints":{"allow":["GET"]}}],"collection":[{"href":"http:\/\/walter.jankuhn.2fix.de\/index.php?rest_route=\/wp\/v2\/pages"}],"about":[{"href":"http:\/\/walter.jankuhn.2fix.de\/index.php?rest_route=\/wp\/v2\/types\/page"}],"author":[{"embeddable":true,"href":"http:\/\/walter.jankuhn.2fix.de\/index.php?rest_route=\/wp\/v2\/users\/1"}],"replies":[{"embeddable":true,"href":"http:\/\/walter.jankuhn.2fix.de\/index.php?rest_route=%2Fwp%2Fv2%2Fcomments&post=185"}],"version-history":[{"count":50,"href":"http:\/\/walter.jankuhn.2fix.de\/index.php?rest_route=\/wp\/v2\/pages\/185\/revisions"}],"predecessor-version":[{"id":3456,"href":"http:\/\/walter.jankuhn.2fix.de\/index.php?rest_route=\/wp\/v2\/pages\/185\/revisions\/3456"}],"up":[{"embeddable":true,"href":"http:\/\/walter.jankuhn.2fix.de\/index.php?rest_route=\/wp\/v2\/pages\/135"}],"wp:attachment":[{"href":"http:\/\/walter.jankuhn.2fix.de\/index.php?rest_route=%2Fwp%2Fv2%2Fmedia&parent=185"}],"curies":[{"name":"wp","href":"https:\/\/api.w.org\/{rel}","templated":true}]}}