{"id":181,"date":"2012-06-12T14:33:07","date_gmt":"2012-06-12T14:33:07","guid":{"rendered":"http:\/\/walter.jankuhn.2fix.de\/?page_id=181"},"modified":"2013-05-08T21:47:06","modified_gmt":"2013-05-08T21:47:06","slug":"innsbruck-landesthater","status":"publish","type":"page","link":"http:\/\/walter.jankuhn.2fix.de\/?page_id=181","title":{"rendered":"Austria 29\/30+38\/39"},"content":{"rendered":"<h2>Wien 1929\/30<\/h2>\n<p><a href=\"http:\/\/walter.jankuhn.2fix.de\/wp-content\/uploads\/2012\/07\/Walter-Jankuhn-Bild.jpg\"><img loading=\"lazy\" decoding=\"async\" class=\"alignleft size-full wp-image-1066\" title=\"Walter Jankuhn-Bild\" src=\"http:\/\/walter.jankuhn.2fix.de\/wp-content\/uploads\/2012\/07\/Walter-Jankuhn-Bild.jpg\" alt=\"\" width=\"327\" height=\"747\" srcset=\"http:\/\/walter.jankuhn.2fix.de\/wp-content\/uploads\/2012\/07\/Walter-Jankuhn-Bild.jpg 448w, http:\/\/walter.jankuhn.2fix.de\/wp-content\/uploads\/2012\/07\/Walter-Jankuhn-Bild-131x300.jpg 131w\" sizes=\"auto, (max-width: 327px) 100vw, 327px\" \/><\/a><\/p>\n<p><a href=\"http:\/\/walter.jankuhn.2fix.de\/wp-content\/uploads\/2012\/12\/joh.str_.th-wien.jpg\"><img loading=\"lazy\" decoding=\"async\" class=\"alignright size-full wp-image-2391\" title=\"joh.str.th-wien\" src=\"http:\/\/walter.jankuhn.2fix.de\/wp-content\/uploads\/2012\/12\/joh.str_.th-wien.jpg\" alt=\"\" width=\"242\" height=\"168\" \/><\/a><\/p>\n<p>&nbsp;<\/p>\n<p>&nbsp;<\/p>\n<p>&nbsp;<\/p>\n<p>&nbsp;<\/p>\n<p>Die Berliner Operette hatte der Wiener Operette in den 20\/30ern ein wenig<br \/>\nden Rang abgelaufen. Dennoch sind die Wiener Walzerkl\u00e4nge von Johann Strauss &amp; Kollegen immer zeitlos geblieben! &#8220;Walter JANKUHN&#8221; kannte das &#8220;Joh. Strauss Theater&#8221; in Wien bereits durch seine 1. Frau &#8220;Mizzi DELORM&#8221; mit der er gemeinsam auf AMERIKA-Tournee war. Diese Wiener S\u00e4ngerin war bereits vor 1920 in jungen Jahren eine beliebte Soubrette am Joh. Strauss Theater in Wien&#8221;.<\/p>\n<p>&#8220;Walter JANKUHN&#8221; fieberte seiner Premiere am Joh. Strauss Theater genauso entgegen wie das verw\u00f6hnte Wiener Publikum. Die Erstauff\u00fchrung des musikalischen Schauspiels &#8220;<span style=\"color: #000000;\"><strong>HOTEL <\/strong><strong>STADT LEMBERG<\/strong><\/span><em>&#8220;<\/em> (wie der gleich-namige Film), Musik: Jean Gilbert, fand am <strong>15. 9. 29<\/strong> statt. Das Weltblatt schrieb begeistert:<\/p>\n<p><em><a href=\"http:\/\/walter.jankuhn.2fix.de\/wp-content\/uploads\/2012\/11\/anny-ahlers.jpg\"><img loading=\"lazy\" decoding=\"async\" class=\"alignright size-full wp-image-1902\" title=\"anny-ahlers\" src=\"http:\/\/walter.jankuhn.2fix.de\/wp-content\/uploads\/2012\/11\/anny-ahlers.jpg\" alt=\"\" width=\"151\" height=\"237\" \/><\/a>&#8220;Der eigentliche Held des Schauspiels ist freilich der Husaren-leutnant &#8220;<\/em>Walter JANKUHN&#8221;<em>, dem schon aus Berlin ein guter<br \/>\nRuf voranging, ein ebenso guter wie sympathischer Interpret. Seine gro\u00dfe Szene mit Anna &#8220;<\/em>Anny AHLERS&#8221;<em> fand den st\u00e4rksten Beifall des Abends &#8230; So endete der Abend in Begeisterung &#8230; und es gab Blumen und unz\u00e4hlige Hervorrufe &#8230; ein gro\u00dfer Erfolg, nicht nur der Premiere &#8211; sondern ein Publikumserfolg.&#8221;<\/em><\/p>\n<p><em> <\/em><a href=\"http:\/\/walter.jankuhn.2fix.de\/wp-content\/uploads\/2012\/07\/veilchen-best.jpg\"><img loading=\"lazy\" decoding=\"async\" class=\"alignleft size-full wp-image-1064\" title=\"veilchen-best\" src=\"http:\/\/walter.jankuhn.2fix.de\/wp-content\/uploads\/2012\/07\/veilchen-best.jpg\" alt=\"\" width=\"309\" height=\"830\" \/><\/a><\/p>\n<p>.Das n\u00e4chste innovative Projekt war die <strong>Welt-Urauff\u00fchrung\u00a0<\/strong>einer neuen Operette des ber\u00fchmten Wiener Erfolgs-Komponisten &#8220;Emmerich KALMAN&#8221;: \u00a0&#8220;<span style=\"color: #000000;\"><strong>Das Veilchen von Montmartre<\/strong>&#8220;.<\/span>\u00a0Diese neue \u00a0Herausforderung w9llte sich Herr Walter JANKUHN und Partnerin Anny AHLERS auf keinen Fall entgehen lassen. \u00a0Premiere war\u00a0<strong>21. M\u00e4rz 1930<\/strong> im &#8220;Johann Strauss Theater\/Wien&#8221;. Die deutschsprachige Presse \u00fcberschlug sich nach der Auff\u00fchrung mit Lobeshymnen \/ Zitate:<\/p>\n<p><em>&#8220;&#8230;seit Jahren hatte Wien nicht mehr ein so gro\u00dfes k\u00fcnstlerisches Erlebnis. Die Karten waren tagelang vorher ausverkauft.<br \/>\nDie neue Operette sieht zwei \u00fcberragende Talente am Werk: den Komponisten &#8220;<\/em>Emmerich KALMAN&#8221;<em> und den Tenor &#8220;<\/em>Walter JANKUHN&#8221;.\u00a0<em>Den Haupterfolg unter den Darstellern darf \u00a0&#8220;<\/em>Walter JANKUHN&#8221;\u00a0<em> f\u00fcr sich in Anspruch nehmen. Er ist nun mal der sympathischste Tenor der je \u00fcber eine deutsche B\u00fchne ging. Nichts rei\u00dferisches, keinerlei Tenorall\u00fcren, alles schlicht und einfach. Stimmlich steht er heute auf ziemlich einsamer H\u00f6he. Es hat selten S\u00e4nger gegeben, deren Organ eine so gro\u00dfe und saubere Kultur verr\u00e4t. Diese Stimme ist machtvoll in der H\u00f6he und s\u00fc\u00df im Piano. Immer rein und klar &#8230;(RAZ, LGA, HVZ, BLZ).&#8221;<\/em><\/p>\n<div id=\"attachment_426\" style=\"width: 360px\" class=\"wp-caption aligncenter\"><a href=\"http:\/\/walter.jankuhn.2fix.de\/wp-content\/uploads\/2012\/06\/wj-kalman2.jpg\"><img loading=\"lazy\" decoding=\"async\" aria-describedby=\"caption-attachment-426\" class=\"size-full wp-image-426 \" title=\"wj-kalman2\" src=\"http:\/\/walter.jankuhn.2fix.de\/wp-content\/uploads\/2012\/06\/wj-kalman2.jpg\" alt=\"\" width=\"350\" height=\"252\" srcset=\"http:\/\/walter.jankuhn.2fix.de\/wp-content\/uploads\/2012\/06\/wj-kalman2.jpg 556w, http:\/\/walter.jankuhn.2fix.de\/wp-content\/uploads\/2012\/06\/wj-kalman2-300x215.jpg 300w\" sizes=\"auto, (max-width: 350px) 100vw, 350px\" \/><\/a><p id=\"caption-attachment-426\" class=\"wp-caption-text\">Emmerich Kalman + Walter Jankuhn 1930<\/p><\/div>\n<p>Foto: zeigt den Komponisten: &#8220;Emmerich KALMAN&#8221; nach der Wiener Premiere mit seinem Berliner Operettenheld &#8220;Walter JANKUHN&#8221;. Das war eine Besonderheit, denn in Wien hatte ansonsten immer der bekannte Tenor MARISCHKA ein festes Abonnement<a href=\"http:\/\/walter.jankuhn.2fix.de\/wp-content\/uploads\/2012\/06\/images1.jpg\"><img loading=\"lazy\" decoding=\"async\" class=\"alignright size-full wp-image-1628\" title=\"images\" src=\"http:\/\/walter.jankuhn.2fix.de\/wp-content\/uploads\/2012\/06\/images1.jpg\" alt=\"\" width=\"152\" height=\"240\" \/><\/a><br \/>\nauf Kalman&#8217;s Operetten-Rollen. Eine Ausnahme war einzig das \u00a0&#8220;<strong>Veilchen von Montmartre<\/strong>&#8220;. Eine weitere \u00dcberraschung dieser mit Ovationen gefeierten Urauff\u00fchrung &#8211; die noch \u00fcber 100 mal lief, war dann die Entdeckung der erst 18 Jahre alten ungarischen Sopranistin &#8220;Martha EGGERT&#8221; &#8211; die frenetisch gefeiert wurde, nachdem sie die indisponierte &#8220;Adele KERN&#8221; ersetzen musste. Dass dieser Zufall der Start einer Weltkarriere als Operns\u00e4ngerin mit dem Opernstar und sp\u00e4teren Ehemann Jan KIPURA werden w\u00fcrde, konnte man nach ihrer Vorstellung als &#8220;Veilchen von Montmartre&#8221; nur ahnen &#8230; (Foto rechts).<\/p>\n<p>In Ermangelung von Original-Aufnahmen hier eine Kostprobe, gesungen von Margit Streich:<\/p>\n<p>http:\/\/www.youtube.com\/watch?v=SyBRmZNL3mk&#038;list=PL898892514A54898B&#038;index=169<\/p>\n<h2>St\u00e4dt. B\u00fchnen\/Tiroler Landestheater &#8211; Innsbruck 1938\/39<\/h2>\n<p><a href=\"http:\/\/walter.jankuhn.2fix.de\/wp-content\/uploads\/2012\/06\/wj-Pflugi.jpg\"><img loading=\"lazy\" decoding=\"async\" class=\"alignleft size-full wp-image-281\" title=\"wj-Pflugi\" src=\"http:\/\/walter.jankuhn.2fix.de\/wp-content\/uploads\/2012\/06\/wj-Pflugi.jpg\" alt=\"Dirigent Pflugmacher &quot;Pflugi&quot;\" width=\"195\" height=\"288\" srcset=\"http:\/\/walter.jankuhn.2fix.de\/wp-content\/uploads\/2012\/06\/wj-Pflugi.jpg 271w, http:\/\/walter.jankuhn.2fix.de\/wp-content\/uploads\/2012\/06\/wj-Pflugi-203x300.jpg 203w\" sizes=\"auto, (max-width: 195px) 100vw, 195px\" \/><\/a><\/p>\n<div id=\"attachment_257\" style=\"width: 160px\" class=\"wp-caption alignright\"><a href=\"http:\/\/walter.jankuhn.2fix.de\/wp-content\/uploads\/2012\/06\/wj-Theater_Insbruck.jpg\"><img loading=\"lazy\" decoding=\"async\" aria-describedby=\"caption-attachment-257\" class=\"size-thumbnail wp-image-257\" title=\"wj-Theater_Insbruck\" src=\"http:\/\/walter.jankuhn.2fix.de\/wp-content\/uploads\/2012\/06\/wj-Theater_Insbruck-150x150.jpg\" alt=\"\" width=\"150\" height=\"150\" \/><\/a><p id=\"caption-attachment-257\" class=\"wp-caption-text\">Landestheater Innsbruck<\/p><\/div>\n<p>Fast 10 Jahre sp\u00e4ter hatte &#8220;Walter JANKUHN&#8221; wieder ein l\u00e4ngeres Engagement in<br \/>\n\u00d6sterreich. Hier sp\u00fchrte man 1938\/40 etwas weniger von den nahenden Kriegsturbulenzen des zweiten Weltkrieges. In Austria feierten \u00a0national gesinnte \u00d6sterreicher gerade den &#8220;Anschluss ans Deutsche Reich&#8221; &#8211; wie eine Befreiung mit Tanz, Musik und organisierten Jubel-Aufm\u00e4rschen. \u00d6sterreich war dennoch \u00a0&#8220;etwas entfernt vom Schuss&#8221; &#8211; umgeben von seiner idylischen Bergwelt &#8211; nicht so im \u00a0Brennpunkt von Kriegsbedrohungen wie Berlin und eine der wenigen Oasen f\u00fcr &#8220;deutschsprachiges Theater&#8221;, Operette und klassicher Musik in Europa.<br \/>\nIn Innsbruck bestand\u00a0die Herausforderung darin, dass Walter JANKUHN eine Doppelrolle als Spielleiter und S\u00e4nger wahrnehmen\u00a0konnte (wie schon am Nollendorf-Theater in Berlin) . Au\u00dferdem er\u00f6ffnete es die Gelegenheit sich auch intensiver mit klassischer Musik auseinanderzusetzen. Dabei kam ihm insbesondere die enge Zusammenarbeit mit dem \u00f6sterreichischen Komponisten und Dirigenten &#8220;Max Alex PFLUGMACHER&#8221; (Pflugi) \u00a0zugute. Sp\u00e4ter ein guter Freund von&#8221;Walter Jankuhn&#8221; und seiner Familie selbst als dieser 1953 verstorben war. PFLUGMACHER war ein gro\u00dfer Musiker und noch bis ins hohe Alter in den 90iger Jahren t\u00e4tig und hat u.a. die Musik zu einigen Filmen geschrieben.<\/p>\n<div id=\"attachment_1918\" style=\"width: 310px\" class=\"wp-caption aligncenter\"><a href=\"http:\/\/walter.jankuhn.2fix.de\/wp-content\/uploads\/2012\/11\/f\u00fcrst-b\u00fchne.jpg\"><img loading=\"lazy\" decoding=\"async\" aria-describedby=\"caption-attachment-1918\" class=\"size-medium wp-image-1918\" title=\"f\u00fcrst-b\u00fchne\" src=\"http:\/\/walter.jankuhn.2fix.de\/wp-content\/uploads\/2012\/11\/f\u00fcrst-b\u00fchne-300x186.jpg\" alt=\"\" width=\"300\" height=\"186\" srcset=\"http:\/\/walter.jankuhn.2fix.de\/wp-content\/uploads\/2012\/11\/f\u00fcrst-b\u00fchne-300x186.jpg 300w, http:\/\/walter.jankuhn.2fix.de\/wp-content\/uploads\/2012\/11\/f\u00fcrst-b\u00fchne.jpg 320w\" sizes=\"auto, (max-width: 300px) 100vw, 300px\" \/><\/a><p id=\"caption-attachment-1918\" class=\"wp-caption-text\">F\u00fcrst ohne Land<\/p><\/div>\n<div id=\"attachment_333\" style=\"width: 160px\" class=\"wp-caption alignright\"><a href=\"http:\/\/walter.jankuhn.2fix.de\/wp-content\/uploads\/2012\/06\/wj-operette_0115.jpg\"><img loading=\"lazy\" decoding=\"async\" aria-describedby=\"caption-attachment-333\" class=\"size-thumbnail wp-image-333\" title=\"wj-operette_0115\" src=\"http:\/\/walter.jankuhn.2fix.de\/wp-content\/uploads\/2012\/06\/wj-operette_0115-150x150.jpg\" alt=\"\" width=\"150\" height=\"150\" \/><\/a><p id=\"caption-attachment-333\" class=\"wp-caption-text\">W. Jankuhn \/ F.o.L.<\/p><\/div>\n<p>Im Fokus steht hier aber die Spielzeit <strong>1938\/39 <\/strong>der\u00a0St\u00e4dt. B\u00fchne Innsbruck mit der Operette: &#8220;<strong>F\u00fcrst ohne Land<\/strong>&#8220;,\u00a0Musik: &#8220;M. PFLUGMACHER&#8221;, der die musikalische Leitung inne hatte. &#8220;Walter JANKUHN&#8221; war dabei in der Rolle des\u00a0&#8220;<em>Herzog von Tirol <\/em>&#8221; zu h\u00f6ren. In der gleichen Spielzeit am gleichen Ort trat Tenorist &#8220;W. JANKUHN&#8221; auch in seiner Paraderolle als &#8220;<em>Danilo<\/em>&#8221; in der &#8220;<strong>Lustigen Witwe <\/strong>&#8221; von Lehar auf.<\/p>\n<div id=\"attachment_1683\" style=\"width: 160px\" class=\"wp-caption alignleft\"><a href=\"http:\/\/walter.jankuhn.2fix.de\/wp-content\/uploads\/2012\/10\/operette_016.jpg\"><img loading=\"lazy\" decoding=\"async\" aria-describedby=\"caption-attachment-1683\" class=\"size-thumbnail wp-image-1683\" title=\"operette_016\" src=\"http:\/\/walter.jankuhn.2fix.de\/wp-content\/uploads\/2012\/10\/operette_016-150x150.jpg\" alt=\"\" width=\"150\" height=\"150\" \/><\/a><p id=\"caption-attachment-1683\" class=\"wp-caption-text\">M. Kochlin \/ W. Jankuhn<\/p><\/div>\n<p><em>Presse-Zitat:\u00a0<span style=\"color: #000000;\">&#8220;Margot K\u00f6chlin&#8221;<\/span> und besonders <span style=\"color: #000000;\">&#8220;Walter Jankuhn&#8221;<\/span> waren nicht nur die Tr\u00e4ger der Hauptrollen, sondern weit dar\u00fcber hinaus die Tr\u00e4ger des St\u00fcckes \u00fcberhaupt. &#8220;Walter Jankuhn&#8221;, das ist der ideale &#8220;Danilo Danilowitsch&#8221;. Schon das Antrittslied lie\u00df das Publikum aufhorchen&#8230;\u00a0<span style=\"color: #000000;\">&#8220;<\/span><strong><span style=\"color: #000000;\">Da geh ich ins Maxim&#8230;<\/span><\/strong><span style=\"color: #000000;\">&#8220;<\/span> wie dieses zersungene Lied gesungen werden kann, das einem das Herz im Leibe lacht, das zeigte &#8220;Jankuhn&#8221;. Hat er schon in &#8220;F\u00fcrst ohne Land&#8221; seine Gesangeskunst angedeutet, so hat er als Graf Danilo sein stimmliches K\u00f6nnen ganz und voll ausgespielt &#8230; das Publikum war von \u00fcbersch\u00e4umender Begeisterung erf\u00fcllt. Nach Schlu\u00df der Vorstellung wurde immer wieder nach ihm gerufen &#8230;<\/em><\/p>\n<p>Unter der &#8220;Spielleitung&#8221; von &#8220;Walter Jankuhn&#8221; kamen die Opern <strong>RIGOLETTO<\/strong> (Verdi) und <strong>FIDELIO<\/strong> (Beethoven) auf die B\u00fchne &#8211; ebenso wie die Operette &#8220;<strong>Wiener\u00a0<\/strong><strong>Blut<\/strong>&#8221; (Joh. Strauss) und &#8220;<strong>Der Vetter aus Dingsda<\/strong>&#8221; (Ed. K\u00fcnnecke) . Neben der Spielleitung hat Walter Jankuhn zus\u00e4tzlich die Rolle des &#8220;<em>Grafen Zeltau<\/em>&#8221; in <strong>&#8220;Wiener Blut&#8221;<\/strong> bzw. des &#8220;<em>Fremden<\/em>&#8221; in\u00a0<strong>Vetter aus Dingsda <\/strong>gesungen. Au\u00dferdem zeigte sich &#8220;Walter Jankuhn&#8221; dann noch in &#8220;<strong>Die Frau ohne Kuss<\/strong>&#8221; von Walter KOLLO &#8211; als liebestoller &#8220;persischer Prinz&#8221;. Sein &#8220;Tenor&#8221; bereicherte die Operettenauff\u00fchrung um einen besonderen Genu\u00df (Presse-Zitat) ,wie auch &#8211; last not least &#8211; in dem Heimatst\u00fcck:<strong>\u00a0<\/strong>&#8220;<strong>Salzburger Nockerln<\/strong>&#8220;.<\/p>\n<p><a href=\"http:\/\/walter.jankuhn.2fix.de\/wp-content\/uploads\/2012\/06\/wj-1938_39_Wiener_Blut_01.jpg\"><img loading=\"lazy\" decoding=\"async\" class=\"alignleft size-full wp-image-757\" title=\"wj-1938_39_Wiener_Blut_01\" src=\"http:\/\/walter.jankuhn.2fix.de\/wp-content\/uploads\/2012\/06\/wj-1938_39_Wiener_Blut_01.jpg\" alt=\"\" width=\"728\" height=\"400\" srcset=\"http:\/\/walter.jankuhn.2fix.de\/wp-content\/uploads\/2012\/06\/wj-1938_39_Wiener_Blut_01.jpg 728w, http:\/\/walter.jankuhn.2fix.de\/wp-content\/uploads\/2012\/06\/wj-1938_39_Wiener_Blut_01-300x164.jpg 300w\" sizes=\"auto, (max-width: 728px) 100vw, 728px\" \/><\/a><\/p>\n<p>Ende 1939 ist &#8220;Walter Jankuhn&#8221; (als Spielleiter) mit seinem Intendanten vom TIROLER Landestheater: &#8211; &#8220;M.A. Pflugmacher&#8221;- \u00a0am <strong>20.9.39<\/strong> zu einem Gastspiel in die<strong> Olympia <\/strong>&#8211;<strong>Festhalle : Garmisch-Patenkirchen<\/strong> eingezogen, um dort den <strong>FIDELIO<\/strong> zu pr\u00e4sentieren (mit den S\u00e4ngern &#8220;von Berenkamp&#8221;, &#8220;John Witt&#8221;, &#8220;Maria Mezdal&#8221;, &#8220;Max Bender&#8221; u.v.m.) . Ab 1940 ist Walter Jankuhn dann zun\u00e4chst wieder nach Deutschland zur\u00fcckgekehrt.<\/p>\n<p>&nbsp;<\/p>\n<p>&nbsp;<\/p>\n<p>&nbsp;<\/p>\n<p>&nbsp;<\/p>\n<p>&nbsp;<\/p>\n<p>&nbsp;<\/p>\n<p>&nbsp;<\/p>\n<p><!--more--><\/p>\n","protected":false},"excerpt":{"rendered":"<p>Wien 1929\/30 &nbsp; &nbsp; &nbsp; &nbsp; Die Berliner Operette hatte der Wiener Operette in den 20\/30ern ein wenig den Rang abgelaufen. Dennoch sind die Wiener Walzerkl\u00e4nge von Johann Strauss &amp; Kollegen immer zeitlos geblieben! &#8220;Walter JANKUHN&#8221; kannte das &#8220;Joh. Strauss &hellip; <a href=\"http:\/\/walter.jankuhn.2fix.de\/?page_id=181\">Continue reading <span class=\"meta-nav\">&rarr;<\/span><\/a><\/p>\n","protected":false},"author":1,"featured_media":0,"parent":135,"menu_order":1,"comment_status":"open","ping_status":"open","template":"","meta":{"footnotes":""},"class_list":["post-181","page","type-page","status-publish","hentry"],"_links":{"self":[{"href":"http:\/\/walter.jankuhn.2fix.de\/index.php?rest_route=\/wp\/v2\/pages\/181","targetHints":{"allow":["GET"]}}],"collection":[{"href":"http:\/\/walter.jankuhn.2fix.de\/index.php?rest_route=\/wp\/v2\/pages"}],"about":[{"href":"http:\/\/walter.jankuhn.2fix.de\/index.php?rest_route=\/wp\/v2\/types\/page"}],"author":[{"embeddable":true,"href":"http:\/\/walter.jankuhn.2fix.de\/index.php?rest_route=\/wp\/v2\/users\/1"}],"replies":[{"embeddable":true,"href":"http:\/\/walter.jankuhn.2fix.de\/index.php?rest_route=%2Fwp%2Fv2%2Fcomments&post=181"}],"version-history":[{"count":77,"href":"http:\/\/walter.jankuhn.2fix.de\/index.php?rest_route=\/wp\/v2\/pages\/181\/revisions"}],"predecessor-version":[{"id":3697,"href":"http:\/\/walter.jankuhn.2fix.de\/index.php?rest_route=\/wp\/v2\/pages\/181\/revisions\/3697"}],"up":[{"embeddable":true,"href":"http:\/\/walter.jankuhn.2fix.de\/index.php?rest_route=\/wp\/v2\/pages\/135"}],"wp:attachment":[{"href":"http:\/\/walter.jankuhn.2fix.de\/index.php?rest_route=%2Fwp%2Fv2%2Fmedia&parent=181"}],"curies":[{"name":"wp","href":"https:\/\/api.w.org\/{rel}","templated":true}]}}