{"id":177,"date":"2012-06-12T12:11:32","date_gmt":"2012-06-12T12:11:32","guid":{"rendered":"http:\/\/walter.jankuhn.2fix.de\/?page_id=177"},"modified":"2013-05-13T14:31:28","modified_gmt":"2013-05-13T14:31:28","slug":"zigeunerblut-34","status":"publish","type":"page","link":"http:\/\/walter.jankuhn.2fix.de\/?page_id=177","title":{"rendered":"Zigeunerblut \/34"},"content":{"rendered":"<p>&nbsp;<\/p>\n<div id=\"attachment_370\" style=\"width: 292px\" class=\"wp-caption alignleft\"><a href=\"http:\/\/walter.jankuhn.2fix.de\/wp-content\/uploads\/2012\/06\/wj-operette_045_geig.jpg\"><img loading=\"lazy\" decoding=\"async\" aria-describedby=\"caption-attachment-370\" class=\"size-full wp-image-370  \" title=\"wj-operette_045_geig\" src=\"http:\/\/walter.jankuhn.2fix.de\/wp-content\/uploads\/2012\/06\/wj-operette_045_geig.jpg\" alt=\"\" width=\"282\" height=\"256\" srcset=\"http:\/\/walter.jankuhn.2fix.de\/wp-content\/uploads\/2012\/06\/wj-operette_045_geig.jpg 440w, http:\/\/walter.jankuhn.2fix.de\/wp-content\/uploads\/2012\/06\/wj-operette_045_geig-300x272.jpg 300w\" sizes=\"auto, (max-width: 282px) 100vw, 282px\" \/><\/a><p id=\"caption-attachment-370\" class=\"wp-caption-text\">Walter Jankuhn &#8211; Tonfilm &#8220;Zigeunerblut&#8221;<\/p><\/div>\n<p>Der Film<strong> &#8220;Zigeunerblut&#8221;, 1934<\/strong> war f\u00fcr &#8220;Walter JANKUHN&#8221; nochmal die M\u00f6glich-keit in einem Musikfilm seine Gesangs-qualit\u00e4ten als Spieltenor zur Geltung zu bringen &#8211; obwohl seine Priorit\u00e4t schon 1933 seiner neuen Aufgabe als Theaterdirektor galt (Th. Nollendorfplatz). &gt; <em>extra Kapite<\/em>l). Sicherlich erinnerten sich der Produzent und die Regie bei der Besetzung mit Walter JANKUHN an die Erfolge in seiner Paraderolle in &#8220;GR\u00c4FIN MARIZA&#8221; auf vielen B\u00fchnen, \u00fcberall im Reich.<\/p>\n<p><a href=\"http:\/\/walter.jankuhn.2fix.de\/wp-content\/uploads\/2012\/12\/zigeunerblut-lied.jpg\"><img loading=\"lazy\" decoding=\"async\" class=\"alignright size-full wp-image-2854\" title=\"zigeunerblut-lied\" src=\"http:\/\/walter.jankuhn.2fix.de\/wp-content\/uploads\/2012\/12\/zigeunerblut-lied.jpg\" alt=\"\" width=\"183\" height=\"257\" \/><\/a><\/p>\n<p>&nbsp;<\/p>\n<p>Die Spielleitung zum Film, nach dem Drehbuch von &#8220;Dr. Max Wallner&#8221; und &#8220;F. D Andam&#8221; hatte &#8220;Charles KLEIN&#8221;. \u00a0Musik &#8220;Will MEISEL&#8221;. Der ABC Film im TOBIS-Klangfilm-Verfahren wurde vom &#8220;Europa-Film-Verleih&#8221; vertrieben: Sowohl in Deutschland als auch in den USA (&#8220;<strong>Gypsy Blood<\/strong>&#8220;) und anderen europ\u00e4ischen L\u00e4ndern (Sprachen) &#8211; mit Untertiteln. Der Film wurde kurze Zeit sp\u00e4ter in &#8220;<strong>Ungarm\u00e4del<\/strong>&#8221; umbenannt. Grund war die verst\u00e4rkt aufkommende NS-Rassenpolitik mit neuen Verordnungen, Restriktionen bis hin zu Androhungen.<\/p>\n<div id=\"attachment_546\" style=\"width: 310px\" class=\"wp-caption alignright\"><a href=\"http:\/\/walter.jankuhn.2fix.de\/wp-content\/uploads\/2012\/06\/wj-Bully_Bulan.jpg\"><img loading=\"lazy\" decoding=\"async\" aria-describedby=\"caption-attachment-546\" class=\"size-medium wp-image-546\" title=\"wj-zigeuner\" src=\"http:\/\/walter.jankuhn.2fix.de\/wp-content\/uploads\/2012\/06\/wj-Bully_Bulan-300x212.jpg\" alt=\"\" width=\"300\" height=\"212\" srcset=\"http:\/\/walter.jankuhn.2fix.de\/wp-content\/uploads\/2012\/06\/wj-Bully_Bulan-300x212.jpg 300w, http:\/\/walter.jankuhn.2fix.de\/wp-content\/uploads\/2012\/06\/wj-Bully_Bulan.jpg 565w\" sizes=\"auto, (max-width: 300px) 100vw, 300px\" \/><\/a><p id=\"caption-attachment-546\" class=\"wp-caption-text\">Eric Ode \/ Walter Jankuhn<\/p><\/div>\n<p>Walter JANKUHN spielte den\u00a0<em>Zigeuner -Primas,<\/em>\u00a0neben weiteren prominenten Schauspielern, wie insbesondere &#8220;Adele SANDROCK, Margit SYMO, Eric ODE, Georg ALEXANDER und Ralph Arthur ROBERTS u.v.m. \u00a0Der Film profitierte<br \/>\nvor allem von seinen excellenten Schau-spielern und den temperamentvollen Gesangseinlagen des Tenorist &#8220;Walter JANKUHN&#8221; \u00a0mit dem Film-Titelsong<strong> &#8220;Zigeunerblut&#8221; <\/strong> (Musik Will Meisel, Text: Peter Schaeffers) &#8211; wie dem Presse Echo zu entnehmen war.<\/p>\n<p style=\"text-align: center;\"><a href=\"http:\/\/walter.jankuhn.2fix.de\/wp-content\/uploads\/2013\/01\/DSCF0102.jpg\"><img loading=\"lazy\" decoding=\"async\" class=\"wp-image-3014 aligncenter\" title=\"DSCF0102\" src=\"http:\/\/walter.jankuhn.2fix.de\/wp-content\/uploads\/2013\/01\/DSCF0102-e1357732537288-768x1024.jpg\" alt=\"\" width=\"576\" height=\"768\" srcset=\"http:\/\/walter.jankuhn.2fix.de\/wp-content\/uploads\/2013\/01\/DSCF0102-e1357732537288-768x1024.jpg 768w, http:\/\/walter.jankuhn.2fix.de\/wp-content\/uploads\/2013\/01\/DSCF0102-e1357732537288-225x300.jpg 225w, http:\/\/walter.jankuhn.2fix.de\/wp-content\/uploads\/2013\/01\/DSCF0102-e1357732537288.jpg 960w\" sizes=\"auto, (max-width: 576px) 100vw, 576px\" \/><\/a><\/p>\n<p>\u00a0Der Stoff selbst kn\u00fcpfte an die tradierte Operettenseligkeit an, dazu geh\u00f6rten feurige Zigeunerkl\u00e4nge und T\u00e4nze. Obwohl diese Kultur zeitlos ist, entsprach sie nat\u00fcrlich nicht dem aufkommenden Zeitgeschmack und Frauenbild. Ganz zu schweigen von der NAZI-Rassenpolitik, die sich auch gegen &#8220;Zigeuner bzw. Sintis + Roma&#8221; richtete. Zum Gl\u00fcck war der Film nicht allein f\u00fcr`s deutsche Publikum gedreht, sondern auch f\u00fcr das Ausland und die USA produziert worden. Der Anfangsboom von Musik- und Operettenfilmen verlagerte sich jetzt st\u00e4rker zu Spiel- und Unterhaltungsfilmen, wie &#8220;<strong>Alte Kameraden\/33<\/strong>&#8220;, <strong>&#8220;King Kong\/33<\/strong>&#8220;, &#8220;<strong>WilhelmTell\/34<\/strong>&#8220;, &#8220;<strong>Der Kaiser von Kalifornien\/36<\/strong>&#8221; oder das <strong>&#8220;Testament des Dr. Mabuse\/33&#8221;<\/strong> (von Fritz Lang) &#8211; der auch verboten wurde! In Deutschland hatten inzwischen Filme Vorrang, die der\u00a0PROPAGANDA des NS-Regimes zumindest nicht entgegenstanden. Minister &#8220;G\u00f6bbels&#8221; war ein begeisterter Filmliebhaber und lie\u00df es sich nicht nehmen seinen Einfluss bei &#8220;deutschen Produktionen&#8221; entsprechend den <strong>KDF<\/strong>-Dogmen geltend zu machen. Allerdings war sein Verhalten f\u00fcr die Dollar-schweren US- Filminvestoren bewusst abschreckend (obwohl das meist die einzigen Privat-Investoren waren, die wirklich Geld hatten) !?<\/p>\n<p><a href=\"http:\/\/walter.jankuhn.2fix.de\/wp-content\/uploads\/2013\/01\/DSCF0072-e1357674275418.jpg\"><img loading=\"lazy\" decoding=\"async\" class=\"alignleft size-large wp-image-2974\" title=\"DSCF0072\" src=\"http:\/\/walter.jankuhn.2fix.de\/wp-content\/uploads\/2013\/01\/DSCF0072-e1357674275418-768x1024.jpg\" alt=\"\" width=\"269\" height=\"358\" srcset=\"http:\/\/walter.jankuhn.2fix.de\/wp-content\/uploads\/2013\/01\/DSCF0072-e1357674275418-768x1024.jpg 768w, http:\/\/walter.jankuhn.2fix.de\/wp-content\/uploads\/2013\/01\/DSCF0072-e1357674275418-225x300.jpg 225w, http:\/\/walter.jankuhn.2fix.de\/wp-content\/uploads\/2013\/01\/DSCF0072-e1357674275418.jpg 960w\" sizes=\"auto, (max-width: 269px) 100vw, 269px\" \/><\/a><\/p>\n<p><a href=\"http:\/\/walter.jankuhn.2fix.de\/wp-content\/uploads\/2012\/07\/ungarnm\u00e4del.jpg\"><img loading=\"lazy\" decoding=\"async\" class=\"alignleft size-full wp-image-1128\" title=\"ungarnm\u00e4del\" src=\"http:\/\/walter.jankuhn.2fix.de\/wp-content\/uploads\/2012\/07\/ungarnm\u00e4del.jpg\" alt=\"\" width=\"251\" height=\"378\" srcset=\"http:\/\/walter.jankuhn.2fix.de\/wp-content\/uploads\/2012\/07\/ungarnm\u00e4del.jpg 399w, http:\/\/walter.jankuhn.2fix.de\/wp-content\/uploads\/2012\/07\/ungarnm\u00e4del-199x300.jpg 199w\" sizes=\"auto, (max-width: 251px) 100vw, 251px\" \/><\/a><\/p>\n<p>Insgesamt also nicht die besten Voraussetzungen f\u00fcr den Film &#8220;<strong>Zigeunerblut<\/strong>&#8220;, der gen\u00fcsslich sentimentale Zigeuner-Klischees bediente anstatt dem NS-Regime zu gefallen. Der Erfolg des Films wurde zumindest in Deutschland deshalb eher gedrosselt und lief im fremdsprachigen Ausland mit Untertiteln. In seiner Zielgruppe folkloristischer Musikliebhaber konnte der Film aber begeistern und sorgte f\u00fcr regen Andrang (s. Abb).<\/p>\n<p>Die gut bezahlte \u00a0<strong>Kritiker-Lobby <\/strong>(B\u00f6rsen Courier)\u00a0\u00e4u\u00dferte sich dagegen \u00fcber diesen ohne KDF F\u00f6rderung &#8220;frei finanzierten&#8221; Film wenig begeistert, konnte aber dennoch nicht verhehlen, dass der Film mit ausgesucht guten Schauspielern besetzt ist. Dabei wurde aber niemand hervorgehoben, weil dies die Rollen angeblich nicht hergaben. Eine Kritik daran, dass der Film in &#8220;<strong>Das Ungarm\u00e4del<\/strong>&#8221; umbenannt werden<br \/>\nmusste, hat man allerdings nie geh\u00f6rt bzw. gelesen!<a href=\"http:\/\/walter.jankuhn.2fix.de\/wp-content\/uploads\/2012\/12\/si-ga-apollo-zigeunerblut.jpg\"><img loading=\"lazy\" decoding=\"async\" class=\"alignright size-full wp-image-2856\" title=\"si-ga-apollo-zigeunerblut\" src=\"http:\/\/walter.jankuhn.2fix.de\/wp-content\/uploads\/2012\/12\/si-ga-apollo-zigeunerblut.jpg\" alt=\"\" width=\"240\" height=\"398\" srcset=\"http:\/\/walter.jankuhn.2fix.de\/wp-content\/uploads\/2012\/12\/si-ga-apollo-zigeunerblut.jpg 400w, http:\/\/walter.jankuhn.2fix.de\/wp-content\/uploads\/2012\/12\/si-ga-apollo-zigeunerblut-180x300.jpg 180w\" sizes=\"auto, (max-width: 240px) 100vw, 240px\" \/><\/a><\/p>\n<p>Im TV-Kultur-Forum (Internet) kann man erfahren, dass im Nachlass der ABC-Film Korrespondenz Briefe gefunden wurden die best\u00e4tigen, dass der Film verboten werden sollte, sofern nicht der Name &#8220;Zigeuner&#8221; entfernt wird. Also entschied man sich kurzfristig f\u00fcr die Umbenennung in &#8220;Ungarm\u00e4del&#8221;!? Obwohl der Film offiziell nicht aufzufinden ist, kursieren Ger\u00fcchte, wonach der Film in Sammler-Kreisen vorhanden sein soll? <strong>Wer wei\u00df mehr &#8230;???<\/strong><\/p>\n<div id=\"attachment_367\" style=\"width: 455px\" class=\"wp-caption aligncenter\"><a href=\"http:\/\/walter.jankuhn.2fix.de\/wp-content\/uploads\/2012\/06\/wj-operette_042_geig.jpg\"><img loading=\"lazy\" decoding=\"async\" aria-describedby=\"caption-attachment-367\" class=\"size-full wp-image-367  \" title=\"wj-operette_042_geig\" src=\"http:\/\/walter.jankuhn.2fix.de\/wp-content\/uploads\/2012\/06\/wj-operette_042_geig.jpg\" alt=\"\" width=\"445\" height=\"320\" srcset=\"http:\/\/walter.jankuhn.2fix.de\/wp-content\/uploads\/2012\/06\/wj-operette_042_geig.jpg 556w, http:\/\/walter.jankuhn.2fix.de\/wp-content\/uploads\/2012\/06\/wj-operette_042_geig-300x215.jpg 300w\" sizes=\"auto, (max-width: 445px) 100vw, 445px\" \/><\/a><p id=\"caption-attachment-367\" class=\"wp-caption-text\">Walter Jankuhn &#8211; Tonfilm &#8220;Zigeunerblut&#8221;<\/p><\/div>\n<p><a href=\"http:\/\/walter.jankuhn.2fix.de\/wp-content\/uploads\/2013\/01\/DSCF0104.jpg\"><img loading=\"lazy\" decoding=\"async\" class=\"alignleft size-medium wp-image-3016\" title=\"DSCF0104\" src=\"http:\/\/walter.jankuhn.2fix.de\/wp-content\/uploads\/2013\/01\/DSCF0104-e1357732900906-225x300.jpg\" alt=\"\" width=\"225\" height=\"300\" srcset=\"http:\/\/walter.jankuhn.2fix.de\/wp-content\/uploads\/2013\/01\/DSCF0104-e1357732900906-225x300.jpg 225w, http:\/\/walter.jankuhn.2fix.de\/wp-content\/uploads\/2013\/01\/DSCF0104-e1357732900906-768x1024.jpg 768w, http:\/\/walter.jankuhn.2fix.de\/wp-content\/uploads\/2013\/01\/DSCF0104-e1357732900906.jpg 960w\" sizes=\"auto, (max-width: 225px) 100vw, 225px\" \/><\/a><\/p>\n<p>&#8220;Walter JANKUHN&#8221; hat sich jedenfalls damals die<br \/>\nFrage stellen m\u00fcssen: &#8220;liegt meine Zukunft noch beim Film als fremdbestimmter Filmschauspieler oder habe ich mehr Spielraum mit meiner Profession: &#8220;Musik und Gesang&#8221;, insbesondere da sich das Genre &#8220;Operette bzw. Musik-Theater&#8221; wieder st\u00e4rker zur\u00fcck auf die B\u00fchne verlagerte &#8211; wo das Publikum die Musik\u00a0LIVE erleben kann (Ein Vorteil, der dem Film immer verwehrt ist). Die Antwort des Kammers\u00e4ngers mit klassischer Opernausbildung konnte da\u00a0nur lauten: &#8220;Mein Zuhause ist die Musik &#8211; und das Theater&#8221; &#8211; auch wenn dort neue T\u00f6ne angeschlagen werden ( wie z. B. im Musical) ? Fakt bleibt, &#8220;ZIGEUNERBLUT&#8221; war\u00a0<strong>Walter Jankuhn&#8217;s \u00a0letzter Film<\/strong> &#8211; obwohl ihm als bekannter Frauenschwarm &#8211; der Weg als Flimpartner weiter offen stand.\u00a0Die \u00dcbernahme der Direktion am <strong>Berliner Nollendorf-Theater 1933 <\/strong>(&gt;\u00a0<em>Kapitel Regie<\/em>)<strong>, <\/strong>best\u00e4tigte aber seine Intention &#8211; lieber eigenverantwortlich Theater zu machen. Vielleicht eine Gegenreaktion zu den immer st\u00e4rker von der NS-Propaganda bestimmten deutschen Filmkultur jener Zeit. Die NS-Filmzensur f\u00fchrte zur Konzentration der deutschen Filmindustrie in der <strong>UFA<\/strong> &#8211; und dem Aussterben unabh\u00e4ngiger Filmemacher. Zwischen <strong>1933 und 1935<\/strong> gab es <strong>114 <\/strong>Filmproduktionen in Deutschland.\u00a0<strong>1939<\/strong> waren es noch <strong>32<\/strong> und der Export deutscher Filme ging von ca. 45 % auf 7 % zur\u00fcck<strong>.<\/strong><\/p>\n<p><span style=\"color: #000000;\"><span style=\"text-decoration: underline;\"><a href=\"http:\/\/walter.jankuhn.2fix.de\/wp-content\/uploads\/2013\/05\/hendrix-band-of-gypsys-cover.jpg\"><img loading=\"lazy\" decoding=\"async\" class=\"alignright size-medium wp-image-3738\" title=\"hendrix-band-of-gypsys-cover\" src=\"http:\/\/walter.jankuhn.2fix.de\/wp-content\/uploads\/2013\/05\/hendrix-band-of-gypsys-cover-300x278.jpg\" alt=\"\" width=\"300\" height=\"278\" srcset=\"http:\/\/walter.jankuhn.2fix.de\/wp-content\/uploads\/2013\/05\/hendrix-band-of-gypsys-cover-300x278.jpg 300w, http:\/\/walter.jankuhn.2fix.de\/wp-content\/uploads\/2013\/05\/hendrix-band-of-gypsys-cover.jpg 400w\" sizes=\"auto, (max-width: 300px) 100vw, 300px\" \/><\/a>Anmerkun<\/span>g<span style=\"text-decoration: underline;\"> der Redaktion<\/span>: &#8220;Zigeunermusik&#8221; hat schon immer alle Genres der Musik inspiriert, daran wird keine Diktatur jemals etwas \u00e4ndern k\u00f6nnen. Es ist auch paradox, dass die Bezeichnung &#8220;Zigeuner&#8221; in Verruf gekommen ist &#8211; obwohl die Zigeunerkultur und insbesondere die Zigeuner-Musik nur positiv besetzt war und ist. Es w\u00e4re doch ein Frevel, w\u00fcrde man z. B. den Zigeunerbaron von Johann Strauss pl\u00f6tzlich in Sinti oder Roma Baron umbenennen!! Ungeachtet jeden Vergleichs, als &#8220;<strong>Tribut<\/strong>&#8221; an Zigeunermusik jeder Gattung und einen ihrer genialsten Rock-Interpreten &#8211; hier der t\u00f6nende Beweis: &gt; das youtube-Video &#8220;Gypsy Eyes&#8221; &#8211; von Jimmy Hendrix: (<em>link<\/em>)<\/span><\/p>\n<p><a href=\"https:\/\/www.youtube.com\/watch?v=soFOQWB2Gqs\">https:\/\/www.youtube.com\/watch?v=soFOQWB2Gqs<\/a><\/p>\n","protected":false},"excerpt":{"rendered":"<p>&nbsp; Der Film &#8220;Zigeunerblut&#8221;, 1934 war f\u00fcr &#8220;Walter JANKUHN&#8221; nochmal die M\u00f6glich-keit in einem Musikfilm seine Gesangs-qualit\u00e4ten als Spieltenor zur Geltung zu bringen &#8211; obwohl seine Priorit\u00e4t schon 1933 seiner neuen Aufgabe als Theaterdirektor galt (Th. Nollendorfplatz). &gt; extra Kapitel). &hellip; <a href=\"http:\/\/walter.jankuhn.2fix.de\/?page_id=177\">Continue reading <span class=\"meta-nav\">&rarr;<\/span><\/a><\/p>\n","protected":false},"author":1,"featured_media":0,"parent":127,"menu_order":5,"comment_status":"open","ping_status":"open","template":"","meta":{"footnotes":""},"class_list":["post-177","page","type-page","status-publish","hentry"],"_links":{"self":[{"href":"http:\/\/walter.jankuhn.2fix.de\/index.php?rest_route=\/wp\/v2\/pages\/177","targetHints":{"allow":["GET"]}}],"collection":[{"href":"http:\/\/walter.jankuhn.2fix.de\/index.php?rest_route=\/wp\/v2\/pages"}],"about":[{"href":"http:\/\/walter.jankuhn.2fix.de\/index.php?rest_route=\/wp\/v2\/types\/page"}],"author":[{"embeddable":true,"href":"http:\/\/walter.jankuhn.2fix.de\/index.php?rest_route=\/wp\/v2\/users\/1"}],"replies":[{"embeddable":true,"href":"http:\/\/walter.jankuhn.2fix.de\/index.php?rest_route=%2Fwp%2Fv2%2Fcomments&post=177"}],"version-history":[{"count":168,"href":"http:\/\/walter.jankuhn.2fix.de\/index.php?rest_route=\/wp\/v2\/pages\/177\/revisions"}],"predecessor-version":[{"id":3740,"href":"http:\/\/walter.jankuhn.2fix.de\/index.php?rest_route=\/wp\/v2\/pages\/177\/revisions\/3740"}],"up":[{"embeddable":true,"href":"http:\/\/walter.jankuhn.2fix.de\/index.php?rest_route=\/wp\/v2\/pages\/127"}],"wp:attachment":[{"href":"http:\/\/walter.jankuhn.2fix.de\/index.php?rest_route=%2Fwp%2Fv2%2Fmedia&parent=177"}],"curies":[{"name":"wp","href":"https:\/\/api.w.org\/{rel}","templated":true}]}}