{"id":172,"date":"2012-06-12T12:10:22","date_gmt":"2012-06-12T12:10:22","guid":{"rendered":"http:\/\/walter.jankuhn.2fix.de\/?page_id=172"},"modified":"2013-02-22T12:33:18","modified_gmt":"2013-02-22T12:33:18","slug":"sturmisch-die-nacht-31","status":"publish","type":"page","link":"http:\/\/walter.jankuhn.2fix.de\/?page_id=172","title":{"rendered":"St\u00fcrmisch die Nacht 30\/31"},"content":{"rendered":"<p><a href=\"http:\/\/walter.jankuhn.2fix.de\/wp-content\/uploads\/2013\/01\/DSCF0100.jpg\"><img loading=\"lazy\" decoding=\"async\" class=\"alignright size-large wp-image-2968\" title=\"DSCF0100\" src=\"http:\/\/walter.jankuhn.2fix.de\/wp-content\/uploads\/2013\/01\/DSCF0100-e1357660274346-768x1024.jpg\" alt=\"\" width=\"248\" height=\"332\" srcset=\"http:\/\/walter.jankuhn.2fix.de\/wp-content\/uploads\/2013\/01\/DSCF0100-e1357660274346-768x1024.jpg 768w, http:\/\/walter.jankuhn.2fix.de\/wp-content\/uploads\/2013\/01\/DSCF0100-e1357660274346-225x300.jpg 225w, http:\/\/walter.jankuhn.2fix.de\/wp-content\/uploads\/2013\/01\/DSCF0100-e1357660274346.jpg 960w\" sizes=\"auto, (max-width: 248px) 100vw, 248px\" \/><\/a><\/p>\n<p><strong>&#8220;St\u00fcrmisch die Nacht&#8221;<\/strong> &#8230;\u00a0ist der erste Tonfilm der TRIANON Film\/Wien, den Walter Jankuhn <strong>1930 (im Licht-Nadelton-Verfahren) <\/strong>mit produziert hat. Regie: &#8220;Curt BLACHNITZKY&#8221;. Die Hauptrollen spielten &#8220;Walter JANKUHN&#8221; himself und &#8220;Maria SOLVEG&#8221;. In der Anfangszeit des Tonfilms \u00fcberschlug man sich f\u00f6rmlich mit Operetten und Musikfilmen. &#8220;JANKUHN&#8221; wollte es sich nat\u00fcrlich nicht nehmen lassen gleich selbst<br \/>\nmit einer eigenen Produktion technische, als auch k\u00fcnstlerische, aber auch finanzielle Erfahrungen<br \/>\nmit dem neuen Medium Tonfilm zu sammeln. Dabei half ihm der \u00f6sterr. Kutregisseur und Produzent &#8220;HANS OTTO&#8221; (L\u00d6WENSTEIN) der die Produktions-leitung \u00fcbernahm. Der Film wurde 1930 \u00a0in Deutschland (Drehorte u.a. Hamburg + Cuxhaven) produziert und hatte am 5. April\u00a0<strong>1931 <\/strong>in Berlin Premiere. \u00d6sterreichische Medien preisen den Film &#8220;St\u00fcrmisch die Nacht&#8221; allerdings als ihren bereits &#8220;<strong>1930<\/strong>&#8221; ver\u00f6ffentlichten ersten&#8221; \u00f6sterr. Tonfilm&#8221; (inkl. Sprache und Musik) , insbesondere weil \u00a0Herr L\u00d6WENSTEIN und die TRIANON\/Wien ma\u00dfgeblich an der Entwicklung der Tonverfahren beteiligt waren (Selenophon-Verfahren). Vermutlich fand also bereits 1930 eine Vorf\u00fchrung in Wien statt bevor anschlie\u00dfend 1931 in Berlin die Premiere gefeiert wurde? Die TRIANON GmBH wurde \u00fcbrigens in den 30ern von TOBIS \u00fcbernommen.<\/p>\n<p style=\"text-align: center;\"><a href=\"http:\/\/walter.jankuhn.2fix.de\/wp-content\/uploads\/2013\/01\/DSCF0101.jpg\"><img loading=\"lazy\" decoding=\"async\" class=\"aligncenter size-large wp-image-2969\" title=\"DSCF0101\" src=\"http:\/\/walter.jankuhn.2fix.de\/wp-content\/uploads\/2013\/01\/DSCF0101-1024x768.jpg\" alt=\"\" width=\"512\" height=\"384\" srcset=\"http:\/\/walter.jankuhn.2fix.de\/wp-content\/uploads\/2013\/01\/DSCF0101-1024x768.jpg 1024w, http:\/\/walter.jankuhn.2fix.de\/wp-content\/uploads\/2013\/01\/DSCF0101-300x225.jpg 300w, http:\/\/walter.jankuhn.2fix.de\/wp-content\/uploads\/2013\/01\/DSCF0101.jpg 1280w\" sizes=\"auto, (max-width: 512px) 100vw, 512px\" \/><\/a><\/p>\n<p>Inhaltlich handelt es sich bei dem Tonfilm &#8220;St\u00fcrmisch die Nacht&#8221;, um eine Hamburger Seemanns-Geschichte mit einer Story bei der es auch um Leben und Tod geht, mit Schmugglern, \u00fcberm\u00fctigen Seeleuten, Erpressung und Entf\u00fchrung, Tod des Vaters und eine spontane Liebe des <em>Maklers Brandt<\/em> (Walter JANKUHN) zu der zarten <em>Maria<\/em> (Maria SOLVEG). Trotz gro\u00dfer Verfehlungen und Verwerfungen hat der Film ein erl\u00f6sendes Happy-End. Also keine inhaltsschwache Revue-Operette, sondern ein Film mit Handlung und pointiert gesetzten Seemanns-Liedern wie: &#8220;<strong>Du nur allein bist das Gl\u00fcck<\/strong>&#8221; und &#8220;<strong>Ich bin verliebt &#8211; verliebt in Dich<\/strong>&#8221; (Musik: Hans Arnold\/Text Hanns Vietzke), sowie auch das Schwanklied: &#8220;<strong>Trink, Br\u00fcderlein, trink<\/strong>&#8220;- \u00a0gesungen vom Tenorist &#8220;Walter JANKUHN&#8221;.<a href=\"http:\/\/walter.jankuhn.2fix.de\/wp-content\/uploads\/2012\/06\/wj-Odeon_Schallplatten.jpg\"><img loading=\"lazy\" decoding=\"async\" class=\"aligncenter size-medium wp-image-412\" title=\"wj-Odeon_Schallplatten\" src=\"http:\/\/walter.jankuhn.2fix.de\/wp-content\/uploads\/2012\/06\/wj-Odeon_Schallplatten-300x54.jpg\" alt=\"\" width=\"300\" height=\"54\" srcset=\"http:\/\/walter.jankuhn.2fix.de\/wp-content\/uploads\/2012\/06\/wj-Odeon_Schallplatten-300x54.jpg 300w, http:\/\/walter.jankuhn.2fix.de\/wp-content\/uploads\/2012\/06\/wj-Odeon_Schallplatten.jpg 800w\" sizes=\"auto, (max-width: 300px) 100vw, 300px\" \/><\/a><\/p>\n<p>Die Fotos zeigen zun\u00e4chst die Filmcrew bei der Aufnahmearbeit (mit. W. Jankuhn und<br \/>\nM. Solveg) und danach eine Hafenszene bei Au\u00dfenaufnahmen in Cuxhaven mit &#8220;Walter Jankuhn&#8221; links im Bild, danach W. Jankuhn + M. Solveg in einer Drehpause.<\/p>\n<p><a href=\"http:\/\/walter.jankuhn.2fix.de\/wp-content\/uploads\/2012\/06\/wj-Tonfilm_01.jpg\"><img loading=\"lazy\" decoding=\"async\" class=\"aligncenter size-full wp-image-260\" title=\"wj-Tonfilm_01\" src=\"http:\/\/walter.jankuhn.2fix.de\/wp-content\/uploads\/2012\/06\/wj-Tonfilm_01.jpg\" alt=\"\" width=\"559\" height=\"365\" srcset=\"http:\/\/walter.jankuhn.2fix.de\/wp-content\/uploads\/2012\/06\/wj-Tonfilm_01.jpg 767w, http:\/\/walter.jankuhn.2fix.de\/wp-content\/uploads\/2012\/06\/wj-Tonfilm_01-300x195.jpg 300w\" sizes=\"auto, (max-width: 559px) 100vw, 559px\" \/><\/a><a href=\"http:\/\/walter.jankuhn.2fix.de\/wp-content\/uploads\/2012\/06\/wj-operette_064.jpg\"><img loading=\"lazy\" decoding=\"async\" class=\"size-full wp-image-361 alignleft\" title=\"wj-operette_064\" src=\"http:\/\/walter.jankuhn.2fix.de\/wp-content\/uploads\/2012\/06\/wj-operette_064.jpg\" alt=\"\" width=\"331\" height=\"216\" srcset=\"http:\/\/walter.jankuhn.2fix.de\/wp-content\/uploads\/2012\/06\/wj-operette_064.jpg 612w, http:\/\/walter.jankuhn.2fix.de\/wp-content\/uploads\/2012\/06\/wj-operette_064-300x196.jpg 300w\" sizes=\"auto, (max-width: 331px) 100vw, 331px\" \/><\/a><\/p>\n<p><a href=\"http:\/\/walter.jankuhn.2fix.de\/wp-content\/uploads\/2012\/11\/lill-weet-f-pause.jpg\"><img loading=\"lazy\" decoding=\"async\" class=\"size-full wp-image-1930 alignright\" title=\"lill-weet-f-pause\" src=\"http:\/\/walter.jankuhn.2fix.de\/wp-content\/uploads\/2012\/11\/lill-weet-f-pause.jpg\" alt=\"Drehpause: W. Jankuhn, Lill Sweet ++\" width=\"315\" height=\"204\" srcset=\"http:\/\/walter.jankuhn.2fix.de\/wp-content\/uploads\/2012\/11\/lill-weet-f-pause.jpg 500w, http:\/\/walter.jankuhn.2fix.de\/wp-content\/uploads\/2012\/11\/lill-weet-f-pause-300x194.jpg 300w\" sizes=\"auto, (max-width: 315px) 100vw, 315px\" \/><\/a>Der Film wurde damals vom Publikum wie alle neuen Tonfilme mit gro\u00dfer Erwartung und viel Enthusiasmus aufgenommen &#8211; Musikfilme waren ja noch &#8220;en vogue&#8221;! Die Produktionskosten waren durch Vorvertr\u00e4ge in Mio-H\u00f6he bereits vor Fertigstellung des Films gesichert. Dennoch, f\u00fcr einen inter-national durchschlagenden Erfolg w\u00e4re ein gr\u00f6\u00dferes Budget vor allem zur weiteren Verbreitung und Distribution der &#8220;Selenophon-Tontechnik&#8221; in Kino`s notwenig gewesen (internat. Standards fehlten noch) . Trotzdem eine reife Leistung und ein beachtlicher Erfolg engagierter Schauspieler und Ton-Filmer der ersten Stunde &#8211; den Pionieren! Das Selenophon-Tonfilm-Verfahren konnte sich allerdings nicht als Standard etablieren &#8211; ebensowenig wie die Technik des Herrn von L\u00f6wenstein. Heute w\u00fcrde man sagen ein Independent-Film, nat\u00fcrlich fern jeglicher staatl. finanzielle F\u00f6rderung &#8211; im Gegensatz zu den vielen &#8220;Propaganda-Filmen&#8221; der Folgejahre im NS-Deutschland, die vom Regime finanziert wurden. Ab 1933 begann die Filmreichskammer eine Art Filmf\u00f6rderung (Kredit) mit Filmzensur einzuf\u00fchren, was die Produktion erleichtern konnte, aber das Leben f\u00fcr unabh\u00e4ngige Filmemacher und auch den Filmexport stark einschr\u00e4nkte.<\/p>\n<p><a href=\"http:\/\/walter.jankuhn.2fix.de\/wp-content\/uploads\/2012\/07\/neue-wahrheit.jpg\"><img loading=\"lazy\" decoding=\"async\" class=\"alignleft size-full wp-image-1123\" title=\"neue-wahrheit\" src=\"http:\/\/walter.jankuhn.2fix.de\/wp-content\/uploads\/2012\/07\/neue-wahrheit.jpg\" alt=\"\" width=\"501\" height=\"640\" srcset=\"http:\/\/walter.jankuhn.2fix.de\/wp-content\/uploads\/2012\/07\/neue-wahrheit.jpg 501w, http:\/\/walter.jankuhn.2fix.de\/wp-content\/uploads\/2012\/07\/neue-wahrheit-234x300.jpg 234w\" sizes=\"auto, (max-width: 501px) 100vw, 501px\" \/><\/a><\/p>\n<p>&nbsp;<\/p>\n","protected":false},"excerpt":{"rendered":"<p>&#8220;St\u00fcrmisch die Nacht&#8221; &#8230;\u00a0ist der erste Tonfilm der TRIANON Film\/Wien, den Walter Jankuhn 1930 (im Licht-Nadelton-Verfahren) mit produziert hat. Regie: &#8220;Curt BLACHNITZKY&#8221;. Die Hauptrollen spielten &#8220;Walter JANKUHN&#8221; himself und &#8220;Maria SOLVEG&#8221;. In der Anfangszeit des Tonfilms \u00fcberschlug man sich f\u00f6rmlich &hellip; <a href=\"http:\/\/walter.jankuhn.2fix.de\/?page_id=172\">Continue reading <span class=\"meta-nav\">&rarr;<\/span><\/a><\/p>\n","protected":false},"author":1,"featured_media":0,"parent":127,"menu_order":4,"comment_status":"open","ping_status":"open","template":"","meta":{"footnotes":""},"class_list":["post-172","page","type-page","status-publish","hentry"],"_links":{"self":[{"href":"http:\/\/walter.jankuhn.2fix.de\/index.php?rest_route=\/wp\/v2\/pages\/172","targetHints":{"allow":["GET"]}}],"collection":[{"href":"http:\/\/walter.jankuhn.2fix.de\/index.php?rest_route=\/wp\/v2\/pages"}],"about":[{"href":"http:\/\/walter.jankuhn.2fix.de\/index.php?rest_route=\/wp\/v2\/types\/page"}],"author":[{"embeddable":true,"href":"http:\/\/walter.jankuhn.2fix.de\/index.php?rest_route=\/wp\/v2\/users\/1"}],"replies":[{"embeddable":true,"href":"http:\/\/walter.jankuhn.2fix.de\/index.php?rest_route=%2Fwp%2Fv2%2Fcomments&post=172"}],"version-history":[{"count":63,"href":"http:\/\/walter.jankuhn.2fix.de\/index.php?rest_route=\/wp\/v2\/pages\/172\/revisions"}],"predecessor-version":[{"id":3555,"href":"http:\/\/walter.jankuhn.2fix.de\/index.php?rest_route=\/wp\/v2\/pages\/172\/revisions\/3555"}],"up":[{"embeddable":true,"href":"http:\/\/walter.jankuhn.2fix.de\/index.php?rest_route=\/wp\/v2\/pages\/127"}],"wp:attachment":[{"href":"http:\/\/walter.jankuhn.2fix.de\/index.php?rest_route=%2Fwp%2Fv2%2Fmedia&parent=172"}],"curies":[{"name":"wp","href":"https:\/\/api.w.org\/{rel}","templated":true}]}}