{"id":166,"date":"2012-06-12T12:00:02","date_gmt":"2012-06-12T12:00:02","guid":{"rendered":"http:\/\/walter.jankuhn.2fix.de\/?page_id=166"},"modified":"2013-02-15T12:28:27","modified_gmt":"2013-02-15T12:28:27","slug":"lotte-1928","status":"publish","type":"page","link":"http:\/\/walter.jankuhn.2fix.de\/?page_id=166","title":{"rendered":"Lotte \/28"},"content":{"rendered":"<div id=\"attachment_516\" style=\"width: 262px\" class=\"wp-caption alignleft\"><a href=\"http:\/\/walter.jankuhn.2fix.de\/wp-content\/uploads\/2012\/06\/wj-Film_Lotte_001.jpg\"><img loading=\"lazy\" decoding=\"async\" aria-describedby=\"caption-attachment-516\" class=\"size-full wp-image-516 \" title=\"wj-Film_Lotte_001\" src=\"http:\/\/walter.jankuhn.2fix.de\/wp-content\/uploads\/2012\/06\/wj-Film_Lotte_001.jpg\" alt=\"\" width=\"252\" height=\"320\" srcset=\"http:\/\/walter.jankuhn.2fix.de\/wp-content\/uploads\/2012\/06\/wj-Film_Lotte_001.jpg 315w, http:\/\/walter.jankuhn.2fix.de\/wp-content\/uploads\/2012\/06\/wj-Film_Lotte_001-236x300.jpg 236w\" sizes=\"auto, (max-width: 252px) 100vw, 252px\" \/><\/a><p id=\"caption-attachment-516\" class=\"wp-caption-text\">Henny Porten \/ Walter Jankuhn &#8211; Stummfilm LOTTE<\/p><\/div>\n<p>Berlin-Babelsberg\/Wei\u00dfensee war bereits nach dem 1. Weltkreig das Zentrum des Deutschen Stumm-Films (Universum\/ UFA, Irbis,<br \/>\nDLG, Terra, Pan Film etc.) . Der\u00a0<strong>Stumm-<br \/>\nfilm &#8220;LOTTE&#8221;\u00a0<\/strong>hatte am<strong> 19.4.1928<\/strong> im Mozartsaal\/Berlin Premiere und war das erste Filmexperiment des Spiel-Tenors &#8220;Walter JANKUHN&#8221; &#8211; gleich mit einer Hauprolle! Die tragende Hauptrolle an seiner Seite spielte der damals ber\u00fchmteste deutsche Stummfilmstar: &#8220;HENNY PORTEN&#8221;, die einzige Deutsche die es in diesem Genre zu Weltruhm brachte (wie der gro\u00dfe &#8220;Jannings&#8221; behauptet hat).<\/p>\n<p>Produzent und Regisseur war der nicht minder bekannte &#8220;Carl FR\u00d6HLICH + Henny PORTEN&#8221; + Co. In weiteren Rollen konnte man die<br \/>\nAusnahmeschauspielerin &#8220;Else WAGNER&#8221; (Burgtheater a. D.), Hermann VALLENTIN (<em>als Burgkastellan S\u00fc\u00dfkind<\/em>), und Lotte WERKMEISTER (<em>als 2. Frau<\/em>) \u00a0sehen. Drehbuch: &#8220;Fred Hillenbrandt + Werner Suppe&#8221;. Trotz des gerade aufkommenden Tonfilms, galt der Stummfilm noch bis weit in die 30er Jahre meist als k\u00fcnstlerisch &#8220;wertvoller&#8221; &#8211; einmal wegen der pantomimischen F\u00e4higkeiten der Mimen (vergl. C. Chaplin) und der ausdrucksstarken &#8220;live&#8221; Musikbegleitung &#8211; die sich individuell je nach Kino-Ort formierte und sich ihren Applaus extra verdiente.<\/p>\n<p><em><strong>Die Presse berichtete \u00fcber die Premiere im Mozartsaal: &#8220;Alsdann betritt Frau Porten, von ihrem Regisseur C. Fr\u00f6hlich geleitet ihre Loge. Das Publikum huldigt der K\u00fcnstlerin und sichert somit schon vor Beginn den Premierenerfolg \u00a0zu 75% ab. Henny Portens Fangemeinde ist treu!!<\/strong><\/em><\/p>\n<p><em><strong> <\/strong><\/em>Die Story: <em>LOTTE<\/em> lebte mit ihren Eltern in einer Burgruine. Als der Burgherr <em>Harald von Lindenberg<\/em> einige Tage dort verweilt, beginnt eine Liebesromanze mit schwerwiegenden Folgen&#8230;<\/p>\n<p>Einige Kritiker bem\u00e4ngelten Schw\u00e4chen in der Story, weil ein altbekanntes Klischee bedient wurde. &#8220;Die Verbindung eines M\u00e4dchens niedrigen Standes mit einem Mann aus dem Adel. Also viel R\u00fchrseligkeit, idealisierte Liebesvorstellungen und tradierte Etikette. Dem &#8220;B\u00f6rsen-Courier&#8221; z. B. war die Glaubw\u00fcrdigkeit der Geschichte und dessen drama-turgische Aufbereitung nicht zwingend genug und selbst &#8220;Henny PORTEN&#8221; beeindruckte sie ebenso wenig, wie &#8220;Walter JANKUHN&#8221; als <em>Harald von Lindenburg<\/em>. Also ein bekanntes Muster &#8211; die Filme werden f\u00fcr das einfache Gem\u00fct des Publikums gemacht &#8211; aber nicht f\u00fcr die Kritiker &#8211; sonst h\u00e4tte den Film kaum jemand angeschaut. Der Erfolg beim Publikum und an der Kasse war dagegen prima und gab den Filme-Machern letztlich recht! Auch damals schon witterten zunehmend Gesch\u00e4ftemacher mit harten Dollars im Film das gro\u00dfe Gesch\u00e4ft. Die LOTTE Film-Produktion war allerdings von Carl FR\u00d6HLICH + Henny PORTEN eigenfinanziert! Zu erw\u00e4hnen bleibt noch, das dieser Film das wohl<strong> einzige noch existierende Filmdokument<\/strong> mit dem Protagonist &#8220;Walter JANKUHN&#8221; ist.<\/p>\n<div id=\"attachment_444\" style=\"width: 525px\" class=\"wp-caption aligncenter\"><a href=\"http:\/\/walter.jankuhn.2fix.de\/wp-content\/uploads\/2012\/06\/wj-Henny_Porten.jpg\"><img loading=\"lazy\" decoding=\"async\" aria-describedby=\"caption-attachment-444\" class=\"size-full wp-image-444 \" title=\"wj-Henny_Porten\" src=\"http:\/\/walter.jankuhn.2fix.de\/wp-content\/uploads\/2012\/06\/wj-Henny_Porten.jpg\" alt=\"\" width=\"515\" height=\"320\" srcset=\"http:\/\/walter.jankuhn.2fix.de\/wp-content\/uploads\/2012\/06\/wj-Henny_Porten.jpg 644w, http:\/\/walter.jankuhn.2fix.de\/wp-content\/uploads\/2012\/06\/wj-Henny_Porten-300x186.jpg 300w\" sizes=\"auto, (max-width: 515px) 100vw, 515px\" \/><\/a><p id=\"caption-attachment-444\" class=\"wp-caption-text\">Stummfilm LOTTE &#8211; Henny Porten + Walter Jankuhn (Mitte)<\/p><\/div>\n<p><strong>Bild unten &gt;<\/strong> zeigt einmal die ganze Filmcrew einschl. dem Personal f\u00fcr Schnitt, Requisiten etc. &#8211; es macht deutlich wieviel Arbeit selbst f\u00fcr einem Stummfilm notwendig ist. Das Foto zeigt &#8220;HennyvPORTEN&#8221; mittig sitzend und links dahinter stehend &#8220;Walter JANKUHN&#8221;- zu ihr geneigt.<\/p>\n<div id=\"attachment_255\" style=\"width: 530px\" class=\"wp-caption aligncenter\"><a href=\"http:\/\/walter.jankuhn.2fix.de\/wp-content\/uploads\/2012\/06\/wj-Team_Lotte.jpg\"><img loading=\"lazy\" decoding=\"async\" aria-describedby=\"caption-attachment-255\" class=\"size-full wp-image-255 \" title=\"wj-Team_Lotte\" src=\"http:\/\/walter.jankuhn.2fix.de\/wp-content\/uploads\/2012\/06\/wj-Team_Lotte.jpg\" alt=\"Das Film-Team zum Film Lotte (Henny Porten - mitte, vorn, weiss)\" width=\"520\" height=\"400\" srcset=\"http:\/\/walter.jankuhn.2fix.de\/wp-content\/uploads\/2012\/06\/wj-Team_Lotte.jpg 650w, http:\/\/walter.jankuhn.2fix.de\/wp-content\/uploads\/2012\/06\/wj-Team_Lotte-300x230.jpg 300w\" sizes=\"auto, (max-width: 520px) 100vw, 520px\" \/><\/a><p id=\"caption-attachment-255\" class=\"wp-caption-text\">Filmcrew &#8220;LOTTE&#8221; mit Henny Porten + Walter Jankuhn<\/p><\/div>\n<div id=\"attachment_1661\" style=\"width: 154px\" class=\"wp-caption alignleft\"><a href=\"http:\/\/walter.jankuhn.2fix.de\/wp-content\/uploads\/2012\/10\/v-bothmer.jpg\"><img loading=\"lazy\" decoding=\"async\" aria-describedby=\"caption-attachment-1661\" class=\"size-full wp-image-1661\" title=\"v-bothmer\" src=\"http:\/\/walter.jankuhn.2fix.de\/wp-content\/uploads\/2012\/10\/v-bothmer.jpg\" alt=\"\" width=\"144\" height=\"115\" \/><\/a><p id=\"caption-attachment-1661\" class=\"wp-caption-text\">Graf v. Bothmer<\/p><\/div>\n<div id=\"attachment_1685\" style=\"width: 195px\" class=\"wp-caption alignright\"><a href=\"http:\/\/walter.jankuhn.2fix.de\/wp-content\/uploads\/2012\/10\/6147110630_0c187d336c.jpg\"><img loading=\"lazy\" decoding=\"async\" aria-describedby=\"caption-attachment-1685\" class=\"size-medium wp-image-1685 \" title=\"rud-jankuhn-wj\" src=\"http:\/\/walter.jankuhn.2fix.de\/wp-content\/uploads\/2012\/10\/6147110630_0c187d336c-205x300.jpg\" alt=\"\" width=\"185\" height=\"270\" srcset=\"http:\/\/walter.jankuhn.2fix.de\/wp-content\/uploads\/2012\/10\/6147110630_0c187d336c-205x300.jpg 205w, http:\/\/walter.jankuhn.2fix.de\/wp-content\/uploads\/2012\/10\/6147110630_0c187d336c.jpg 342w\" sizes=\"auto, (max-width: 185px) 100vw, 185px\" \/><\/a><p id=\"caption-attachment-1685\" class=\"wp-caption-text\">Jankuhn \/Fotocollage<\/p><\/div>\n<p>Zu erw\u00e4hnen bleibt noch, das der Film &#8220;LOTTE&#8221; als historisch wertvoll vom Filmmuseum Berlin restauriert wurde. Im Begleitprogramm zu den &#8220;<strong>Berliner Filmfestspielen 2006<\/strong>&#8221; wurde der 80-min\u00fctige Stummfilm &#8220;LOTTE&#8221; im<br \/>\nKino \u00a0\u00a0<strong>BABYLON<\/strong>\u00a0Berlin, am <strong>2.12. 2006<\/strong>\/20 Uhr als Stummfilm-Konzert wieder aufgef\u00fchrt &#8211; mit Live-Begleitung durch den Pianisten &#8220;Graf von Bothmer&#8221;, Piano. (Abb. links). Der Graf ist einer der Wenigen, der solche Filmkonzerte komponiert und arrangiert. Er ist in die Fu\u00dfstapfen des letzten authentischen Filmpianisten der 20er\/30er Jahre &#8220;Willy Sommerfeld&#8221; getreten, der inzwischen auch \u00fcber 100-j\u00e4hrig verstorben ist. Die Moderation bei dieser Auff\u00fchung hat &#8220;Rudolf Jankuhn&#8221; ein Gro\u00dfneffe von Kammers\u00e4nger &#8220;Walter JANKUHN&#8221; \u00fcbernommen. Rudolf Jankuhn ist ein heute in Berlin lebender Kunstmaler der sich auch k\u00fcnstlerisch mit seinem namenhaften Verwandten auseinandergesetzt hat, wie die Portrait-Collage zeigt.<br \/>\n&gt; <span style=\"color: #000000;\">(Abb.<strong>\u00a0<\/strong>rechts).<\/span><\/p>\n<p><span style=\"color: #000000;\">Nachfolgendes Beispiel f\u00fcr die ebenso in Vergessenheit geratene K\u00fcnstlerin Henny PORTEN, gilt exemplarisch f\u00fcr viele K\u00fcnstler, wie auch Walter JANKUHN ihren Partner in dem Stumm-Film &#8220;LOTTE &#8220;. Siehe Youtube-Link einer Henny PORTEN Doku:<\/span><\/p>\n<p><iframe loading=\"lazy\" title=\"Henny Porten in Ratzeburg\" width=\"640\" height=\"360\" src=\"https:\/\/www.youtube.com\/embed\/Oc5NQTFP-Q8?feature=oembed\" frameborder=\"0\" allow=\"accelerometer; autoplay; clipboard-write; encrypted-media; gyroscope; picture-in-picture; web-share\" referrerpolicy=\"strict-origin-when-cross-origin\" allowfullscreen><\/iframe><\/p>\n","protected":false},"excerpt":{"rendered":"<p>Berlin-Babelsberg\/Wei\u00dfensee war bereits nach dem 1. Weltkreig das Zentrum des Deutschen Stumm-Films (Universum\/ UFA, Irbis, DLG, Terra, Pan Film etc.) . Der\u00a0Stumm- film &#8220;LOTTE&#8221;\u00a0hatte am 19.4.1928 im Mozartsaal\/Berlin Premiere und war das erste Filmexperiment des Spiel-Tenors &#8220;Walter JANKUHN&#8221; &#8211; gleich &hellip; <a href=\"http:\/\/walter.jankuhn.2fix.de\/?page_id=166\">Continue reading <span class=\"meta-nav\">&rarr;<\/span><\/a><\/p>\n","protected":false},"author":1,"featured_media":0,"parent":127,"menu_order":1,"comment_status":"open","ping_status":"open","template":"","meta":{"footnotes":""},"class_list":["post-166","page","type-page","status-publish","hentry"],"_links":{"self":[{"href":"http:\/\/walter.jankuhn.2fix.de\/index.php?rest_route=\/wp\/v2\/pages\/166","targetHints":{"allow":["GET"]}}],"collection":[{"href":"http:\/\/walter.jankuhn.2fix.de\/index.php?rest_route=\/wp\/v2\/pages"}],"about":[{"href":"http:\/\/walter.jankuhn.2fix.de\/index.php?rest_route=\/wp\/v2\/types\/page"}],"author":[{"embeddable":true,"href":"http:\/\/walter.jankuhn.2fix.de\/index.php?rest_route=\/wp\/v2\/users\/1"}],"replies":[{"embeddable":true,"href":"http:\/\/walter.jankuhn.2fix.de\/index.php?rest_route=%2Fwp%2Fv2%2Fcomments&post=166"}],"version-history":[{"count":71,"href":"http:\/\/walter.jankuhn.2fix.de\/index.php?rest_route=\/wp\/v2\/pages\/166\/revisions"}],"predecessor-version":[{"id":3503,"href":"http:\/\/walter.jankuhn.2fix.de\/index.php?rest_route=\/wp\/v2\/pages\/166\/revisions\/3503"}],"up":[{"embeddable":true,"href":"http:\/\/walter.jankuhn.2fix.de\/index.php?rest_route=\/wp\/v2\/pages\/127"}],"wp:attachment":[{"href":"http:\/\/walter.jankuhn.2fix.de\/index.php?rest_route=%2Fwp%2Fv2%2Fmedia&parent=166"}],"curies":[{"name":"wp","href":"https:\/\/api.w.org\/{rel}","templated":true}]}}