{"id":164,"date":"2012-06-12T12:06:27","date_gmt":"2012-06-12T12:06:27","guid":{"rendered":"http:\/\/walter.jankuhn.2fix.de\/?page_id=164"},"modified":"2013-04-08T09:30:41","modified_gmt":"2013-04-08T09:30:41","slug":"dich-hab-ich-geliebt-29","status":"publish","type":"page","link":"http:\/\/walter.jankuhn.2fix.de\/?page_id=164","title":{"rendered":"Dich hab ich geliebt \/29"},"content":{"rendered":"<p style=\"text-align: center;\">\u00a0<a href=\"http:\/\/walter.jankuhn.2fix.de\/wp-content\/uploads\/2012\/12\/Dich-hab-ich-geliebt-foto.jpg\"><img loading=\"lazy\" decoding=\"async\" class=\" wp-image-2852 aligncenter\" title=\"Dich hab ich geliebt-foto\" src=\"http:\/\/walter.jankuhn.2fix.de\/wp-content\/uploads\/2012\/12\/Dich-hab-ich-geliebt-foto.jpg\" alt=\"\" width=\"468\" height=\"588\" srcset=\"http:\/\/walter.jankuhn.2fix.de\/wp-content\/uploads\/2012\/12\/Dich-hab-ich-geliebt-foto.jpg 520w, http:\/\/walter.jankuhn.2fix.de\/wp-content\/uploads\/2012\/12\/Dich-hab-ich-geliebt-foto-238x300.jpg 238w\" sizes=\"auto, (max-width: 468px) 100vw, 468px\" \/><\/a><\/p>\n<dl id=\"attachment_2852\" class=\"wp-caption aligncenter\" style=\"width: 530px;\">\n<dd class=\"wp-caption-dd\">Walter Jankuhn + Mady Christians<\/dd>\n<\/dl>\n<p>&nbsp;<\/p>\n<p><strong><a href=\"http:\/\/walter.jankuhn.2fix.de\/wp-content\/uploads\/2012\/12\/thejazzsingerplakat.jpg\"><img loading=\"lazy\" decoding=\"async\" class=\"alignright  wp-image-2567\" title=\"thejazzsingerplakat\" src=\"http:\/\/walter.jankuhn.2fix.de\/wp-content\/uploads\/2012\/12\/thejazzsingerplakat-192x300.jpg\" alt=\"\" width=\"139\" height=\"216\" srcset=\"http:\/\/walter.jankuhn.2fix.de\/wp-content\/uploads\/2012\/12\/thejazzsingerplakat-192x300.jpg 192w, http:\/\/walter.jankuhn.2fix.de\/wp-content\/uploads\/2012\/12\/thejazzsingerplakat.jpg 580w\" sizes=\"auto, (max-width: 139px) 100vw, 139px\" \/><\/a>1927\/28<\/strong>\u00a0war das Jahr, in dem das neue Medium <strong>&#8220;Tonfilm&#8221;<\/strong> mit\u00a0<strong>&#8220;<\/strong><strong>The Jazz Singers&#8221; (USA&gt;EUR)<\/strong><strong>\u00a0<\/strong>(<strong>+<\/strong> The singing Fool\/<strong>1929<\/strong>) und dem farbigen S\u00e4nger &#8220;AL JOLSON&#8221; den Durchbruch schaffte. Er l\u00f6ste in den USA ein Tonfilmfieber aus, das bis heute andauert und den Stummfilm langsam zum Verstummen brachte! Zun\u00e4chst aber rettete dieser 1. Tonfilm den Konzern <strong>WARNER Bros.<\/strong> vor dem nahenden Ruin!<\/p>\n<p>Deutsche Technik war zwar sehr fortschrittlich &#8211; aber nach einem Fehlversuch bei der <strong>UFA <\/strong>wieder in der Schublade verschwunden. 1922 gab es Probevorf\u00fchrungen im <strong>TRI-ERGON-<\/strong>Verfahren und 1930 wurde die UFA- Tonfilm der gr\u00f6\u00dfte Konkurrent des\u00a0<strong>Tobis\u00a0<\/strong>Tonfilmverfahrens welches damals auch die\u00a0<strong>AAFA-Filmprodukton <\/strong>angewendet hat. \u00a0Das Problem waren damals stets die konkurrierenden bzw. fehlenden Tonfilm-Standards. Wieder einmal wurden deutsche Forschungsergebnisse von den Amerikanern aufgegriffen und zum Markterfolg weiterentwickelt. Der gr\u00f6\u00dfte deutsche (Stumm) Filmkonzern <strong>UFA<\/strong> wollte dem pl\u00f6tzlichen und l\u00e4rmenden Triumph der Amerikaner aber keinesfalls sprachlos zusehen (vergl. <strong>Der Spiegel<\/strong>\/1950 &#8211; Kino, das gro\u00dfe Traumgesch\u00e4ft). Ihr Chef Erich PROMMER hatte die Operette \u00a0&#8220;Fledermaus&#8221; zun\u00e4chst als ersten deutschen Tonfilm geplant, dies aber wegen der komplizierten Rechtslage verworfen, ebenso wie das Filmprojekt &#8220;Der Kongress tanzt&#8221; der wegen zu hoher Kosten vertagt wurde.<\/p>\n<p>So wurde Walter JANKUHN Deutschlands erster Filmtenor und landete wie sein US-Vorreiter Al JOLSON \u00a0mit dem Titelsong im ersten deutschen Tonfim:\u00a0\u00a0<strong>&#8220;Dich hab ich geliebt&#8221;<\/strong>&#8211; <strong>1929<\/strong>\u00a0 zus\u00e4tzlich einen Radio\/Schallplatten-Hit!\u00a0 In Deutschland war die\u00a0<strong>AAFA<\/strong> Filmproduktion diesmal schneller als die alte Filmtante <strong>UFA.<\/strong>\u00a0Der erste UFA-Tonfilm: <strong>&#8220;Ich k\u00fcsse ihre Hand Madame&#8221;<\/strong> (mit R. Tauber) &#8211; blieb zweiter Sieger und kam erst Wochen sp\u00e4ter durch das Ziel. Erst danach folgten dann noch heute bekannte und verf\u00fcgbare Filme wie:\u00a0<strong>&#8220;Der blaue Engel &#8221; <\/strong>(mit M. Dietrich) und<strong> &#8220;Die Drei von der Tankstelle&#8221;, <\/strong>als\u00a0auch der Nachz\u00fcgler:<strong> &#8220;Der Kongress tanzt&#8221;,<\/strong> inszeniert von dem prominenten Operetten-Produzent Eric CHARELL. Diese popul\u00e4ren UFA-Filme haben den Krieg \u00fcberlebt und sind gerettet worden. \u00a0F\u00e4lschlicherweise wurde der ein oder andere dieser Flime von der Presse deshalb gerne mal als 1. dt. Tonfilm gefeiert, was aber nachweislich falsch ist. Die genannten Filme hatten entweder erst 1930 bzw. sp\u00e4ter Premiere oder sie waren nicht komplett deutsch produziert, vertont etc. &#8220;The winner is&#8221; = der erste wirklich deutsch produzierte Tonfilm:\u00a0<strong>\u00a0&#8220;Dich hab ich geliebt&#8221;,<\/strong> wie der anerkannte Fachautor Dr. Hans BORGELT im Berlin-Forum\/<strong>79<\/strong> dokumentierte (mit &#8220;Mady CHRISTIANS&#8221; und &#8220;Walter JANKUHN&#8221; i.d. Hauptrollen). Die Premiere fand am <strong>22.11.1929<\/strong> gleichzeitig im CAPITOL und PRIMUS-Palast in Berlin statt &#8211; leider gilt der Film aber bislang als verschollen?<\/p>\n<p><a href=\"http:\/\/walter.jankuhn.2fix.de\/wp-content\/uploads\/2013\/01\/DSCF0088.jpg\"><img loading=\"lazy\" decoding=\"async\" class=\"alignright size-medium wp-image-2990\" title=\"DSCF0088\" src=\"http:\/\/walter.jankuhn.2fix.de\/wp-content\/uploads\/2013\/01\/DSCF0088-300x225.jpg\" alt=\"\" width=\"300\" height=\"225\" srcset=\"http:\/\/walter.jankuhn.2fix.de\/wp-content\/uploads\/2013\/01\/DSCF0088-300x225.jpg 300w, http:\/\/walter.jankuhn.2fix.de\/wp-content\/uploads\/2013\/01\/DSCF0088-1024x768.jpg 1024w, http:\/\/walter.jankuhn.2fix.de\/wp-content\/uploads\/2013\/01\/DSCF0088.jpg 1280w\" sizes=\"auto, (max-width: 300px) 100vw, 300px\" \/><\/a><\/p>\n<p>1930 waren von 183 produzierten Filmen erst &#8220;8&#8221; echte Tonfilme. Dieser 1. deutsche Tonfilm wurde auch in den USA + Europa vermarktet und war ungeachtet jeglicher Klassifizierung ein &#8220;Kassen- und Publikums-erfolg&#8221;. Der Titelsong: &#8220;Dich hab ich geliebt&#8221; (Interpret: Walter JANKUHN) , eroberte \u00a0<strong>1929 <\/strong>auf Anhieb<strong>\u00a0<\/strong>die Charts der deutschen\u00a0<strong>Musik-Hitparade<\/strong>!!<br \/>\n<a href=\"http:\/\/walter.jankuhn.2fix.de\/wp-content\/uploads\/2012\/06\/wj-Tonfilm_Forum.jpg\"><img loading=\"lazy\" decoding=\"async\" class=\"alignleft size-full wp-image-261\" title=\"wj-Tonfilm_Forum\" src=\"http:\/\/walter.jankuhn.2fix.de\/wp-content\/uploads\/2012\/06\/wj-Tonfilm_Forum.jpg\" alt=\"\" width=\"571\" height=\"400\" srcset=\"http:\/\/walter.jankuhn.2fix.de\/wp-content\/uploads\/2012\/06\/wj-Tonfilm_Forum.jpg 571w, http:\/\/walter.jankuhn.2fix.de\/wp-content\/uploads\/2012\/06\/wj-Tonfilm_Forum-300x210.jpg 300w\" sizes=\"auto, (max-width: 571px) 100vw, 571px\" \/><\/a><\/p>\n<div id=\"attachment_518\" style=\"width: 380px\" class=\"wp-caption alignleft\"><a href=\"http:\/\/walter.jankuhn.2fix.de\/wp-content\/uploads\/2012\/06\/wj-filmkurier_02.jpg\"><img loading=\"lazy\" decoding=\"async\" aria-describedby=\"caption-attachment-518\" class=\"size-full wp-image-518\" title=\"wj-filmkurier_02\" src=\"http:\/\/walter.jankuhn.2fix.de\/wp-content\/uploads\/2012\/06\/wj-filmkurier_02.jpg\" alt=\"\" width=\"370\" height=\"500\" srcset=\"http:\/\/walter.jankuhn.2fix.de\/wp-content\/uploads\/2012\/06\/wj-filmkurier_02.jpg 370w, http:\/\/walter.jankuhn.2fix.de\/wp-content\/uploads\/2012\/06\/wj-filmkurier_02-222x300.jpg 222w\" sizes=\"auto, (max-width: 370px) 100vw, 370px\" \/><\/a><p id=\"caption-attachment-518\" class=\"wp-caption-text\">Filmkurier &#8220;Dich hab ich geliebt&#8221; Mady Christians + Walter Jankuhn<\/p><\/div>\n<p><a href=\"http:\/\/walter.jankuhn.2fix.de\/wp-content\/uploads\/2012\/06\/wj-Tonfilm_Heft_011.jpg\"><img loading=\"lazy\" decoding=\"async\" class=\"alignleft size-full wp-image-263\" title=\"wj-Tonfilm_Heft_011\" src=\"http:\/\/walter.jankuhn.2fix.de\/wp-content\/uploads\/2012\/06\/wj-Tonfilm_Heft_011.jpg\" alt=\"\" width=\"191\" height=\"200\" \/><\/a><a href=\"http:\/\/walter.jankuhn.2fix.de\/wp-content\/uploads\/2012\/06\/wj-filmkurier_04.jpg\"><img loading=\"lazy\" decoding=\"async\" class=\"alignleft size-full wp-image-520\" title=\"wj-filmkurier_04\" src=\"http:\/\/walter.jankuhn.2fix.de\/wp-content\/uploads\/2012\/06\/wj-filmkurier_04.jpg\" alt=\"\" width=\"778\" height=\"500\" srcset=\"http:\/\/walter.jankuhn.2fix.de\/wp-content\/uploads\/2012\/06\/wj-filmkurier_04.jpg 778w, http:\/\/walter.jankuhn.2fix.de\/wp-content\/uploads\/2012\/06\/wj-filmkurier_04-300x192.jpg 300w\" sizes=\"auto, (max-width: 778px) 100vw, 778px\" \/><\/a><\/p>\n<p>&nbsp;<\/p>\n<p>&nbsp;<\/p>\n<p>&nbsp;<\/p>\n<p>&nbsp;<\/p>\n<p>&nbsp;<\/p>\n<p>&nbsp;<\/p>\n<p>&nbsp;<\/p>\n<p>&nbsp;<\/p>\n<p>. <strong>Story<\/strong>: Ein Liebesdrama der S\u00e4ngerin Lund, die heiratet, ihre Karriere aufgibt und sich um Tochter Mariechen k\u00fcmmert. Die Ehe scheitert, findet aber nach erneuter Aufnahme der Karriere ein Happy-End und eine Wiedervereinigung&#8230;<\/p>\n<p>Dieser 1. deutsche Tonfilm<br \/>\nund Kasssenerfolg erlebte am 24. 1. 30 auch in New York seine US-Premiere (<strong>because I loved you<\/strong>), wie gleichzeitig in vielen europ\u00e4iischen L\u00e4ndern. Die fremdsprachigen Film-Versionen wurden nicht synchronisiert, sondern einfach mit Untertiteln versehen, wie damals \u00fcblich. Leider ist bisher offiziell\u00a0<strong>keine Kopie dieses historischen Films<\/strong> gefunden worden.<\/p>\n<p>Neben den beiden Hauptdarstellern Christians + Jankuhn, waren: &#8220;Hans St\u00fcwe, Carl Platen, Trude Berliner&#8221; weitere \u00a0Protagonisten &#8211; die alle bestens aus Stummfilm, Operette oder als Komiker bekannt waren. Das Manuskript schrieb &#8220;Walter Reisch&#8221;, Regie f\u00fchrte &#8220;Rudolf Walther-Fein&#8221;.<\/p>\n<p><a href=\"http:\/\/walter.jankuhn.2fix.de\/wp-content\/uploads\/2012\/12\/Dich-hab-ich-geliebt-klsddr.jpg\"><img loading=\"lazy\" decoding=\"async\" class=\"alignleft size-full wp-image-2853\" title=\"Dich hab ich geliebt-klsddr\" src=\"http:\/\/walter.jankuhn.2fix.de\/wp-content\/uploads\/2012\/12\/Dich-hab-ich-geliebt-klsddr.jpg\" alt=\"\" width=\"250\" height=\"372\" srcset=\"http:\/\/walter.jankuhn.2fix.de\/wp-content\/uploads\/2012\/12\/Dich-hab-ich-geliebt-klsddr.jpg 520w, http:\/\/walter.jankuhn.2fix.de\/wp-content\/uploads\/2012\/12\/Dich-hab-ich-geliebt-klsddr-201x300.jpg 201w\" sizes=\"auto, (max-width: 250px) 100vw, 250px\" \/><\/a>Trotz des Erfolges waren die Kritiker nicht zimperlich, insbesondere die <strong>Tonreproduktion<\/strong> und <strong>Tonregie<\/strong> (Hans Conradi) sowie der harte Filmschnitt (wie beim Stummfilm \u00fcblich) wurden kritisiert &#8211; ebenso wie die &#8220;adhoc&#8221; Musikunter-malungen in Dialogszenen. Aber es gab ja so gut wie kein Vorbild &#8211; keine Erfahrung! Das Publikum wurde dennoch von dem Film in den Bann gezogen, \u00a0es hat gro\u00dfz\u00fcgig \u00fcber alle Kinderkrankheiten hinweggeschaut.<\/p>\n<p><a href=\"http:\/\/walter.jankuhn.2fix.de\/wp-content\/uploads\/2012\/12\/tonfilm.jpg\"><img loading=\"lazy\" decoding=\"async\" class=\"alignright size-full wp-image-2568\" title=\"tonfilm\" src=\"http:\/\/walter.jankuhn.2fix.de\/wp-content\/uploads\/2012\/12\/tonfilm.jpg\" alt=\"\" width=\"149\" height=\"234\" srcset=\"http:\/\/walter.jankuhn.2fix.de\/wp-content\/uploads\/2012\/12\/tonfilm.jpg 425w, http:\/\/walter.jankuhn.2fix.de\/wp-content\/uploads\/2012\/12\/tonfilm-190x300.jpg 190w\" sizes=\"auto, (max-width: 149px) 100vw, 149px\" \/><\/a>Trotz dieser Zumutungen der neuen sog. <strong>&#8220;talkies&#8221;<\/strong>: also z.B. inkompatible Technik, Patentstreit, unterschiedliche Formate der diversen Filmkonzerne &#8211; mit doppeltem technischen Aufwand f\u00fcr alle Kinobetreiber (Ton von Schallplatte oder Lichtton, Tonspur etc.) &#8211; \u00a0war der Siegeszug des Tonfilms nicht zu stoppen. Von seinen Kritikern wurde der Tonfilm zun\u00e4chst &#8220;als Tod der Kunst&#8221; beschimpft. &#8220;Charlie Chaplin&#8221; war als Ausdrucks- und Pantomime-Star noch bei seinem Film <strong>&#8220;Moderne Zeiten&#8221;\/ 1936, <\/strong>ein eiserner Verfechter des Stummfilms (mit Musikuntermalung) und ein gro\u00dfer Ver\u00e4chter der sog. &#8220;<strong>talkies<\/strong>&#8221; (Tonfilme).<\/p>\n<p>Aber lassen wir &#8220;Walter JANKUHN&#8221;- aus der Zunft der Operettens\u00e4nger &#8211; der sich aber 1930 auch als FILM-<strong>Produzent<\/strong> versuchte, selbst sprechen: Hier sein Interview nach seinen ersten Tonfilmerfahrungen: &gt; &#8220;die Hannover Presse berichtete&#8221; vor dem Gastspiel des Kammers\u00e4ngers im MELLINI-Theater:<\/p>\n<p><a href=\"http:\/\/walter.jankuhn.2fix.de\/wp-content\/uploads\/2012\/07\/jankuhn-erz\u00e4hlt-gross.jpg\"><img loading=\"lazy\" decoding=\"async\" class=\"size-full wp-image-1122 alignnone\" title=\"jankuhn-erz\u00e4hlt-gross\" src=\"http:\/\/walter.jankuhn.2fix.de\/wp-content\/uploads\/2012\/07\/jankuhn-erz\u00e4hlt-gross.jpg\" alt=\"\" width=\"536\" height=\"922\" srcset=\"http:\/\/walter.jankuhn.2fix.de\/wp-content\/uploads\/2012\/07\/jankuhn-erz\u00e4hlt-gross.jpg 596w, http:\/\/walter.jankuhn.2fix.de\/wp-content\/uploads\/2012\/07\/jankuhn-erz\u00e4hlt-gross-174x300.jpg 174w\" sizes=\"auto, (max-width: 536px) 100vw, 536px\" \/><\/a><\/p>\n<p>Der 1. Deutsche Tonfilm entstand im Wettrennen mit den USA Filmstudios. Leider gilt der Film &#8220;Dich hab ich geliebt&#8221; als vermisst &#8211; anders als der \u00dcberraschungserfolg von AL JOLSON mit &#8220;The Jazz Singer&#8221;. Nachfolgend aus <em>youtube<\/em> einen interessanten Ausschnitt vom 1. Tonfilm ever mit Beurteilungen von US- Filmexperten:<\/p>\n<p><iframe loading=\"lazy\" title=\"Trailer zu &quot;Al Jolson und The Jazz Singer&quot;\" width=\"640\" height=\"480\" src=\"https:\/\/www.youtube.com\/embed\/TncSKQXYENQ?feature=oembed\" frameborder=\"0\" allow=\"accelerometer; autoplay; clipboard-write; encrypted-media; gyroscope; picture-in-picture; web-share\" referrerpolicy=\"strict-origin-when-cross-origin\" allowfullscreen><\/iframe><\/p>\n<p>&nbsp;<\/p>\n","protected":false},"excerpt":{"rendered":"<p>\u00a0 Walter Jankuhn + Mady Christians &nbsp; 1927\/28\u00a0war das Jahr, in dem das neue Medium &#8220;Tonfilm&#8221; mit\u00a0&#8220;The Jazz Singers&#8221; (USA&gt;EUR)\u00a0(+ The singing Fool\/1929) und dem farbigen S\u00e4nger &#8220;AL JOLSON&#8221; den Durchbruch schaffte. Er l\u00f6ste in den USA ein Tonfilmfieber aus, &hellip; <a href=\"http:\/\/walter.jankuhn.2fix.de\/?page_id=164\">Continue reading <span class=\"meta-nav\">&rarr;<\/span><\/a><\/p>\n","protected":false},"author":1,"featured_media":0,"parent":127,"menu_order":2,"comment_status":"open","ping_status":"open","template":"","meta":{"footnotes":""},"class_list":["post-164","page","type-page","status-publish","hentry"],"_links":{"self":[{"href":"http:\/\/walter.jankuhn.2fix.de\/index.php?rest_route=\/wp\/v2\/pages\/164","targetHints":{"allow":["GET"]}}],"collection":[{"href":"http:\/\/walter.jankuhn.2fix.de\/index.php?rest_route=\/wp\/v2\/pages"}],"about":[{"href":"http:\/\/walter.jankuhn.2fix.de\/index.php?rest_route=\/wp\/v2\/types\/page"}],"author":[{"embeddable":true,"href":"http:\/\/walter.jankuhn.2fix.de\/index.php?rest_route=\/wp\/v2\/users\/1"}],"replies":[{"embeddable":true,"href":"http:\/\/walter.jankuhn.2fix.de\/index.php?rest_route=%2Fwp%2Fv2%2Fcomments&post=164"}],"version-history":[{"count":102,"href":"http:\/\/walter.jankuhn.2fix.de\/index.php?rest_route=\/wp\/v2\/pages\/164\/revisions"}],"predecessor-version":[{"id":3624,"href":"http:\/\/walter.jankuhn.2fix.de\/index.php?rest_route=\/wp\/v2\/pages\/164\/revisions\/3624"}],"up":[{"embeddable":true,"href":"http:\/\/walter.jankuhn.2fix.de\/index.php?rest_route=\/wp\/v2\/pages\/127"}],"wp:attachment":[{"href":"http:\/\/walter.jankuhn.2fix.de\/index.php?rest_route=%2Fwp%2Fv2%2Fmedia&parent=164"}],"curies":[{"name":"wp","href":"https:\/\/api.w.org\/{rel}","templated":true}]}}