{"id":162,"date":"2012-06-12T12:58:02","date_gmt":"2012-06-12T12:58:02","guid":{"rendered":"http:\/\/walter.jankuhn.2fix.de\/?page_id=162"},"modified":"2013-02-20T12:19:54","modified_gmt":"2013-02-20T12:19:54","slug":"gluckliche-reise-32","status":"publish","type":"page","link":"http:\/\/walter.jankuhn.2fix.de\/?page_id=162","title":{"rendered":"Gl\u00fcckliche Reise \/32"},"content":{"rendered":"<p><a href=\"http:\/\/walter.jankuhn.2fix.de\/wp-content\/uploads\/2012\/12\/ed-k\u00fcnnecke.jpg\"><img loading=\"lazy\" decoding=\"async\" class=\"alignnone size-thumbnail wp-image-2580\" title=\"ed-k\u00fcnnecke\" src=\"http:\/\/walter.jankuhn.2fix.de\/wp-content\/uploads\/2012\/12\/ed-k\u00fcnnecke-150x150.jpg\" alt=\"\" width=\"150\" height=\"150\" srcset=\"http:\/\/walter.jankuhn.2fix.de\/wp-content\/uploads\/2012\/12\/ed-k\u00fcnnecke-150x150.jpg 150w, http:\/\/walter.jankuhn.2fix.de\/wp-content\/uploads\/2012\/12\/ed-k\u00fcnnecke.jpg 240w\" sizes=\"auto, (max-width: 150px) 100vw, 150px\" \/><\/a><img loading=\"lazy\" decoding=\"async\" class=\"size-full wp-image-1919 alignnone\" title=\"gl-reise-karrik\" src=\"http:\/\/walter.jankuhn.2fix.de\/wp-content\/uploads\/2012\/11\/gl-reise-karrik.jpg\" alt=\"\" width=\"320\" height=\"203\" srcset=\"http:\/\/walter.jankuhn.2fix.de\/wp-content\/uploads\/2012\/11\/gl-reise-karrik.jpg 320w, http:\/\/walter.jankuhn.2fix.de\/wp-content\/uploads\/2012\/11\/gl-reise-karrik-300x190.jpg 300w\" sizes=\"auto, (max-width: 320px) 100vw, 320px\" \/><\/p>\n<p>Elf Jahre nach dem Welterfolg &#8220;Vetter aus Dingsda&#8221; landete der Komponist Eduard K\u00dcNECKE seinen zweiten riesigen Erfolg. Am <strong>23.11.1932<\/strong> fand die Welt-Urauff\u00fchrung seiner neuen Operette <strong>&#8220;Gl\u00fcckliche Reise&#8221; <\/strong>in Berlin im Theater am Kurf\u00fcrstendamm statt, Regie &#8220;Leo Peukert&#8221; (Libretto: Max Bertuch\/Kurt Schwabach). Lange Jahre stand dieses Theater unter der Leitung von\u00a0<strong>Max Reinhardt, <\/strong>der dann aber die Direktion endg\u00fcltig\u00a0im Jahr 1933 abgegeben hat. Mit dieser neuen Operette hat sich K\u00dcNNEKE deutlicher von der klassischen Stiefschwester Oper als auch den leichtlebig frivolen Revueoperetten der 20er abgesetzt.<\/p>\n<div id=\"attachment_331\" style=\"width: 310px\" class=\"wp-caption alignleft\"><a href=\"http:\/\/walter.jankuhn.2fix.de\/wp-content\/uploads\/2012\/06\/wj-operette_079.jpg\"><img loading=\"lazy\" decoding=\"async\" aria-describedby=\"caption-attachment-331\" class=\"size-medium wp-image-331\" title=\"wj-operette_079\" src=\"http:\/\/walter.jankuhn.2fix.de\/wp-content\/uploads\/2012\/06\/wj-operette_079-300x203.jpg\" alt=\"\" width=\"300\" height=\"203\" srcset=\"http:\/\/walter.jankuhn.2fix.de\/wp-content\/uploads\/2012\/06\/wj-operette_079-300x203.jpg 300w, http:\/\/walter.jankuhn.2fix.de\/wp-content\/uploads\/2012\/06\/wj-operette_079.jpg 589w\" sizes=\"auto, (max-width: 300px) 100vw, 300px\" \/><\/a><p id=\"caption-attachment-331\" class=\"wp-caption-text\">Walter Jankuhnn&#8230;&#8230;..vermutlich aus Gl\u00fcckliche Reise ?!<\/p><\/div>\n<p>Einer der Erfolgsgaranten war wiederum Kammers\u00e4nger &#8220;Walter JANKUHN&#8221; in der Hauptrolle neben Partnerin &#8220;Lizzi WALDM\u00dcLLER&#8221; der temperamenvollen mitrei\u00dfenden Soubrette! Weitere Pro- tagonisten der Premiere waren: &#8220;Verbes, Hilde W\u00f6rner, Harry Gondi&#8221; u.v.m. Eine f\u00fcr dies Zeit moderne &#8220;Operetten-Kom\u00f6die&#8221; &#8211; man m\u00f6chte fast sagen transatlantisches Musical &#8211; mit den neuen Rythmen jener Zeit, wie: Tango, Rumba, Foxtrott und auch Blues. Thematisiert\u00a0wurde eine verworrene Liebesgeschichte, auf einer gl\u00fccklichen Reise von Berlin nach Argentinien. Der sensationelle Erfolg verhalf &#8220;Walter Jankuhn&#8221; mit dem Tango-Titelsong &#8220;Gl\u00fcckliche Reise&#8221; wieder einmal zu einem Hit in der <strong>Schlagerparade <\/strong>des Jahres<strong> 1932 <\/strong>auf dem Medium Schallplatte (bzw. im Radio). In der Folgezeit wurde diese Operette von &#8220;K\u00fcnecke&#8221; \u00fcberall in Europa ein Export-Erfolg bevor sie anschlie\u00dfend wieder etwas von der Bildfl\u00e4che erschwand.<\/p>\n<div id=\"attachment_390\" style=\"width: 224px\" class=\"wp-caption alignright\"><a href=\"http:\/\/walter.jankuhn.2fix.de\/wp-content\/uploads\/2012\/06\/wj-operette_031_lizzi.jpg\"><img loading=\"lazy\" decoding=\"async\" aria-describedby=\"caption-attachment-390\" class=\"size-medium wp-image-390 \" title=\"wj-operette_031_lizzi\" src=\"http:\/\/walter.jankuhn.2fix.de\/wp-content\/uploads\/2012\/06\/wj-operette_031_lizzi-214x300.jpg\" alt=\"\" width=\"214\" height=\"300\" srcset=\"http:\/\/walter.jankuhn.2fix.de\/wp-content\/uploads\/2012\/06\/wj-operette_031_lizzi-214x300.jpg 214w, http:\/\/walter.jankuhn.2fix.de\/wp-content\/uploads\/2012\/06\/wj-operette_031_lizzi.jpg 286w\" sizes=\"auto, (max-width: 214px) 100vw, 214px\" \/><\/a><p id=\"caption-attachment-390\" class=\"wp-caption-text\">Lizzi Waldm\u00fcller + Walter Jankuhn<\/p><\/div>\n<p><strong>Die Story:<\/strong><\/p>\n<p><strong><\/strong>Zwei deutsche Soldaten beschlie\u00dfen nach Ende des 1. Weltkrieges nach Argentinien auszuwandern um dort eine Farm aufzubauen. Die einzige Verbindung zur Heimat sind die Brieffreundschaften zu zwei Berliner M\u00e4deln. Weil die Schiffspassage nach Argentinien zu teuer ist lassen sie sich beide unabh\u00e4ngig voneinander als Stewardessen engagieren &#8211; der Anfang vieler Verwicklungen&#8230; Neben dem Titelsong fanden auch die Lieder:<\/p>\n<p>&#8220;<strong>Das Leben ist ein Karussel<\/strong>&#8221; und &#8220;<strong>Liebe kennt keine Grenzen<\/strong>&#8221; gro\u00dfen Beifall beim Publikum.<\/p>\n<p>Ungeachtet der Erfolge soll nicht unerw\u00e4hnt bleiben, da\u00df die mehrfache Partnerin und liebenswerte Kollegin &#8220;Lizzy Waldm\u00fcller&#8221; auch bekannt vom Film (Bel Ami) &#8211; ein schreckliches Schicksal ereilte. Die charmante \u00d6esterreicherin kam noch <strong>1945<\/strong> &#8211; einen Monat vor Kriegsende &#8211; bei einen Bombenangriff auf Wien ums Leben.<\/p>\n<p><strong>Gl\u00fcckliche Reise \/Neuinszenierung 1950<\/strong><\/p>\n<p><a href=\"http:\/\/walter.jankuhn.2fix.de\/wp-content\/uploads\/2012\/06\/gl\u00fcckl-Reise-phulm.jpg\"><img loading=\"lazy\" decoding=\"async\" class=\"alignleft size-medium wp-image-864\" title=\"gl\u00fcckl-Reise-phulm\" src=\"http:\/\/walter.jankuhn.2fix.de\/wp-content\/uploads\/2012\/06\/gl\u00fcckl-Reise-phulm-204x300.jpg\" alt=\"\" width=\"204\" height=\"300\" srcset=\"http:\/\/walter.jankuhn.2fix.de\/wp-content\/uploads\/2012\/06\/gl\u00fcckl-Reise-phulm-204x300.jpg 204w, http:\/\/walter.jankuhn.2fix.de\/wp-content\/uploads\/2012\/06\/gl\u00fcckl-Reise-phulm.jpg 456w\" sizes=\"auto, (max-width: 204px) 100vw, 204px\" \/><\/a><a href=\"http:\/\/walter.jankuhn.2fix.de\/wp-content\/uploads\/2012\/06\/wj-Plakat_Reise.jpg\"><img loading=\"lazy\" decoding=\"async\" class=\"alignleft size-medium wp-image-286\" title=\"wj-Plakat_Reise\" src=\"http:\/\/walter.jankuhn.2fix.de\/wp-content\/uploads\/2012\/06\/wj-Plakat_Reise-209x300.jpg\" alt=\"\" width=\"209\" height=\"300\" srcset=\"http:\/\/walter.jankuhn.2fix.de\/wp-content\/uploads\/2012\/06\/wj-Plakat_Reise-209x300.jpg 209w, http:\/\/walter.jankuhn.2fix.de\/wp-content\/uploads\/2012\/06\/wj-Plakat_Reise.jpg 349w\" sizes=\"auto, (max-width: 209px) 100vw, 209px\" \/><\/a>Nach dem 2. Weltkrieg<br \/>\ntrat als erster &#8220;Walter JANKUHN&#8221; <strong>1950<\/strong> wieder mit K\u00fcnnekes Operette &#8220;Gl\u00fcckliche Reise&#8221; vor`s Berliner Publikum am &#8220;Phulmann Theater&#8221;. \u00a0Diesmal hat er das St\u00fcck auch gleich selbst neu inszeniert. Ein Doppel-Erfolg f\u00fcr ihn, trotz der wehm\u00fctig vermissten &#8220;Lizzy Waldm\u00fcller&#8221;. Die Protagonisten hie\u00dfen diesmal: Eva Daehne, Mizi Metelka, Bruno Kiebler, Erich Passow , Muscha Riochter u.v.m). Also jene wenigen Berliner B\u00fchnenk\u00fcnstler die von der alten Operettenseligkeit der 20er\/30er Jahre noch \u00fcbriggeblieben waren oder nachgewachsen sind. Inzwischen am\u00fcsierte sich das Massenpublikum prim\u00e4r im Kino.<\/p>\n<p>Ein Jahr nach dem Tod von &#8220;Walter Jankuhn&#8221; wurde die Operette <strong>Gl\u00fcckliche Reise \u00a01954<\/strong>\u00a0dann auch mit &#8220;Paul Hubschmid&#8221; in der Hauptrolle verfilmt. (Regie: Thomas Engel).<\/p>\n<p>Auch heute wieder ein beliebter Stoff mit zeitlos akuteller Musik &#8211; wie diese Festival Neuinszenierung belegt. Siehe (youtube-trailer) Link:<\/p>\n<p><iframe loading=\"lazy\" title=\"Heiko Reissig, Maxi Arland und Hagen Matzeit - Gl\u00fcckliche Reise\" width=\"640\" height=\"480\" src=\"https:\/\/www.youtube.com\/embed\/t07mx-pcnQM?feature=oembed\" frameborder=\"0\" allow=\"accelerometer; autoplay; clipboard-write; encrypted-media; gyroscope; picture-in-picture; web-share\" referrerpolicy=\"strict-origin-when-cross-origin\" allowfullscreen><\/iframe><\/p>\n<h3><strong>Vetter aus Dingsda 1932 \/Berlin<\/strong><\/h3>\n<p>Nachzutragen bleibt noch, da\u00df dem Erfolg der Urauff\u00fchrung &#8220;Gl\u00fcckliche Reise&#8221;, \u00a0mit &#8220;Walter JANKUHN&#8221; anschlie\u00dfend auch eine Neuauflage der lange vermissten K\u00dcNNEKE Operette:\u00a0<strong>&#8220;Vetter aus Dingsda&#8221; \u00a0<\/strong> im Schauspielhaus zusammen mit Margit SUCHY folgte, wie auch\u00a0<strong>1932<\/strong> am K\u00fcrf\u00fcrstendamm Theater, Berlin:<\/p>\n<div id=\"attachment_1065\" style=\"width: 230px\" class=\"wp-caption aligncenter\"><a href=\"http:\/\/walter.jankuhn.2fix.de\/wp-content\/uploads\/2012\/07\/vetter-aus-dingsda-berlin.jpg\"><img loading=\"lazy\" decoding=\"async\" aria-describedby=\"caption-attachment-1065\" class=\"size-full wp-image-1065   \" title=\"vetter-aus-dingsda-berlin\" src=\"http:\/\/walter.jankuhn.2fix.de\/wp-content\/uploads\/2012\/07\/vetter-aus-dingsda-berlin.jpg\" alt=\"\" width=\"220\" height=\"466\" \/><\/a><p id=\"caption-attachment-1065\" class=\"wp-caption-text\">Vetter aus Dingsda \/ W. Jankuhn<\/p><\/div>\n<p>Der &#8220;Vetter aus Dingsda&#8221; war K\u00fcnnekes erfolgreichste Operette und wurde schon auf fast allen Operettenb\u00fchnen auch im Ausland immer wieder gespielt.<\/p>\n<p>&nbsp;<\/p>\n","protected":false},"excerpt":{"rendered":"<p>Elf Jahre nach dem Welterfolg &#8220;Vetter aus Dingsda&#8221; landete der Komponist Eduard K\u00dcNECKE seinen zweiten riesigen Erfolg. Am 23.11.1932 fand die Welt-Urauff\u00fchrung seiner neuen Operette &#8220;Gl\u00fcckliche Reise&#8221; in Berlin im Theater am Kurf\u00fcrstendamm statt, Regie &#8220;Leo Peukert&#8221; (Libretto: Max Bertuch\/Kurt &hellip; <a href=\"http:\/\/walter.jankuhn.2fix.de\/?page_id=162\">Continue reading <span class=\"meta-nav\">&rarr;<\/span><\/a><\/p>\n","protected":false},"author":1,"featured_media":0,"parent":123,"menu_order":6,"comment_status":"open","ping_status":"open","template":"","meta":{"footnotes":""},"class_list":["post-162","page","type-page","status-publish","hentry"],"_links":{"self":[{"href":"http:\/\/walter.jankuhn.2fix.de\/index.php?rest_route=\/wp\/v2\/pages\/162","targetHints":{"allow":["GET"]}}],"collection":[{"href":"http:\/\/walter.jankuhn.2fix.de\/index.php?rest_route=\/wp\/v2\/pages"}],"about":[{"href":"http:\/\/walter.jankuhn.2fix.de\/index.php?rest_route=\/wp\/v2\/types\/page"}],"author":[{"embeddable":true,"href":"http:\/\/walter.jankuhn.2fix.de\/index.php?rest_route=\/wp\/v2\/users\/1"}],"replies":[{"embeddable":true,"href":"http:\/\/walter.jankuhn.2fix.de\/index.php?rest_route=%2Fwp%2Fv2%2Fcomments&post=162"}],"version-history":[{"count":59,"href":"http:\/\/walter.jankuhn.2fix.de\/index.php?rest_route=\/wp\/v2\/pages\/162\/revisions"}],"predecessor-version":[{"id":3544,"href":"http:\/\/walter.jankuhn.2fix.de\/index.php?rest_route=\/wp\/v2\/pages\/162\/revisions\/3544"}],"up":[{"embeddable":true,"href":"http:\/\/walter.jankuhn.2fix.de\/index.php?rest_route=\/wp\/v2\/pages\/123"}],"wp:attachment":[{"href":"http:\/\/walter.jankuhn.2fix.de\/index.php?rest_route=%2Fwp%2Fv2%2Fmedia&parent=162"}],"curies":[{"name":"wp","href":"https:\/\/api.w.org\/{rel}","templated":true}]}}