{"id":1592,"date":"2012-10-25T17:30:01","date_gmt":"2012-10-25T17:30:01","guid":{"rendered":"http:\/\/walter.jankuhn.2fix.de\/?page_id=1592"},"modified":"2013-02-18T11:16:56","modified_gmt":"2013-02-18T11:16:56","slug":"die-zirkusprinzessin-26","status":"publish","type":"page","link":"http:\/\/walter.jankuhn.2fix.de\/?page_id=1592","title":{"rendered":"Die Zirkusprinzessin \/26"},"content":{"rendered":"<p>1926 machte eine neue Operette des bis dato wohl erfolgreichsten Operettenkomponisten &#8220;Emmerich Kalman&#8221; die Runde. Der einzige Komponist, der &#8211; wie der Wiener Kritiker &#8220;Ludwig Hirschfeld&#8221; (Neue Freie Presse) anl\u00e4\u00dflich der Wiener Urauff\u00fchrung am <strong>26.3.1926<\/strong> schrieb &#8211; &#8220;immer Erfolg hat &#8211; immer gr\u00f6\u00dferen und immer internationaleren&#8221;.<\/p>\n<div id=\"attachment_454\" style=\"width: 234px\" class=\"wp-caption alignleft\"><a href=\"http:\/\/walter.jankuhn.2fix.de\/wp-content\/uploads\/2012\/06\/wj-Heft_043_s01_Metropol.jpg\"><img loading=\"lazy\" decoding=\"async\" aria-describedby=\"caption-attachment-454\" class=\"size-medium wp-image-454\" title=\"wj-Heft_043_s01_Metropol\" src=\"http:\/\/walter.jankuhn.2fix.de\/wp-content\/uploads\/2012\/06\/wj-Heft_043_s01_Metropol-224x300.jpg\" alt=\"\" width=\"224\" height=\"300\" srcset=\"http:\/\/walter.jankuhn.2fix.de\/wp-content\/uploads\/2012\/06\/wj-Heft_043_s01_Metropol-224x300.jpg 224w, http:\/\/walter.jankuhn.2fix.de\/wp-content\/uploads\/2012\/06\/wj-Heft_043_s01_Metropol.jpg 374w\" sizes=\"auto, (max-width: 224px) 100vw, 224px\" \/><\/a><p id=\"caption-attachment-454\" class=\"wp-caption-text\">Die Zirkusprinzessin \/ Progr.-Heft<\/p><\/div>\n<p>Da durfte nat\u00fcrlich BERLIN nicht fehlen- und eines der f\u00fchrenden B\u00fchnen, das <strong>METROPOL<\/strong> unter der Direktion von Geheimrat JENTZ bzw. der k\u00fcnst-lerischen Leitung von \u00a0FRIEDMANN-FREDERICH, wollte dem Kollegen CHARELL vom Gro\u00dfen Schau-spielhaus Berlin &#8211; mal eine Nase voraus sein. Eigentlich stand der Tenorist Walter JANKUHN bereits mit der MASSARY bei CHARELL unter Vertrag &#8211; jedenfalls lie\u00dfen es die Vertr\u00e4ge zu, dass CHARELL&#8217;s erster Tenorist fremd ging! Die Dt. Erstauff\u00fchrung: \u00a0&#8220;<strong>Der Zirkusprinzessin&#8221;<\/strong> im Metropol zum Jahreswechsel 1926\/27, wurde in Berlin ebenso bejubelt wie in ganz Europa!<br \/>\nAm\u00a03. Januar 1927 konnte in Wien bereits die<br \/>\n300. Vorstellung gefeiert werden. Zur selben Zeit fand in Hamburg\u00a0schon die 50. und in Breslau die<br \/>\n75. Vorstellung statt. In Stockholm und Budapest lief das St\u00fcck auch bereits drei Monate. Nachdem auch in Mailand, Z\u00fcrich und \u00a0vielen anderen St\u00e4dten Premieren angek\u00fcndigt waren &#8211; musste Berlin nat\u00fcrlich reagieren und das Berliner Publikum hat&#8217;s mit gro\u00dfem Beifall gedankt.<\/p>\n<p><a href=\"http:\/\/walter.jankuhn.2fix.de\/wp-content\/uploads\/2012\/06\/wj-operette_220.jpg\"><img loading=\"lazy\" decoding=\"async\" class=\"size-medium wp-image-323 alignright\" title=\"wj-operette_220\" src=\"http:\/\/walter.jankuhn.2fix.de\/wp-content\/uploads\/2012\/06\/wj-operette_220-300x224.jpg\" alt=\"\" width=\"216\" height=\"161\" srcset=\"http:\/\/walter.jankuhn.2fix.de\/wp-content\/uploads\/2012\/06\/wj-operette_220-300x224.jpg 300w, http:\/\/walter.jankuhn.2fix.de\/wp-content\/uploads\/2012\/06\/wj-operette_220.jpg 535w\" sizes=\"auto, (max-width: 216px) 100vw, 216px\" \/><\/a><\/p>\n<p>In Szene gesetzt von Otto Langer und unter musikalischer Leitung von Max Roth wirkte Tenorist Walter JANKUHN in der Rolle des &#8220;<em>MISTER X&#8221; <\/em>wie schon \u00f6fter, mit der bezaubernden Irene AMBRUS als &#8220;<em>Miss Mabel (Zirkusreiterin<\/em>)&#8221; mit. Weitere prominente Protogonisten waren der Komiker Max HANSEN (<em>Sohn Toni<\/em>), sowie Sz\u00f6ke SZAKALL (<em>Pelikan, Oberkellner<\/em>) .<\/p>\n<div id=\"attachment_2109\" style=\"width: 160px\" class=\"wp-caption alignright\"><a href=\"http:\/\/walter.jankuhn.2fix.de\/wp-content\/uploads\/2012\/11\/irene-mambrus.jpg\"><img loading=\"lazy\" decoding=\"async\" aria-describedby=\"caption-attachment-2109\" class=\"size-thumbnail wp-image-2109 \" title=\"irene-mambrus\" src=\"http:\/\/walter.jankuhn.2fix.de\/wp-content\/uploads\/2012\/11\/irene-mambrus-150x150.jpg\" alt=\"\" width=\"150\" height=\"150\" \/><\/a><p id=\"caption-attachment-2109\" class=\"wp-caption-text\">Irene Ambrus<\/p><\/div>\n<div id=\"attachment_544\" style=\"width: 160px\" class=\"wp-caption alignleft\"><a href=\"http:\/\/walter.jankuhn.2fix.de\/wp-content\/uploads\/2012\/06\/wj-Boeke.jpg\"><img loading=\"lazy\" decoding=\"async\" aria-describedby=\"caption-attachment-544\" class=\"size-thumbnail wp-image-544 \" title=\"wj-Boeke\" src=\"http:\/\/walter.jankuhn.2fix.de\/wp-content\/uploads\/2012\/06\/wj-Boeke-150x150.jpg\" alt=\"\" width=\"150\" height=\"150\" \/><\/a><p id=\"caption-attachment-544\" class=\"wp-caption-text\">Sz\u00f6ke Szakall<\/p><\/div>\n<p>Die Geschichte spielt im Jahre 1912 im Zirkus Stanislawski in Petersburg und im Palais des Prinzen Wladimir sowie schlie\u00dflich in Wien im Hotel &#8220;Erzherzog-Karl&#8221;&#8230;<\/p>\n<p>&nbsp;<\/p>\n<p>Von demKollegen Kuttner, gibt es noch eine Plattenaufnahme von 1926 &#8211; obwohl er selbst nicht mit zum Ensemble der Urauff\u00fchung geh\u00f6rte (&gt; siehe Youtube Video link)<\/p>\n<p style=\"text-align: center;\"><a href=\"http:\/\/walter.jankuhn.2fix.de\/wp-content\/uploads\/2012\/06\/wj-1950_oder_Metropol_01.jpg\"><img loading=\"lazy\" decoding=\"async\" class=\"aligncenter size-full wp-image-551\" title=\"wj-1950_oder_Metropol_01\" src=\"http:\/\/walter.jankuhn.2fix.de\/wp-content\/uploads\/2012\/06\/wj-1950_oder_Metropol_01.jpg\" alt=\"\" width=\"481\" height=\"259\" srcset=\"http:\/\/walter.jankuhn.2fix.de\/wp-content\/uploads\/2012\/06\/wj-1950_oder_Metropol_01.jpg 742w, http:\/\/walter.jankuhn.2fix.de\/wp-content\/uploads\/2012\/06\/wj-1950_oder_Metropol_01-300x161.jpg 300w\" sizes=\"auto, (max-width: 481px) 100vw, 481px\" \/><\/a><\/p>\n<p><iframe loading=\"lazy\" title=\"Max Kuttner - Mein S\u00fc\u00dfer Hei\u00dfgeliebter Iwan - Die Zirkusprinzessin 1926\" width=\"640\" height=\"480\" src=\"https:\/\/www.youtube.com\/embed\/JtTNHK0AKlQ?feature=oembed\" frameborder=\"0\" allow=\"accelerometer; autoplay; clipboard-write; encrypted-media; gyroscope; picture-in-picture; web-share\" referrerpolicy=\"strict-origin-when-cross-origin\" allowfullscreen><\/iframe><\/p>\n<p><a href=\"http:\/\/walter.jankuhn.2fix.de\/wp-content\/uploads\/2012\/06\/wj-1950_oder_Metropol_021.jpg\"><img loading=\"lazy\" decoding=\"async\" class=\"aligncenter size-full wp-image-743\" title=\"wj-1950_oder_Metropol_02\" src=\"http:\/\/walter.jankuhn.2fix.de\/wp-content\/uploads\/2012\/06\/wj-1950_oder_Metropol_021.jpg\" alt=\"\" width=\"800\" height=\"340\" srcset=\"http:\/\/walter.jankuhn.2fix.de\/wp-content\/uploads\/2012\/06\/wj-1950_oder_Metropol_021.jpg 800w, http:\/\/walter.jankuhn.2fix.de\/wp-content\/uploads\/2012\/06\/wj-1950_oder_Metropol_021-300x127.jpg 300w\" sizes=\"auto, (max-width: 800px) 100vw, 800px\" \/><\/a><\/p>\n<p>&nbsp;<\/p>\n","protected":false},"excerpt":{"rendered":"<p>1926 machte eine neue Operette des bis dato wohl erfolgreichsten Operettenkomponisten &#8220;Emmerich Kalman&#8221; die Runde. Der einzige Komponist, der &#8211; wie der Wiener Kritiker &#8220;Ludwig Hirschfeld&#8221; (Neue Freie Presse) anl\u00e4\u00dflich der Wiener Urauff\u00fchrung am 26.3.1926 schrieb &#8211; &#8220;immer Erfolg hat &hellip; <a href=\"http:\/\/walter.jankuhn.2fix.de\/?page_id=1592\">Continue reading <span class=\"meta-nav\">&rarr;<\/span><\/a><\/p>\n","protected":false},"author":1,"featured_media":0,"parent":123,"menu_order":2,"comment_status":"open","ping_status":"open","template":"","meta":{"footnotes":""},"class_list":["post-1592","page","type-page","status-publish","hentry"],"_links":{"self":[{"href":"http:\/\/walter.jankuhn.2fix.de\/index.php?rest_route=\/wp\/v2\/pages\/1592","targetHints":{"allow":["GET"]}}],"collection":[{"href":"http:\/\/walter.jankuhn.2fix.de\/index.php?rest_route=\/wp\/v2\/pages"}],"about":[{"href":"http:\/\/walter.jankuhn.2fix.de\/index.php?rest_route=\/wp\/v2\/types\/page"}],"author":[{"embeddable":true,"href":"http:\/\/walter.jankuhn.2fix.de\/index.php?rest_route=\/wp\/v2\/users\/1"}],"replies":[{"embeddable":true,"href":"http:\/\/walter.jankuhn.2fix.de\/index.php?rest_route=%2Fwp%2Fv2%2Fcomments&post=1592"}],"version-history":[{"count":24,"href":"http:\/\/walter.jankuhn.2fix.de\/index.php?rest_route=\/wp\/v2\/pages\/1592\/revisions"}],"predecessor-version":[{"id":3518,"href":"http:\/\/walter.jankuhn.2fix.de\/index.php?rest_route=\/wp\/v2\/pages\/1592\/revisions\/3518"}],"up":[{"embeddable":true,"href":"http:\/\/walter.jankuhn.2fix.de\/index.php?rest_route=\/wp\/v2\/pages\/123"}],"wp:attachment":[{"href":"http:\/\/walter.jankuhn.2fix.de\/index.php?rest_route=%2Fwp%2Fv2%2Fmedia&parent=1592"}],"curies":[{"name":"wp","href":"https:\/\/api.w.org\/{rel}","templated":true}]}}