{"id":158,"date":"2012-06-12T12:54:36","date_gmt":"2012-06-12T12:54:36","guid":{"rendered":"http:\/\/walter.jankuhn.2fix.de\/?page_id=158"},"modified":"2013-02-18T17:13:18","modified_gmt":"2013-02-18T17:13:18","slug":"madame-pompadour-22","status":"publish","type":"page","link":"http:\/\/walter.jankuhn.2fix.de\/?page_id=158","title":{"rendered":"Madame Pompadour \/27"},"content":{"rendered":"<div id=\"attachment_236\" style=\"width: 250px\" class=\"wp-caption alignleft\"><a href=\"http:\/\/walter.jankuhn.2fix.de\/wp-content\/uploads\/2012\/06\/wj-1927_30_MadamePompadur_01.jpg\"><img loading=\"lazy\" decoding=\"async\" aria-describedby=\"caption-attachment-236\" class=\"size-full wp-image-236\" title=\"wj-1927_30_MadamePompadur_01\" src=\"http:\/\/walter.jankuhn.2fix.de\/wp-content\/uploads\/2012\/06\/wj-1927_30_MadamePompadur_01.jpg\" alt=\"\" width=\"240\" height=\"400\" srcset=\"http:\/\/walter.jankuhn.2fix.de\/wp-content\/uploads\/2012\/06\/wj-1927_30_MadamePompadur_01.jpg 240w, http:\/\/walter.jankuhn.2fix.de\/wp-content\/uploads\/2012\/06\/wj-1927_30_MadamePompadur_01-180x300.jpg 180w\" sizes=\"auto, (max-width: 240px) 100vw, 240px\" \/><\/a><p id=\"caption-attachment-236\" class=\"wp-caption-text\">Fritzy Massary &#8211; Operette &#8211; Madame Pompadour<\/p><\/div>\n<p><strong>1919<\/strong> hat Ernst LUBITSCH &#8220;Madame Dubarry&#8221; (b\u00fcrgerl. M\u00e4tresse + Sexsybol) \u00a0z. Zt. der franz. Revolution am Hof von Ludwig XV. verfilmt (Stummfilm) &#8211; und damit das Tor nach Hollywood ge\u00f6ffnet.<\/p>\n<p><strong>1922<\/strong> hatte dann &#8220;Leo FALL&#8221; mit diesem immer wieder faszinierenden Stoff musikalisch mt seiner Operette &#8220;Madame Pompadour&#8221; (Geschichte der Jeanne Antoinette) \u00a0am Metropol-Theater Berlin erstmals mit &#8220;Fritzy MASSARY&#8221; auf die B\u00fchne gebracht!<\/p>\n<p>F\u00fcr CHARELL war <strong>&#8220;Madame Pompadour&#8221; <\/strong>1927 trotz Wirtschaftskrise das passende Thema f\u00fcr die Neu-Inszenierung dieser &#8220;Leo-Fall&#8221; Operette ! Seine \u00fcberarbeitete pomp\u00f6s-frivole<br \/>\nFassung hatte am <strong>23. Dez. 1927<\/strong> im Gro\u00dfen Schauspielhaus Berlin Premiere. Nochmals ein bejubelter Erfolg f\u00fcr die &#8220;MASSARY&#8221; &#8211; auf dem H\u00f6hepunkt ihrer Karriere &#8211; als auch f\u00fcr Ihren Partner &#8220;Walter JANKUHN&#8221; in der Rolle des &#8211;<em>Rene-<\/em>. Nicht zuletzt auch ein Erfolg der hervorragenden Ausstattung von Prof. Ernst Stern und der musikalischen Umsetzung von Ernst Hauke, der Regie von Charell, sowie seinem Ensemble u. a. mit &#8220;Wilhelm Bendow, Lotte Werkmeister, Paul Westermeier&#8221; u.v.m.<\/p>\n<p><a href=\"http:\/\/walter.jankuhn.2fix.de\/wp-content\/uploads\/2012\/06\/wj-1927_30_MadamePompadur_03.jpg\"><img loading=\"lazy\" decoding=\"async\" class=\"aligncenter size-full wp-image-578\" title=\"wj-1927_30_MadamePompadur_03\" src=\"http:\/\/walter.jankuhn.2fix.de\/wp-content\/uploads\/2012\/06\/wj-1927_30_MadamePompadur_03.jpg\" alt=\"\" width=\"553\" height=\"400\" srcset=\"http:\/\/walter.jankuhn.2fix.de\/wp-content\/uploads\/2012\/06\/wj-1927_30_MadamePompadur_03.jpg 553w, http:\/\/walter.jankuhn.2fix.de\/wp-content\/uploads\/2012\/06\/wj-1927_30_MadamePompadur_03-300x216.jpg 300w\" sizes=\"auto, (max-width: 553px) 100vw, 553px\" \/><\/a>Die Presse hatte die Pompadour-Auff\u00fchrung haupts\u00e4chlich wegen der &#8220;Massary&#8221;<br \/>\ngefeiert, war der Diva doch diese pomp\u00f6se Rolle wie auf den Leib geschrieben &#8211; viele behaupten\u00a0ihre beste Rolle \u00fcberhaupt! Kritiker bezeichneten diese Auff\u00fchrung als &#8220;textlich, musikalisch, stilistisch&#8221; sowie zeitbezogen als Meisteroperette par excellance.<br \/>\nDeren Verse und Worte spiegelten mehr als das sterbende Rokoko wieder, mehr als Paris und die Revolution. Mit der erotisierenden Atmosph\u00e4re, mit den verschlagenen Diplomaten und Hofleuten von Versailles, K\u00f6nig Ludwig, &#8220;Calicot dem Pamphletisten&#8221; und &#8220;Poulard dem Spitzel&#8221;, erkennt man apokalyptische Z\u00fcge der Situation &#8211; vergleichbar denen im damaligen Berlin.<\/p>\n<div id=\"attachment_414\" style=\"width: 522px\" class=\"wp-caption aligncenter\"><a href=\"http:\/\/walter.jankuhn.2fix.de\/wp-content\/uploads\/2012\/06\/wj-operette_002.jpg\"><img loading=\"lazy\" decoding=\"async\" aria-describedby=\"caption-attachment-414\" class=\"size-full wp-image-414\" title=\"wj-operette_002\" src=\"http:\/\/walter.jankuhn.2fix.de\/wp-content\/uploads\/2012\/06\/wj-operette_002.jpg\" alt=\"\" width=\"512\" height=\"400\" srcset=\"http:\/\/walter.jankuhn.2fix.de\/wp-content\/uploads\/2012\/06\/wj-operette_002.jpg 512w, http:\/\/walter.jankuhn.2fix.de\/wp-content\/uploads\/2012\/06\/wj-operette_002-300x234.jpg 300w\" sizes=\"auto, (max-width: 512px) 100vw, 512px\" \/><\/a><p id=\"caption-attachment-414\" class=\"wp-caption-text\">1927 MADAME POMPADOUR &#8211; Walter Jankuhn (Bildmitte)<\/p><\/div>\n<p>Der geschichtstr\u00e4chtige Stoff und die Operettenfassung der &#8220;Madame Pompadour&#8221; von 1927 waren so popul\u00e4r, das wenige Jahre sp\u00e4ter <strong>1930<\/strong> dieser Stoff als einer der ersten <strong>Operetten mit &#8220;Ton&#8221;<\/strong> verfilmt wurde. Kaum verwunderlich, dass damals wieder &#8220;Walter Jankuhn&#8221; engagiert wurde, den man bereits aus der Rolle des <em>&#8220;-Rene-&#8220;<\/em> kannte und der sowohl stimmlich wie spielerisch alle Voraussetzungen dazu mitbrachte. (&gt; Kapitel Filme).<\/p>\n<p>Nachfolgender Link zeigt ein Youtube Video aus der Operette &#8220;Madame Pompadour&#8221;, wie in der Urauff\u00fchrung mit Fritzi Massary:<\/p>\n<p><iframe loading=\"lazy\" title=\"Fritzi Massary &quot;Madame Pompadour&quot;  Leo Fall\" width=\"640\" height=\"480\" src=\"https:\/\/www.youtube.com\/embed\/esr9s2EaTN0?feature=oembed\" frameborder=\"0\" allow=\"accelerometer; autoplay; clipboard-write; encrypted-media; gyroscope; picture-in-picture; web-share\" referrerpolicy=\"strict-origin-when-cross-origin\" allowfullscreen><\/iframe><\/p>\n<div id=\"attachment_421\" style=\"width: 188px\" class=\"wp-caption alignright\"><a href=\"http:\/\/walter.jankuhn.2fix.de\/wp-content\/uploads\/2012\/06\/wj-operette_009.jpg\"><img loading=\"lazy\" decoding=\"async\" aria-describedby=\"caption-attachment-421\" class=\"size-medium wp-image-421 \" title=\"wj-operette_009\" src=\"http:\/\/walter.jankuhn.2fix.de\/wp-content\/uploads\/2012\/06\/wj-operette_009-223x300.jpg\" alt=\"\" width=\"178\" height=\"240\" srcset=\"http:\/\/walter.jankuhn.2fix.de\/wp-content\/uploads\/2012\/06\/wj-operette_009-223x300.jpg 223w, http:\/\/walter.jankuhn.2fix.de\/wp-content\/uploads\/2012\/06\/wj-operette_009.jpg 298w\" sizes=\"auto, (max-width: 178px) 100vw, 178px\" \/><\/a><p id=\"caption-attachment-421\" class=\"wp-caption-text\">Walter Jankuhn<\/p><\/div>\n<p>Ein Jahr sp\u00e4ter stand &#8220;Walter Jankuhn&#8221; dann erneut als Partner der &#8220;Massary&#8221; in dem Operettenerfolg &#8220;<strong>Die Lustige Witwe<\/strong>&#8221; auf der B\u00fchne. Historisch betrachtet noch erfolgreicher als &#8220;Madame Pompadour&#8221;, obwohl sich der Zeitenwandel (i. d. Wirtschaftskriese) bemerkbar machte und das gemeinhin von der &#8220;Massary&#8221; verk\u00f6rperte Frauenbild der koketten Grand Dame zu br\u00f6ckeln begann. Zwischenzeitlich gewann der androgyne, selbstbewu\u00dfte Frauentyp des neuen B\u00fcrgertums immer mehr an Boden&#8230; (<em>siehe &gt; extra Kapitel<\/em>).<\/p>\n<p>&nbsp;<\/p>\n<p>&nbsp;<\/p>\n","protected":false},"excerpt":{"rendered":"<p>1919 hat Ernst LUBITSCH &#8220;Madame Dubarry&#8221; (b\u00fcrgerl. M\u00e4tresse + Sexsybol) \u00a0z. Zt. der franz. Revolution am Hof von Ludwig XV. verfilmt (Stummfilm) &#8211; und damit das Tor nach Hollywood ge\u00f6ffnet. 1922 hatte dann &#8220;Leo FALL&#8221; mit diesem immer wieder faszinierenden &hellip; <a href=\"http:\/\/walter.jankuhn.2fix.de\/?page_id=158\">Continue reading <span class=\"meta-nav\">&rarr;<\/span><\/a><\/p>\n","protected":false},"author":1,"featured_media":0,"parent":123,"menu_order":3,"comment_status":"open","ping_status":"open","template":"","meta":{"footnotes":""},"class_list":["post-158","page","type-page","status-publish","hentry"],"_links":{"self":[{"href":"http:\/\/walter.jankuhn.2fix.de\/index.php?rest_route=\/wp\/v2\/pages\/158","targetHints":{"allow":["GET"]}}],"collection":[{"href":"http:\/\/walter.jankuhn.2fix.de\/index.php?rest_route=\/wp\/v2\/pages"}],"about":[{"href":"http:\/\/walter.jankuhn.2fix.de\/index.php?rest_route=\/wp\/v2\/types\/page"}],"author":[{"embeddable":true,"href":"http:\/\/walter.jankuhn.2fix.de\/index.php?rest_route=\/wp\/v2\/users\/1"}],"replies":[{"embeddable":true,"href":"http:\/\/walter.jankuhn.2fix.de\/index.php?rest_route=%2Fwp%2Fv2%2Fcomments&post=158"}],"version-history":[{"count":38,"href":"http:\/\/walter.jankuhn.2fix.de\/index.php?rest_route=\/wp\/v2\/pages\/158\/revisions"}],"predecessor-version":[{"id":3528,"href":"http:\/\/walter.jankuhn.2fix.de\/index.php?rest_route=\/wp\/v2\/pages\/158\/revisions\/3528"}],"up":[{"embeddable":true,"href":"http:\/\/walter.jankuhn.2fix.de\/index.php?rest_route=\/wp\/v2\/pages\/123"}],"wp:attachment":[{"href":"http:\/\/walter.jankuhn.2fix.de\/index.php?rest_route=%2Fwp%2Fv2%2Fmedia&parent=158"}],"curies":[{"name":"wp","href":"https:\/\/api.w.org\/{rel}","templated":true}]}}