{"id":156,"date":"2012-06-12T12:59:14","date_gmt":"2012-06-12T12:59:14","guid":{"rendered":"http:\/\/walter.jankuhn.2fix.de\/?page_id=156"},"modified":"2013-02-19T18:52:47","modified_gmt":"2013-02-19T18:52:47","slug":"frau-luna-36","status":"publish","type":"page","link":"http:\/\/walter.jankuhn.2fix.de\/?page_id=156","title":{"rendered":"Frau Luna \/36"},"content":{"rendered":"<p>&nbsp;<\/p>\n<p><a href=\"http:\/\/walter.jankuhn.2fix.de\/wp-content\/uploads\/2012\/06\/wj-1940_41_Hannover_Frau_Luna_02.jpg\"><img loading=\"lazy\" decoding=\"async\" class=\"size-full wp-image-734 alignright\" title=\"wj-1940_41_Hannover_Frau_Luna_02\" src=\"http:\/\/walter.jankuhn.2fix.de\/wp-content\/uploads\/2012\/06\/wj-1940_41_Hannover_Frau_Luna_02.jpg\" alt=\"\" width=\"296\" height=\"400\" srcset=\"http:\/\/walter.jankuhn.2fix.de\/wp-content\/uploads\/2012\/06\/wj-1940_41_Hannover_Frau_Luna_02.jpg 296w, http:\/\/walter.jankuhn.2fix.de\/wp-content\/uploads\/2012\/06\/wj-1940_41_Hannover_Frau_Luna_02-222x300.jpg 222w\" sizes=\"auto, (max-width: 296px) 100vw, 296px\" \/><\/a><a href=\"http:\/\/walter.jankuhn.2fix.de\/wp-content\/uploads\/2012\/06\/wj-Plakat_Luna.jpg\"><img loading=\"lazy\" decoding=\"async\" class=\"alignleft size-full wp-image-283\" title=\"wj-Plakat_Luna\" src=\"http:\/\/walter.jankuhn.2fix.de\/wp-content\/uploads\/2012\/06\/wj-Plakat_Luna.jpg\" alt=\"\" width=\"279\" height=\"500\" srcset=\"http:\/\/walter.jankuhn.2fix.de\/wp-content\/uploads\/2012\/06\/wj-Plakat_Luna.jpg 279w, http:\/\/walter.jankuhn.2fix.de\/wp-content\/uploads\/2012\/06\/wj-Plakat_Luna-167x300.jpg 167w\" sizes=\"auto, (max-width: 279px) 100vw, 279px\" \/><\/a> Mit <strong>FRAU LUNA<\/strong> wurde die typisch Berliner Operette geboren. (Urauff\u00fchrung 1899 im Apollo, Berlin). Die Hauptschlager waren die bekannte <strong>Berliner Luft<\/strong> und <strong>Schenk mir doch ein kleines bisschen Liebe<\/strong>. Das oben abgebildete Gru\u00dfwort stammt allerdings &#8220;nicht&#8221; aus dem Munde des Komponisten PAUL LINCKE, sondern ist ein Zitat aus dem Programmheft des &#8220;Mellini Theaters Hannover&#8221;!<br \/>\n<strong>1936<\/strong> hatte die Operette durch die Machtergreifung der Nazis viele bekannte j\u00fcdische K\u00fcnstler Gr\u00f6\u00dfen verloren (CHARELLs Operetten Diva Fritzi Massary verlie\u00df bereits 1932 Berlin in Richtung USA, wie CHARELL dann auch und die nichtarischen Komponisten &#8220;Abraham, Benatzky, Kalman, Gilbert&#8221; und &#8230;).<\/p>\n<div id=\"attachment_346\" style=\"width: 172px\" class=\"wp-caption alignright\"><a href=\"http:\/\/walter.jankuhn.2fix.de\/wp-content\/uploads\/2012\/06\/wj-operette_209.jpg\"><img loading=\"lazy\" decoding=\"async\" aria-describedby=\"caption-attachment-346\" class=\"size-medium wp-image-346\" title=\"wj-operette_209\" src=\"http:\/\/walter.jankuhn.2fix.de\/wp-content\/uploads\/2012\/06\/wj-operette_209-202x300.jpg\" alt=\"W. Jankuhn (Prinz Sternschnuppe)\" width=\"162\" height=\"240\" srcset=\"http:\/\/walter.jankuhn.2fix.de\/wp-content\/uploads\/2012\/06\/wj-operette_209-202x300.jpg 202w, http:\/\/walter.jankuhn.2fix.de\/wp-content\/uploads\/2012\/06\/wj-operette_209.jpg 270w\" sizes=\"auto, (max-width: 162px) 100vw, 162px\" \/><\/a><p id=\"caption-attachment-346\" class=\"wp-caption-text\">W. Jankuhn (Prinz Sternschnuppe)<\/p><\/div>\n<p>Die popul\u00e4re Operette sollte aber weiter m\u00f6glichst noch gr\u00f6\u00dfer und toller im Sinne &#8220;deutscher Tugenden&#8221; f\u00fcr die \u00a0<a href=\"http:\/\/walter.jankuhn.2fix.de\/wp-content\/uploads\/2012\/06\/wj-Heft_044_Admiralspalast_09.jpg\"><img loading=\"lazy\" decoding=\"async\" class=\"alignleft size-full wp-image-450\" title=\"wj-Heft_044_Admiralspalast_09\" src=\"http:\/\/walter.jankuhn.2fix.de\/wp-content\/uploads\/2012\/06\/wj-Heft_044_Admiralspalast_09.jpg\" alt=\"\" width=\"928\" height=\"500\" srcset=\"http:\/\/walter.jankuhn.2fix.de\/wp-content\/uploads\/2012\/06\/wj-Heft_044_Admiralspalast_09.jpg 928w, http:\/\/walter.jankuhn.2fix.de\/wp-content\/uploads\/2012\/06\/wj-Heft_044_Admiralspalast_09-300x161.jpg 300w\" sizes=\"auto, (max-width: 928px) 100vw, 928px\" \/><\/a>Volksgesundheit alle Register \u00a0ziehen. Wobei die NAZIS bereits versuchten mittels ihrer neuen Kulturpolitik <strong>&#8220;Kraft durch Freude&#8221;<\/strong> Einfluss auf die Programmgestaltung zu nehmen und die ehemals privaten Theater zu verstaatlichen bzw. zu kontrollieren suchten. Ein schwieriges Unterfangen mit &#8220;K\u00fcnstlern&#8221;, welche das NS-Regime erstmal nicht ernst nahmen &#8211; aber dringend f\u00fcr`s Theaterspielen gebraucht wurden! Man kann die Kompositionen alter Meister &#8211; wie Kunst generell &#8211; eben nicht grenzenlos verbiegen &#8211; ohne sich der L\u00e4cherlichkeit preiszugeben?! Das haben nat\u00fcrlich auch viele K\u00fcnstler gewu\u00dft und nach M\u00f6glichkeit genutzt! Manche mehr, andere weniger. Das NS-Regime wollte sich insbesondere wegen der OLYMPIADE 1936 nach Au\u00dfen hin nat\u00fcrlich weltoffen und liberal pr\u00e4sentieren &#8211; was allerdings nicht lange anhielt.<\/p>\n<p><a href=\"http:\/\/walter.jankuhn.2fix.de\/wp-content\/uploads\/2012\/11\/luna-AZ.jpg\"><img loading=\"lazy\" decoding=\"async\" class=\"alignleft size-medium wp-image-1935\" title=\"luna-AZ\" src=\"http:\/\/walter.jankuhn.2fix.de\/wp-content\/uploads\/2012\/11\/luna-AZ-102x300.jpg\" alt=\"\" width=\"102\" height=\"300\" srcset=\"http:\/\/walter.jankuhn.2fix.de\/wp-content\/uploads\/2012\/11\/luna-AZ-102x300.jpg 102w, http:\/\/walter.jankuhn.2fix.de\/wp-content\/uploads\/2012\/11\/luna-AZ.jpg 170w\" sizes=\"auto, (max-width: 102px) 100vw, 102px\" \/><\/a><\/p>\n<p>&nbsp;<\/p>\n<p>So kam der <strong>70. Geburtstag<\/strong> des typisch Berliner Komponisten<br \/>\n&#8220;<strong>PAUL LINCKE<\/strong>&#8221; wie gerufen. Die Festvorstellung (in Anwesenheit der Ehrenmitglieder des Intern. Autoren-Kongress) am <strong>29.9.1936<\/strong> im Admiralspalast in glanzvoller Pemierenbesetzung mit der Lincke- Operette &#8220;FRAU LUNA&#8221;, war ein epochales Ereignis und jenseits jeder politischen Wertung ein &#8220;Bomben-Erfolg! Dieser wurde noch durch die pers\u00f6nliche Mitwirkung des Komponisten &#8220;PAUL LINCKE&#8221; der selbst dirigiert hat &#8211; geadelt! Mit von der Partie waren die aktuellsten Operettenstars mit Rang und Namen: also Kammers\u00e4nger &#8220;WALTER JANKUHN&#8221; in der Rolle des Prinz Sternschnuppe und &#8220;FRIEDEL SCHUSTER&#8221; als <em> &#8220;Frau\u00a0Luna&#8221;<\/em> sowie &#8220;Eric ODE&#8221;, \u00a0&#8220;Armin M\u00dcNCH&#8221; , Robert DORSAY, Maria EISELT, Melitta KIEFER , Ewald WENCK etc. Die Spielleitung hatte Heinz LINGEN, der die ein Jahr zuvor am &#8220;Theater des Volkes&#8221; vorgestellte FRAU LUNA-Inszenierung \u00a0(noch ohne &#8220;Walter JANKUHN&#8221;, der Herrn Brausewetter ersetzen musste) \u00a0professionell \u00fcberarbeitet und revuegerecht erneuert hat (u.a. mit den 24 ADMIRAL Girls).<\/p>\n<div id=\"attachment_338\" style=\"width: 229px\" class=\"wp-caption alignleft\"><a href=\"http:\/\/walter.jankuhn.2fix.de\/wp-content\/uploads\/2012\/06\/wj-operette_201.jpg\"><img loading=\"lazy\" decoding=\"async\" aria-describedby=\"caption-attachment-338\" class=\"size-medium wp-image-338\" title=\"wj-operette_201\" src=\"http:\/\/walter.jankuhn.2fix.de\/wp-content\/uploads\/2012\/06\/wj-operette_201-300x196.jpg\" alt=\"\" width=\"219\" height=\"142\" \/><\/a><p id=\"caption-attachment-338\" class=\"wp-caption-text\">F. Schuster \/ W. Jankuhn<\/p><\/div>\n<p><a href=\"http:\/\/walter.jankuhn.2fix.de\/wp-content\/uploads\/2012\/06\/wj-operette_202.jpg\"><img loading=\"lazy\" decoding=\"async\" class=\"size-full wp-image-31 alignright\" title=\"wj-operette_202\" src=\"http:\/\/walter.jankuhn.2fix.de\/wp-content\/uploads\/2012\/06\/wj-operette_202.jpg\" alt=\"\" width=\"275\" height=\"186\" srcset=\"http:\/\/walter.jankuhn.2fix.de\/wp-content\/uploads\/2012\/06\/wj-operette_202.jpg 588w, http:\/\/walter.jankuhn.2fix.de\/wp-content\/uploads\/2012\/06\/wj-operette_202-300x204.jpg 300w\" sizes=\"auto, (max-width: 275px) 100vw, 275px\" \/><\/a><a href=\"http:\/\/walter.jankuhn.2fix.de\/wp-content\/uploads\/2012\/07\/frau-luna.jpg\"><img loading=\"lazy\" decoding=\"async\" class=\"size-full wp-image-1051 aligncenter\" title=\"frau-luna\" src=\"http:\/\/walter.jankuhn.2fix.de\/wp-content\/uploads\/2012\/07\/frau-luna.jpg\" alt=\"\" width=\"405\" height=\"672\" srcset=\"http:\/\/walter.jankuhn.2fix.de\/wp-content\/uploads\/2012\/07\/frau-luna.jpg 617w, http:\/\/walter.jankuhn.2fix.de\/wp-content\/uploads\/2012\/07\/frau-luna-180x300.jpg 180w\" sizes=\"auto, (max-width: 405px) 100vw, 405px\" \/><\/a><\/p>\n<p>Bei FRAU LUNA handelt es sich um die Geschichte des Mechanikers &#8220;Steppke&#8221;, der einen Ballon bastelt um zum Mond zu fliegen, wo die &#8220;Frau Luna&#8221; auf ihn wartet &#8211; in die aber schon &#8220;Prinz Sternschnuppe&#8221; verliebt ist &#8230;<br \/>\n1941 wurde die FRAU LUNA in einer kolportierten Fassung verfilmt, dabei wurde die Geschichte in die Silvesternacht des Jahres 1899 verlegt (Regie + Mitwirkung: &#8220;Theo Lingen&#8221; und &#8220;Lizzy Waldm\u00fcller&#8221; als FRAU LUNA) &#8211; hieraus die bekannte &#8220;Berliner Luft&#8221;. ein (youtube-Video) Link:<\/p>\n<p><iframe loading=\"lazy\" title=\"Berliner Luft (Paul Lincke)\/Lizzi Waldm\u00fcller\" width=\"640\" height=\"480\" src=\"https:\/\/www.youtube.com\/embed\/jgKiAb5b2LI?feature=oembed\" frameborder=\"0\" allow=\"accelerometer; autoplay; clipboard-write; encrypted-media; gyroscope; picture-in-picture; web-share\" referrerpolicy=\"strict-origin-when-cross-origin\" allowfullscreen><\/iframe><\/p>\n<p>Fotos:<br \/>\nWalter Jankuhn als &#8220;Prinz Sternschnuppe&#8221; (<em>oben rechts<\/em>), \u00a0Friedel Schuster\/Walter Jankuhn (<em>oben links<\/em>). \u00a0Werbepostkarte (<em>unten<\/em>).<\/p>\n<p><a href=\"http:\/\/walter.jankuhn.2fix.de\/wp-content\/uploads\/2012\/06\/wj-operette_032_Postk_Luna.jpg\"><img loading=\"lazy\" decoding=\"async\" class=\"alignleft size-full wp-image-391\" title=\"wj-operette_032_Postk_Luna\" src=\"http:\/\/walter.jankuhn.2fix.de\/wp-content\/uploads\/2012\/06\/wj-operette_032_Postk_Luna.jpg\" alt=\"\" width=\"557\" height=\"400\" srcset=\"http:\/\/walter.jankuhn.2fix.de\/wp-content\/uploads\/2012\/06\/wj-operette_032_Postk_Luna.jpg 557w, http:\/\/walter.jankuhn.2fix.de\/wp-content\/uploads\/2012\/06\/wj-operette_032_Postk_Luna-300x215.jpg 300w\" sizes=\"auto, (max-width: 557px) 100vw, 557px\" \/><\/a><\/p>\n<p>&nbsp;<\/p>\n","protected":false},"excerpt":{"rendered":"<p>&nbsp; Mit FRAU LUNA wurde die typisch Berliner Operette geboren. (Urauff\u00fchrung 1899 im Apollo, Berlin). Die Hauptschlager waren die bekannte Berliner Luft und Schenk mir doch ein kleines bisschen Liebe. Das oben abgebildete Gru\u00dfwort stammt allerdings &#8220;nicht&#8221; aus dem Munde &hellip; <a href=\"http:\/\/walter.jankuhn.2fix.de\/?page_id=156\">Continue reading <span class=\"meta-nav\">&rarr;<\/span><\/a><\/p>\n","protected":false},"author":1,"featured_media":0,"parent":123,"menu_order":7,"comment_status":"open","ping_status":"open","template":"","meta":{"footnotes":""},"class_list":["post-156","page","type-page","status-publish","hentry"],"_links":{"self":[{"href":"http:\/\/walter.jankuhn.2fix.de\/index.php?rest_route=\/wp\/v2\/pages\/156","targetHints":{"allow":["GET"]}}],"collection":[{"href":"http:\/\/walter.jankuhn.2fix.de\/index.php?rest_route=\/wp\/v2\/pages"}],"about":[{"href":"http:\/\/walter.jankuhn.2fix.de\/index.php?rest_route=\/wp\/v2\/types\/page"}],"author":[{"embeddable":true,"href":"http:\/\/walter.jankuhn.2fix.de\/index.php?rest_route=\/wp\/v2\/users\/1"}],"replies":[{"embeddable":true,"href":"http:\/\/walter.jankuhn.2fix.de\/index.php?rest_route=%2Fwp%2Fv2%2Fcomments&post=156"}],"version-history":[{"count":44,"href":"http:\/\/walter.jankuhn.2fix.de\/index.php?rest_route=\/wp\/v2\/pages\/156\/revisions"}],"predecessor-version":[{"id":3536,"href":"http:\/\/walter.jankuhn.2fix.de\/index.php?rest_route=\/wp\/v2\/pages\/156\/revisions\/3536"}],"up":[{"embeddable":true,"href":"http:\/\/walter.jankuhn.2fix.de\/index.php?rest_route=\/wp\/v2\/pages\/123"}],"wp:attachment":[{"href":"http:\/\/walter.jankuhn.2fix.de\/index.php?rest_route=%2Fwp%2Fv2%2Fmedia&parent=156"}],"curies":[{"name":"wp","href":"https:\/\/api.w.org\/{rel}","templated":true}]}}