{"id":1517,"date":"2012-10-20T14:23:46","date_gmt":"2012-10-20T14:23:46","guid":{"rendered":"http:\/\/walter.jankuhn.2fix.de\/?page_id=1517"},"modified":"2013-05-11T16:29:12","modified_gmt":"2013-05-11T16:29:12","slug":"berlin-gastspiele","status":"publish","type":"page","link":"http:\/\/walter.jankuhn.2fix.de\/?page_id=1517","title":{"rendered":"Berlin Gastspiele"},"content":{"rendered":"<div id=\"attachment_365\" style=\"width: 160px\" class=\"wp-caption alignnone\"><a href=\"http:\/\/walter.jankuhn.2fix.de\/wp-content\/uploads\/2012\/06\/wj-operette_068.jpg\"><img loading=\"lazy\" decoding=\"async\" aria-describedby=\"caption-attachment-365\" class=\"size-thumbnail wp-image-365\" title=\"wj-operette_068\" src=\"http:\/\/walter.jankuhn.2fix.de\/wp-content\/uploads\/2012\/06\/wj-operette_068-150x150.jpg\" alt=\"\" width=\"150\" height=\"150\" \/><\/a><p id=\"caption-attachment-365\" class=\"wp-caption-text\">W. Jankuhn<\/p><\/div>\n<p style=\"text-align: left;\">Selbst zu der Zeit in welcher &#8220;Walter JANKUHN&#8221; feste Engagements eingegangen ist,<br \/>\nwie z. B. Mitte der 20er am &#8220;Gro\u00dfen Schauspielhaus&#8221; Berlin, oder zuvor vier Jahre in Hannover am MELLINI etc. &#8211; gastierte er oft noch zwischendurch an weiteren BERLINER Theatern als &#8220;Gast&#8221;. Nachfolgend einige exemplarische &#8220;Beispiele&#8221; &#8211; ohne Anspruch auf Vollst\u00e4ndigkeit:<a href=\"http:\/\/walter.jankuhn.2fix.de\/wp-content\/uploads\/2012\/06\/wj-1924_25_Berlin_01.jpg\"><img loading=\"lazy\" decoding=\"async\" class=\"aligncenter size-medium wp-image-602\" title=\"wj-1924_25_Berlin_01\" src=\"http:\/\/walter.jankuhn.2fix.de\/wp-content\/uploads\/2012\/06\/wj-1924_25_Berlin_01-300x165.jpg\" alt=\"\" width=\"243\" height=\"134\" srcset=\"http:\/\/walter.jankuhn.2fix.de\/wp-content\/uploads\/2012\/06\/wj-1924_25_Berlin_01-300x165.jpg 300w, http:\/\/walter.jankuhn.2fix.de\/wp-content\/uploads\/2012\/06\/wj-1924_25_Berlin_01.jpg 727w\" sizes=\"auto, (max-width: 243px) 100vw, 243px\" \/><\/a><\/p>\n<p><a href=\"http:\/\/walter.jankuhn.2fix.de\/wp-content\/uploads\/2012\/06\/wj-1924_25_Berlin_03.jpg\"><img loading=\"lazy\" decoding=\"async\" class=\"alignleft size-medium wp-image-604\" title=\"wj-1924_25_Berlin_03\" src=\"http:\/\/walter.jankuhn.2fix.de\/wp-content\/uploads\/2012\/06\/wj-1924_25_Berlin_03-300x163.jpg\" alt=\"\" width=\"300\" height=\"163\" srcset=\"http:\/\/walter.jankuhn.2fix.de\/wp-content\/uploads\/2012\/06\/wj-1924_25_Berlin_03-300x163.jpg 300w, http:\/\/walter.jankuhn.2fix.de\/wp-content\/uploads\/2012\/06\/wj-1924_25_Berlin_03.jpg 734w\" sizes=\"auto, (max-width: 300px) 100vw, 300px\" \/><\/a>Eines der ersten Gastspiele nach Walter JANKUHN&#8217;s Amerika-Tournee (1920-24) war <strong>1924<\/strong> in Berlin die &#8220;Leo FALL&#8221; Operette&#8221;<strong>Der s\u00fc\u00dfe Kavalier<\/strong>&#8220;:<\/p>\n<div id=\"attachment_719\" style=\"width: 160px\" class=\"wp-caption alignright\"><a href=\"http:\/\/walter.jankuhn.2fix.de\/wp-content\/uploads\/2012\/06\/Hans_Albers_HA_Kult_498444b.jpg\"><img loading=\"lazy\" decoding=\"async\" aria-describedby=\"caption-attachment-719\" class=\"size-thumbnail wp-image-719 \" title=\"Hans_Albers_HA_Kult_498444b\" src=\"http:\/\/walter.jankuhn.2fix.de\/wp-content\/uploads\/2012\/06\/Hans_Albers_HA_Kult_498444b-150x150.jpg\" alt=\"\" width=\"150\" height=\"150\" \/><\/a><p id=\"caption-attachment-719\" class=\"wp-caption-text\">Hans Albers (als Ferry)<\/p><\/div>\n<p>Gemeinsam im Ensemble mit dem bekannten Hamburger Filmschauspieler Hans ALBERS und der So-pranistin Emmy STURM, die schon bei der erfolgreichen Urauff\u00fchrung in Wien mit dabei war. \u00a0Ein echter Volltreffer f\u00fcr das Berliner-Theater (am Nollendorf) und der Direktion &#8220;Meinhardt und Bernauer&#8221;.<\/p>\n<p>&nbsp;<\/p>\n<p><a href=\"http:\/\/walter.jankuhn.2fix.de\/wp-content\/uploads\/2012\/12\/jankuhn-p-methusalem.jpg\"><img loading=\"lazy\" decoding=\"async\" class=\"alignleft size-medium wp-image-2388\" title=\"jankuhn-p-methusalem\" src=\"http:\/\/walter.jankuhn.2fix.de\/wp-content\/uploads\/2012\/12\/jankuhn-p-methusalem-231x300.jpg\" alt=\"\" width=\"185\" height=\"240\" srcset=\"http:\/\/walter.jankuhn.2fix.de\/wp-content\/uploads\/2012\/12\/jankuhn-p-methusalem-231x300.jpg 231w, http:\/\/walter.jankuhn.2fix.de\/wp-content\/uploads\/2012\/12\/jankuhn-p-methusalem.jpg 462w\" sizes=\"auto, (max-width: 185px) 100vw, 185px\" \/><\/a>Ab 1929 machte das &#8220;<strong>Theater des Westens<\/strong>&#8221; Berlin (W\u00e4hrend der NS-Zeit\/Theater des Volkes) \u00a0dem Gro\u00dfen Schauspielhaus und dem Metropol-Theater \u00a0zusehens mit Operetten-Auff\u00fchrungen und Gast-Stars (u. a. Fritzi Massary, Richard Tauber) Konkurrenz. Im <strong>Dezember 1932<\/strong> hatte dort die wenig bekannte Johann Strauss (Sohn) Operette &#8230; &#8220;<strong>Prinz Methusalem<\/strong>&#8220;-Premiere &#8211; die Abb. zeigt ein Sammelbild (Autogrammkarte) von Walter Jankuhn aus dieser Operette, die urspr\u00fcnglich f\u00fcr das franz\u00f6sische Publikum in der Tradition von Jacques Offenbach komponiert wurde. Die weibliche Hauptrolle sang damals vermutlich Lizzy Waldm\u00fcller? Die Operette gastierte 1932 auch in Dresden!<\/p>\n<p>Auch am &#8220;<strong>Kurf\u00fcrstendamm-Theater<\/strong>&#8220;, gastierte Walter JANKUHN\u00a0<strong>1931 <\/strong>wieder\u00a0mit dem gro\u00dfen Erfolg &#8220;<strong>Madame Pompadour<\/strong>&#8221;\u00a0wie schon 1930 bei CHARELL am &#8220;Gro\u00dfen Schauspielhaus&#8221;, Berlin. \u00a0Au\u00dferdem hatte er im selben Jahr am Kurf\u00fcrstendamm Theater zun\u00e4chst mit der Operette &#8220;<strong>Mascottchen<\/strong>&#8221; Premiere und\u00a0<strong>1932<\/strong> folgte dann die Urauf-f\u00fchrung der \u00a0&#8220;<strong>Gl\u00fcckliche Reise<\/strong>&#8221; und der altbekannte \u00a0-&#8220;<strong>Vetter aus Dingsda<\/strong>&#8220;.<\/p>\n<p>In der Spielzeit <strong>1931\/32<\/strong> war Walter JANKUHN au\u00dferdem fest an der<strong> Komischen Oper Berlin<\/strong> engagiert, mit der Operette &#8220;<strong>F\u00fcr eine Sch\u00f6ne Frau<\/strong>&#8221; (Musik von Walter W. G\u00f6tze, musikalische Leitung Dr. R\u00f6mer) , ging das ganze Ensemble au\u00dferdem auf Deutschland Tournee u.a. in Leipzig, Dresden etc. In den Hauptrollem : Walter JANKUHN und Edith SCHOLLWER.<\/p>\n<p>Unbedingt nennenswert auch sein Auftritt in der Auff\u00fchrung des Johann Strau\u00df Klassikers: &#8220;<strong>Die Fledermaus<\/strong>&#8220;,\u00a0<strong>1934<\/strong>,<a href=\"http:\/\/walter.jankuhn.2fix.de\/wp-content\/uploads\/2012\/06\/wj-Heft_018_s02_fledermaus.jpg\"><img loading=\"lazy\" decoding=\"async\" class=\"alignright size-full wp-image-473\" title=\"wj-Heft_018_s02_fledermaus\" src=\"http:\/\/walter.jankuhn.2fix.de\/wp-content\/uploads\/2012\/06\/wj-Heft_018_s02_fledermaus.jpg\" alt=\"\" width=\"350\" height=\"500\" srcset=\"http:\/\/walter.jankuhn.2fix.de\/wp-content\/uploads\/2012\/06\/wj-Heft_018_s02_fledermaus.jpg 350w, http:\/\/walter.jankuhn.2fix.de\/wp-content\/uploads\/2012\/06\/wj-Heft_018_s02_fledermaus-210x300.jpg 210w\" sizes=\"auto, (max-width: 350px) 100vw, 350px\" \/><\/a> am <strong>Deutschen Opernhaus<\/strong>, Berlin:<\/p>\n<p><a href=\"http:\/\/walter.jankuhn.2fix.de\/wp-content\/uploads\/2012\/06\/wj-Heft_018_s01_fledermaus.jpg\"><img loading=\"lazy\" decoding=\"async\" class=\"alignleft size-medium wp-image-472\" title=\"wj-Heft_018_s01_fledermaus\" src=\"http:\/\/walter.jankuhn.2fix.de\/wp-content\/uploads\/2012\/06\/wj-Heft_018_s01_fledermaus-210x300.jpg\" alt=\"\" width=\"210\" height=\"300\" srcset=\"http:\/\/walter.jankuhn.2fix.de\/wp-content\/uploads\/2012\/06\/wj-Heft_018_s01_fledermaus-210x300.jpg 210w, http:\/\/walter.jankuhn.2fix.de\/wp-content\/uploads\/2012\/06\/wj-Heft_018_s01_fledermaus.jpg 350w\" sizes=\"auto, (max-width: 210px) 100vw, 210px\" \/><\/a><\/p>\n<p>&nbsp;<\/p>\n<p>&nbsp;<\/p>\n<p>&#8220;Walter JANKUHN&#8221; in der Haupt-rolle des <em>Gabriel von Eisenstein&#8221; <\/em>an seiner Seite von &#8220;Margret PFAHL&#8221; als seine Frau <em>Rosalinde<\/em>. In einer Inszenierung von Carl HAGEMANN . Das Werk ist eigentlich eine &#8220;komische Oper&#8221; und wurde bereits 1929 unter Max Rheinhardt in Berlin mit gro\u00dfem Beifall aufgenommen. Hier zur Erinnerung die Ouvert\u00fcre aus der Fledermaus v. Joh. Strau\u00df (Youtube-Video)<\/p>\n<p><iframe loading=\"lazy\" title=\"Johann Strauss II - Die Fledermaus Overture\" width=\"640\" height=\"480\" src=\"https:\/\/www.youtube.com\/embed\/gPybrOxRoT4?feature=oembed\" frameborder=\"0\" allow=\"accelerometer; autoplay; clipboard-write; encrypted-media; gyroscope; picture-in-picture; web-share\" referrerpolicy=\"strict-origin-when-cross-origin\" allowfullscreen><\/iframe><\/p>\n<p style=\"text-align: left;\">Auch die Operette &#8220;<strong>Polnische Wirtschaft&#8221;, 1929<\/strong> im &#8220;<strong>Deutschen K\u00fcnstlertheater&#8221;<\/strong>, Berlin, \u00a0mit einigen prominenten Protagonisten, wie &#8220;Paul Westermeier&#8221;, &#8220;Hans Junkermann&#8221; sowie in einer Nebenrolle &#8220;Victor de Kowa&#8221;. Obwohl eine &#8220;alte Klamotte&#8221;, fand die Auff\u00fchrung gro\u00dfen Beifall &#8211; nicht zuletzt wegen der echt Berliner-Gassenhauer: &#8220;<strong>P\u00fcppchen du bis mein Augenstern<\/strong>&#8221; und &#8220;<strong>Du hast ja keine Ahnung, wie sch\u00f6n Du bist, Berlin&#8221; &#8211; <\/strong>die da capo gegeben werden mu\u00dften und\u00a0denen der Komponist &#8220;Gilbert&#8221; seinen Ruhm verdankt.<\/p>\n<p style=\"text-align: left;\"><a href=\"http:\/\/walter.jankuhn.2fix.de\/wp-content\/uploads\/2012\/07\/poln-wirtschaft1.jpg\"><img loading=\"lazy\" decoding=\"async\" class=\"aligncenter size-full wp-image-1069\" title=\"poln-wirtschaft\" src=\"http:\/\/walter.jankuhn.2fix.de\/wp-content\/uploads\/2012\/07\/poln-wirtschaft1.jpg\" alt=\"\" width=\"304\" height=\"466\" srcset=\"http:\/\/walter.jankuhn.2fix.de\/wp-content\/uploads\/2012\/07\/poln-wirtschaft1.jpg 418w, http:\/\/walter.jankuhn.2fix.de\/wp-content\/uploads\/2012\/07\/poln-wirtschaft1-195x300.jpg 195w\" sizes=\"auto, (max-width: 304px) 100vw, 304px\" \/><\/a><\/p>\n<div id=\"attachment_246\" style=\"width: 160px\" class=\"wp-caption alignleft\"><a href=\"http:\/\/walter.jankuhn.2fix.de\/wp-content\/uploads\/2012\/06\/wj-VictordeKowa_003.jpg\"><img loading=\"lazy\" decoding=\"async\" aria-describedby=\"caption-attachment-246\" class=\"size-thumbnail wp-image-246\" title=\"wj-VictordeKowa_003\" src=\"http:\/\/walter.jankuhn.2fix.de\/wp-content\/uploads\/2012\/06\/wj-VictordeKowa_003-150x150.jpg\" alt=\"\" width=\"150\" height=\"150\" \/><\/a><p id=\"caption-attachment-246\" class=\"wp-caption-text\">W. Jankuhn + Victor de Kowa<\/p><\/div>\n<p><em>Die <strong>BZ<\/strong> bescheinigt &#8220;Jankuhn&#8221; Stimmgewaltigkeit. die <strong>BBZ<\/strong>: &#8230; &#8220;Jankuhn&#8221; lie\u00df seinen sch\u00f6nen Tenor erstrahlen und war der Operettenliebhaber, wie ihn die kleinen M\u00e4dchen sich ertr\u00e4umen. <strong>BNA <\/strong>&#8230;&#8221;Herta von Walter&#8221; taucht auf, die Stimme mu\u00df sie aber einem anderen -Walter- \u00fcberlassen, einem aus der Familie &#8220;Jankuhn&#8221;. <strong>BVZ<\/strong>:&#8230; den vielgeliebten \u00a0&#8211;<\/em>Willi Hegewald<em>&#8211; singt und spielt &#8220;Walter Jankuhn&#8221; mit Schneid und Frische, seine Partnerin, die reizende &#8220;Herta von Walter&#8221; ist klug genug nicht nach Gesangslorbeeren zu greifen.<\/em><\/p>\n<h3>Berlin &#8211; Potsdam 1938<\/h3>\n<p><span style=\"color: #000000;\"><a href=\"http:\/\/walter.jankuhn.2fix.de\/wp-content\/uploads\/2012\/10\/Potsdam_Schauspielhaus.jpg\"><img loading=\"lazy\" decoding=\"async\" class=\"alignleft size-thumbnail wp-image-1677\" title=\"Potsdam, Schauspielhaus\" src=\"http:\/\/walter.jankuhn.2fix.de\/wp-content\/uploads\/2012\/10\/Potsdam_Schauspielhaus-150x150.jpg\" alt=\"\" width=\"150\" height=\"150\" \/><\/a>Nein, POTSDAM ist kein Vorort von Berlin! Es ist die alte Hauptstadt der Preu\u00dfischen K\u00f6nige bzw. von Brandenburg und beheimatet nicht nur das Schloss &#8220;Sanssousi&#8221; sondern auch ein ehrw\u00fcrdiges<strong> k\u00f6nigl.\u00a0Schauspielhaus<\/strong> und ein bodenst\u00e4ndiges sehr eigenes Publikum, welches sicher nichts mit der Eigenheit des &#8220;Holl\u00e4ndischen Viertel`s&#8221; zu tun hat! Am <strong>14.2.1938 <\/strong>fand dort die Premiere des altbekannten &#8220;<strong>Wiener Blut<\/strong>&#8221; von Altmeister Joh. STRAUSS statt. PRESSE-Echo: Die Neuinszenierung von &#8220;Otto HENNING&#8221; und die Verpflichtung ausgesuchter Gastspiel-Stars &#8230; wie den sympathischen Tenor &#8220;Walter JANKUHN&#8221; verschmolz die Spielleitung zu einer Einheit &#8230; der Beifall wuchs von Akt zu Akt und nahm zum Schlu\u00df die Form st\u00fcrmischer Ovationen an &#8230; (schrieb die Postdamer <strong>TZ<\/strong>). Die <strong>PSN <\/strong>meinte &#8230; durch die Mitwirkung der Gastspieler erreichte die Auff\u00fchrung gesanglich eine beachtenswerte H\u00f6he. In der Rolle des leichtsinnigen &#8220;Graf Balduin&#8221; machte sich &#8220;Walter JANKUHN&#8221; mit seinem barritonal gef\u00e4rbten kr\u00e4ftigen Tenor beliebt, den er kunstgerecht mit beweglichem Spiel, unbek\u00fcmmert und gewinnend zum Ausdruck bringt! <\/span><\/p>\n<p><span style=\"color: #000000;\"><a href=\"http:\/\/walter.jankuhn.2fix.de\/wp-content\/uploads\/2012\/11\/illiard-wj.jpg\"><img loading=\"lazy\" decoding=\"async\" class=\"alignleft size-medium wp-image-1928\" title=\"illiard-wj\" src=\"http:\/\/walter.jankuhn.2fix.de\/wp-content\/uploads\/2012\/11\/illiard-wj-300x227.jpg\" alt=\"\" width=\"270\" height=\"204\" srcset=\"http:\/\/walter.jankuhn.2fix.de\/wp-content\/uploads\/2012\/11\/illiard-wj-300x227.jpg 300w, http:\/\/walter.jankuhn.2fix.de\/wp-content\/uploads\/2012\/11\/illiard-wj.jpg 320w\" sizes=\"auto, (max-width: 270px) 100vw, 270px\" \/><\/a>Nach diesem Erfolg erlebte Postdam die Operettenpremiere von &#8220;<strong>Frau im Spiegel<\/strong>&#8221; , des Komponisten &#8220;Will MEISEL&#8221; &#8211; der gleich selbst dirigierte ! Presse-Zitat PSN &#8230;. es war<br \/>\nein Lachen und Jubeln. Wiederholung um Wiederholung wurde durch anhaltenden Beifall erzwungen, der Vorhang kam nicht zur Ruhe &#8230; Es war eine au\u00dfergew\u00f6hnliche Auff\u00fchrung, die herrliche Stimme der beeindruckend eleganten Sch\u00f6nheit &#8220;Elisa ILLIARD&#8221; &#8230; das Lied &#8220;<strong>1000 rote Rosen bl\u00fchen<\/strong>&#8220;&#8230; und &#8220;Walter JANKUHN&#8221; neben diesem Stern mit seinem angenehmen, gepflegten Tenor! Weitere Protagonisten des Erfolges: &#8220;Constanze von EYCK&#8221; und &#8220;Erich FIEDLER&#8221; &#8230; <\/span><\/p>\n<div id=\"attachment_396\" style=\"width: 163px\" class=\"wp-caption alignleft\"><a href=\"http:\/\/walter.jankuhn.2fix.de\/wp-content\/uploads\/2012\/06\/wj-operette_037_landlaecheln.jpg\"><img loading=\"lazy\" decoding=\"async\" aria-describedby=\"caption-attachment-396\" class=\"size-medium wp-image-396   \" title=\"wj-operette_037_landlaecheln\" src=\"http:\/\/walter.jankuhn.2fix.de\/wp-content\/uploads\/2012\/06\/wj-operette_037_landlaecheln-212x300.jpg\" alt=\"\" width=\"153\" height=\"216\" srcset=\"http:\/\/walter.jankuhn.2fix.de\/wp-content\/uploads\/2012\/06\/wj-operette_037_landlaecheln-212x300.jpg 212w, http:\/\/walter.jankuhn.2fix.de\/wp-content\/uploads\/2012\/06\/wj-operette_037_landlaecheln.jpg 283w\" sizes=\"auto, (max-width: 153px) 100vw, 153px\" \/><\/a><p id=\"caption-attachment-396\" class=\"wp-caption-text\">Walter Jankuhn<\/p><\/div>\n<p><strong>1929<\/strong> hatte die Operette &#8220;<strong>Das Land des L\u00e4chelns<\/strong>&#8221; von Franz Lehar im Metropol, Berlin mit dem einzigartigen &#8220;Richard Tauber&#8221; Premiere. Ein voller Erfolg &#8211; und in der Folge auch eine der Operetten mit der &#8220;Walter Jankuhn&#8221; in Berlin und auf den B\u00fchnen in verschiedenen Provinz-Hauptst\u00e4dten -on tour- war, wie das Foto links zeigt.<\/p>\n<p><span style=\"color: #000000;\">Neben dem &#8220;<strong>Wintergarten<\/strong>&#8220;, wo das bekannte <strong>CARISE<\/strong>-Ballett mehrfach auch mit Walter Jankuhn gastierte (&gt; <em>extra Kapitel<\/em>), war das <strong>PLAZA<\/strong> eines der f\u00fchrenden Varietes in Berlin. Zum Saison-Ausklang <strong>1938<\/strong> titeln die <span style=\"text-decoration: underline;\">Anzei<\/span>g<span style=\"text-decoration: underline;\">en<\/span> &#8220;<em>Das gro\u00dfe Mai-Programm\u00a0mit Walter Jankuhn, heute 8 1\/4 Uhr,\u00a0Drunter und Dr\u00fcber!&#8221;. <\/em><span style=\"text-decoration: underline;\">Presse-Zitat<\/span> (<em>R. Prudent<\/em>) : <em>&#8220;&#8230;. ein besonderes Festprogramm. Die vielen alten und neuen Freunde des Hauses am K\u00fcstriner Platz sollten noch einmal recht herzlich lachen &#8230; die seri\u00f6s-komischen Gladiatoren &#8220;Achilles + Neumann&#8221; &#8230; &#8220;Jo Becker&#8221; &#8230;&#8221;Ernst Suppek&#8221; &#8230; F\u00fcr die erkrankte Hilde Sch\u00f6nborn ist Walter Jankuhn eingesprungen, an dessen sch\u00f6ner und gepflegter Stimme wir uns nach langer Zeit wieder einmal erfreuen konnten &#8230; Die Zuschauer waren begeistert&#8221;<\/em>.<br \/>\nDas PLAZA wurde <strong>1944<\/strong> im 2. Weltkrieg v\u00f6llig zerst\u00f6rt und sp\u00e4ter abgerissen.<\/span><\/p>\n<p><span style=\"color: #000000;\">Nachmittags lud der <strong>ADMIRALSPALAST<\/strong> Prominente K\u00fcnstler wie \u00a0u. a. Florence THIESS und Walter JANKUHN zum Kaffeeklatsch:<\/span><\/p>\n<p><span style=\"color: #000000;\"><a href=\"http:\/\/walter.jankuhn.2fix.de\/wp-content\/uploads\/2012\/06\/wj-Heft_021_s02_Admiralspalast.jpg\"><img loading=\"lazy\" decoding=\"async\" class=\"alignnone size-medium wp-image-739\" title=\"wj-Heft_021_s02_Admiralspalast\" src=\"http:\/\/walter.jankuhn.2fix.de\/wp-content\/uploads\/2012\/06\/wj-Heft_021_s02_Admiralspalast-210x300.jpg\" alt=\"\" width=\"210\" height=\"300\" srcset=\"http:\/\/walter.jankuhn.2fix.de\/wp-content\/uploads\/2012\/06\/wj-Heft_021_s02_Admiralspalast-210x300.jpg 210w, http:\/\/walter.jankuhn.2fix.de\/wp-content\/uploads\/2012\/06\/wj-Heft_021_s02_Admiralspalast.jpg 351w\" sizes=\"auto, (max-width: 210px) 100vw, 210px\" \/><\/a><a href=\"http:\/\/walter.jankuhn.2fix.de\/wp-content\/uploads\/2012\/06\/wj-Heft_021_s01_Admiralspalast.jpg\"><img loading=\"lazy\" decoding=\"async\" class=\"size-medium wp-image-738 alignnone\" title=\"wj-Heft_021_s01_Admiralspalast\" src=\"http:\/\/walter.jankuhn.2fix.de\/wp-content\/uploads\/2012\/06\/wj-Heft_021_s01_Admiralspalast-210x300.jpg\" alt=\"\" width=\"210\" height=\"300\" srcset=\"http:\/\/walter.jankuhn.2fix.de\/wp-content\/uploads\/2012\/06\/wj-Heft_021_s01_Admiralspalast-210x300.jpg 210w, http:\/\/walter.jankuhn.2fix.de\/wp-content\/uploads\/2012\/06\/wj-Heft_021_s01_Admiralspalast.jpg 351w\" sizes=\"auto, (max-width: 210px) 100vw, 210px\" \/><\/a><\/span><\/p>\n<p><span style=\"color: #000000;\"><br \/>\n<\/span><\/p>\n<p>&nbsp;<\/p>\n<p>&nbsp;<\/p>\n<p>&nbsp;<\/p>\n<p>&nbsp;<\/p>\n<p>&nbsp;<\/p>\n","protected":false},"excerpt":{"rendered":"<p>Selbst zu der Zeit in welcher &#8220;Walter JANKUHN&#8221; feste Engagements eingegangen ist, wie z. B. Mitte der 20er am &#8220;Gro\u00dfen Schauspielhaus&#8221; Berlin, oder zuvor vier Jahre in Hannover am MELLINI etc. &#8211; gastierte er oft noch zwischendurch an weiteren BERLINER &hellip; <a href=\"http:\/\/walter.jankuhn.2fix.de\/?page_id=1517\">Continue reading <span class=\"meta-nav\">&rarr;<\/span><\/a><\/p>\n","protected":false},"author":1,"featured_media":0,"parent":123,"menu_order":9,"comment_status":"open","ping_status":"open","template":"","meta":{"footnotes":""},"class_list":["post-1517","page","type-page","status-publish","hentry"],"_links":{"self":[{"href":"http:\/\/walter.jankuhn.2fix.de\/index.php?rest_route=\/wp\/v2\/pages\/1517","targetHints":{"allow":["GET"]}}],"collection":[{"href":"http:\/\/walter.jankuhn.2fix.de\/index.php?rest_route=\/wp\/v2\/pages"}],"about":[{"href":"http:\/\/walter.jankuhn.2fix.de\/index.php?rest_route=\/wp\/v2\/types\/page"}],"author":[{"embeddable":true,"href":"http:\/\/walter.jankuhn.2fix.de\/index.php?rest_route=\/wp\/v2\/users\/1"}],"replies":[{"embeddable":true,"href":"http:\/\/walter.jankuhn.2fix.de\/index.php?rest_route=%2Fwp%2Fv2%2Fcomments&post=1517"}],"version-history":[{"count":73,"href":"http:\/\/walter.jankuhn.2fix.de\/index.php?rest_route=\/wp\/v2\/pages\/1517\/revisions"}],"predecessor-version":[{"id":3728,"href":"http:\/\/walter.jankuhn.2fix.de\/index.php?rest_route=\/wp\/v2\/pages\/1517\/revisions\/3728"}],"up":[{"embeddable":true,"href":"http:\/\/walter.jankuhn.2fix.de\/index.php?rest_route=\/wp\/v2\/pages\/123"}],"wp:attachment":[{"href":"http:\/\/walter.jankuhn.2fix.de\/index.php?rest_route=%2Fwp%2Fv2%2Fmedia&parent=1517"}],"curies":[{"name":"wp","href":"https:\/\/api.w.org\/{rel}","templated":true}]}}