{"id":133,"date":"2012-06-11T23:58:17","date_gmt":"2012-06-11T23:58:17","guid":{"rendered":"http:\/\/walter.jankuhn.2fix.de\/?page_id=133"},"modified":"2013-05-11T08:56:56","modified_gmt":"2013-05-11T08:56:56","slug":"schallplatten","status":"publish","type":"page","link":"http:\/\/walter.jankuhn.2fix.de\/?page_id=133","title":{"rendered":"Schallplatten"},"content":{"rendered":"<p>Es gibt noch einige Ton\/Schallplatten-Aufnahmen von \u00a0Walter Jankuhn, aber nur wenige der Aufnahmen sind auch verf\u00fcgbar. Einzelne der Schellack-Titel sind inzwischen auf verschiedenen Audio-CD Compilationen ver\u00f6ffentlicht worden.<\/p>\n<p><a href=\"http:\/\/walter.jankuhn.2fix.de\/wp-content\/uploads\/2013\/01\/DSCF0088.jpg\"><img loading=\"lazy\" decoding=\"async\" class=\"alignnone size-medium wp-image-2990\" title=\"DSCF0088\" src=\"http:\/\/walter.jankuhn.2fix.de\/wp-content\/uploads\/2013\/01\/DSCF0088-300x225.jpg\" alt=\"\" width=\"300\" height=\"225\" srcset=\"http:\/\/walter.jankuhn.2fix.de\/wp-content\/uploads\/2013\/01\/DSCF0088-300x225.jpg 300w, http:\/\/walter.jankuhn.2fix.de\/wp-content\/uploads\/2013\/01\/DSCF0088-1024x768.jpg 1024w, http:\/\/walter.jankuhn.2fix.de\/wp-content\/uploads\/2013\/01\/DSCF0088.jpg 1280w\" sizes=\"auto, (max-width: 300px) 100vw, 300px\" \/><\/a><\/p>\n<p>Drei der Operetten Titel haben es in die jeweilig aktuelle <span style=\"color: #000000;\"> &#8220;<span style=\"text-decoration: underline;\"><em>Schlager Hitparade&#8221;<\/em><\/span><\/span> geschafft &#8211; ebenso wie der gleichnamige Titelsong aus dem ersten deutschen Tonfilm \u00a0von <strong>1929 :<\/strong> \u00a0 \u00a0 \u00a0 \u00a0 \u00a0 \u00a0 \u00a0 \u00a0 \u00a0 \u00a0 \u00a0 \u00a0 \u00a0 \u00a0 \u00a0 \u00a0 \u00a0 \u00a0 \u00a0 \u00a0 \u00a0 \u00a0 \u00a0 \u00a0 \u00a0 \u00a0 \u00a0 \u00a0 \u00a0 \u00a0 \u00a0 \u00a0 \u00a0 \u00a0 \u00a0<em style=\"font-weight: bold;\">\u00a0&#8220;Dich hab ich geliebt&#8221; <\/em>.<\/p>\n<p><a href=\"http:\/\/walter.jankuhn.2fix.de\/wp-content\/uploads\/2012\/06\/wj-1930_WeissesRoessel_01_Werbung1.jpg\"><img loading=\"lazy\" decoding=\"async\" class=\"alignleft size-full wp-image-584\" title=\"wj-1930_WeissesRoessel_01_Werbung\" src=\"http:\/\/walter.jankuhn.2fix.de\/wp-content\/uploads\/2012\/06\/wj-1930_WeissesRoessel_01_Werbung1.jpg\" alt=\"\" width=\"290\" height=\"400\" srcset=\"http:\/\/walter.jankuhn.2fix.de\/wp-content\/uploads\/2012\/06\/wj-1930_WeissesRoessel_01_Werbung1.jpg 290w, http:\/\/walter.jankuhn.2fix.de\/wp-content\/uploads\/2012\/06\/wj-1930_WeissesRoessel_01_Werbung1-217x300.jpg 217w\" sizes=\"auto, (max-width: 290px) 100vw, 290px\" \/><\/a><strong><em>&#8211; 1930 \u00a0&#8220;Die ganze Welt ist Himmelblau <\/em><\/strong>aus dem &#8220;WEISSEN R\u00d6SSL&#8221;<\/p>\n<p><strong><em>&#8211; 1932 &#8220;Gl\u00fcckliche Reise&#8221; <\/em><\/strong>&#8211; Titelsong der gleichnamigen\u00a0K\u00fcnecke -Operette<em> <\/em><strong><em>.<\/em><\/strong><\/p>\n<p>Unter eingefleischten Operetten-Fans sind aber die Duette von Fritzi MASSARY mit Walter JANKUHN der Favorit : <strong><em>&#8220;ich bin eine anst\u00e4ndige Frau&#8221; <\/em><\/strong><em>und<\/em><strong><em> &#8221; Lippen schweigen&#8221;.<\/em><\/strong><\/p>\n<p>und\u00a0das Solo&#8230;.<strong><em>&#8220;Da geh ich ins Maxim&#8221; , <\/em><\/strong>die bekannten Interpretationen von den CHARELL-Revuen im Gro\u00dfen Schauspielhaus + Metropol (&gt; extra Kapitel)<\/p>\n<p>&nbsp;<\/p>\n<p><a href=\"http:\/\/walter.jankuhn.2fix.de\/wp-content\/uploads\/2012\/06\/wj-Plakat_Odeon.jpg\"><img loading=\"lazy\" decoding=\"async\" class=\"alignleft size-full wp-image-285\" title=\"wj-Plakat_Odeon\" src=\"http:\/\/walter.jankuhn.2fix.de\/wp-content\/uploads\/2012\/06\/wj-Plakat_Odeon.jpg\" alt=\"\" width=\"800\" height=\"400\" srcset=\"http:\/\/walter.jankuhn.2fix.de\/wp-content\/uploads\/2012\/06\/wj-Plakat_Odeon.jpg 800w, http:\/\/walter.jankuhn.2fix.de\/wp-content\/uploads\/2012\/06\/wj-Plakat_Odeon-300x150.jpg 300w\" sizes=\"auto, (max-width: 800px) 100vw, 800px\" \/><\/a><\/p>\n<p><a href=\"http:\/\/walter.jankuhn.2fix.de\/wp-content\/uploads\/2012\/12\/bez.-Fr\u00e4uleom.jpg\"><img loading=\"lazy\" decoding=\"async\" class=\"alignright size-thumbnail wp-image-2390\" title=\"bez.- Fr\u00e4uleom\" src=\"http:\/\/walter.jankuhn.2fix.de\/wp-content\/uploads\/2012\/12\/bez.-Fr\u00e4uleom-150x150.jpg\" alt=\"\" width=\"150\" height=\"150\" srcset=\"http:\/\/walter.jankuhn.2fix.de\/wp-content\/uploads\/2012\/12\/bez.-Fr\u00e4uleom-150x150.jpg 150w, http:\/\/walter.jankuhn.2fix.de\/wp-content\/uploads\/2012\/12\/bez.-Fr\u00e4uleom.jpg 160w\" sizes=\"auto, (max-width: 150px) 100vw, 150px\" \/><\/a>Die einzige Aufnahme mit einer kompletten Operetten-Produktion (mit Walter Jankuhn in der Rolle des <em>Papa)<\/em> ist wohl die Benatzky Komposition: &#8220;Bezauberndes Fr\u00e4ulein&#8221;, eine WDR Produktion von 1952 auch auf Doppel CD vom <strong>Hamburger Archiv f\u00fcr Gesangskunst<\/strong>.<\/p>\n<p>Nachfolgend eine Auflistung der bekanntern JANKUHN-Titel auf Schelllack-Platten (ohne jeden Anspruch auf Vollst\u00e4ndigkeit)<\/p>\n<p><a href=\"http:\/\/walter.jankuhn.2fix.de\/wp-content\/uploads\/2013\/01\/DSCF0077.jpg\"><img loading=\"lazy\" decoding=\"async\" class=\"alignnone size-thumbnail wp-image-2979\" title=\"DSCF0077\" src=\"http:\/\/walter.jankuhn.2fix.de\/wp-content\/uploads\/2013\/01\/DSCF0077-150x150.jpg\" alt=\"\" width=\"150\" height=\"150\" \/><\/a><a href=\"http:\/\/walter.jankuhn.2fix.de\/wp-content\/uploads\/2013\/01\/DSCF0080.jpg\"><img loading=\"lazy\" decoding=\"async\" class=\"alignnone size-thumbnail wp-image-2982\" title=\"DSCF0080\" src=\"http:\/\/walter.jankuhn.2fix.de\/wp-content\/uploads\/2013\/01\/DSCF0080-150x150.jpg\" alt=\"\" width=\"150\" height=\"150\" \/><\/a><a href=\"http:\/\/walter.jankuhn.2fix.de\/wp-content\/uploads\/2013\/01\/DSCF0082.jpg\"><img loading=\"lazy\" decoding=\"async\" class=\"alignnone size-thumbnail wp-image-2984\" title=\"DSCF0082\" src=\"http:\/\/walter.jankuhn.2fix.de\/wp-content\/uploads\/2013\/01\/DSCF0082-150x150.jpg\" alt=\"\" width=\"150\" height=\"150\" \/><\/a><a href=\"http:\/\/walter.jankuhn.2fix.de\/wp-content\/uploads\/2013\/01\/DSCF0085.jpg\"><img loading=\"lazy\" decoding=\"async\" class=\"alignnone size-thumbnail wp-image-2987\" title=\"DSCF0085\" src=\"http:\/\/walter.jankuhn.2fix.de\/wp-content\/uploads\/2013\/01\/DSCF0085-150x150.jpg\" alt=\"\" width=\"150\" height=\"150\" \/><\/a><a href=\"http:\/\/walter.jankuhn.2fix.de\/wp-content\/uploads\/2013\/01\/DSCF0083.jpg\"><img loading=\"lazy\" decoding=\"async\" class=\"alignnone size-thumbnail wp-image-2985\" title=\"DSCF0083\" src=\"http:\/\/walter.jankuhn.2fix.de\/wp-content\/uploads\/2013\/01\/DSCF0083-150x150.jpg\" alt=\"\" width=\"150\" height=\"150\" \/><\/a><a href=\"http:\/\/walter.jankuhn.2fix.de\/wp-content\/uploads\/2013\/01\/DSCF0088.jpg\"><img loading=\"lazy\" decoding=\"async\" class=\"alignnone size-thumbnail wp-image-2990\" title=\"DSCF0088\" src=\"http:\/\/walter.jankuhn.2fix.de\/wp-content\/uploads\/2013\/01\/DSCF0088-150x150.jpg\" alt=\"\" width=\"150\" height=\"150\" \/><\/a><a href=\"http:\/\/walter.jankuhn.2fix.de\/wp-content\/uploads\/2013\/01\/DSCF0086.jpg\"><img loading=\"lazy\" decoding=\"async\" class=\"alignnone size-thumbnail wp-image-2988\" title=\"DSCF0086\" src=\"http:\/\/walter.jankuhn.2fix.de\/wp-content\/uploads\/2013\/01\/DSCF0086-150x150.jpg\" alt=\"\" width=\"150\" height=\"150\" \/><\/a><a href=\"http:\/\/walter.jankuhn.2fix.de\/wp-content\/uploads\/2013\/01\/DSCF0084.jpg\"><img loading=\"lazy\" decoding=\"async\" class=\"alignnone size-thumbnail wp-image-2986\" title=\"DSCF0084\" src=\"http:\/\/walter.jankuhn.2fix.de\/wp-content\/uploads\/2013\/01\/DSCF0084-150x150.jpg\" alt=\"\" width=\"150\" height=\"150\" \/><\/a><\/p>\n<p><a href=\"http:\/\/walter.jankuhn.2fix.de\/wp-content\/uploads\/2013\/04\/wj-keine-angst-LP.jpg\"><img loading=\"lazy\" decoding=\"async\" class=\"alignleft size-thumbnail wp-image-3619\" title=\"Fav. Keine Angst, wir sind schon da v. Baron Walter Jankuhn Seiser B 1582\" src=\"http:\/\/walter.jankuhn.2fix.de\/wp-content\/uploads\/2013\/04\/wj-keine-angst-LP-150x150.jpg\" alt=\"\" width=\"150\" height=\"150\" \/><\/a><\/p>\n<ul>\n<li>Ich bin eine anst\u00e4ndige Frau (1929 Lustige Witwe \/Fritzi Massary) ELECTROLA<\/li>\n<li>Dich hab ich geliebt (1929 Tonfilm, Musik B. Walz) ODEON<\/li>\n<li>Lippen Schweigen (1929 Lustige Witwe\/Fritzy Massary) ELECTROLA<\/li>\n<li>Da geh ich ins Maxim (1929 Oh Vaterland Du machst bei Tag\/Lustige Witwe) ELECTROLA (Metropol Theater\/ Singakademie)<\/li>\n<li>Du liebst mich, Du wei\u00dft es nur noch nicht (1929 Tonfilm, Musik G.Walz) ODEON<\/li>\n<li>Mein Liebeslied muss ein Walzer sein (1930 Im weissen R\u00f6ssel) ODEON<\/li>\n<li>Die ganze Welt ist Himmelblau (1930 Im weissen R\u00f6ssel) ODEON<\/li>\n<li>Das Rollschuhm\u00e4del (1910 Die Gro\u00dfe Revue\/Lincke) BEKA Grand 12995<\/li>\n<li>Liebchen lass uns tanzen (1911 Die moderne Eva) ANKER<\/li>\n<li>Paris Du Stadt der Liebe (Bettelstudent) Theater d. Westens, Picador<\/li>\n<li>Gr\u00fc\u00df mir das alte Odertor (19?? Teil 1+2 Revue &#8220;bei uns in Breslau&#8221;\/Binder) CANTOPHON<\/li>\n<li>Gold und Silber lieb ich sehr (1910 Volkslied) BEKA<\/li>\n<li>An der Saale hellem Strand (1910 Volkslied) BEKA<\/li>\n<li>Du nur allein bist das Gl\u00fcck (1930 Trianon Film \/St\u00fcrmich die Nacht) ODEON<\/li>\n<li>Sag mir Du liebst mich (1930 Trianon Film \/St\u00fcrmisch die Nacht) ODEON<\/li>\n<li>&#8220;Aus bezauberndes Fr\u00e4ulein&#8221; der Papa &#8220;meine Schwester und ich&#8221; (1952 Radio Produktion) WDR-Rundfunk<\/li>\n<li>Lieschen, lieschen, komm doch bald (1910 Hallo\/Die gro\u00dfe Revue\/Lincke) BEKA<\/li>\n<li>Abdul Hamid (Am Bosborus) (1910 Hallo\/Die gro\u00dfe Revue\/Lincke) BEKA<\/li>\n<li>Weibli, Weibli (1910 Walzerlied v. Karl Haupt) BEKA<\/li>\n<li>Zu Mantua in Banden Andreas Hofer lag (1910 Volkslied\/Silcher\/Mosen) BEKA<\/li>\n<li>Leicht Gep\u00e4ck (ich bin ein freier Mann und singe) (1910 v. Naumann) BEKA<\/li>\n<li>Im Walzerrausch (1910 Hallo\/Die gro\u00dfe Revue\/Lincke) BEKA<\/li>\n<li>Die kleine Gretel w\u00fc\u00dft gern Antwort auf die Frag` (1910 Rin Herbstman\u00f6ver) BEKA<\/li>\n<li>Wisst Ihr was Grisetten sind (1911 Die sch\u00f6ne Risette, Leo Fall) ANKER<\/li>\n<li>Lenecken, hake dir ein bei mir (1911- Revue \/ Nacht von Berlin mit M. Martinowska) ANKER<\/li>\n<li>Komm in meine Liebeslaube (1911 &#8211; Madame Sherry \/ m. M. Martinowska) ANKER<\/li>\n<li>Willy ujnd Cilly (1911 &#8211; Revue &#8211; Nacht von Berliln) ANKER<\/li>\n<li>Wo steht denn das geschrieben (1912 Berlin, Der liebe Augustin \/m. M. Geissler) EDISON<\/li>\n<li>Pauline geht tanzen (1912 Berllin, Grosse Rosinen \/m. M. Geissler) EDISON<\/li>\n<li>Und der Himmel h\u00e4ngt voller Geigen (1912 Der liebe Augustin \/ m. M. Geissler) LYROPHON (Orch. Theater des Westens, Berlin)<\/li>\n<li>Lass Dir Zeit (1912 Der liebe Augustin\/m. M. Geissler) LYROPHON<\/li>\n<li>Heut gehts Los \u00a0(1912 Der liebe Augustin) LYROPHON<\/li>\n<li>Fr\u00e4ulein k\u00f6nn`n Sie links rum tanzen? (1912 \u00a0Autoliebchen\/+ M.Geissler) LYROPHON, Gloria Records<\/li>\n<li>Ja, das haben die M\u00e4dchen so gerne (1912 Autoliebchen\/ + M. Geissler) LYROPHON, Gloria Records<\/li>\n<li>Schlafe mein Held (1915 Berliner Theater ) FAVORITE<\/li>\n<li>Eh die Liebe vergeht (1915 Berlilner Theater) FAVORITE<\/li>\n<li>Keine Angst, wir sind schon da (1915 mit Chor, Berliner Theater) FAVORITE<\/li>\n<li>Mein Liebchen nicht so dichte ran (1915 Jung muss man sein\/ m. Else Hess) FAVORITE<\/li>\n<li>Der kleine Mann die gro\u00dfe Maid (1915 Drei paar Schuhe\/ m. Else Hess) FAVORITE<\/li>\n<li>Wer so wie Du sich im Walzer dreht (1915 Drei paar Schuhe\/ m. Else Hess) FAVORITE<\/li>\n<li>Im Paradies war`s so sch\u00f6n (1915 Drei paar Schuhe\/ m. Else Hess) FAVORITE<\/li>\n<li>Komm gib ein K\u00fcsschen mir Du Zuckerschnute (1915 Drei paar Schuhe\/m. Else Hess) FAVORITE<\/li>\n<li>Alle Englein lachen (1915 Wenn zwei Hochzeit machen\/ m. Else Hess) FAVORITE<\/li>\n<li>Ein J\u00fcngling kann nicht gut allein (1915 Wenn zwei Hochzeit machen\/Hess) FAVORITE<\/li>\n<li>`s Gl\u00fcck in der N\u00e4h`(1915 Die Kaiserin\/ m. Else Hess) FAVORITE<\/li>\n<li>Das eiserne Kreuz (1915 v. Bruno Seidler-Winkler) FAVORITE<\/li>\n<li>Immer feste los (1915 v. Bruno Seidler-Winkler) FAVORITE<\/li>\n<\/ul>\n<p>Weitere <strong>Musik\u00a0CD<\/strong> Compilations, auf denen\u00a0Walter JANKUHN mit einzelnen Titeln oder im Duett mit Fritzy MASSARY ver\u00f6ffentlicht wurde (Bildfolge von links nach rechts) :<\/p>\n<ul>\n<li>Verstummte Stimmen \u00a0(4 x CD) &#8211; AAD \/Springer\/Membran Edition<\/li>\n<li>Meine Schwester und ich (2 x CD) &#8211; Membran Musik<strong> 2010<\/strong><\/li>\n<li>Im wei\u00dfen R\u00f6ssl (1 CD) &#8211; Duo Phon Records<\/li>\n<li>Robert Stolz (1 CD) &#8211; Duo Phon Records<\/li>\n<li>Schlager im Spiegel der Zeit 1931 (1CD) &#8211; Bear Famaly Records<\/li>\n<li>Bezauberndes Fr\u00e4ulein (2 x CD) &#8211; DA Musik\/Dt. Austrophon, <strong>2012<\/strong> Nachauflage<\/li>\n<li>Fritzy Massary (1 CD) &#8211; Duo Phon<\/li>\n<li>Erinnerungen an Fritzy Massary \u00a0(1 CD) &#8211; Naxos \/Preiser Records<\/li>\n<li>Btuno Belz 100 Jahre (1 CD) &#8211; Duo Phon<\/li>\n<li>Bezauberndes Fr\u00e4ulein (1 CD) &#8211; Hamburger Archiv f. Gesangskunst<\/li>\n<li>Glamourwelt Berlin (8xCD) &#8211; Das Beste, SDR Rundfunk<\/li>\n<\/ul>\n<p>Bei<strong> MUSICLOAD \/AMAZON etc.<\/strong>\u00a0kann man einige Titel von Walter Jankuhn herunterladen bzw. zur Probe h\u00f6ren. (&gt; LINK):<\/p>\n<p><a title=\"musicload\" href=\"http:\/\/www.musicload\/search.ml\" target=\"_blank\">http:\/\/www.musicload.de\/search.ml<\/a><\/p>\n<p><!--more--><a href=\"http:\/\/walter.jankuhn.2fix.de\/wp-content\/uploads\/2012\/10\/VerstummteStimmen.jpg\"><img loading=\"lazy\" decoding=\"async\" class=\"size-thumbnail wp-image-1669 alignnone\" title=\"VerstummteStimmen\" src=\"http:\/\/walter.jankuhn.2fix.de\/wp-content\/uploads\/2012\/10\/VerstummteStimmen-150x150.jpg\" alt=\"\" width=\"150\" height=\"150\" \/><\/a><a href=\"http:\/\/walter.jankuhn.2fix.de\/wp-content\/uploads\/2012\/06\/wj-cdmeine-schwester_.jpg\"><img loading=\"lazy\" decoding=\"async\" class=\"size-thumbnail wp-image-548 alignnone\" title=\"wj-cdmeine schwester_\" src=\"http:\/\/walter.jankuhn.2fix.de\/wp-content\/uploads\/2012\/06\/wj-cdmeine-schwester_-150x150.jpg\" alt=\"\" width=\"150\" height=\"150\" srcset=\"http:\/\/walter.jankuhn.2fix.de\/wp-content\/uploads\/2012\/06\/wj-cdmeine-schwester_-150x150.jpg 150w, http:\/\/walter.jankuhn.2fix.de\/wp-content\/uploads\/2012\/06\/wj-cdmeine-schwester_.jpg 240w\" sizes=\"auto, (max-width: 150px) 100vw, 150px\" \/><\/a><a href=\"http:\/\/walter.jankuhn.2fix.de\/wp-content\/uploads\/2012\/06\/roessel-himmelblau.jpg\"><img loading=\"lazy\" decoding=\"async\" class=\"size-thumbnail wp-image-709 alignnone\" title=\"roessel-himmelblau\" src=\"http:\/\/walter.jankuhn.2fix.de\/wp-content\/uploads\/2012\/06\/roessel-himmelblau-150x150.jpg\" alt=\"\" width=\"150\" height=\"150\" srcset=\"http:\/\/walter.jankuhn.2fix.de\/wp-content\/uploads\/2012\/06\/roessel-himmelblau-150x150.jpg 150w, http:\/\/walter.jankuhn.2fix.de\/wp-content\/uploads\/2012\/06\/roessel-himmelblau.jpg 220w\" sizes=\"auto, (max-width: 150px) 100vw, 150px\" \/><\/a><a href=\"http:\/\/walter.jankuhn.2fix.de\/wp-content\/uploads\/2012\/06\/wj-himmelblau.jpg\"><img loading=\"lazy\" decoding=\"async\" class=\"size-thumbnail wp-image-707 alignnone\" title=\"wj-himmelblau\" src=\"http:\/\/walter.jankuhn.2fix.de\/wp-content\/uploads\/2012\/06\/wj-himmelblau-150x150.jpg\" alt=\"\" width=\"150\" height=\"150\" srcset=\"http:\/\/walter.jankuhn.2fix.de\/wp-content\/uploads\/2012\/06\/wj-himmelblau-150x150.jpg 150w, http:\/\/walter.jankuhn.2fix.de\/wp-content\/uploads\/2012\/06\/wj-himmelblau.jpg 220w\" sizes=\"auto, (max-width: 150px) 100vw, 150px\" \/><\/a><a href=\"http:\/\/walter.jankuhn.2fix.de\/wp-content\/uploads\/2012\/06\/31-himmelblau.jpg\"><img loading=\"lazy\" decoding=\"async\" class=\"size-thumbnail wp-image-702 alignnone\" title=\"31-himmelblau\" src=\"http:\/\/walter.jankuhn.2fix.de\/wp-content\/uploads\/2012\/06\/31-himmelblau-150x150.jpg\" alt=\"\" width=\"150\" height=\"150\" \/><\/a><a href=\"http:\/\/walter.jankuhn.2fix.de\/wp-content\/uploads\/2012\/12\/bez-fr\u00e4ul-Ansicht.jpg\"><img loading=\"lazy\" decoding=\"async\" class=\"size-thumbnail wp-image-2416 alignnone\" title=\"bez--fr\u00e4ul-Ansicht\" src=\"http:\/\/walter.jankuhn.2fix.de\/wp-content\/uploads\/2012\/12\/bez-fr\u00e4ul-Ansicht-150x150.jpg\" alt=\"\" width=\"150\" height=\"150\" srcset=\"http:\/\/walter.jankuhn.2fix.de\/wp-content\/uploads\/2012\/12\/bez-fr\u00e4ul-Ansicht-150x150.jpg 150w, http:\/\/walter.jankuhn.2fix.de\/wp-content\/uploads\/2012\/12\/bez-fr\u00e4ul-Ansicht.jpg 300w\" sizes=\"auto, (max-width: 150px) 100vw, 150px\" \/><\/a><a href=\"http:\/\/walter.jankuhn.2fix.de\/wp-content\/uploads\/2012\/12\/fritzy-massary-cd-blau.jpg\"><img loading=\"lazy\" decoding=\"async\" class=\"alignnone size-thumbnail wp-image-2429\" title=\"fritzy massary cd-blau\" src=\"http:\/\/walter.jankuhn.2fix.de\/wp-content\/uploads\/2012\/12\/fritzy-massary-cd-blau-150x150.jpg\" alt=\"\" width=\"150\" height=\"150\" srcset=\"http:\/\/walter.jankuhn.2fix.de\/wp-content\/uploads\/2012\/12\/fritzy-massary-cd-blau-150x150.jpg 150w, http:\/\/walter.jankuhn.2fix.de\/wp-content\/uploads\/2012\/12\/fritzy-massary-cd-blau.jpg 220w\" sizes=\"auto, (max-width: 150px) 100vw, 150px\" \/><\/a><a href=\"http:\/\/walter.jankuhn.2fix.de\/wp-content\/uploads\/2012\/12\/erinnerungen-an-fritzi-massary-rot.jpg\"><img loading=\"lazy\" decoding=\"async\" class=\"alignnone size-thumbnail wp-image-2428\" title=\"erinnerungen-an-fritzi-massary-rot\" src=\"http:\/\/walter.jankuhn.2fix.de\/wp-content\/uploads\/2012\/12\/erinnerungen-an-fritzi-massary-rot-150x150.jpg\" alt=\"\" width=\"150\" height=\"150\" srcset=\"http:\/\/walter.jankuhn.2fix.de\/wp-content\/uploads\/2012\/12\/erinnerungen-an-fritzi-massary-rot-150x150.jpg 150w, http:\/\/walter.jankuhn.2fix.de\/wp-content\/uploads\/2012\/12\/erinnerungen-an-fritzi-massary-rot.jpg 230w\" sizes=\"auto, (max-width: 150px) 100vw, 150px\" \/><\/a><a href=\"http:\/\/walter.jankuhn.2fix.de\/wp-content\/uploads\/2012\/06\/wj-balz3.jpg\"><img loading=\"lazy\" decoding=\"async\" class=\"size-thumbnail wp-image-568 alignnone\" title=\"wj-balz3\" src=\"http:\/\/walter.jankuhn.2fix.de\/wp-content\/uploads\/2012\/06\/wj-balz3-150x150.jpg\" alt=\"\" width=\"150\" height=\"150\" \/><\/a><a href=\"http:\/\/walter.jankuhn.2fix.de\/wp-content\/uploads\/2012\/12\/bez.-Fr\u00e4uleom.jpg\"><img loading=\"lazy\" decoding=\"async\" class=\"alignnone size-thumbnail wp-image-2390\" title=\"bez.- Fr\u00e4uleom\" src=\"http:\/\/walter.jankuhn.2fix.de\/wp-content\/uploads\/2012\/12\/bez.-Fr\u00e4uleom-150x150.jpg\" alt=\"\" width=\"150\" height=\"150\" srcset=\"http:\/\/walter.jankuhn.2fix.de\/wp-content\/uploads\/2012\/12\/bez.-Fr\u00e4uleom-150x150.jpg 150w, http:\/\/walter.jankuhn.2fix.de\/wp-content\/uploads\/2012\/12\/bez.-Fr\u00e4uleom.jpg 160w\" sizes=\"auto, (max-width: 150px) 100vw, 150px\" \/><\/a><a href=\"http:\/\/walter.jankuhn.2fix.de\/wp-content\/uploads\/2012\/11\/cd-_GR-schauspielh.35.jpg\"><img loading=\"lazy\" decoding=\"async\" class=\"alignnone size-thumbnail wp-image-2170\" title=\"cd-_GR-schauspielh.35\" src=\"http:\/\/walter.jankuhn.2fix.de\/wp-content\/uploads\/2012\/11\/cd-_GR-schauspielh.35-150x150.jpg\" alt=\"\" width=\"150\" height=\"150\" srcset=\"http:\/\/walter.jankuhn.2fix.de\/wp-content\/uploads\/2012\/11\/cd-_GR-schauspielh.35-150x150.jpg 150w, http:\/\/walter.jankuhn.2fix.de\/wp-content\/uploads\/2012\/11\/cd-_GR-schauspielh.35.jpg 300w\" sizes=\"auto, (max-width: 150px) 100vw, 150px\" \/><\/a><\/p>\n<p><a href=\"http:\/\/walter.jankuhn.2fix.de\/wp-content\/uploads\/2012\/06\/wj-presse_20_wdr_1.jpg\"><img loading=\"lazy\" decoding=\"async\" class=\"size-medium wp-image-314 alignright\" title=\"wj-presse_20_wdr_1\" src=\"http:\/\/walter.jankuhn.2fix.de\/wp-content\/uploads\/2012\/06\/wj-presse_20_wdr_1-290x300.jpg\" alt=\"\" width=\"290\" height=\"300\" srcset=\"http:\/\/walter.jankuhn.2fix.de\/wp-content\/uploads\/2012\/06\/wj-presse_20_wdr_1-290x300.jpg 290w, http:\/\/walter.jankuhn.2fix.de\/wp-content\/uploads\/2012\/06\/wj-presse_20_wdr_1.jpg 387w\" sizes=\"auto, (max-width: 290px) 100vw, 290px\" \/><\/a><\/p>\n","protected":false},"excerpt":{"rendered":"<p>Es gibt noch einige Ton\/Schallplatten-Aufnahmen von \u00a0Walter Jankuhn, aber nur wenige der Aufnahmen sind auch verf\u00fcgbar. Einzelne der Schellack-Titel sind inzwischen auf verschiedenen Audio-CD Compilationen ver\u00f6ffentlicht worden. Drei der Operetten Titel haben es in die jeweilig aktuelle &#8220;Schlager Hitparade&#8221; geschafft &hellip; <a href=\"http:\/\/walter.jankuhn.2fix.de\/?page_id=133\">Continue reading <span class=\"meta-nav\">&rarr;<\/span><\/a><\/p>\n","protected":false},"author":1,"featured_media":0,"parent":0,"menu_order":5,"comment_status":"open","ping_status":"open","template":"","meta":{"footnotes":""},"class_list":["post-133","page","type-page","status-publish","hentry"],"_links":{"self":[{"href":"http:\/\/walter.jankuhn.2fix.de\/index.php?rest_route=\/wp\/v2\/pages\/133","targetHints":{"allow":["GET"]}}],"collection":[{"href":"http:\/\/walter.jankuhn.2fix.de\/index.php?rest_route=\/wp\/v2\/pages"}],"about":[{"href":"http:\/\/walter.jankuhn.2fix.de\/index.php?rest_route=\/wp\/v2\/types\/page"}],"author":[{"embeddable":true,"href":"http:\/\/walter.jankuhn.2fix.de\/index.php?rest_route=\/wp\/v2\/users\/1"}],"replies":[{"embeddable":true,"href":"http:\/\/walter.jankuhn.2fix.de\/index.php?rest_route=%2Fwp%2Fv2%2Fcomments&post=133"}],"version-history":[{"count":75,"href":"http:\/\/walter.jankuhn.2fix.de\/index.php?rest_route=\/wp\/v2\/pages\/133\/revisions"}],"predecessor-version":[{"id":3726,"href":"http:\/\/walter.jankuhn.2fix.de\/index.php?rest_route=\/wp\/v2\/pages\/133\/revisions\/3726"}],"wp:attachment":[{"href":"http:\/\/walter.jankuhn.2fix.de\/index.php?rest_route=%2Fwp%2Fv2%2Fmedia&parent=133"}],"curies":[{"name":"wp","href":"https:\/\/api.w.org\/{rel}","templated":true}]}}