{"id":1240,"date":"2012-09-27T10:12:13","date_gmt":"2012-09-27T10:12:13","guid":{"rendered":"http:\/\/walter.jankuhn.2fix.de\/?page_id=1240"},"modified":"2012-12-22T20:34:03","modified_gmt":"2012-12-22T20:34:03","slug":"impressum","status":"publish","type":"page","link":"http:\/\/walter.jankuhn.2fix.de\/?page_id=1240","title":{"rendered":"Impressum"},"content":{"rendered":"<p><strong>Nachlassverwaltung, Recherche, Redaktion &amp; Gestaltung : <\/strong><\/p>\n<p><strong> <\/strong>Blue Box Inc., P.O.Box, Lewes \/ Delaware, USA. \/ Deutsche Redaktion : \u00a0 \u00a0 \u00a0 \u00a0 \u00a0 \u00a0 \u00a0videoaffairs@blue-box.de.<\/p>\n<p>Quellenangabe: Nachlass von Walter Jankuhn ( Fotos, Schriftst\u00fccke, Noten + Zeitungsausschnitte, Programmhefte + Flimkurier sowie Erfahrungsberichte von Familienangeh\u00f6rigen (Frau Jankuhn + Sohn) und Freunden der Familie &#8211; sowie Quellen + Infos der &#8220;Walter Jankuhn Biographie&#8221; von Rudolf Jankuhn und Nachlass von Alfred Jankuhn, Lotte Pogrozelski-Jankuhn (Gro\u00dfneffe\/Neffe\/Nichte). Dar\u00fcberhinaus Kontakte + Hinweise von Cevin Clarke (Operetten Research Institut, Amsterdam).<\/p>\n<p>Die Inhalte dieser Websites wurden mit Sorgfalt aus prim\u00e4r und sekund\u00e4r Quellen erstellt. F\u00fcr die Vollst\u00e4ndigkeit und Richtigkeit k\u00f6nnen wir aber keine Gew\u00e4hr \u00fcbernehmen. F\u00fcr den Hinweis auf neue, unver\u00f6ffentlichte Hinweise und Beitr\u00e4ge zum Thema, Auff\u00fchrungen, vermi\u00dfte Filmkopien, Schallplatten, Foto-Identifikation auf Personen Abb. etc. sind wir dankbar.<\/p>\n<p><strong>Link- Verwendung<\/strong><\/p>\n<p>Lt. Urteil vom 12.5.1998 \/312085\/98\u00a0schlie\u00dfen wir jede Haftung f\u00fcr LINKS auf unseren Websites aus und distanzieren uns von jeglicher Verantwortung f\u00fcr deren Inhalte &#8211; als Betreiber der: http\/\/-Websites : \u00a0Operetten Legende &#8220;Walter Jankuhn&#8221;.<\/p>\n<p><strong>Urheberrecht <\/strong><\/p>\n<p>Dawnloads und Kopien von Inhalten aus dieser Website auch auszugsweise sind nur f\u00fcr den privaten bzw. nicht kommerziellen Gebrauch gestattet und nur , soweit nicht Rechte Dritter dabei verletzt werden. Sollten trotz Sorgfalt bei den auf dieser Website verwen-deten \u00a0Materialen unbekannte Urheber Rechte Dritter verletzt werden, bitten wir um Hinweis und werden bei Bekanntwerden und Nachweis derartige Inhalte auf Wunsch umgehend entfernen bzw. erweiterte Quellenhinweise geben.<\/p>\n<p><span style=\"text-decoration: underline;\"><strong>Quellen-Angaben : (Ausz\u00fcge + Zitate etc.)<\/strong><\/span><\/p>\n<p><strong>(Fotos) <\/strong>Die abgebildeten Fotos sind aus dem Privatbesitz\/Eigentum von Walter Jankuhn (jun). Einige davon sind Pressefotos\/Autogrammkarten mit Hinweispflicht auf den Fotografen &#8211; andere ohne Hinweispflicht. \u00a0Hier die Auflistung der beteiligten Fotografen : Freiherr v. Gudenberg, Dr. Sharon, John Thiele, Atelier Jeidels, Photo Schreyer, Atelier Lill, Karl Ewald,Herbert Rehfisch, Karl Lehrer, W. Paulsen, Hoffotograf E. Meyer, Fritz Wolkensd\u00f6rfer, Foto Burckhardt, Rosmarie K\u00f6gel, Hoffotograf Merck, Gerhard Vetter, Atelier H\u00fcbschmann, IPA Photo, Herbert Rehfisch.<\/p>\n<p><strong>(Programme)<\/strong> Deutsches Opernhaus, Gro\u00dfes Schauspielhaus, Metropol, Admiralspalast, Theater am Nollendorfplatz, Apollo Berlin, Puhlmann Th. Berlin, Apollo D\u00fcsseldorf, Neues Theater Frankfurt, Schuhmann Theater FFM, Central Theater W\u00fcrzburg, Mellini-Hannover, Neues Operetten Th., Leipzig, Liebich Theater Breslau, Operettenhaus Hamburg, Zentral Theater Magdeburg, ALU Palast, Essener Theater ZTG, Stadttheater F\u00fcrth, St\u00e4dt. B\u00fchnen Erfurt, Tiroler Landestheater Innsbruck, St\u00e4dt. B\u00fchne Innsbruck, Joh. Strauss Th.\/Wien, Brooklyn Academy of Music, Theatro Lyrico.\/Brazil,<\/p>\n<p><strong>(Journale, Festschrift)<\/strong> Film Kurier, Mein Film, Die Theaterstunde, Allg. Musik Ztg., Die Theaterstunde, Die Stimme seines Herrn, Musik Nachrichten, Berolina, 50 Jahre dt. Tonfilm (H. Borgelt),<\/p>\n<p><strong>(Berliner TZ) :<\/strong>Tempo, BZ, Der Tag, Berliner TZ, B-Abendblatt, Berl. Morgen Ztg., 12 Uhr Mittag, Berl. Tageblatt, Deutsche Allg. Ztg.. Berl. B\u00f6rsen Courier, Vorw\u00e4rts, Berliner Volkszeitung, Berl. B\u00f6rsen Ztg., Lokal Anzeiger, Berl. Morgen Post, Germania, AZ- am Mittag, Berl. Abendblatt, Berl. Herold, National Ztg., Montag Morgen, Neue Preussische Kreuz Ztg, Telegraf a. Abend, Welt am Montag, Berl. Nachtausgabe,<strong> (Hamburg\/ Hannover TZ): <\/strong>Hamburger Mittagsblatt<strong>, <\/strong>Hamburger Ztg.,\u00a0Hann. Landes Ztg., \u00a0Hann. Anzeiger, Hann- TZ, Hann.-Kurier\u00a0<strong>(Schlesische TZ) :<\/strong> Die Nachtpost, Schles. Tagespost, Zeit am Montag, Schles. Volkszeitung, 8 Uhr Abendblatt, Breslauer Neueste Nachrichten, Die freie Meinung, Breslauer Zeitung, Volkswacht, Die Trib\u00fcne, Deutsche Tageszeitung, Schlesische Theater + Musikwoche (<strong>Frankfurt+ Pfalz TZ<\/strong>) : Frankfurter Zeitung, Volksstimme FFM, Offenbacher Ztg., Neue Mannheimer Ztg., Arbeiter Ztg. Mannh., Volksstimme Mannh., Mannh. \u00a0Tageblatt, Pf\u00e4lzer TB, \u00a0Pf\u00e4lzische Post, Heidelberger Neueste Nachr.,\u00a0<strong>(Bayern\/Franken\/Baden TZ<\/strong>) Neue Badische Landes Ztg,, Badischer General Anz., Fr\u00e4nkische TZ, Fr\u00e4nk. TB, \u00a0Fr\u00e4nk. Kurier, F\u00fcrther Anzeiger, F\u00fcrther Nachr., N\u00fcrnberger 8 Uhr Blatt, Nordbayr. Anzeiger, M\u00fcnchner Neueste Nachr., \u00a0<strong>(Diverse Dt. Zeitungen TZ) :<\/strong> Der Tagesspiegel,\u00a0Deutsche Tageszeitung, Regensburger Anzeiger, Pommersche TZ, Mitteldeutsche Ztg., Saarbr\u00fccker Ztg., Allg. Ztg. Chemnitz, Dresdner Nachrichten, S\u00e4chsische Staats Ztg., Volkswacht Dresden, Leipziger Neueste Nachr., Gelsenkirchener Anzeiger, Das Deutsche Tageblatt, Ostdeutsche Rundschau, Deutsch Allg. Ztg,,\u00a0<strong>(\u00d6sterreiche TZ) ; <\/strong>Neues Wiener Journal, Die Stunde, Wiener Montagasblatt, Allg. Zeitung (Wien), Mittags Zeitung (Wien), Nachrichten f. Stadt + Land, Das kleine Blatt, Tageblatt (Wien),\u00a0Innsbrucker Nachrichten, \u00a0<strong>(USA \/Amerika TZ ) :<\/strong> New York Times. New York Herold, Philadelpia Tageblatt, Staatszeitung NY, Volkszeitung NY, La Plata Ztg.,<\/p>\n<p><strong>(Literaturhinweise\/Ausz\u00fcge) <\/strong>Carola Stern, Das Leben der Fritzi Massary \/Rowolhlt, &#8211; EB Lied der Zeit, &#8211; Brigitte Mira, kleine Frau was nun \/Herbig, &#8211; \u00a0Nico Dostal, Ans Ende meiner Tr\u00e4ume kommst Du nie \/Musikverlag, &#8211; Otto Schneidereit, Paul Lincke und die Entstehung der Berliner Operette \/Henschel, &#8211; \u00a0Trude Hesterberg, Was ich noch sagen wollte \/Henschel, &#8211; Ulrich Lieber, Verehrt Verfolgt Vergessen \/Belz, &#8211; Lothar Schirmer. Der Admiralspalast&#8230;Vorhang zu und alle Fragen offen\/Jahrbuch 1999 B\u00e4r von Berlin., &#8211; Emil Jannings \/Zimmer+Herzog, Paul H\u00f6rbiger, Ich hab f\u00fcr Euch gespielt \/Herbig.<\/p>\n<p><strong>(Internet-Quellen) <\/strong>wikipedia.de, filmforum.de, imb.com,<\/p>\n<p><strong>Link : <\/strong>DIA Show : &#8220;Kammers\u00e4nger Walter Jankuhn&#8221;<\/p>\n<p><a title=\"DIA Show : Kammers\u00e4nger Walter Jankuhn\" href=\"http:\/\/walter-jankuhn.magix.net\">walter-jankuhn.magix.net<\/a><\/p>\n<p>&nbsp;<\/p>\n","protected":false},"excerpt":{"rendered":"<p>Nachlassverwaltung, Recherche, Redaktion &amp; Gestaltung : Blue Box Inc., P.O.Box, Lewes \/ Delaware, USA. \/ Deutsche Redaktion : \u00a0 \u00a0 \u00a0 \u00a0 \u00a0 \u00a0 \u00a0videoaffairs@blue-box.de. Quellenangabe: Nachlass von Walter Jankuhn ( Fotos, Schriftst\u00fccke, Noten + Zeitungsausschnitte, Programmhefte + Flimkurier sowie &hellip; <a href=\"http:\/\/walter.jankuhn.2fix.de\/?page_id=1240\">Continue reading <span class=\"meta-nav\">&rarr;<\/span><\/a><\/p>\n","protected":false},"author":1,"featured_media":0,"parent":0,"menu_order":10,"comment_status":"open","ping_status":"open","template":"","meta":{"footnotes":""},"class_list":["post-1240","page","type-page","status-publish","hentry"],"_links":{"self":[{"href":"http:\/\/walter.jankuhn.2fix.de\/index.php?rest_route=\/wp\/v2\/pages\/1240","targetHints":{"allow":["GET"]}}],"collection":[{"href":"http:\/\/walter.jankuhn.2fix.de\/index.php?rest_route=\/wp\/v2\/pages"}],"about":[{"href":"http:\/\/walter.jankuhn.2fix.de\/index.php?rest_route=\/wp\/v2\/types\/page"}],"author":[{"embeddable":true,"href":"http:\/\/walter.jankuhn.2fix.de\/index.php?rest_route=\/wp\/v2\/users\/1"}],"replies":[{"embeddable":true,"href":"http:\/\/walter.jankuhn.2fix.de\/index.php?rest_route=%2Fwp%2Fv2%2Fcomments&post=1240"}],"version-history":[{"count":22,"href":"http:\/\/walter.jankuhn.2fix.de\/index.php?rest_route=\/wp\/v2\/pages\/1240\/revisions"}],"predecessor-version":[{"id":2830,"href":"http:\/\/walter.jankuhn.2fix.de\/index.php?rest_route=\/wp\/v2\/pages\/1240\/revisions\/2830"}],"wp:attachment":[{"href":"http:\/\/walter.jankuhn.2fix.de\/index.php?rest_route=%2Fwp%2Fv2%2Fmedia&parent=1240"}],"curies":[{"name":"wp","href":"https:\/\/api.w.org\/{rel}","templated":true}]}}