{"id":1164,"date":"2012-07-19T18:12:20","date_gmt":"2012-07-19T18:12:20","guid":{"rendered":"http:\/\/walter.jankuhn.2fix.de\/?page_id=1164"},"modified":"2013-02-19T12:43:41","modified_gmt":"2013-02-19T12:43:41","slug":"heut-bin-ich-verliebt-37","status":"publish","type":"page","link":"http:\/\/walter.jankuhn.2fix.de\/?page_id=1164","title":{"rendered":"Heut bin ich verliebt \/37"},"content":{"rendered":"<p><a href=\"http:\/\/walter.jankuhn.2fix.de\/wp-content\/uploads\/2012\/06\/Plakat-Revueoperette.jpg\"><img loading=\"lazy\" decoding=\"async\" class=\"alignleft size-full wp-image-711\" title=\"Plakat Revueoperette\" src=\"http:\/\/walter.jankuhn.2fix.de\/wp-content\/uploads\/2012\/06\/Plakat-Revueoperette.jpg\" alt=\"\" width=\"231\" height=\"323\" srcset=\"http:\/\/walter.jankuhn.2fix.de\/wp-content\/uploads\/2012\/06\/Plakat-Revueoperette.jpg 714w, http:\/\/walter.jankuhn.2fix.de\/wp-content\/uploads\/2012\/06\/Plakat-Revueoperette-214x300.jpg 214w\" sizes=\"auto, (max-width: 231px) 100vw, 231px\" \/><\/a><strong>1937 <\/strong>waren CHARELL&#8217;s Operetten Revuen fast<br \/>\nschon Geschichte. Doch auch w\u00e4hrend der immer st\u00e4rker angespannten Situation w\u00e4hrend der NAZI-Herrschaft musste das Theaterleben auf vollen Touren weitergehen. Aber was sollte auf den Riesenerfolg von Paul Linckes &#8220;FRAU LUNA&#8221; 1936 noch folgen? Die vielen Operetten j\u00fcdischer Komponisten, standen ja nicht mehr zur Wahl?<\/p>\n<p>Mit den freiz\u00fcgigen Ausstattungs- u. Revue-Operetten von CHARELL war es nun auch vorbei. Jetzt wurden neue rhythmische, teils schr\u00e4ge T\u00f6ne angeschlagen: &#8220;verjazzt und s\u00fcdamerikanisch&#8221;. Inzwischen \u00a0gewannen quasi erste &#8220;Musical-Arrangements&#8221; an Popularit\u00e4t, welche die alte Operettenherrlichkeit vergessen lassen sollten.<\/p>\n<div id=\"attachment_2261\" style=\"width: 160px\" class=\"wp-caption alignright\"><a href=\"http:\/\/walter.jankuhn.2fix.de\/wp-content\/uploads\/2012\/11\/Dorsay-hut.jpg\"><img loading=\"lazy\" decoding=\"async\" aria-describedby=\"caption-attachment-2261\" class=\"size-thumbnail wp-image-2261\" title=\"Dorsay-hut\" src=\"http:\/\/walter.jankuhn.2fix.de\/wp-content\/uploads\/2012\/11\/Dorsay-hut-150x150.jpg\" alt=\"\" width=\"150\" height=\"150\" srcset=\"http:\/\/walter.jankuhn.2fix.de\/wp-content\/uploads\/2012\/11\/Dorsay-hut-150x150.jpg 150w, http:\/\/walter.jankuhn.2fix.de\/wp-content\/uploads\/2012\/11\/Dorsay-hut-200x198.jpg 200w\" sizes=\"auto, (max-width: 150px) 100vw, 150px\" \/><\/a><p id=\"caption-attachment-2261\" class=\"wp-caption-text\">R. Dorsay<\/p><\/div>\n<p>&#8220;<strong>Robert DORSAY<\/strong>&#8221; war dieses Wunderkind einer neuen Generation! Er creierte die quirlige Operette &#8220;<strong>Heut bin ich verliebt<\/strong>&#8221; in Zusammenarbeit mit Walter W. Espe und der Musik von Victor Corzilius (Dirigent Franz Marszalek) &#8211;<br \/>\nmit dem am\u00fcsanten, abwechslungsreichen Drehbuch vom Komiker Dorsay.<\/p>\n<p>Die Welt-Urauff\u00fchrung am <strong>13. August 1937 <\/strong>im ADMIRALSPALAST (Direktion, Walter Hochtritt) fand unter pers\u00f6nlicher Mitwirkung von Robert DORSAY statt. Bekannt wurde sein Song &#8220;<em>Komm tanz mit mir Swingtime<\/em>&#8220;! Kammers\u00e4nger &#8220;Walter JANKUHN&#8221; war wieder als einer der Hauptakteure &#8211; mit der bezaubernden &#8220;Charlotte SUSA&#8221; &#8211; Hahn im Korb. Charlotte Susa galt zu der Zeit in Berlin als die &#8220;femme fatale&#8221;. Sie wurde sp\u00e4ter nach Hollywood verpflichtet als m\u00f6gliche Nachfolgerin der gro\u00dfen &#8220;Greta Garbo&#8221;&#8230;<\/p>\n<p><strong><a href=\"http:\/\/walter.jankuhn.2fix.de\/wp-content\/uploads\/2012\/11\/susa-wj-ztg.jpg\"><img loading=\"lazy\" decoding=\"async\" class=\"alignright size-full wp-image-1949\" title=\"susa-wj-ztg\" src=\"http:\/\/walter.jankuhn.2fix.de\/wp-content\/uploads\/2012\/11\/susa-wj-ztg.jpg\" alt=\"\" width=\"213\" height=\"320\" srcset=\"http:\/\/walter.jankuhn.2fix.de\/wp-content\/uploads\/2012\/11\/susa-wj-ztg.jpg 266w, http:\/\/walter.jankuhn.2fix.de\/wp-content\/uploads\/2012\/11\/susa-wj-ztg-199x300.jpg 199w\" sizes=\"auto, (max-width: 213px) 100vw, 213px\" \/><\/a><\/strong><a href=\"http:\/\/walter.jankuhn.2fix.de\/wp-content\/uploads\/2012\/06\/wj-susa_kollegen2.jpg\"><img loading=\"lazy\" decoding=\"async\" class=\"alignleft size-full wp-image-253\" title=\"wj-susa_kollegen2\" src=\"http:\/\/walter.jankuhn.2fix.de\/wp-content\/uploads\/2012\/06\/wj-susa_kollegen2.jpg\" alt=\"\" width=\"255\" height=\"240\" srcset=\"http:\/\/walter.jankuhn.2fix.de\/wp-content\/uploads\/2012\/06\/wj-susa_kollegen2.jpg 425w, http:\/\/walter.jankuhn.2fix.de\/wp-content\/uploads\/2012\/06\/wj-susa_kollegen2-300x282.jpg 300w\" sizes=\"auto, (max-width: 255px) 100vw, 255px\" \/><\/a><\/p>\n<p>&nbsp;<\/p>\n<p>&nbsp;<\/p>\n<p>&nbsp;<\/p>\n<p>&nbsp;<\/p>\n<p>&nbsp;<\/p>\n<p>&nbsp;<\/p>\n<p><a href=\"http:\/\/walter.jankuhn.2fix.de\/wp-content\/uploads\/2012\/11\/erna-brandt.jpg\"><img loading=\"lazy\" decoding=\"async\" class=\"alignleft size-thumbnail wp-image-1915\" title=\"erna-brandt\" src=\"http:\/\/walter.jankuhn.2fix.de\/wp-content\/uploads\/2012\/11\/erna-brandt-150x150.jpg\" alt=\"\" width=\"150\" height=\"150\" \/><\/a><a href=\"http:\/\/walter.jankuhn.2fix.de\/wp-content\/uploads\/2012\/11\/grete-theimer.jpg\"><img loading=\"lazy\" decoding=\"async\" class=\"alignleft size-thumbnail wp-image-1920\" title=\"grete-theimer\" src=\"http:\/\/walter.jankuhn.2fix.de\/wp-content\/uploads\/2012\/11\/grete-theimer-150x150.jpg\" alt=\"\" width=\"150\" height=\"150\" \/><\/a><\/p>\n<p>&nbsp;<\/p>\n<p>Weitere Protagonisten waren<br \/>\n&#8220;Gretel THEIMER&#8221; (<em>rechts<\/em>) und<br \/>\n&#8220;Kurt\u00a0SEIFERT&#8221;, sowie die Tanzikonen &#8220;Rita LOPES und RAMON&#8221; und die Solot\u00e4nzerin &#8220;Marga BERNDT&#8221; (<em>links<\/em>) \u00a0 \u00a0 \u00a0 \u00a0 \u00a0 \u00a0 \u00a0 \u00a0 \u00a0 \u00a0 \u00a0 \u00a0 \u00a0 \u00a0 \u00a0 \u00a0 \u00a0 \u00a0 \u00a0 \u00a0 \u00a0 \u00a0 \u00a0 \u00a0 \u00a0 \u00a0 \u00a0 \u00a0 \u00a0 \u00a0 \u00a0 \u00a0 \u00a0 \u00a0 \u00a0 \u00a0 \u00a0 \u00a0 \u00a0 \u00a0 \u00a0 \u00a0 \u00a0 \u00a0 \u00a0 \u00a0vom bekannten\u00a0<strong>CARISE<\/strong> Ballett &#8211; welches in ganz Europa zuhause war.<\/p>\n<p><a href=\"http:\/\/walter.jankuhn.2fix.de\/wp-content\/uploads\/2012\/10\/wj-autogr.12.jpg\"><img loading=\"lazy\" decoding=\"async\" class=\"alignleft size-medium wp-image-1660\" title=\"wj-autogr.12\" src=\"http:\/\/walter.jankuhn.2fix.de\/wp-content\/uploads\/2012\/10\/wj-autogr.12-188x300.jpg\" alt=\"\" width=\"135\" height=\"216\" srcset=\"http:\/\/walter.jankuhn.2fix.de\/wp-content\/uploads\/2012\/10\/wj-autogr.12-188x300.jpg 188w, http:\/\/walter.jankuhn.2fix.de\/wp-content\/uploads\/2012\/10\/wj-autogr.12.jpg 314w\" sizes=\"auto, (max-width: 135px) 100vw, 135px\" \/><\/a>Wiedermal ein gro\u00dfer Publikumserfolg nicht nur f\u00fcr die Haupt-darsteller, wie u. a. &#8220;JANKUHN und SUSA&#8221;, sondern besonders f\u00fcr &#8220;Robert DORSAY&#8221; dem Sch\u00f6pfer dieser neuen Operette und der Inszenierung. Das war einmal mehr der Beweis: Musik ist nicht totzukriegen &#8211; und erfindet sich st\u00e4ndig neu &#8211; egal welche poli-tischen Herrschaftsverh\u00e4ltnisse es gibt. Es er\u00f6ffnen sich immer wieder neue M\u00f6glichkeiten sich spielerisch zu produzieren! Schlussendlich: Geliebt wird immer + \u00fcberall &#8211; ein zeitloses Thema! \u00dcber DORSAY konnten sogar &#8220;Goebbels&#8221; und die NAZIS lachen, er besa\u00df Narrenfreiheit und erhielt erhebliche Filmf\u00f6rderung vom NS Regime f\u00fcr seine sp\u00e4teren Filmprojekte. Doch pl\u00f6tzlich verblasste sein Stern und Robert DORSAY, der Operetten-Innovator, Schauspieler und Komiker wurde wegen &#8220;F\u00fchrerwitzen&#8221; denunziert &#8211; und noch <strong>1943 hingerichtet <\/strong>(er war kein Jude)<strong>. <\/strong>\u00dcberliefert ist, das\u00a0DORSAY im Dt. Theater politische Witze gerissen hat, welche ein Gestapo Mann aufgefangen hat, woraufhin seine Post kontrolliert wurde. So wurde ein Brief an seinen Freund Eddy Hase abgefangen, in welchem er den Wahnsinn des NS System verurteilt. Unfassbar, aber noch kurz vor Kriegsende wurden sogar nicht linientreue deutsche Zivilisten bedroht und verfolgt.<\/p>\n<p><a href=\"http:\/\/walter.jankuhn.2fix.de\/wp-content\/uploads\/2012\/06\/wj-Heft_025_s01_Berlin.jpg\"><img loading=\"lazy\" decoding=\"async\" class=\"size-medium wp-image-735 alignnone\" title=\"wj-Heft_025_s01_Berlin\" src=\"http:\/\/walter.jankuhn.2fix.de\/wp-content\/uploads\/2012\/06\/wj-Heft_025_s01_Berlin-228x300.jpg\" alt=\"\" width=\"228\" height=\"300\" srcset=\"http:\/\/walter.jankuhn.2fix.de\/wp-content\/uploads\/2012\/06\/wj-Heft_025_s01_Berlin-228x300.jpg 228w, http:\/\/walter.jankuhn.2fix.de\/wp-content\/uploads\/2012\/06\/wj-Heft_025_s01_Berlin.jpg 381w\" sizes=\"auto, (max-width: 228px) 100vw, 228px\" \/><\/a><a href=\"http:\/\/walter.jankuhn.2fix.de\/wp-content\/uploads\/2012\/06\/wj-Heft_025_s02_Berlin.jpg\"><img loading=\"lazy\" decoding=\"async\" class=\"size-medium wp-image-463 alignnone\" title=\"wj-Heft_025_s02_Berlin\" src=\"http:\/\/walter.jankuhn.2fix.de\/wp-content\/uploads\/2012\/06\/wj-Heft_025_s02_Berlin-204x300.jpg\" alt=\"\" width=\"204\" height=\"300\" srcset=\"http:\/\/walter.jankuhn.2fix.de\/wp-content\/uploads\/2012\/06\/wj-Heft_025_s02_Berlin-204x300.jpg 204w, http:\/\/walter.jankuhn.2fix.de\/wp-content\/uploads\/2012\/06\/wj-Heft_025_s02_Berlin.jpg 340w\" sizes=\"auto, (max-width: 204px) 100vw, 204px\" \/><\/a><\/p>\n<p>Von Dorsay gibt es noch eine Filmaufnahme mit dem Schlager-Titel aus seiner Operette (Heut bin ich verliebt) : &#8220;komm tanz mit mir Swingtime&#8221; &#8211; siehe youtube link:<\/p>\n<p><iframe loading=\"lazy\" title=\"Billy Bartholomew \/ Dorsay - Komm tanz mit mir Swing-time (1937)\" width=\"640\" height=\"480\" src=\"https:\/\/www.youtube.com\/embed\/nrkASUL6038?feature=oembed\" frameborder=\"0\" allow=\"accelerometer; autoplay; clipboard-write; encrypted-media; gyroscope; picture-in-picture; web-share\" referrerpolicy=\"strict-origin-when-cross-origin\" allowfullscreen><\/iframe><\/p>\n<p>&nbsp;<\/p>\n","protected":false},"excerpt":{"rendered":"<p>1937 waren CHARELL&#8217;s Operetten Revuen fast schon Geschichte. Doch auch w\u00e4hrend der immer st\u00e4rker angespannten Situation w\u00e4hrend der NAZI-Herrschaft musste das Theaterleben auf vollen Touren weitergehen. Aber was sollte auf den Riesenerfolg von Paul Linckes &#8220;FRAU LUNA&#8221; 1936 noch folgen? &hellip; <a href=\"http:\/\/walter.jankuhn.2fix.de\/?page_id=1164\">Continue reading <span class=\"meta-nav\">&rarr;<\/span><\/a><\/p>\n","protected":false},"author":1,"featured_media":0,"parent":123,"menu_order":8,"comment_status":"open","ping_status":"open","template":"","meta":{"footnotes":""},"class_list":["post-1164","page","type-page","status-publish","hentry"],"_links":{"self":[{"href":"http:\/\/walter.jankuhn.2fix.de\/index.php?rest_route=\/wp\/v2\/pages\/1164","targetHints":{"allow":["GET"]}}],"collection":[{"href":"http:\/\/walter.jankuhn.2fix.de\/index.php?rest_route=\/wp\/v2\/pages"}],"about":[{"href":"http:\/\/walter.jankuhn.2fix.de\/index.php?rest_route=\/wp\/v2\/types\/page"}],"author":[{"embeddable":true,"href":"http:\/\/walter.jankuhn.2fix.de\/index.php?rest_route=\/wp\/v2\/users\/1"}],"replies":[{"embeddable":true,"href":"http:\/\/walter.jankuhn.2fix.de\/index.php?rest_route=%2Fwp%2Fv2%2Fcomments&post=1164"}],"version-history":[{"count":51,"href":"http:\/\/walter.jankuhn.2fix.de\/index.php?rest_route=\/wp\/v2\/pages\/1164\/revisions"}],"predecessor-version":[{"id":3532,"href":"http:\/\/walter.jankuhn.2fix.de\/index.php?rest_route=\/wp\/v2\/pages\/1164\/revisions\/3532"}],"up":[{"embeddable":true,"href":"http:\/\/walter.jankuhn.2fix.de\/index.php?rest_route=\/wp\/v2\/pages\/123"}],"wp:attachment":[{"href":"http:\/\/walter.jankuhn.2fix.de\/index.php?rest_route=%2Fwp%2Fv2%2Fmedia&parent=1164"}],"curies":[{"name":"wp","href":"https:\/\/api.w.org\/{rel}","templated":true}]}}